{"id":5034,"date":"2024-11-19T19:40:53","date_gmt":"2024-11-19T19:40:53","guid":{"rendered":"https:\/\/www.translationscertified.com\/?page_id=5034"},"modified":"2025-03-07T16:19:24","modified_gmt":"2025-03-07T16:19:24","slug":"guia-de-impuestos","status":"publish","type":"page","link":"https:\/\/www.translationscertified.com\/es\/recursos-adicionales\/guia-de-impuestos","title":{"rendered":"Gu\u00eda de Impuestos"},"content":{"rendered":"\t\t<div data-elementor-type=\"wp-page\" data-elementor-id=\"5034\" class=\"elementor elementor-5034 elementor-3215\">\n\t\t\t\t<div class=\"elementor-element elementor-element-4cd7a94 elementor-hidden-mobile e-flex e-con-boxed e-con e-parent\" data-id=\"4cd7a94\" data-element_type=\"container\" data-e-type=\"container\" data-settings=\"{&quot;background_background&quot;:&quot;classic&quot;}\">\n\t\t\t\t\t<div class=\"e-con-inner\">\n\t\t\t\t\t<\/div>\n\t\t\t\t<\/div>\n\t\t<div class=\"elementor-element elementor-element-1393477 e-flex e-con-boxed e-con e-parent\" data-id=\"1393477\" data-element_type=\"container\" data-e-type=\"container\">\n\t\t\t\t\t<div class=\"e-con-inner\">\n\t\t\t\t<div class=\"elementor-element elementor-element-87ea108 elementor-widget elementor-widget-shortcode\" data-id=\"87ea108\" data-element_type=\"widget\" data-e-type=\"widget\" data-widget_type=\"shortcode.default\">\n\t\t\t\t\t\t\t<div class=\"elementor-shortcode\"><span><span><a href=\"https:\/\/www.translationscertified.com\/es\/inicio\">Home<\/a><\/span><\/span><\/div>\n\t\t\t\t\t\t<\/div>\n\t\t\t\t\t<\/div>\n\t\t\t\t<\/div>\n\t\t<div class=\"elementor-element elementor-element-4730e06 e-flex e-con-boxed e-con e-parent\" data-id=\"4730e06\" data-element_type=\"container\" data-e-type=\"container\">\n\t\t\t\t\t<div class=\"e-con-inner\">\n\t\t\t\t<div class=\"elementor-element elementor-element-548387c elementor-widget elementor-widget-heading\" data-id=\"548387c\" data-element_type=\"widget\" data-e-type=\"widget\" data-widget_type=\"heading.default\">\n\t\t\t\t\t<h1 class=\"elementor-heading-title elementor-size-default\">Gu\u00eda sobre Impuestos: Manejar las Obligaciones Fiscales de los Inmigrantes en EE. UU. \n<\/h1>\t\t\t\t<\/div>\n\t\t\t\t\t<\/div>\n\t\t\t\t<\/div>\n\t\t<div class=\"elementor-element elementor-element-99f9ecb e-flex e-con-boxed e-con e-parent\" data-id=\"99f9ecb\" data-element_type=\"container\" data-e-type=\"container\">\n\t\t\t\t\t<div class=\"e-con-inner\">\n\t\t\t\t<div class=\"elementor-element elementor-element-6a5fc4c elementor-widget elementor-widget-text-editor\" data-id=\"6a5fc4c\" data-element_type=\"widget\" data-e-type=\"widget\" data-widget_type=\"text-editor.default\">\n\t\t\t\t\t\t\t\t\t<div class=\"ewa-rteLine\">\n<div class=\"ewa-rteLine\">\n<div class=\"ewa-rteLine\">\n<div class=\"ewa-rteLine\">Presentar la declaraci\u00f3n de impuestos es una responsabilidad fundamental para cualquier persona que obtenga ingresos en Estados Unidos, incluidos los inmigrantes. Entender las obligaciones tributarias, la elegibilidad para los beneficios y la importancia de una documentaci\u00f3n precisa garantiza el cumplimiento de las leyes fiscales de EE. UU. En Translations Certified, proporcionamos traducciones certificadas de todos los documentos requeridos, y ayudamos as\u00ed a los inmigrantes a cumplir con sus responsabilidades fiscales con confianza.<\/div>\n<div class=\"ewa-rteLine\">\u00a0<\/div>\n<h2 class=\"ewa-rteLine\">\u00bfQui\u00e9n Necesita Presentar Impuestos en EE.UU.?<\/h2>\n<div class=\"ewa-rteLine\">Los inmigrantes pueden necesitar presentar impuestos si obtienen ingresos en EE. UU., independientemente de su estatus migratorio. Esto incluye:<\/div>\n<div class=\"ewa-rteLine\">\u00a0<\/div>\n<ul>\n<li class=\"ewa-rteLine\">Extranjeros residentes: titulares de permiso de residencia o trabajo o los que cumplen con la prueba de presencia sustancial.<\/li>\n<li class=\"ewa-rteLine\">Extranjeros no residentes: personas con ingresos en EE. UU. pero que no cumplen con los requisitos de residencia.<\/li>\n<li class=\"ewa-rteLine\">Inmigrantes indocumentados: quienes obtienen ingresos en EE. UU. pueden presentar impuestos mediante un N\u00famero de Identificaci\u00f3n Individual del Contribuyente (ITIN).<\/li>\n<\/ul>\n<h2 class=\"ewa-rteLine\">Consideraciones Fiscales Clave para Inmigrantes<\/h2>\n<ul>\n<li class=\"ewa-rteLine\">Determine su situaci\u00f3n fiscal: los requisitos de presentaci\u00f3n dependen de si est\u00e1 clasificado como extranjero residente o no residente.<\/li>\n<li class=\"ewa-rteLine\">Obtenga un ITIN (si es necesario): los inmigrantes sin N\u00famero de Seguro Social (SSN) pueden solicitar un ITIN para presentar impuestos.<\/li>\n<li class=\"ewa-rteLine\">Conozca los tratados fiscales: algunos pa\u00edses tienen tratados fiscales con EE. UU. que pueden afectar sus obligaciones tributarias.<\/li>\n<li class=\"ewa-rteLine\">Informe de ingresos mundiales: los residentes estadounidenses deben declarar ingresos de todas las fuentes, tanto nacionales como internacionales.<\/li>\n<\/ul>\n<h2 class=\"ewa-rteLine\">Pasos para presentar impuestos en EE.UU.<\/h2>\n<ul>\n<li class=\"ewa-rteLine\">Re\u00fana los documentos necesarios: re\u00fana formularios como W-2, 1099 y comprobantes de deducciones o cr\u00e9ditos.<\/li>\n<li class=\"ewa-rteLine\">Determine el estado civil a efectos impositivos: identifique si presentar\u00e1 su declaraci\u00f3n como soltero, casado o jefe de familia.<\/li>\n<li class=\"ewa-rteLine\">Prepare y presente formularios de impuestos: complete su declaraci\u00f3n de impuestos en el formulario 1040 (para extranjeros residentes) o 1040-NR (para extranjeros no residentes).<\/li>\n<li class=\"ewa-rteLine\">Presentaci\u00f3n por v\u00eda electr\u00f3nica o por correo postal: env\u00ede sus formularios completados antes de la fecha l\u00edmite de declaraci\u00f3n de impuestos, por lo general, el 15 de abril.<\/li>\n<\/ul>\n<h2 class=\"ewa-rteLine\">Documentos necesarios para la declaraci\u00f3n de impuestos<\/h2>\n<div class=\"ewa-rteLine\">La documentaci\u00f3n precisa es crucial para la presentaci\u00f3n de impuestos. Los documentos que es com\u00fan que se requieran son:<\/div>\n<div class=\"ewa-rteLine\">\u00a0<\/div>\n<ul>\n<li class=\"ewa-rteLine\">Comprobante de ingresos: formularios W-2, 1099 o talones de pago.<\/li>\n<li class=\"ewa-rteLine\">Identificaci\u00f3n: N\u00famero de Seguro Social (SSN) o N\u00famero de Identificaci\u00f3n Individual del Contribuyente (ITIN).<\/li>\n<li class=\"ewa-rteLine\">Informaci\u00f3n de familiares a cargo: certificados de nacimiento y n\u00fameros de Seguro Social de familiares a cargo.<\/li>\n<li class=\"ewa-rteLine\">Comprobante de deducciones: recibos de gastos elegibles, como facturas m\u00e9dicas o donaciones de beneficencia.<\/li>\n<\/ul>\n<div class=\"ewa-rteLine\">Importante: Cualquier documento que no est\u00e9 en ingl\u00e9s debe incluir traducciones certificadas para cumplir con las leyes fiscales de EE. UU.<\/div>\n<div class=\"ewa-rteLine\">\u00a0<\/div>\n<h2 class=\"ewa-rteLine\">C\u00f3mo Translations Certified ayuda al cumplimiento tributario<\/h2>\n<div class=\"ewa-rteLine\">En Translations Certified, ayudamos a los inmigrantes a cumplir con sus obligaciones fiscales al proporcionarles:<\/div>\n<div class=\"ewa-rteLine\">\u00a0<\/div>\n<ul>\n<li class=\"ewa-rteLine\">Traducciones certificadas: de identificaci\u00f3n, declaraciones de ingresos y documentos de familiares a cargo.<\/li>\n<li class=\"ewa-rteLine\">Traducciones notariadas: agregan validaci\u00f3n para uso oficial cuando es necesario.<\/li>\n<li class=\"ewa-rteLine\">Entrega r\u00e1pida: entregamos traducciones en 24 a 48 horas.<\/li>\n<li class=\"ewa-rteLine\">Garant\u00eda de precisi\u00f3n: nos aseguramos de que todas las traducciones cumplan con los requisitos de IRS.<\/li>\n<\/ul>\n<h2 class=\"ewa-rteLine\">Garantizar el Cumplimiento con Confianza<\/h2>\n<div class=\"ewa-rteLine\">Presentar declaraciones de impuestos en EE. UU. puede parecer abrumador, pero con los recursos adecuados y documentaci\u00f3n precisa, puede cumplir con sus obligaciones con confianza. Al entender los requisitos y utilizar servicios expertos de traducci\u00f3n, los inmigrantes pueden mantenerse en cumplimiento de las normas y evitar problemas innecesarios.<\/div>\n<div class=\"ewa-rteLine\">\u00a0<\/div>\n<div class=\"ewa-rteLine\">Para obtener m\u00e1s informaci\u00f3n sobre la presentaci\u00f3n de impuestos como inmigrante, visite nuestra p\u00e1gina de <a href=\"\/document-resources\/work-authorization\/\">Autorizaci\u00f3n de trabajo<\/a>.<\/div>\n<\/div>\n<\/div>\n<\/div>\n\t\t\t\t\t\t\t\t<\/div>\n\t\t\t\t\t<\/div>\n\t\t\t\t<\/div>\n\t\t<div class=\"elementor-element elementor-element-84463ba e-flex e-con-boxed e-con e-parent\" data-id=\"84463ba\" data-element_type=\"container\" data-e-type=\"container\">\n\t\t\t\t\t<div class=\"e-con-inner\">\n\t\t<div class=\"elementor-element elementor-element-c01dd2f e-flex e-con-boxed e-con e-child\" data-id=\"c01dd2f\" data-element_type=\"container\" data-e-type=\"container\" data-settings=\"{&quot;background_background&quot;:&quot;classic&quot;}\">\n\t\t\t\t\t<div class=\"e-con-inner\">\n\t\t\t\t<div class=\"elementor-element elementor-element-6d92425 elementor-widget elementor-widget-text-editor\" data-id=\"6d92425\" data-element_type=\"widget\" data-e-type=\"widget\" data-widget_type=\"text-editor.default\">\n\t\t\t\t\t\t\t\t\t<p><i>La informaci\u00f3n proporcionada aqu\u00ed es solo para fines informativos generales y no pretende ser asesoramiento legal. Si bien nos esforzamos por garantizar que la informaci\u00f3n sea precisa y actual, no sustituye el asesoramiento legal profesional. Consulte a un abogado calificado para obtener asesoramiento sobre su situaci\u00f3n espec\u00edfica o si tiene preguntas legales.<\/i><\/p>\n\t\t\t\t\t\t\t\t<\/div>\n\t\t\t\t\t<\/div>\n\t\t\t\t<\/div>\n\t\t\t\t\t<\/div>\n\t\t\t\t<\/div>\n\t\t\t\t<\/div>\n\t\t","protected":false},"excerpt":{"rendered":"<p>Gu\u00eda sobre Impuestos: Manejar las Obligaciones Fiscales de los Inmigrantes en EE. UU. Presentar la declaraci\u00f3n de impuestos es una responsabilidad fundamental para cualquier persona que obtenga ingresos en Estados &#8230; <a title=\"Gu\u00eda de Impuestos\" class=\"read-more\" href=\"https:\/\/www.translationscertified.com\/es\/recursos-adicionales\/guia-de-impuestos\" aria-label=\"Read more about Gu\u00eda de Impuestos\">Read more<\/a><\/p>\n","protected":false},"author":4,"featured_media":0,"parent":5037,"menu_order":0,"comment_status":"closed","ping_status":"closed","template":"","meta":{"_acf_changed":false,"content-type":"","footnotes":""},"class_list":["post-5034","page","type-page","status-publish"],"acf":[],"yoast_head":"<!-- This site is optimized with the Yoast SEO plugin v27.5 - https:\/\/yoast.com\/product\/yoast-seo-wordpress\/ -->\n<title>Gu\u00eda sobre Impuestos: Manejar las Obligaciones Fiscales de los Inmigrantes en EE. UU.<\/title>\n<meta name=\"description\" content=\"En Translations Certified, proporcionamos traducciones certificadas de todos los documentos requeridos, y ayudamos as\u00ed a los inmigrantes a cumplir con sus responsabilidades fiscales con confianza.\" \/>\n<meta name=\"robots\" content=\"index, follow, max-snippet:-1, max-image-preview:large, max-video-preview:-1\" \/>\n<link rel=\"canonical\" href=\"https:\/\/www.translationscertified.com\/es\/recursos-adicionales\/guia-de-impuestos\" \/>\n<meta property=\"og:locale\" content=\"es_ES\" \/>\n<meta property=\"og:type\" content=\"article\" \/>\n<meta property=\"og:title\" content=\"Gu\u00eda sobre Impuestos: Manejar las Obligaciones Fiscales de los Inmigrantes en EE. UU.\" \/>\n<meta property=\"og:description\" content=\"En Translations Certified, proporcionamos traducciones certificadas de todos los documentos requeridos, y ayudamos as\u00ed a los inmigrantes a cumplir con sus responsabilidades fiscales con confianza.\" \/>\n<meta property=\"og:url\" content=\"https:\/\/www.translationscertified.com\/es\/recursos-adicionales\/guia-de-impuestos\" \/>\n<meta property=\"og:site_name\" content=\"Translations Certified\" \/>\n<meta property=\"article:modified_time\" content=\"2025-03-07T16:19:24+00:00\" \/>\n<meta property=\"og:image\" content=\"https:\/\/www.translationscertified.com\/wp-content\/uploads\/2024\/06\/cropped-v.2b_03.png\" \/>\n\t<meta property=\"og:image:width\" content=\"512\" \/>\n\t<meta property=\"og:image:height\" content=\"512\" \/>\n\t<meta property=\"og:image:type\" content=\"image\/png\" \/>\n<meta name=\"twitter:card\" content=\"summary_large_image\" \/>\n<meta name=\"twitter:label1\" content=\"Tiempo de lectura\" \/>\n\t<meta name=\"twitter:data1\" content=\"3 minutos\" \/>\n<!-- \/ Yoast SEO plugin. -->","yoast_head_json":{"title":"Gu\u00eda sobre Impuestos: Manejar las Obligaciones Fiscales de los Inmigrantes en EE. UU.","description":"En Translations Certified, proporcionamos traducciones certificadas de todos los documentos requeridos, y ayudamos as\u00ed a los inmigrantes a cumplir con sus responsabilidades fiscales con confianza.","robots":{"index":"index","follow":"follow","max-snippet":"max-snippet:-1","max-image-preview":"max-image-preview:large","max-video-preview":"max-video-preview:-1"},"canonical":"https:\/\/www.translationscertified.com\/es\/recursos-adicionales\/guia-de-impuestos","og_locale":"es_ES","og_type":"article","og_title":"Gu\u00eda sobre Impuestos: Manejar las Obligaciones Fiscales de los Inmigrantes en EE. UU.","og_description":"En Translations Certified, proporcionamos traducciones certificadas de todos los documentos requeridos, y ayudamos as\u00ed a los inmigrantes a cumplir con sus responsabilidades fiscales con confianza.","og_url":"https:\/\/www.translationscertified.com\/es\/recursos-adicionales\/guia-de-impuestos","og_site_name":"Translations Certified","article_modified_time":"2025-03-07T16:19:24+00:00","og_image":[{"width":512,"height":512,"url":"https:\/\/www.translationscertified.com\/wp-content\/uploads\/2024\/06\/cropped-v.2b_03.png","type":"image\/png"}],"twitter_card":"summary_large_image","twitter_misc":{"Tiempo de lectura":"3 minutos"},"schema":{"@context":"https:\/\/schema.org","@graph":[{"@type":"WebPage","@id":"https:\/\/www.translationscertified.com\/es\/recursos-adicionales\/guia-de-impuestos","url":"https:\/\/www.translationscertified.com\/es\/recursos-adicionales\/guia-de-impuestos","name":"Gu\u00eda sobre Impuestos: Manejar las Obligaciones Fiscales de los Inmigrantes en EE. UU.","isPartOf":{"@id":"https:\/\/www.translationscertified.com\/es#website"},"datePublished":"2024-11-19T19:40:53+00:00","dateModified":"2025-03-07T16:19:24+00:00","description":"En Translations Certified, proporcionamos traducciones certificadas de todos los documentos requeridos, y ayudamos as\u00ed a los inmigrantes a cumplir con sus responsabilidades fiscales con confianza.","breadcrumb":{"@id":"https:\/\/www.translationscertified.com\/es\/recursos-adicionales\/guia-de-impuestos#breadcrumb"},"inLanguage":"es","potentialAction":[{"@type":"ReadAction","target":["https:\/\/www.translationscertified.com\/es\/recursos-adicionales\/guia-de-impuestos"]}]},{"@type":"BreadcrumbList","@id":"https:\/\/www.translationscertified.com\/es\/recursos-adicionales\/guia-de-impuestos#breadcrumb","itemListElement":[{"@type":"ListItem","position":1,"name":"Home","item":"https:\/\/www.translationscertified.com\/es\/inicio"},{"@type":"ListItem","position":2,"name":"Recursos Adicionales","item":"https:\/\/www.translationscertified.com\/es\/additional-resources"},{"@type":"ListItem","position":3,"name":"Gu\u00eda de Impuestos"}]},{"@type":"WebSite","@id":"https:\/\/www.translationscertified.com\/es#website","url":"https:\/\/www.translationscertified.com\/es","name":"Translations Certified","description":"Translations Certified Translation Services","publisher":{"@id":"https:\/\/www.translationscertified.com\/es#organization"},"potentialAction":[{"@type":"SearchAction","target":{"@type":"EntryPoint","urlTemplate":"https:\/\/www.translationscertified.com\/es?s={search_term_string}"},"query-input":{"@type":"PropertyValueSpecification","valueRequired":true,"valueName":"search_term_string"}}],"inLanguage":"es"},{"@type":"Organization","@id":"https:\/\/www.translationscertified.com\/es#organization","name":"Translations Certified","url":"https:\/\/www.translationscertified.com\/es","logo":{"@type":"ImageObject","inLanguage":"es","@id":"https:\/\/www.translationscertified.com\/es#\/schema\/logo\/image\/","url":"https:\/\/www.translationscertified.com\/wp-content\/uploads\/2025\/10\/cropped-TranslationsCertified-01.webp","contentUrl":"https:\/\/www.translationscertified.com\/wp-content\/uploads\/2025\/10\/cropped-TranslationsCertified-01.webp","width":288,"height":86,"caption":"Translations Certified"},"image":{"@id":"https:\/\/www.translationscertified.com\/es#\/schema\/logo\/image\/"}}]}},"_links":{"self":[{"href":"https:\/\/www.translationscertified.com\/es\/wp-json\/wp\/v2\/pages\/5034","targetHints":{"allow":["GET"]}}],"collection":[{"href":"https:\/\/www.translationscertified.com\/es\/wp-json\/wp\/v2\/pages"}],"about":[{"href":"https:\/\/www.translationscertified.com\/es\/wp-json\/wp\/v2\/types\/page"}],"author":[{"embeddable":true,"href":"https:\/\/www.translationscertified.com\/es\/wp-json\/wp\/v2\/users\/4"}],"replies":[{"embeddable":true,"href":"https:\/\/www.translationscertified.com\/es\/wp-json\/wp\/v2\/comments?post=5034"}],"version-history":[{"count":0,"href":"https:\/\/www.translationscertified.com\/es\/wp-json\/wp\/v2\/pages\/5034\/revisions"}],"up":[{"embeddable":true,"href":"https:\/\/www.translationscertified.com\/es\/wp-json\/wp\/v2\/pages\/5037"}],"wp:attachment":[{"href":"https:\/\/www.translationscertified.com\/es\/wp-json\/wp\/v2\/media?parent=5034"}],"curies":[{"name":"wp","href":"https:\/\/api.w.org\/{rel}","templated":true}]}}