{"id":5039,"date":"2024-11-25T20:49:26","date_gmt":"2024-11-25T20:49:26","guid":{"rendered":"https:\/\/www.translationscertified.com\/?page_id=5039"},"modified":"2025-03-07T16:13:31","modified_gmt":"2025-03-07T16:13:31","slug":"politica-de-privacidad","status":"publish","type":"page","link":"https:\/\/www.translationscertified.com\/es\/politica-de-privacidad","title":{"rendered":"Pol\u00edtica de Privacidad"},"content":{"rendered":"\t\t<div data-elementor-type=\"wp-page\" data-elementor-id=\"5039\" class=\"elementor elementor-5039 elementor-3231\">\n\t\t\t\t<div class=\"elementor-element elementor-element-72bb3bf0 e-flex e-con-boxed e-con e-parent\" data-id=\"72bb3bf0\" data-element_type=\"container\" data-e-type=\"container\" data-settings=\"{&quot;background_background&quot;:&quot;classic&quot;}\">\n\t\t\t\t\t<div class=\"e-con-inner\">\n\t\t\t\t<div class=\"elementor-element elementor-element-1d692a35 elementor-widget elementor-widget-text-editor\" data-id=\"1d692a35\" data-element_type=\"widget\" data-e-type=\"widget\" data-widget_type=\"text-editor.default\">\n\t\t\t\t\t\t\t\t\t<h1 class=\"wp-block-heading\">Pol\u00edtica de Privacidad<\/h1><p>En Translations Certified, respetamos y priorizamos su privacidad. En esta pol\u00edtica de privacidad se explica c\u00f3mo recopilamos, usamos y salvaguardamos su informaci\u00f3n personal cuando utiliza nuestro sitio web y nuestros servicios. Al utilizar nuestro sitio web, usted acepta las pr\u00e1cticas que se describen a continuaci\u00f3n.<\/p><hr class=\"wp-block-separator has-alpha-channel-opacity\" \/><h3 class=\"wp-block-heading\">1. <strong>Informaci\u00f3n que recolectamos<\/strong><\/h3><p>Podemos recolectar los siguientes tipos de informaci\u00f3n:<\/p><ul class=\"wp-block-list\"><li><strong>Informaci\u00f3n personal:<\/strong> nombre, direcci\u00f3n de correo electr\u00f3nico, n\u00famero de tel\u00e9fono, direcci\u00f3n postal y detalles de pago cuando solicita una cotizaci\u00f3n o realiza un pedido.<\/li><li><strong>Informaci\u00f3n del documento:<\/strong> archivos y contenidos proporcionados para traducci\u00f3n, que pueden incluir datos sensibles o confidenciales.<\/li><li><strong>Informaci\u00f3n t\u00e9cnica:<\/strong> direcci\u00f3n IP, tipo de navegador, informaci\u00f3n del dispositivo y comportamiento de navegaci\u00f3n mediante cookies y tecnolog\u00edas similares.<\/li><\/ul><hr class=\"wp-block-separator has-alpha-channel-opacity\" \/><h3 class=\"wp-block-heading\">2. <strong>C\u00f3mo utilizamos su informaci\u00f3n<\/strong><\/h3><p>Utilizamos la informaci\u00f3n recolectada para:<\/p><ul class=\"wp-block-list\"><li>procesar y cumplir con sus solicitudes de traducci\u00f3n;<\/li><li>comunicarnos con usted en relaci\u00f3n a sus pedidos, cotizaciones o consultas;<\/li><li>mejorar nuestro sitio web y nuestros servicios;<\/li><li>cumplir con requisitos legales y reglamentarios.<\/li><\/ul><hr class=\"wp-block-separator has-alpha-channel-opacity\" \/><h3 class=\"wp-block-heading\">3. <strong>Confidencialidad de los documentos<\/strong><\/h3><p>Todos los documentos enviados para traducci\u00f3n se tratan en forma estrictamente confidencial. Implementamos s\u00f3lidas medidas de seguridad para proteger sus archivos y garantizar que solo sean accesibles para el personal autorizado involucrado en el proceso de traducci\u00f3n.<\/p><hr class=\"wp-block-separator has-alpha-channel-opacity\" \/><h3 class=\"wp-block-heading\">4. <strong>Compartir su informaci\u00f3n<\/strong><\/h3><p>No vendemos ni alquilamos su informaci\u00f3n personal a terceros. Podremos compartir su informaci\u00f3n solo en los siguientes casos:<\/p><ul class=\"wp-block-list\"><li><strong>Proveedores del servicio:<\/strong> con proveedores externos confiables (por ejemplo: procesadores de pagos, empresas de env\u00edo) para facilitar los servicios.<\/li><li><strong>Cumplimiento legal:<\/strong> si lo requiere la ley o para proteger nuestros derechos legales.<\/li><\/ul><hr class=\"wp-block-separator has-alpha-channel-opacity\" \/><h3 class=\"wp-block-heading\">5. <strong>Seguridad de datos<\/strong><\/h3><p>Empleamos medidas de seguridad est\u00e1ndar de la industria para salvaguardar su informaci\u00f3n personal, incluidos cifrado y servidores seguros. Sin embargo, ninguna plataforma en l\u00ednea puede garantizar el 100% de seguridad. Usted comparte su informaci\u00f3n a su propio riesgo.<\/p><hr class=\"wp-block-separator has-alpha-channel-opacity\" \/><h3 class=\"wp-block-heading\">6. <strong>Cookies y tecnolog\u00edas de rastreo<\/strong><\/h3><p>Nuestro sitio web utiliza cookies y tecnolog\u00edas similares para mejorar la experiencia del usuario, analizar el tr\u00e1fico y mejorar la funcionalidad. Al utilizar nuestro sitio web, brinda su consentimiento para el uso de cookies. Puede ajustar la configuraci\u00f3n de su navegador a fin de bloquear las cookies, pero esto puede afectar la funcionalidad de nuestro sitio web.<\/p><hr class=\"wp-block-separator has-alpha-channel-opacity\" \/><h3 class=\"wp-block-heading\">7. <strong>Sus derechos<\/strong><\/h3><p>Usted tiene los siguientes derechos con respecto a su informaci\u00f3n personal:<\/p><ul class=\"wp-block-list\"><li><strong>Acceso:<\/strong> Puede solicitar una copia de los datos que tenemos sobre usted.<\/li><li><strong>Correcci\u00f3n:<\/strong> Puede actualizar o corregir su informaci\u00f3n personal.<\/li><li><strong>Eliminaci\u00f3n:<\/strong> Puede solicitar la supresi\u00f3n de sus datos personales, sujeto a obligaciones legales y contractuales.<\/li><li><strong>Exclusi\u00f3n voluntaria:<\/strong> Puede darse de baja de las comunicaciones de marketing.<\/li><\/ul><hr class=\"wp-block-separator has-alpha-channel-opacity\" \/><h3 class=\"wp-block-heading\">8. <strong>Retenci\u00f3n de informaci\u00f3n<\/strong><\/h3><p>Conservamos su informaci\u00f3n personal solo el tiempo necesario para cumplir con los fines descritos en esta pol\u00edtica o para cumplir con obligaciones legales.<\/p><hr class=\"wp-block-separator has-alpha-channel-opacity\" \/><h3 class=\"wp-block-heading\">9. <strong>Enlaces de terceros<\/strong><\/h3><p>Nuestro sitio web puede contener enlaces a sitios web de terceros. No somos responsables de las pr\u00e1cticas de privacidad ni del contenido de esos sitios externos.<\/p><hr class=\"wp-block-separator has-alpha-channel-opacity\" \/><h3 class=\"wp-block-heading\">10. <strong>Cambios a esta pol\u00edtica<\/strong><\/h3><p>Nos reservamos el derecho de actualizar esta pol\u00edtica de privacidad en cualquier momento. Los cambios se publicar\u00e1n en esta p\u00e1gina con la fecha de entrada en vigor actualizada. El uso continuado de nuestro sitio web constituye la aceptaci\u00f3n de la pol\u00edtica revisada.<\/p><hr class=\"wp-block-separator has-alpha-channel-opacity\" \/><h3 class=\"wp-block-heading\">11. <strong>Comun\u00edquese con nosotros<\/strong><\/h3><p>Si tiene preguntas sobre esta pol\u00edtica de privacidad o c\u00f3mo se maneja su informaci\u00f3n, cont\u00e1ctenos:<\/p><p><strong>Correo electr\u00f3nico:<\/strong> <a href=\"mailto:sales@translationscertified.com\">sales@translationscertified.com<\/a><br \/><strong>Tel\u00e9fono:<\/strong> <a href=\"tel:+18773099365\">+1 (877) 309-9365<\/a><\/p><p>Gracias por confiar su informaci\u00f3n a Translations Certified.<\/p>\t\t\t\t\t\t\t\t<\/div>\n\t\t\t\t\t<\/div>\n\t\t\t\t<\/div>\n\t\t\t\t<\/div>\n\t\t","protected":false},"excerpt":{"rendered":"<p>Pol\u00edtica de Privacidad En Translations Certified, respetamos y priorizamos su privacidad. En esta pol\u00edtica de privacidad se explica c\u00f3mo recopilamos, usamos y salvaguardamos su informaci\u00f3n personal cuando utiliza nuestro sitio &#8230; <a title=\"Pol\u00edtica de Privacidad\" class=\"read-more\" href=\"https:\/\/www.translationscertified.com\/es\/politica-de-privacidad\" aria-label=\"Read more about Pol\u00edtica de Privacidad\">Read more<\/a><\/p>\n","protected":false},"author":4,"featured_media":0,"parent":0,"menu_order":0,"comment_status":"closed","ping_status":"closed","template":"","meta":{"_acf_changed":false,"content-type":"","footnotes":""},"class_list":["post-5039","page","type-page","status-publish"],"acf":[],"yoast_head":"<!-- This site is optimized with the Yoast SEO plugin v27.1.1 - https:\/\/yoast.com\/product\/yoast-seo-wordpress\/ -->\n<title>Pol\u00edtica de Privacidad - Translations Certified<\/title>\n<meta name=\"robots\" content=\"index, follow, max-snippet:-1, max-image-preview:large, max-video-preview:-1\" \/>\n<link rel=\"canonical\" href=\"https:\/\/www.translationscertified.com\/es\/politica-de-privacidad\" \/>\n<meta property=\"og:locale\" content=\"es_ES\" \/>\n<meta property=\"og:type\" content=\"article\" \/>\n<meta property=\"og:title\" content=\"Pol\u00edtica de Privacidad - Translations Certified\" \/>\n<meta property=\"og:description\" content=\"Pol\u00edtica de Privacidad En Translations Certified, respetamos y priorizamos su privacidad. En esta pol\u00edtica de privacidad se explica c\u00f3mo recopilamos, usamos y salvaguardamos su informaci\u00f3n personal cuando utiliza nuestro sitio ... Read more\" \/>\n<meta property=\"og:url\" content=\"https:\/\/www.translationscertified.com\/es\/politica-de-privacidad\" \/>\n<meta property=\"og:site_name\" content=\"Translations Certified\" \/>\n<meta property=\"article:modified_time\" content=\"2025-03-07T16:13:31+00:00\" \/>\n<meta property=\"og:image\" content=\"https:\/\/www.translationscertified.com\/wp-content\/uploads\/2024\/06\/cropped-v.2b_03.png\" \/>\n\t<meta property=\"og:image:width\" content=\"512\" \/>\n\t<meta property=\"og:image:height\" content=\"512\" \/>\n\t<meta property=\"og:image:type\" content=\"image\/png\" \/>\n<meta name=\"twitter:card\" content=\"summary_large_image\" \/>\n<meta name=\"twitter:label1\" content=\"Est. reading time\" \/>\n\t<meta name=\"twitter:data1\" content=\"3 minutos\" \/>\n<script type=\"application\/ld+json\" class=\"yoast-schema-graph\">{\"@context\":\"https:\/\/schema.org\",\"@graph\":[{\"@type\":\"WebPage\",\"@id\":\"https:\/\/www.translationscertified.com\/es\/politica-de-privacidad\",\"url\":\"https:\/\/www.translationscertified.com\/es\/politica-de-privacidad\",\"name\":\"Pol\u00edtica de Privacidad - Translations Certified\",\"isPartOf\":{\"@id\":\"https:\/\/www.translationscertified.com\/es#website\"},\"datePublished\":\"2024-11-25T20:49:26+00:00\",\"dateModified\":\"2025-03-07T16:13:31+00:00\",\"breadcrumb\":{\"@id\":\"https:\/\/www.translationscertified.com\/es\/politica-de-privacidad#breadcrumb\"},\"inLanguage\":\"es\",\"potentialAction\":[{\"@type\":\"ReadAction\",\"target\":[\"https:\/\/www.translationscertified.com\/es\/politica-de-privacidad\"]}]},{\"@type\":\"BreadcrumbList\",\"@id\":\"https:\/\/www.translationscertified.com\/es\/politica-de-privacidad#breadcrumb\",\"itemListElement\":[{\"@type\":\"ListItem\",\"position\":1,\"name\":\"Home\",\"item\":\"https:\/\/www.translationscertified.com\/es\"},{\"@type\":\"ListItem\",\"position\":2,\"name\":\"Pol\u00edtica de Privacidad\"}]},{\"@type\":\"WebSite\",\"@id\":\"https:\/\/www.translationscertified.com\/es#website\",\"url\":\"https:\/\/www.translationscertified.com\/es\",\"name\":\"Translations Certified\",\"description\":\"Translations Certified Translation Services\",\"publisher\":{\"@id\":\"https:\/\/www.translationscertified.com\/es#organization\"},\"potentialAction\":[{\"@type\":\"SearchAction\",\"target\":{\"@type\":\"EntryPoint\",\"urlTemplate\":\"https:\/\/www.translationscertified.com\/es?s={search_term_string}\"},\"query-input\":{\"@type\":\"PropertyValueSpecification\",\"valueRequired\":true,\"valueName\":\"search_term_string\"}}],\"inLanguage\":\"es\"},{\"@type\":\"Organization\",\"@id\":\"https:\/\/www.translationscertified.com\/es#organization\",\"name\":\"Translations Certified\",\"url\":\"https:\/\/www.translationscertified.com\/es\",\"logo\":{\"@type\":\"ImageObject\",\"inLanguage\":\"es\",\"@id\":\"https:\/\/www.translationscertified.com\/es#\/schema\/logo\/image\/\",\"url\":\"https:\/\/www.translationscertified.com\/wp-content\/uploads\/2025\/10\/cropped-TranslationsCertified-01.webp\",\"contentUrl\":\"https:\/\/www.translationscertified.com\/wp-content\/uploads\/2025\/10\/cropped-TranslationsCertified-01.webp\",\"width\":288,\"height\":86,\"caption\":\"Translations Certified\"},\"image\":{\"@id\":\"https:\/\/www.translationscertified.com\/es#\/schema\/logo\/image\/\"}}]}<\/script>\n<!-- \/ Yoast SEO plugin. -->","yoast_head_json":{"title":"Pol\u00edtica de Privacidad - Translations Certified","robots":{"index":"index","follow":"follow","max-snippet":"max-snippet:-1","max-image-preview":"max-image-preview:large","max-video-preview":"max-video-preview:-1"},"canonical":"https:\/\/www.translationscertified.com\/es\/politica-de-privacidad","og_locale":"es_ES","og_type":"article","og_title":"Pol\u00edtica de Privacidad - Translations Certified","og_description":"Pol\u00edtica de Privacidad En Translations Certified, respetamos y priorizamos su privacidad. En esta pol\u00edtica de privacidad se explica c\u00f3mo recopilamos, usamos y salvaguardamos su informaci\u00f3n personal cuando utiliza nuestro sitio ... Read more","og_url":"https:\/\/www.translationscertified.com\/es\/politica-de-privacidad","og_site_name":"Translations Certified","article_modified_time":"2025-03-07T16:13:31+00:00","og_image":[{"width":512,"height":512,"url":"https:\/\/www.translationscertified.com\/wp-content\/uploads\/2024\/06\/cropped-v.2b_03.png","type":"image\/png"}],"twitter_card":"summary_large_image","twitter_misc":{"Est. reading time":"3 minutos"},"schema":{"@context":"https:\/\/schema.org","@graph":[{"@type":"WebPage","@id":"https:\/\/www.translationscertified.com\/es\/politica-de-privacidad","url":"https:\/\/www.translationscertified.com\/es\/politica-de-privacidad","name":"Pol\u00edtica de Privacidad - Translations Certified","isPartOf":{"@id":"https:\/\/www.translationscertified.com\/es#website"},"datePublished":"2024-11-25T20:49:26+00:00","dateModified":"2025-03-07T16:13:31+00:00","breadcrumb":{"@id":"https:\/\/www.translationscertified.com\/es\/politica-de-privacidad#breadcrumb"},"inLanguage":"es","potentialAction":[{"@type":"ReadAction","target":["https:\/\/www.translationscertified.com\/es\/politica-de-privacidad"]}]},{"@type":"BreadcrumbList","@id":"https:\/\/www.translationscertified.com\/es\/politica-de-privacidad#breadcrumb","itemListElement":[{"@type":"ListItem","position":1,"name":"Home","item":"https:\/\/www.translationscertified.com\/es"},{"@type":"ListItem","position":2,"name":"Pol\u00edtica de Privacidad"}]},{"@type":"WebSite","@id":"https:\/\/www.translationscertified.com\/es#website","url":"https:\/\/www.translationscertified.com\/es","name":"Translations Certified","description":"Translations Certified Translation Services","publisher":{"@id":"https:\/\/www.translationscertified.com\/es#organization"},"potentialAction":[{"@type":"SearchAction","target":{"@type":"EntryPoint","urlTemplate":"https:\/\/www.translationscertified.com\/es?s={search_term_string}"},"query-input":{"@type":"PropertyValueSpecification","valueRequired":true,"valueName":"search_term_string"}}],"inLanguage":"es"},{"@type":"Organization","@id":"https:\/\/www.translationscertified.com\/es#organization","name":"Translations Certified","url":"https:\/\/www.translationscertified.com\/es","logo":{"@type":"ImageObject","inLanguage":"es","@id":"https:\/\/www.translationscertified.com\/es#\/schema\/logo\/image\/","url":"https:\/\/www.translationscertified.com\/wp-content\/uploads\/2025\/10\/cropped-TranslationsCertified-01.webp","contentUrl":"https:\/\/www.translationscertified.com\/wp-content\/uploads\/2025\/10\/cropped-TranslationsCertified-01.webp","width":288,"height":86,"caption":"Translations Certified"},"image":{"@id":"https:\/\/www.translationscertified.com\/es#\/schema\/logo\/image\/"}}]}},"_links":{"self":[{"href":"https:\/\/www.translationscertified.com\/es\/wp-json\/wp\/v2\/pages\/5039","targetHints":{"allow":["GET"]}}],"collection":[{"href":"https:\/\/www.translationscertified.com\/es\/wp-json\/wp\/v2\/pages"}],"about":[{"href":"https:\/\/www.translationscertified.com\/es\/wp-json\/wp\/v2\/types\/page"}],"author":[{"embeddable":true,"href":"https:\/\/www.translationscertified.com\/es\/wp-json\/wp\/v2\/users\/4"}],"replies":[{"embeddable":true,"href":"https:\/\/www.translationscertified.com\/es\/wp-json\/wp\/v2\/comments?post=5039"}],"version-history":[{"count":0,"href":"https:\/\/www.translationscertified.com\/es\/wp-json\/wp\/v2\/pages\/5039\/revisions"}],"wp:attachment":[{"href":"https:\/\/www.translationscertified.com\/es\/wp-json\/wp\/v2\/media?parent=5039"}],"curies":[{"name":"wp","href":"https:\/\/api.w.org\/{rel}","templated":true}]}}