{"id":5057,"date":"2024-10-15T19:02:30","date_gmt":"2024-10-15T19:02:30","guid":{"rendered":"https:\/\/www.translationscertified.com\/?page_id=5057"},"modified":"2025-03-07T21:49:16","modified_gmt":"2025-03-07T21:49:16","slug":"proceso-de-solicitud-de-permiso-de-residencia-o-trabajo","status":"publish","type":"page","link":"https:\/\/www.translationscertified.com\/es\/recursos-de-documentos\/proceso-de-permiso-de-residencia-o-trabajo\/proceso-de-solicitud-de-permiso-de-residencia-o-trabajo","title":{"rendered":"Proceso de solicitud de permiso de residencia o trabajo"},"content":{"rendered":"\t\t<div data-elementor-type=\"wp-page\" data-elementor-id=\"5057\" class=\"elementor elementor-5057 elementor-2095\">\n\t\t\t\t<div class=\"elementor-element elementor-element-a5dd60f e-flex e-con-boxed e-con e-parent\" data-id=\"a5dd60f\" data-element_type=\"container\" data-e-type=\"container\" data-settings=\"{&quot;background_background&quot;:&quot;classic&quot;}\">\n\t\t\t\t\t<div class=\"e-con-inner\">\n\t\t\t\t\t<\/div>\n\t\t\t\t<\/div>\n\t\t<div class=\"elementor-element elementor-element-53ee044 e-flex e-con-boxed e-con e-parent\" data-id=\"53ee044\" data-element_type=\"container\" data-e-type=\"container\">\n\t\t\t\t\t<div class=\"e-con-inner\">\n\t\t\t\t<div class=\"elementor-element elementor-element-79f71e2 elementor-widget elementor-widget-shortcode\" data-id=\"79f71e2\" data-element_type=\"widget\" data-e-type=\"widget\" data-widget_type=\"shortcode.default\">\n\t\t\t\t\t\t\t<div class=\"elementor-shortcode\"><span><span><a href=\"https:\/\/www.translationscertified.com\/es\">Home<\/a><\/span><\/span><\/div>\n\t\t\t\t\t\t<\/div>\n\t\t\t\t\t<\/div>\n\t\t\t\t<\/div>\n\t\t<div class=\"elementor-element elementor-element-e05e185 e-flex e-con-boxed e-con e-parent\" data-id=\"e05e185\" data-element_type=\"container\" data-e-type=\"container\">\n\t\t\t\t\t<div class=\"e-con-inner\">\n\t\t\t\t<div class=\"elementor-element elementor-element-e0ec398 elementor-widget elementor-widget-heading\" data-id=\"e0ec398\" data-element_type=\"widget\" data-e-type=\"widget\" data-widget_type=\"heading.default\">\n\t\t\t\t\t<h1 class=\"elementor-heading-title elementor-size-default\">Proceso de solicitud de permiso de residencia o trabajo: Pasos para obtener la residencia permanente\n<\/h1>\t\t\t\t<\/div>\n\t\t\t\t\t<\/div>\n\t\t\t\t<\/div>\n\t\t<div class=\"elementor-element elementor-element-207146d e-flex e-con-boxed e-con e-parent\" data-id=\"207146d\" data-element_type=\"container\" data-e-type=\"container\">\n\t\t\t\t\t<div class=\"e-con-inner\">\n\t\t\t\t<div class=\"elementor-element elementor-element-d1a37e3 elementor-widget elementor-widget-text-editor\" data-id=\"d1a37e3\" data-element_type=\"widget\" data-e-type=\"widget\" data-widget_type=\"text-editor.default\">\n\t\t\t\t\t\t\t\t\t<h2 class=\"ewa-rteLine\">Paso 1: Presentar la petici\u00f3n de inmigrante adecuada<\/h2>\n<div class=\"ewa-rteLine\">El proceso para obtener el permiso de residencia o trabajo en general comienza con un patrocinador que presenta una petici\u00f3n de inmigrante. Podr\u00edan ser:<\/div>\n<div class=\"ewa-rteLine\">\u00a0<\/div>\n<ul>\n<li class=\"ewa-rteLine\">un formulario I-130 para peticiones de familiar;<\/li>\n<li class=\"ewa-rteLine\">un formulario I-140 para peticiones por empleo.<\/li>\n<\/ul>\n<h2 class=\"ewa-rteLine\">Paso 2: Esperar la disponibilidad de visas<\/h2>\n<div class=\"ewa-rteLine\">Una vez aprobada su petici\u00f3n, consulte el Bolet\u00edn de Visas para ver cu\u00e1ndo hay una visa disponible seg\u00fan su categor\u00eda y fecha de prioridad. Los familiares inmediatos de ciudadanos estadounidenses no necesitan esperar la disponibilidad de visas.<\/div>\n<div class=\"ewa-rteLine\">\u00a0<\/div>\n<h2 class=\"ewa-rteLine\">Paso 3: Presentar el formulario I-485 o DS-260<\/h2>\n<ul>\n<li class=\"ewa-rteLine\">Si se encuentra en EE. UU., presente el formulario I-485, Ajuste de condici\u00f3n.<\/li>\n<li class=\"ewa-rteLine\">Si est\u00e1 en el extranjero, deber\u00e1 completar el formulario DS-260 para procesamiento consular.<\/li>\n<\/ul>\n<div>\u00a0<\/div>\n<h2 class=\"ewa-rteLine\">Paso 4: Cita para datos biom\u00e9tricos y entrevista<\/h2>\n<div class=\"ewa-rteLine\">Despu\u00e9s de presentar la solicitud, es posible que deba asistir a una cita de biometr\u00eda para proporcionar huellas dactilares y una fotograf\u00eda, seguida de una entrevista en una oficina de USCIS o un consulado de EE. UU.<\/div>\n<div class=\"ewa-rteLine\">\u00a0<\/div>\n<h2 class=\"ewa-rteLine\">Paso 5: Reciba una decisi\u00f3n<\/h2>\n<div class=\"ewa-rteLine\">Si aprueban su solicitud, usted recibir\u00e1 su permiso de residencia o trabajo. Si le niegan la solicitud, USCIS le proporcionar\u00e1 un motivo detallado para hacerlo y usted podr\u00e1 apelar o presentar evidencia adicional.<\/div>\n<div class=\"ewa-rteLine\">\u00a0<\/div>\n<h2 class=\"ewa-rteLine\">Documentos necesarios para presentar la solicitud<\/h2>\n<ul>\n<li class=\"ewa-rteLine\">Pasaporte, certificado de nacimiento y cualquier aviso de aprobaci\u00f3n de petici\u00f3n de inmigrante.<\/li>\n<li class=\"ewa-rteLine\">Traducciones certificadas de cualquier documento que no est\u00e9 en ingl\u00e9s.<\/li>\n<li class=\"ewa-rteLine\">Documentos de respaldo financiero (si corresponde).<\/li>\n<\/ul>\n<p><span style=\"background-color: var(--base-3); text-align: var(--text-align);\">Para obtener m\u00e1s detalles sobre la elegibilidad, consulte nuestra p\u00e1gina de <a href=\"https:\/\/www.translationscertified.com\/es?page_id=5056\">Elegibilidad para permiso de residencia o trabajo<\/a>.<\/span><\/p>\n\t\t\t\t\t\t\t\t<\/div>\n\t\t\t\t<div class=\"elementor-element elementor-element-cf59b1e elementor-widget elementor-widget-heading\" data-id=\"cf59b1e\" data-element_type=\"widget\" data-e-type=\"widget\" data-widget_type=\"heading.default\">\n\t\t\t\t\t<h2 class=\"elementor-heading-title elementor-size-default\">\u00bfC\u00f3mo puede ayudar Translations Certified?<\/h2>\t\t\t\t<\/div>\n\t\t\t\t<div class=\"elementor-element elementor-element-bc7f1d4 elementor-widget elementor-widget-text-editor\" data-id=\"bc7f1d4\" data-element_type=\"widget\" data-e-type=\"widget\" data-widget_type=\"text-editor.default\">\n\t\t\t\t\t\t\t\t\t<p>Asegurarnos de que todos los documentos se traduzcan en forma correcta y cumplan con los est\u00e1ndares de USCIS es crucial para evitar demoras en el proceso de obtener el permiso de residencia o trabajo. Translations Certified proporciona traducciones certificadas que cumplen con los requisitos de USCIS, lo que ayuda a garantizar que su solicitud se procese sin inconvenientes.<\/p>\n\t\t\t\t\t\t\t\t<\/div>\n\t\t\t\t\t<\/div>\n\t\t\t\t<\/div>\n\t\t<div class=\"elementor-element elementor-element-2a0d1dd e-flex e-con-boxed e-con e-parent\" data-id=\"2a0d1dd\" data-element_type=\"container\" data-e-type=\"container\">\n\t\t\t\t\t<div class=\"e-con-inner\">\n\t\t<div class=\"elementor-element elementor-element-c52248c e-flex e-con-boxed e-con e-child\" data-id=\"c52248c\" data-element_type=\"container\" data-e-type=\"container\" data-settings=\"{&quot;background_background&quot;:&quot;classic&quot;}\">\n\t\t\t\t\t<div class=\"e-con-inner\">\n\t\t\t\t<div class=\"elementor-element elementor-element-99c4f6e elementor-widget elementor-widget-text-editor\" data-id=\"99c4f6e\" data-element_type=\"widget\" data-e-type=\"widget\" data-widget_type=\"text-editor.default\">\n\t\t\t\t\t\t\t\t\t<p><i>La informaci\u00f3n proporcionada aqu\u00ed es solo para fines informativos generales y no pretende ser asesoramiento legal. Si bien nos esforzamos por garantizar que la informaci\u00f3n sea precisa y actual, no sustituye el asesoramiento legal profesional. Consulte a un abogado calificado para obtener asesoramiento sobre su situaci\u00f3n espec\u00edfica o si tiene preguntas legales.<\/i><\/p>\n\t\t\t\t\t\t\t\t<\/div>\n\t\t\t\t\t<\/div>\n\t\t\t\t<\/div>\n\t\t\t\t\t<\/div>\n\t\t\t\t<\/div>\n\t\t<div class=\"elementor-element elementor-element-3b8e00c e-flex e-con-boxed e-con e-parent\" data-id=\"3b8e00c\" data-element_type=\"container\" data-e-type=\"container\">\n\t\t\t\t\t<div class=\"e-con-inner\">\n\t\t\t\t<div class=\"elementor-element elementor-element-b056060 elementor-widget elementor-widget-heading\" data-id=\"b056060\" data-element_type=\"widget\" data-e-type=\"widget\" data-widget_type=\"heading.default\">\n\t\t\t\t\t<h2 class=\"elementor-heading-title elementor-size-default\">Explore nuestras p\u00e1ginas informativas sobre permisos de residencia o trabajo<\/h2>\t\t\t\t<\/div>\n\t\t<div class=\"elementor-element elementor-element-5698c1b e-flex e-con-boxed e-con e-child\" data-id=\"5698c1b\" data-element_type=\"container\" data-e-type=\"container\">\n\t\t\t\t\t<div class=\"e-con-inner\">\n\t\t<div class=\"elementor-element elementor-element-f3d6553 e-flex e-con-boxed e-con e-child\" data-id=\"f3d6553\" data-element_type=\"container\" data-e-type=\"container\" data-settings=\"{&quot;background_background&quot;:&quot;classic&quot;}\">\n\t\t\t\t\t<div class=\"e-con-inner\">\n\t\t\t\t<div class=\"elementor-element elementor-element-33388ab elementor-widget elementor-widget-heading\" data-id=\"33388ab\" data-element_type=\"widget\" data-e-type=\"widget\" data-widget_type=\"heading.default\">\n\t\t\t\t\t<h2 class=\"elementor-heading-title elementor-size-default\">Elegibilidad para permiso de residencia o trabajo<\/h2>\t\t\t\t<\/div>\n\t\t\t\t<div class=\"elementor-element elementor-element-8f976a9 elementor-align-center elementor-widget__width-auto elementor-widget elementor-widget-button\" data-id=\"8f976a9\" data-element_type=\"widget\" data-e-type=\"widget\" data-widget_type=\"button.default\">\n\t\t\t\t\t\t\t\t\t\t<a class=\"elementor-button elementor-button-link elementor-size-sm\" href=\"https:\/\/www.translationscertified.com\/es\/recursos-de-documentos\/proceso-de-permiso-de-residencia-o-trabajo\/elegibilidad-para-permiso-de-residencia-o-trabajo\">\n\t\t\t\t\t\t<span class=\"elementor-button-content-wrapper\">\n\t\t\t\t\t\t\t\t\t<span class=\"elementor-button-text\">Vea la p\u00e1gina<\/span>\n\t\t\t\t\t<\/span>\n\t\t\t\t\t<\/a>\n\t\t\t\t\t\t\t\t<\/div>\n\t\t\t\t\t<\/div>\n\t\t\t\t<\/div>\n\t\t<div class=\"elementor-element elementor-element-7c8fbd8 e-flex e-con-boxed e-con e-child\" data-id=\"7c8fbd8\" data-element_type=\"container\" data-e-type=\"container\" data-settings=\"{&quot;background_background&quot;:&quot;classic&quot;}\">\n\t\t\t\t\t<div class=\"e-con-inner\">\n\t\t\t\t<div class=\"elementor-element elementor-element-8c682cf elementor-widget elementor-widget-heading\" data-id=\"8c682cf\" data-element_type=\"widget\" data-e-type=\"widget\" data-widget_type=\"heading.default\">\n\t\t\t\t\t<h2 class=\"elementor-heading-title elementor-size-default\">Proceso de solicitud de permiso de residencia o trabajo<\/h2>\t\t\t\t<\/div>\n\t\t\t\t<div class=\"elementor-element elementor-element-b360a68 elementor-align-center elementor-widget__width-auto elementor-widget elementor-widget-button\" data-id=\"b360a68\" data-element_type=\"widget\" data-e-type=\"widget\" data-widget_type=\"button.default\">\n\t\t\t\t\t\t\t\t\t\t<a class=\"elementor-button elementor-button-link elementor-size-sm\" href=\"https:\/\/www.translationscertified.com\/es\/recursos-de-documentos\/proceso-de-permiso-de-residencia-o-trabajo\/proceso-de-solicitud-de-permiso-de-residencia-o-trabajo\">\n\t\t\t\t\t\t<span class=\"elementor-button-content-wrapper\">\n\t\t\t\t\t\t\t\t\t<span class=\"elementor-button-text\">Vea la p\u00e1gina<\/span>\n\t\t\t\t\t<\/span>\n\t\t\t\t\t<\/a>\n\t\t\t\t\t\t\t\t<\/div>\n\t\t\t\t\t<\/div>\n\t\t\t\t<\/div>\n\t\t\t\t\t<\/div>\n\t\t\t\t<\/div>\n\t\t\t\t\t<\/div>\n\t\t\t\t<\/div>\n\t\t\t\t<\/div>\n\t\t","protected":false},"excerpt":{"rendered":"<p>Proceso de solicitud de permiso de residencia o trabajo: Pasos para obtener la residencia permanente Paso 1: Presentar la petici\u00f3n de inmigrante adecuada El proceso para obtener el permiso de &#8230; <a title=\"Proceso de solicitud de permiso de residencia o trabajo\" class=\"read-more\" href=\"https:\/\/www.translationscertified.com\/es\/recursos-de-documentos\/proceso-de-permiso-de-residencia-o-trabajo\/proceso-de-solicitud-de-permiso-de-residencia-o-trabajo\" aria-label=\"Read more about Proceso de solicitud de permiso de residencia o trabajo\">Read more<\/a><\/p>\n","protected":false},"author":4,"featured_media":0,"parent":5055,"menu_order":0,"comment_status":"closed","ping_status":"closed","template":"","meta":{"_acf_changed":false,"content-type":"","footnotes":""},"class_list":["post-5057","page","type-page","status-publish"],"acf":[],"yoast_head":"<!-- This site is optimized with the Yoast SEO plugin v27.1.1 - https:\/\/yoast.com\/product\/yoast-seo-wordpress\/ -->\n<title>Proceso de permiso de residencia o trabajo: Solicitud | Translations Certified<\/title>\n<meta name=\"description\" content=\"Pasos para solicitar un permiso de residencia o trabajo, incluidos petici\u00f3n, formularios y entrevistas. Traducciones certificadas para un procesamiento sin inconvenientes.\" \/>\n<meta name=\"robots\" content=\"index, follow, max-snippet:-1, max-image-preview:large, max-video-preview:-1\" \/>\n<link rel=\"canonical\" href=\"https:\/\/www.translationscertified.com\/es\/recursos-de-documentos\/proceso-de-permiso-de-residencia-o-trabajo\/proceso-de-solicitud-de-permiso-de-residencia-o-trabajo\" \/>\n<meta property=\"og:locale\" content=\"es_ES\" \/>\n<meta property=\"og:type\" content=\"article\" \/>\n<meta property=\"og:title\" content=\"Proceso de permiso de residencia o trabajo: Solicitud | Translations Certified\" \/>\n<meta property=\"og:description\" content=\"Pasos para solicitar un permiso de residencia o trabajo, incluidos petici\u00f3n, formularios y entrevistas. Traducciones certificadas para un procesamiento sin inconvenientes.\" \/>\n<meta property=\"og:url\" content=\"https:\/\/www.translationscertified.com\/es\/recursos-de-documentos\/proceso-de-permiso-de-residencia-o-trabajo\/proceso-de-solicitud-de-permiso-de-residencia-o-trabajo\" \/>\n<meta property=\"og:site_name\" content=\"Translations Certified\" \/>\n<meta property=\"article:modified_time\" content=\"2025-03-07T21:49:16+00:00\" \/>\n<meta property=\"og:image\" content=\"https:\/\/www.translationscertified.com\/wp-content\/uploads\/2024\/06\/cropped-v.2b_03.png\" \/>\n\t<meta property=\"og:image:width\" content=\"512\" \/>\n\t<meta property=\"og:image:height\" content=\"512\" \/>\n\t<meta property=\"og:image:type\" content=\"image\/png\" \/>\n<meta name=\"twitter:card\" content=\"summary_large_image\" \/>\n<meta name=\"twitter:label1\" content=\"Est. reading time\" \/>\n\t<meta name=\"twitter:data1\" content=\"2 minutos\" \/>\n<script type=\"application\/ld+json\" class=\"yoast-schema-graph\">{\"@context\":\"https:\/\/schema.org\",\"@graph\":[{\"@type\":\"WebPage\",\"@id\":\"https:\/\/www.translationscertified.com\/es\/recursos-de-documentos\/proceso-de-permiso-de-residencia-o-trabajo\/proceso-de-solicitud-de-permiso-de-residencia-o-trabajo\",\"url\":\"https:\/\/www.translationscertified.com\/es\/recursos-de-documentos\/proceso-de-permiso-de-residencia-o-trabajo\/proceso-de-solicitud-de-permiso-de-residencia-o-trabajo\",\"name\":\"Proceso de permiso de residencia o trabajo: Solicitud | Translations Certified\",\"isPartOf\":{\"@id\":\"https:\/\/www.translationscertified.com\/es#website\"},\"datePublished\":\"2024-10-15T19:02:30+00:00\",\"dateModified\":\"2025-03-07T21:49:16+00:00\",\"description\":\"Pasos para solicitar un permiso de residencia o trabajo, incluidos petici\u00f3n, formularios y entrevistas. Traducciones certificadas para un procesamiento sin inconvenientes.\",\"breadcrumb\":{\"@id\":\"https:\/\/www.translationscertified.com\/es\/recursos-de-documentos\/proceso-de-permiso-de-residencia-o-trabajo\/proceso-de-solicitud-de-permiso-de-residencia-o-trabajo#breadcrumb\"},\"inLanguage\":\"es\",\"potentialAction\":[{\"@type\":\"ReadAction\",\"target\":[\"https:\/\/www.translationscertified.com\/es\/recursos-de-documentos\/proceso-de-permiso-de-residencia-o-trabajo\/proceso-de-solicitud-de-permiso-de-residencia-o-trabajo\"]}]},{\"@type\":\"BreadcrumbList\",\"@id\":\"https:\/\/www.translationscertified.com\/es\/recursos-de-documentos\/proceso-de-permiso-de-residencia-o-trabajo\/proceso-de-solicitud-de-permiso-de-residencia-o-trabajo#breadcrumb\",\"itemListElement\":[{\"@type\":\"ListItem\",\"position\":1,\"name\":\"Home\",\"item\":\"https:\/\/www.translationscertified.com\/es\"},{\"@type\":\"ListItem\",\"position\":2,\"name\":\"Recursos de documentos\",\"item\":\"https:\/\/www.translationscertified.com\/es\/document-resources\"},{\"@type\":\"ListItem\",\"position\":3,\"name\":\"Proceso de Permiso de Residencia o Trabajo\",\"item\":\"https:\/\/www.translationscertified.com\/es\/document-resources\/green-card-process\"},{\"@type\":\"ListItem\",\"position\":4,\"name\":\"Proceso de solicitud de permiso de residencia o trabajo\"}]},{\"@type\":\"WebSite\",\"@id\":\"https:\/\/www.translationscertified.com\/es#website\",\"url\":\"https:\/\/www.translationscertified.com\/es\",\"name\":\"Translations Certified\",\"description\":\"Translations Certified Translation Services\",\"publisher\":{\"@id\":\"https:\/\/www.translationscertified.com\/es#organization\"},\"potentialAction\":[{\"@type\":\"SearchAction\",\"target\":{\"@type\":\"EntryPoint\",\"urlTemplate\":\"https:\/\/www.translationscertified.com\/es?s={search_term_string}\"},\"query-input\":{\"@type\":\"PropertyValueSpecification\",\"valueRequired\":true,\"valueName\":\"search_term_string\"}}],\"inLanguage\":\"es\"},{\"@type\":\"Organization\",\"@id\":\"https:\/\/www.translationscertified.com\/es#organization\",\"name\":\"Translations Certified\",\"url\":\"https:\/\/www.translationscertified.com\/es\",\"logo\":{\"@type\":\"ImageObject\",\"inLanguage\":\"es\",\"@id\":\"https:\/\/www.translationscertified.com\/es#\/schema\/logo\/image\/\",\"url\":\"https:\/\/www.translationscertified.com\/wp-content\/uploads\/2025\/10\/cropped-TranslationsCertified-01.webp\",\"contentUrl\":\"https:\/\/www.translationscertified.com\/wp-content\/uploads\/2025\/10\/cropped-TranslationsCertified-01.webp\",\"width\":288,\"height\":86,\"caption\":\"Translations Certified\"},\"image\":{\"@id\":\"https:\/\/www.translationscertified.com\/es#\/schema\/logo\/image\/\"}}]}<\/script>\n<!-- \/ Yoast SEO plugin. -->","yoast_head_json":{"title":"Proceso de permiso de residencia o trabajo: Solicitud | Translations Certified","description":"Pasos para solicitar un permiso de residencia o trabajo, incluidos petici\u00f3n, formularios y entrevistas. Traducciones certificadas para un procesamiento sin inconvenientes.","robots":{"index":"index","follow":"follow","max-snippet":"max-snippet:-1","max-image-preview":"max-image-preview:large","max-video-preview":"max-video-preview:-1"},"canonical":"https:\/\/www.translationscertified.com\/es\/recursos-de-documentos\/proceso-de-permiso-de-residencia-o-trabajo\/proceso-de-solicitud-de-permiso-de-residencia-o-trabajo","og_locale":"es_ES","og_type":"article","og_title":"Proceso de permiso de residencia o trabajo: Solicitud | Translations Certified","og_description":"Pasos para solicitar un permiso de residencia o trabajo, incluidos petici\u00f3n, formularios y entrevistas. Traducciones certificadas para un procesamiento sin inconvenientes.","og_url":"https:\/\/www.translationscertified.com\/es\/recursos-de-documentos\/proceso-de-permiso-de-residencia-o-trabajo\/proceso-de-solicitud-de-permiso-de-residencia-o-trabajo","og_site_name":"Translations Certified","article_modified_time":"2025-03-07T21:49:16+00:00","og_image":[{"width":512,"height":512,"url":"https:\/\/www.translationscertified.com\/wp-content\/uploads\/2024\/06\/cropped-v.2b_03.png","type":"image\/png"}],"twitter_card":"summary_large_image","twitter_misc":{"Est. reading time":"2 minutos"},"schema":{"@context":"https:\/\/schema.org","@graph":[{"@type":"WebPage","@id":"https:\/\/www.translationscertified.com\/es\/recursos-de-documentos\/proceso-de-permiso-de-residencia-o-trabajo\/proceso-de-solicitud-de-permiso-de-residencia-o-trabajo","url":"https:\/\/www.translationscertified.com\/es\/recursos-de-documentos\/proceso-de-permiso-de-residencia-o-trabajo\/proceso-de-solicitud-de-permiso-de-residencia-o-trabajo","name":"Proceso de permiso de residencia o trabajo: Solicitud | Translations Certified","isPartOf":{"@id":"https:\/\/www.translationscertified.com\/es#website"},"datePublished":"2024-10-15T19:02:30+00:00","dateModified":"2025-03-07T21:49:16+00:00","description":"Pasos para solicitar un permiso de residencia o trabajo, incluidos petici\u00f3n, formularios y entrevistas. Traducciones certificadas para un procesamiento sin inconvenientes.","breadcrumb":{"@id":"https:\/\/www.translationscertified.com\/es\/recursos-de-documentos\/proceso-de-permiso-de-residencia-o-trabajo\/proceso-de-solicitud-de-permiso-de-residencia-o-trabajo#breadcrumb"},"inLanguage":"es","potentialAction":[{"@type":"ReadAction","target":["https:\/\/www.translationscertified.com\/es\/recursos-de-documentos\/proceso-de-permiso-de-residencia-o-trabajo\/proceso-de-solicitud-de-permiso-de-residencia-o-trabajo"]}]},{"@type":"BreadcrumbList","@id":"https:\/\/www.translationscertified.com\/es\/recursos-de-documentos\/proceso-de-permiso-de-residencia-o-trabajo\/proceso-de-solicitud-de-permiso-de-residencia-o-trabajo#breadcrumb","itemListElement":[{"@type":"ListItem","position":1,"name":"Home","item":"https:\/\/www.translationscertified.com\/es"},{"@type":"ListItem","position":2,"name":"Recursos de documentos","item":"https:\/\/www.translationscertified.com\/es\/document-resources"},{"@type":"ListItem","position":3,"name":"Proceso de Permiso de Residencia o Trabajo","item":"https:\/\/www.translationscertified.com\/es\/document-resources\/green-card-process"},{"@type":"ListItem","position":4,"name":"Proceso de solicitud de permiso de residencia o trabajo"}]},{"@type":"WebSite","@id":"https:\/\/www.translationscertified.com\/es#website","url":"https:\/\/www.translationscertified.com\/es","name":"Translations Certified","description":"Translations Certified Translation Services","publisher":{"@id":"https:\/\/www.translationscertified.com\/es#organization"},"potentialAction":[{"@type":"SearchAction","target":{"@type":"EntryPoint","urlTemplate":"https:\/\/www.translationscertified.com\/es?s={search_term_string}"},"query-input":{"@type":"PropertyValueSpecification","valueRequired":true,"valueName":"search_term_string"}}],"inLanguage":"es"},{"@type":"Organization","@id":"https:\/\/www.translationscertified.com\/es#organization","name":"Translations Certified","url":"https:\/\/www.translationscertified.com\/es","logo":{"@type":"ImageObject","inLanguage":"es","@id":"https:\/\/www.translationscertified.com\/es#\/schema\/logo\/image\/","url":"https:\/\/www.translationscertified.com\/wp-content\/uploads\/2025\/10\/cropped-TranslationsCertified-01.webp","contentUrl":"https:\/\/www.translationscertified.com\/wp-content\/uploads\/2025\/10\/cropped-TranslationsCertified-01.webp","width":288,"height":86,"caption":"Translations Certified"},"image":{"@id":"https:\/\/www.translationscertified.com\/es#\/schema\/logo\/image\/"}}]}},"_links":{"self":[{"href":"https:\/\/www.translationscertified.com\/es\/wp-json\/wp\/v2\/pages\/5057","targetHints":{"allow":["GET"]}}],"collection":[{"href":"https:\/\/www.translationscertified.com\/es\/wp-json\/wp\/v2\/pages"}],"about":[{"href":"https:\/\/www.translationscertified.com\/es\/wp-json\/wp\/v2\/types\/page"}],"author":[{"embeddable":true,"href":"https:\/\/www.translationscertified.com\/es\/wp-json\/wp\/v2\/users\/4"}],"replies":[{"embeddable":true,"href":"https:\/\/www.translationscertified.com\/es\/wp-json\/wp\/v2\/comments?post=5057"}],"version-history":[{"count":0,"href":"https:\/\/www.translationscertified.com\/es\/wp-json\/wp\/v2\/pages\/5057\/revisions"}],"up":[{"embeddable":true,"href":"https:\/\/www.translationscertified.com\/es\/wp-json\/wp\/v2\/pages\/5055"}],"wp:attachment":[{"href":"https:\/\/www.translationscertified.com\/es\/wp-json\/wp\/v2\/media?parent=5057"}],"curies":[{"name":"wp","href":"https:\/\/api.w.org\/{rel}","templated":true}]}}