{"id":5058,"date":"2024-10-15T20:05:15","date_gmt":"2024-10-15T20:05:15","guid":{"rendered":"https:\/\/www.translationscertified.com\/?page_id=5058"},"modified":"2025-03-07T21:49:15","modified_gmt":"2025-03-07T21:49:15","slug":"ciudadania-estadounidense","status":"publish","type":"page","link":"https:\/\/www.translationscertified.com\/es\/recursos-de-documentos\/ciudadania-estadounidense","title":{"rendered":"Ciudadan\u00eda estadounidense"},"content":{"rendered":"\t\t<div data-elementor-type=\"wp-page\" data-elementor-id=\"5058\" class=\"elementor elementor-5058 elementor-2100\">\n\t\t\t\t<div class=\"elementor-element elementor-element-0276407 elementor-hidden-mobile e-flex e-con-boxed e-con e-parent\" data-id=\"0276407\" data-element_type=\"container\" data-e-type=\"container\" data-settings=\"{&quot;background_background&quot;:&quot;classic&quot;}\">\n\t\t\t\t\t<div class=\"e-con-inner\">\n\t\t\t\t\t<\/div>\n\t\t\t\t<\/div>\n\t\t<div class=\"elementor-element elementor-element-5d330a5 e-flex e-con-boxed e-con e-parent\" data-id=\"5d330a5\" data-element_type=\"container\" data-e-type=\"container\">\n\t\t\t\t\t<div class=\"e-con-inner\">\n\t\t\t\t<div class=\"elementor-element elementor-element-3bda6de elementor-widget elementor-widget-shortcode\" data-id=\"3bda6de\" data-element_type=\"widget\" data-e-type=\"widget\" data-widget_type=\"shortcode.default\">\n\t\t\t\t\t\t\t<div class=\"elementor-shortcode\"><span><span><a href=\"https:\/\/www.translationscertified.com\/es\">Home<\/a><\/span><\/span><\/div>\n\t\t\t\t\t\t<\/div>\n\t\t\t\t\t<\/div>\n\t\t\t\t<\/div>\n\t\t<div class=\"elementor-element elementor-element-9dc5808 e-flex e-con-boxed e-con e-parent\" data-id=\"9dc5808\" data-element_type=\"container\" data-e-type=\"container\">\n\t\t\t\t\t<div class=\"e-con-inner\">\n\t\t\t\t<div class=\"elementor-element elementor-element-de7e602 elementor-widget elementor-widget-heading\" data-id=\"de7e602\" data-element_type=\"widget\" data-e-type=\"widget\" data-widget_type=\"heading.default\">\n\t\t\t\t\t<h1 class=\"elementor-heading-title elementor-size-default\">Ciudadan\u00eda estadounidense:  Caminos y proceso<\/h1>\t\t\t\t<\/div>\n\t\t\t\t\t<\/div>\n\t\t\t\t<\/div>\n\t\t<div class=\"elementor-element elementor-element-9d8a220 e-flex e-con-boxed e-con e-parent\" data-id=\"9d8a220\" data-element_type=\"container\" data-e-type=\"container\">\n\t\t\t\t\t<div class=\"e-con-inner\">\n\t\t\t\t<div class=\"elementor-element elementor-element-8899cd9 elementor-widget elementor-widget-text-editor\" data-id=\"8899cd9\" data-element_type=\"widget\" data-e-type=\"widget\" data-widget_type=\"text-editor.default\">\n\t\t\t\t\t\t\t\t\t<h2 class=\"ewa-rteLine\">\u00bfCu\u00e1les son los requisitos para obtener la ciudadan\u00eda estadounidense? <\/h2>\n<div class=\"ewa-rteLine\">Para calificar para la ciudadan\u00eda estadounidense mediante naturalizaci\u00f3n, los solicitantes deben cumplir varios criterios clave:<\/div>\n<div class=\"ewa-rteLine\">\u00a0<\/div>\n<ul>\n<li class=\"ewa-rteLine\">tener al menos 18 a\u00f1os;<\/li>\n<li class=\"ewa-rteLine\">ser residente permanente legal (titular de un permiso de residencia o trabajo) durante al menos 5 a\u00f1os (o 3 si est\u00e1 casado con un ciudadano estadounidense);<\/li>\n<li class=\"ewa-rteLine\">demostrar residencia continua y presencia f\u00edsica en EE. UU.;<\/li>\n<li class=\"ewa-rteLine\">demostrar buen car\u00e1cter moral durante todo el per\u00edodo de naturalizaci\u00f3n;<\/li>\n<li class=\"ewa-rteLine\">saber leer, escribir y hablar ingl\u00e9s b\u00e1sico, a menos que est\u00e9 exento;<\/li>\n<li class=\"ewa-rteLine\">aprobar el examen de educaci\u00f3n c\u00edvica de EE. UU. sobre historia y gobierno estadounidense.<\/li>\n<\/ul>\n<div class=\"ewa-rteLine\">Para obtener m\u00e1s detalles sobre qui\u00e9n califica, visite nuestra p\u00e1gina de <a href=\"https:\/\/www.translationscertified.com\/es?page_id=5059\">Elegibilidad para ciudadan\u00eda<\/a>.<\/div>\n<div class=\"ewa-rteLine\">\u00a0<\/div>\n<h2 class=\"ewa-rteLine\">\u00bfC\u00f3mo se solicita la ciudadan\u00eda estadounidense? <\/h2>\n<ul>\n<li class=\"ewa-rteLine\">Presentaci\u00f3n de formulario N-400: solicitud de naturalizaci\u00f3n, en l\u00ednea o por correo postal.<\/li>\n<li class=\"ewa-rteLine\">Cita de biometr\u00eda: USCIS programa una cita de biometr\u00eda para recoger sus huellas dactilares, fotograf\u00edas y firmas para verificaci\u00f3n de antecedentes.<\/li>\n<li class=\"ewa-rteLine\">Entrevista de naturalizaci\u00f3n: se someter\u00e1 a una entrevista en la que el oficial de USCIS evaluar\u00e1 su solicitud y administrar\u00e1 los ex\u00e1menes de ingl\u00e9s y educaci\u00f3n c\u00edvica (si es necesario).<\/li>\n<\/ul>\n<div class=\"ewa-rteLine\">Para obtener un desglose completo de cada paso, visite nuestra p\u00e1gina informativa sobre el <a href=\"https:\/\/www.translationscertified.com\/es?page_id=5060\">Proceso de naturalizaci\u00f3n<\/a>.<\/div>\n<div class=\"ewa-rteLine\">\u00a0<\/div>\n<h2 class=\"ewa-rteLine\">\u00bfQu\u00e9 exenciones o adaptaciones est\u00e1n disponibles?<\/h2>\n<div class=\"ewa-rteLine\">Algunos solicitantes pueden estar exentos de algunos requisitos de naturalizaci\u00f3n:<\/div>\n<div class=\"ewa-rteLine\">\u00a0<\/div>\n<ul>\n<li class=\"ewa-rteLine\">Exenci\u00f3n de idioma ingl\u00e9s: si tiene m\u00e1s de 50 a\u00f1os y ha vivido en EE. UU. como residente permanente durante 20 a\u00f1os, o si tiene m\u00e1s de 55 y ha sido residente durante 15, puede estar exento del examen de ingl\u00e9s.<\/li>\n<li class=\"ewa-rteLine\">Exenci\u00f3n de prueba de educaci\u00f3n c\u00edvica: los solicitantes con discapacidades f\u00edsicas o de desarrollo calificadas pueden obtener una exenci\u00f3n del examen de educaci\u00f3n c\u00edvica con la documentaci\u00f3n m\u00e9dica adecuada.<\/li>\n<\/ul>\n<h2 class=\"ewa-rteLine\">\u00bfQu\u00e9 es la Ceremonia de Juramento de Naturalizaci\u00f3n?<\/h2>\n<div class=\"ewa-rteLine\">Si se aprueba su solicitud, asistir\u00e1 a una ceremonia de juramento de lealtad en la que renunciar\u00e1 en forma oficial a su lealtad a cualquier otro pa\u00eds y la prometer\u00e1 a EE. UU. Luego, recibir\u00e1 su Certificado de Naturalizaci\u00f3n, que marca su ciudadan\u00eda estadounidense formal.<\/div>\n<div class=\"ewa-rteLine\">\u00a0<\/div>\n<h2 class=\"ewa-rteLine\">\u00bfQu\u00e9 documentos se necesitan para la solicitud?<\/h2>\n<div class=\"ewa-rteLine\">Los solicitantes deben proporcionar varios documentos de respaldo, tales como:<\/div>\n<div class=\"ewa-rteLine\">\u00a0<\/div>\n<ul>\n<li class=\"ewa-rteLine\">permiso de residencia o trabajo (copia, anverso y reverso);<\/li>\n<li class=\"ewa-rteLine\">comprobante de residencia continua y presencia f\u00edsica;<\/li>\n<li class=\"ewa-rteLine\">traducciones certificadas de cualquier documento en idioma extranjero, como certificados de nacimiento o matrimonio.<\/li>\n<\/ul>\n<div class=\"ewa-rteLine\">En Translations Certified, proporcionamos traducciones certificadas que cumplen con USCIS de todos los documentos necesarios para garantizar un proceso de solicitud sin problemas.<\/div>\n<div class=\"ewa-rteLine\">\u00a0<\/div>\n<h2 class=\"ewa-rteLine\">\u00bfPuedo solicitar la ciudadan\u00eda si tengo antecedentes penales?<\/h2>\n<div class=\"ewa-rteLine\">Tener antecedentes penales no necesariamente lo descalifica, pero puede afectar su solicitud. USCIS evaluar\u00e1 sus antecedentes penales al evaluar su buen car\u00e1cter moral. Infracciones como delitos graves o fraude pueden resultar en una denegaci\u00f3n. Sea siempre honesto y transparente al presentar el formulario N-400.<\/div>\n<div class=\"ewa-rteLine\">\u00a0<\/div>\n<h2 class=\"ewa-rteLine\">\u00bfCu\u00e1nto tiempo dura el proceso de ciudadan\u00eda estadounidense? <\/h2>\n<div class=\"ewa-rteLine\">En promedio, el proceso de naturalizaci\u00f3n tarda entre 8 y 14 meses, aunque eso var\u00eda seg\u00fan su caso y ubicaci\u00f3n. Despu\u00e9s de presentar el formulario N-400, USCIS le proporcionar\u00e1 actualizaciones sobre su caso, incluidos datos biom\u00e9tricos y citas para entrevistas.<\/div>\n<div class=\"ewa-rteLine\">\u00a0<\/div>\n<h2 class=\"ewa-rteLine\">\u00bfQu\u00e9 sucede si rechazan mi solicitud de ciudadan\u00eda?<\/h2>\n<div class=\"ewa-rteLine\">Si rechaza su solicitud, USCIS le proporcionar\u00e1 una explicaci\u00f3n por escrito. Las razones m\u00e1s comunes incluyen no cumplir con los requisitos de residencia, no aprobar los ex\u00e1menes de educaci\u00f3n c\u00edvica o de ingl\u00e9s o preocupaciones sobre el car\u00e1cter moral. Para apelar la decisi\u00f3n puede presentar el formulario N-336 o volver a presentar la solicitud una vez que haya resuelto el problema.<\/div>\n<div class=\"ewa-rteLine\">\u00a0<\/div>\n<h2 class=\"ewa-rteLine\">\u00bfCu\u00e1les son los beneficios de tener la ciudadan\u00eda estadounidense? <\/h2>\n<div class=\"ewa-rteLine\">Convertirse en ciudadano estadounidense conlleva numerosas ventajas, tales como:<\/div>\n<div class=\"ewa-rteLine\">\u00a0<\/div>\n<ul>\n<li class=\"ewa-rteLine\">derecho a votar en las elecciones federales;<\/li>\n<li class=\"ewa-rteLine\">posibilidad de solicitar un pasaporte estadounidense y viajar libremente;<\/li>\n<li class=\"ewa-rteLine\">derechos de patrocinio para que sus familiares inmigren a EE.UU.;<\/li>\n<li class=\"ewa-rteLine\">protecci\u00f3n contra la deportaci\u00f3n;<\/li>\n<li class=\"ewa-rteLine\">acceso a empleos federales y beneficios reservados para ciudadanos estadounidenses.<\/li>\n<\/ul>\n\t\t\t\t\t\t\t\t<\/div>\n\t\t\t\t<div class=\"elementor-element elementor-element-b1feedc elementor-widget elementor-widget-heading\" data-id=\"b1feedc\" data-element_type=\"widget\" data-e-type=\"widget\" data-widget_type=\"heading.default\">\n\t\t\t\t\t<h2 class=\"elementor-heading-title elementor-size-default\">\u00bfC\u00f3mo puede ayudar Translations Certified?<\/h2>\t\t\t\t<\/div>\n\t\t\t\t<div class=\"elementor-element elementor-element-c8f9d5e elementor-widget elementor-widget-text-editor\" data-id=\"c8f9d5e\" data-element_type=\"widget\" data-e-type=\"widget\" data-widget_type=\"text-editor.default\">\n\t\t\t\t\t\t\t\t\t<p>Las traducciones precisas y certificadas son esenciales para presentar documentos extranjeros en su solicitud de ciudadan\u00eda. En Translations Certified, ofrecemos traducciones certificadas que cumplen con los requisitos de USCIS, y garantizan un proceso de naturalizaci\u00f3n sin problemas y sin demoras por errores en los documentos.<\/p>\n\t\t\t\t\t\t\t\t<\/div>\n\t\t\t\t\t<\/div>\n\t\t\t\t<\/div>\n\t\t<div class=\"elementor-element elementor-element-79b12c51 e-flex e-con-boxed e-con e-parent\" data-id=\"79b12c51\" data-element_type=\"container\" data-e-type=\"container\">\n\t\t\t\t\t<div class=\"e-con-inner\">\n\t\t<div class=\"elementor-element elementor-element-403bb85e e-flex e-con-boxed e-con e-child\" data-id=\"403bb85e\" data-element_type=\"container\" data-e-type=\"container\" data-settings=\"{&quot;background_background&quot;:&quot;classic&quot;}\">\n\t\t\t\t\t<div class=\"e-con-inner\">\n\t\t\t\t<div class=\"elementor-element elementor-element-3097922e elementor-widget elementor-widget-text-editor\" data-id=\"3097922e\" data-element_type=\"widget\" data-e-type=\"widget\" data-widget_type=\"text-editor.default\">\n\t\t\t\t\t\t\t\t\t<p><i>La informaci\u00f3n proporcionada aqu\u00ed es solo para fines informativos generales y no pretende ser asesoramiento legal. Si bien nos esforzamos por garantizar que la informaci\u00f3n sea precisa y actual, no sustituye el asesoramiento legal profesional. Consulte a un abogado calificado para obtener asesoramiento sobre su situaci\u00f3n espec\u00edfica o si tiene preguntas legales.<\/i><\/p>\n\t\t\t\t\t\t\t\t<\/div>\n\t\t\t\t\t<\/div>\n\t\t\t\t<\/div>\n\t\t\t\t\t<\/div>\n\t\t\t\t<\/div>\n\t\t<div class=\"elementor-element elementor-element-d44a8de e-flex e-con-boxed e-con e-parent\" data-id=\"d44a8de\" data-element_type=\"container\" data-e-type=\"container\">\n\t\t\t\t\t<div class=\"e-con-inner\">\n\t\t\t\t<div class=\"elementor-element elementor-element-6cd9129 elementor-widget elementor-widget-heading\" data-id=\"6cd9129\" data-element_type=\"widget\" data-e-type=\"widget\" data-widget_type=\"heading.default\">\n\t\t\t\t\t<h2 class=\"elementor-heading-title elementor-size-default\">Explore nuestras p\u00e1ginas informativas sobre ciudadan\u00eda estadounidense <\/h2>\t\t\t\t<\/div>\n\t\t<div class=\"elementor-element elementor-element-72c3f2c e-flex e-con-boxed e-con e-child\" data-id=\"72c3f2c\" data-element_type=\"container\" data-e-type=\"container\">\n\t\t\t\t\t<div class=\"e-con-inner\">\n\t\t<div class=\"elementor-element elementor-element-7cad555 e-flex e-con-boxed e-con e-child\" data-id=\"7cad555\" data-element_type=\"container\" data-e-type=\"container\" data-settings=\"{&quot;background_background&quot;:&quot;classic&quot;}\">\n\t\t\t\t\t<div class=\"e-con-inner\">\n\t\t\t\t<div class=\"elementor-element elementor-element-61a30ad elementor-widget elementor-widget-heading\" data-id=\"61a30ad\" data-element_type=\"widget\" data-e-type=\"widget\" data-widget_type=\"heading.default\">\n\t\t\t\t\t<h2 class=\"elementor-heading-title elementor-size-default\">Elegibilidad para la ciudadan\u00eda<\/h2>\t\t\t\t<\/div>\n\t\t\t\t<div class=\"elementor-element elementor-element-28613e6 elementor-align-center elementor-widget__width-auto elementor-widget elementor-widget-button\" data-id=\"28613e6\" data-element_type=\"widget\" data-e-type=\"widget\" data-widget_type=\"button.default\">\n\t\t\t\t\t\t\t\t\t\t<a class=\"elementor-button elementor-button-link elementor-size-sm\" href=\"https:\/\/www.translationscertified.com\/es\/recursos-de-documentos\/ciudadania-estadounidense\/elegibilidad-para-la-ciudadania-estadounidense\">\n\t\t\t\t\t\t<span class=\"elementor-button-content-wrapper\">\n\t\t\t\t\t\t\t\t\t<span class=\"elementor-button-text\">Vea la p\u00e1gina<\/span>\n\t\t\t\t\t<\/span>\n\t\t\t\t\t<\/a>\n\t\t\t\t\t\t\t\t<\/div>\n\t\t\t\t\t<\/div>\n\t\t\t\t<\/div>\n\t\t<div class=\"elementor-element elementor-element-c368e51 e-flex e-con-boxed e-con e-child\" data-id=\"c368e51\" data-element_type=\"container\" data-e-type=\"container\" data-settings=\"{&quot;background_background&quot;:&quot;classic&quot;}\">\n\t\t\t\t\t<div class=\"e-con-inner\">\n\t\t\t\t<div class=\"elementor-element elementor-element-b31b5ab elementor-widget elementor-widget-heading\" data-id=\"b31b5ab\" data-element_type=\"widget\" data-e-type=\"widget\" data-widget_type=\"heading.default\">\n\t\t\t\t\t<h2 class=\"elementor-heading-title elementor-size-default\">Proceso de naturalizaci\u00f3n<\/h2>\t\t\t\t<\/div>\n\t\t\t\t<div class=\"elementor-element elementor-element-95bb01c elementor-align-center elementor-widget__width-auto elementor-widget elementor-widget-button\" data-id=\"95bb01c\" data-element_type=\"widget\" data-e-type=\"widget\" data-widget_type=\"button.default\">\n\t\t\t\t\t\t\t\t\t\t<a class=\"elementor-button elementor-button-link elementor-size-sm\" href=\"https:\/\/www.translationscertified.com\/es\/recursos-de-documentos\/ciudadania-estadounidense\/proceso-de-naturalizacion\">\n\t\t\t\t\t\t<span class=\"elementor-button-content-wrapper\">\n\t\t\t\t\t\t\t\t\t<span class=\"elementor-button-text\">Vea la p\u00e1gina<\/span>\n\t\t\t\t\t<\/span>\n\t\t\t\t\t<\/a>\n\t\t\t\t\t\t\t\t<\/div>\n\t\t\t\t\t<\/div>\n\t\t\t\t<\/div>\n\t\t\t\t\t<\/div>\n\t\t\t\t<\/div>\n\t\t\t\t\t<\/div>\n\t\t\t\t<\/div>\n\t\t\t\t<\/div>\n\t\t","protected":false},"excerpt":{"rendered":"<p>Ciudadan\u00eda estadounidense: Caminos y proceso \u00bfCu\u00e1les son los requisitos para obtener la ciudadan\u00eda estadounidense? Para calificar para la ciudadan\u00eda estadounidense mediante naturalizaci\u00f3n, los solicitantes deben cumplir varios criterios clave: \u00a0 &#8230; <a title=\"Ciudadan\u00eda estadounidense\" class=\"read-more\" href=\"https:\/\/www.translationscertified.com\/es\/recursos-de-documentos\/ciudadania-estadounidense\" aria-label=\"Read more about Ciudadan\u00eda estadounidense\">Read more<\/a><\/p>\n","protected":false},"author":4,"featured_media":0,"parent":5045,"menu_order":0,"comment_status":"closed","ping_status":"closed","template":"","meta":{"_acf_changed":false,"content-type":"","footnotes":""},"class_list":["post-5058","page","type-page","status-publish"],"acf":[],"yoast_head":"<!-- This site is optimized with the Yoast SEO plugin v27.1.1 - https:\/\/yoast.com\/product\/yoast-seo-wordpress\/ -->\n<title>Proceso de ciudadan\u00eda estadounidense | Translations Certified<\/title>\n<meta name=\"description\" content=\"Recursos esenciales de ciudadan\u00eda estadounidense, incluidos formulario N-400, elegibilidad y consejos para una solicitud exitosa.\" \/>\n<meta name=\"robots\" content=\"index, follow, max-snippet:-1, max-image-preview:large, max-video-preview:-1\" \/>\n<link rel=\"canonical\" href=\"https:\/\/www.translationscertified.com\/es\/recursos-de-documentos\/ciudadania-estadounidense\" \/>\n<meta property=\"og:locale\" content=\"es_ES\" \/>\n<meta property=\"og:type\" content=\"article\" \/>\n<meta property=\"og:title\" content=\"Proceso de ciudadan\u00eda estadounidense | Translations Certified\" \/>\n<meta property=\"og:description\" content=\"Recursos esenciales de ciudadan\u00eda estadounidense, incluidos formulario N-400, elegibilidad y consejos para una solicitud exitosa.\" \/>\n<meta property=\"og:url\" content=\"https:\/\/www.translationscertified.com\/es\/recursos-de-documentos\/ciudadania-estadounidense\" \/>\n<meta property=\"og:site_name\" content=\"Translations Certified\" \/>\n<meta property=\"article:modified_time\" content=\"2025-03-07T21:49:15+00:00\" \/>\n<meta property=\"og:image\" content=\"https:\/\/www.translationscertified.com\/wp-content\/uploads\/2024\/06\/cropped-v.2b_03.png\" \/>\n\t<meta property=\"og:image:width\" content=\"512\" \/>\n\t<meta property=\"og:image:height\" content=\"512\" \/>\n\t<meta property=\"og:image:type\" content=\"image\/png\" \/>\n<meta name=\"twitter:card\" content=\"summary_large_image\" \/>\n<meta name=\"twitter:label1\" content=\"Est. reading time\" \/>\n\t<meta name=\"twitter:data1\" content=\"4 minutos\" \/>\n<script type=\"application\/ld+json\" class=\"yoast-schema-graph\">{\"@context\":\"https:\/\/schema.org\",\"@graph\":[{\"@type\":\"WebPage\",\"@id\":\"https:\/\/www.translationscertified.com\/es\/recursos-de-documentos\/ciudadania-estadounidense\",\"url\":\"https:\/\/www.translationscertified.com\/es\/recursos-de-documentos\/ciudadania-estadounidense\",\"name\":\"Proceso de ciudadan\u00eda estadounidense | Translations Certified\",\"isPartOf\":{\"@id\":\"https:\/\/www.translationscertified.com\/es#website\"},\"datePublished\":\"2024-10-15T20:05:15+00:00\",\"dateModified\":\"2025-03-07T21:49:15+00:00\",\"description\":\"Recursos esenciales de ciudadan\u00eda estadounidense, incluidos formulario N-400, elegibilidad y consejos para una solicitud exitosa.\",\"breadcrumb\":{\"@id\":\"https:\/\/www.translationscertified.com\/es\/recursos-de-documentos\/ciudadania-estadounidense#breadcrumb\"},\"inLanguage\":\"es\",\"potentialAction\":[{\"@type\":\"ReadAction\",\"target\":[\"https:\/\/www.translationscertified.com\/es\/recursos-de-documentos\/ciudadania-estadounidense\"]}]},{\"@type\":\"BreadcrumbList\",\"@id\":\"https:\/\/www.translationscertified.com\/es\/recursos-de-documentos\/ciudadania-estadounidense#breadcrumb\",\"itemListElement\":[{\"@type\":\"ListItem\",\"position\":1,\"name\":\"Home\",\"item\":\"https:\/\/www.translationscertified.com\/es\"},{\"@type\":\"ListItem\",\"position\":2,\"name\":\"Recursos de documentos\",\"item\":\"https:\/\/www.translationscertified.com\/es\/document-resources\"},{\"@type\":\"ListItem\",\"position\":3,\"name\":\"Ciudadan\u00eda estadounidense\"}]},{\"@type\":\"WebSite\",\"@id\":\"https:\/\/www.translationscertified.com\/es#website\",\"url\":\"https:\/\/www.translationscertified.com\/es\",\"name\":\"Translations Certified\",\"description\":\"Translations Certified Translation Services\",\"publisher\":{\"@id\":\"https:\/\/www.translationscertified.com\/es#organization\"},\"potentialAction\":[{\"@type\":\"SearchAction\",\"target\":{\"@type\":\"EntryPoint\",\"urlTemplate\":\"https:\/\/www.translationscertified.com\/es?s={search_term_string}\"},\"query-input\":{\"@type\":\"PropertyValueSpecification\",\"valueRequired\":true,\"valueName\":\"search_term_string\"}}],\"inLanguage\":\"es\"},{\"@type\":\"Organization\",\"@id\":\"https:\/\/www.translationscertified.com\/es#organization\",\"name\":\"Translations Certified\",\"url\":\"https:\/\/www.translationscertified.com\/es\",\"logo\":{\"@type\":\"ImageObject\",\"inLanguage\":\"es\",\"@id\":\"https:\/\/www.translationscertified.com\/es#\/schema\/logo\/image\/\",\"url\":\"https:\/\/www.translationscertified.com\/wp-content\/uploads\/2025\/10\/cropped-TranslationsCertified-01.webp\",\"contentUrl\":\"https:\/\/www.translationscertified.com\/wp-content\/uploads\/2025\/10\/cropped-TranslationsCertified-01.webp\",\"width\":288,\"height\":86,\"caption\":\"Translations Certified\"},\"image\":{\"@id\":\"https:\/\/www.translationscertified.com\/es#\/schema\/logo\/image\/\"}}]}<\/script>\n<!-- \/ Yoast SEO plugin. -->","yoast_head_json":{"title":"Proceso de ciudadan\u00eda estadounidense | Translations Certified","description":"Recursos esenciales de ciudadan\u00eda estadounidense, incluidos formulario N-400, elegibilidad y consejos para una solicitud exitosa.","robots":{"index":"index","follow":"follow","max-snippet":"max-snippet:-1","max-image-preview":"max-image-preview:large","max-video-preview":"max-video-preview:-1"},"canonical":"https:\/\/www.translationscertified.com\/es\/recursos-de-documentos\/ciudadania-estadounidense","og_locale":"es_ES","og_type":"article","og_title":"Proceso de ciudadan\u00eda estadounidense | Translations Certified","og_description":"Recursos esenciales de ciudadan\u00eda estadounidense, incluidos formulario N-400, elegibilidad y consejos para una solicitud exitosa.","og_url":"https:\/\/www.translationscertified.com\/es\/recursos-de-documentos\/ciudadania-estadounidense","og_site_name":"Translations Certified","article_modified_time":"2025-03-07T21:49:15+00:00","og_image":[{"width":512,"height":512,"url":"https:\/\/www.translationscertified.com\/wp-content\/uploads\/2024\/06\/cropped-v.2b_03.png","type":"image\/png"}],"twitter_card":"summary_large_image","twitter_misc":{"Est. reading time":"4 minutos"},"schema":{"@context":"https:\/\/schema.org","@graph":[{"@type":"WebPage","@id":"https:\/\/www.translationscertified.com\/es\/recursos-de-documentos\/ciudadania-estadounidense","url":"https:\/\/www.translationscertified.com\/es\/recursos-de-documentos\/ciudadania-estadounidense","name":"Proceso de ciudadan\u00eda estadounidense | Translations Certified","isPartOf":{"@id":"https:\/\/www.translationscertified.com\/es#website"},"datePublished":"2024-10-15T20:05:15+00:00","dateModified":"2025-03-07T21:49:15+00:00","description":"Recursos esenciales de ciudadan\u00eda estadounidense, incluidos formulario N-400, elegibilidad y consejos para una solicitud exitosa.","breadcrumb":{"@id":"https:\/\/www.translationscertified.com\/es\/recursos-de-documentos\/ciudadania-estadounidense#breadcrumb"},"inLanguage":"es","potentialAction":[{"@type":"ReadAction","target":["https:\/\/www.translationscertified.com\/es\/recursos-de-documentos\/ciudadania-estadounidense"]}]},{"@type":"BreadcrumbList","@id":"https:\/\/www.translationscertified.com\/es\/recursos-de-documentos\/ciudadania-estadounidense#breadcrumb","itemListElement":[{"@type":"ListItem","position":1,"name":"Home","item":"https:\/\/www.translationscertified.com\/es"},{"@type":"ListItem","position":2,"name":"Recursos de documentos","item":"https:\/\/www.translationscertified.com\/es\/document-resources"},{"@type":"ListItem","position":3,"name":"Ciudadan\u00eda estadounidense"}]},{"@type":"WebSite","@id":"https:\/\/www.translationscertified.com\/es#website","url":"https:\/\/www.translationscertified.com\/es","name":"Translations Certified","description":"Translations Certified Translation Services","publisher":{"@id":"https:\/\/www.translationscertified.com\/es#organization"},"potentialAction":[{"@type":"SearchAction","target":{"@type":"EntryPoint","urlTemplate":"https:\/\/www.translationscertified.com\/es?s={search_term_string}"},"query-input":{"@type":"PropertyValueSpecification","valueRequired":true,"valueName":"search_term_string"}}],"inLanguage":"es"},{"@type":"Organization","@id":"https:\/\/www.translationscertified.com\/es#organization","name":"Translations Certified","url":"https:\/\/www.translationscertified.com\/es","logo":{"@type":"ImageObject","inLanguage":"es","@id":"https:\/\/www.translationscertified.com\/es#\/schema\/logo\/image\/","url":"https:\/\/www.translationscertified.com\/wp-content\/uploads\/2025\/10\/cropped-TranslationsCertified-01.webp","contentUrl":"https:\/\/www.translationscertified.com\/wp-content\/uploads\/2025\/10\/cropped-TranslationsCertified-01.webp","width":288,"height":86,"caption":"Translations Certified"},"image":{"@id":"https:\/\/www.translationscertified.com\/es#\/schema\/logo\/image\/"}}]}},"_links":{"self":[{"href":"https:\/\/www.translationscertified.com\/es\/wp-json\/wp\/v2\/pages\/5058","targetHints":{"allow":["GET"]}}],"collection":[{"href":"https:\/\/www.translationscertified.com\/es\/wp-json\/wp\/v2\/pages"}],"about":[{"href":"https:\/\/www.translationscertified.com\/es\/wp-json\/wp\/v2\/types\/page"}],"author":[{"embeddable":true,"href":"https:\/\/www.translationscertified.com\/es\/wp-json\/wp\/v2\/users\/4"}],"replies":[{"embeddable":true,"href":"https:\/\/www.translationscertified.com\/es\/wp-json\/wp\/v2\/comments?post=5058"}],"version-history":[{"count":0,"href":"https:\/\/www.translationscertified.com\/es\/wp-json\/wp\/v2\/pages\/5058\/revisions"}],"up":[{"embeddable":true,"href":"https:\/\/www.translationscertified.com\/es\/wp-json\/wp\/v2\/pages\/5045"}],"wp:attachment":[{"href":"https:\/\/www.translationscertified.com\/es\/wp-json\/wp\/v2\/media?parent=5058"}],"curies":[{"name":"wp","href":"https:\/\/api.w.org\/{rel}","templated":true}]}}