{"id":5059,"date":"2024-10-15T20:21:09","date_gmt":"2024-10-15T20:21:09","guid":{"rendered":"https:\/\/www.translationscertified.com\/?page_id=5059"},"modified":"2025-03-07T21:49:14","modified_gmt":"2025-03-07T21:49:14","slug":"elegibilidad-para-la-ciudadania-estadounidense","status":"publish","type":"page","link":"https:\/\/www.translationscertified.com\/es\/recursos-de-documentos\/ciudadania-estadounidense\/elegibilidad-para-la-ciudadania-estadounidense","title":{"rendered":"Elegibilidad para la ciudadan\u00eda estadounidense"},"content":{"rendered":"\t\t<div data-elementor-type=\"wp-page\" data-elementor-id=\"5059\" class=\"elementor elementor-5059 elementor-2102\">\n\t\t\t\t<div class=\"elementor-element elementor-element-f8ecddc elementor-hidden-mobile e-flex e-con-boxed e-con e-parent\" data-id=\"f8ecddc\" data-element_type=\"container\" data-e-type=\"container\" data-settings=\"{&quot;background_background&quot;:&quot;classic&quot;}\">\n\t\t\t\t\t<div class=\"e-con-inner\">\n\t\t\t\t\t<\/div>\n\t\t\t\t<\/div>\n\t\t<div class=\"elementor-element elementor-element-82b2b83 e-flex e-con-boxed e-con e-parent\" data-id=\"82b2b83\" data-element_type=\"container\" data-e-type=\"container\">\n\t\t\t\t\t<div class=\"e-con-inner\">\n\t\t\t\t<div class=\"elementor-element elementor-element-30a6e82 elementor-widget elementor-widget-shortcode\" data-id=\"30a6e82\" data-element_type=\"widget\" data-e-type=\"widget\" data-widget_type=\"shortcode.default\">\n\t\t\t\t\t\t\t<div class=\"elementor-shortcode\"><span><span><a href=\"https:\/\/www.translationscertified.com\/es\/inicio\">Home<\/a><\/span><\/span><\/div>\n\t\t\t\t\t\t<\/div>\n\t\t\t\t\t<\/div>\n\t\t\t\t<\/div>\n\t\t<div class=\"elementor-element elementor-element-14dabb4 e-flex e-con-boxed e-con e-parent\" data-id=\"14dabb4\" data-element_type=\"container\" data-e-type=\"container\">\n\t\t\t\t\t<div class=\"e-con-inner\">\n\t\t\t\t<div class=\"elementor-element elementor-element-e30ca7f elementor-widget elementor-widget-heading\" data-id=\"e30ca7f\" data-element_type=\"widget\" data-e-type=\"widget\" data-widget_type=\"heading.default\">\n\t\t\t\t\t<h1 class=\"elementor-heading-title elementor-size-default\">Elegibilidad para la ciudadan\u00eda estadounidense:  \u00bfEsta usted calificado?<\/h1>\t\t\t\t<\/div>\n\t\t\t\t\t<\/div>\n\t\t\t\t<\/div>\n\t\t<div class=\"elementor-element elementor-element-ef98735 e-flex e-con-boxed e-con e-parent\" data-id=\"ef98735\" data-element_type=\"container\" data-e-type=\"container\">\n\t\t\t\t\t<div class=\"e-con-inner\">\n\t\t\t\t<div class=\"elementor-element elementor-element-f8255ea elementor-widget elementor-widget-text-editor\" data-id=\"f8255ea\" data-element_type=\"widget\" data-e-type=\"widget\" data-widget_type=\"text-editor.default\">\n\t\t\t\t\t\t\t\t\t<h2>Requisitos generales para la naturalizaci\u00f3n<\/h2>\n<div class=\"ewa-rteLine\">Para solicitar la ciudadan\u00eda estadounidense, deben cumplirse criterios espec\u00edficos:<\/div>\n<div class=\"ewa-rteLine\">\u00a0<\/div>\n<ul>\n<li class=\"ewa-rteLine\"><strong>Edad<\/strong> : debe tener al menos 18 a\u00f1os.<\/li>\n<li class=\"ewa-rteLine\"><strong>Condici\u00f3n de residente permanente legal<\/strong>: debe tener un permiso de residencia o trabajo por al menos 5 a\u00f1os, o 3 si est\u00e1 casado con un ciudadano estadounidense.<\/li>\n<li class=\"ewa-rteLine\"><strong>Residencia continua<\/strong>: debe vivir en EE. UU. durante 5 a\u00f1os continuos (o 3 si es elegible) sin ausencias prolongadas.<\/li>\n<li class=\"ewa-rteLine\"><strong>Presencia f\u00edsica<\/strong>: los solicitantes deben estar f\u00edsicamente presentes en EE. UU. durante al menos 30 meses de los \u00faltimos 5 a\u00f1os.<\/li>\n<li class=\"ewa-rteLine\"><strong>Buen car\u00e1cter moral<\/strong>: demostrar car\u00e1cter moral es vital. USCIS puede evaluar antecedentes penales, impuestos y otras conductas legales durante el per\u00edodo de solicitud.<\/li>\n<li class=\"ewa-rteLine\"><strong>Pruebas de idioma y educaci\u00f3n c\u00edvica<\/strong>: Los solicitantes deben demostrar competencia en ingl\u00e9s b\u00e1sico y aprobar el examen de educaci\u00f3n c\u00edvica de EE. UU., a menos que sean elegibles para exenciones por edad, discapacidad u otras razones.<\/li>\n<li class=\"ewa-rteLine\"><strong>Excepciones y casos especiales<\/strong>:\n<ul>\n<li class=\"ewa-rteLine\">C\u00f3nyuges de ciudadanos estadounidenses:  como c\u00f3nyuge de un ciudadano estadounidense, puede presentar una solicitud despu\u00e9s de 3 a\u00f1os de tener un permiso de residencia o trabajo.<\/li>\n<li class=\"ewa-rteLine\">Servicio militar: los miembros militares de EE. UU. podr\u00edan calificar para una ciudadan\u00eda acelerada.<\/li>\n<li class=\"ewa-rteLine\">Razones humanitarias: se podr\u00e1n hacer excepciones especiales para refugiados o personas a quienes se les conceda asilo.<\/li>\n<\/ul>\n<\/li>\n<\/ul>\n<div class=\"ewa-rteLine\">Para obtener m\u00e1s detalles sobre el proceso de naturalizaci\u00f3n, visite nuestra p\u00e1gina informativa sobre el<a href=\"https:\/\/www.translationscertified.com\/es?page_id=5060\">Proceso de naturalizaci\u00f3n<\/a>.<\/div>\n<div class=\"ewa-rteLine\">\u00a0<\/div>\n<h2 class=\"ewa-rteLine\">Residencia continua vs. presencia f\u00edsica:  \u00bfCu\u00e1l es la diferencia?<\/h2>\n<div class=\"ewa-rteLine\">Es esencial entender que residencia continua se refiere a residir en una vivienda principal en EE. UU., mientras que presencia f\u00edsica significa estar realmente dentro del pa\u00eds. Los viajes prolongados al extranjero pueden alterar su requisito de residencia continua.<\/div>\n<div class=\"ewa-rteLine\">\u00a0<\/div>\n<h2 class=\"ewa-rteLine\">\u00bfQu\u00e9 podr\u00eda hacer que no sea elegible?<\/h2>\n<div class=\"ewa-rteLine\">Se le puede considerar no elegible para la ciudadan\u00eda debido a:<\/div>\n<div class=\"ewa-rteLine\">\u00a0<\/div>\n<ul>\n<li class=\"ewa-rteLine\">delitos penales graves o violaciones de inmigraci\u00f3n;<\/li>\n<li class=\"ewa-rteLine\">incumplimiento de los requisitos de residencia continua o presencia f\u00edsica;<\/li>\n<li class=\"ewa-rteLine\">evasi\u00f3n fiscal u otras cuestiones legales.<\/li>\n<\/ul>\n\t\t\t\t\t\t\t\t<\/div>\n\t\t\t\t<div class=\"elementor-element elementor-element-ed5be6a elementor-widget elementor-widget-heading\" data-id=\"ed5be6a\" data-element_type=\"widget\" data-e-type=\"widget\" data-widget_type=\"heading.default\">\n\t\t\t\t\t<h2 class=\"elementor-heading-title elementor-size-default\">\u00bfC\u00f3mo puede Translations Certified ayudarlo con su elegibilidad para la ciudadan\u00eda?<\/h2>\t\t\t\t<\/div>\n\t\t\t\t<div class=\"elementor-element elementor-element-0a59f03 elementor-widget elementor-widget-text-editor\" data-id=\"0a59f03\" data-element_type=\"widget\" data-e-type=\"widget\" data-widget_type=\"text-editor.default\">\n\t\t\t\t\t\t\t\t\t<p>Asegurarnos de que todos sus documentos, como <a href=\"https:\/\/www.translationscertified.com\/es?page_id=4862\">certificados de nacimiento<\/a> y de <a href=\"https:\/\/www.translationscertified.com\/es?page_id=4875\">matrimonio<\/a>, se traduzcan en forma correcta y cumplan con los requisitos de USCIS es fundamental para una solicitud exitosa. Translations Certified proporciona traducciones certificadas para todos sus documentos, y garantiza que cumplan con los est\u00e1ndares requeridos.<\/p>\n\t\t\t\t\t\t\t\t<\/div>\n\t\t\t\t\t<\/div>\n\t\t\t\t<\/div>\n\t\t<div class=\"elementor-element elementor-element-bed2cdd e-flex e-con-boxed e-con e-parent\" data-id=\"bed2cdd\" data-element_type=\"container\" data-e-type=\"container\">\n\t\t\t\t\t<div class=\"e-con-inner\">\n\t\t<div class=\"elementor-element elementor-element-5119af2 e-flex e-con-boxed e-con e-child\" data-id=\"5119af2\" data-element_type=\"container\" data-e-type=\"container\" data-settings=\"{&quot;background_background&quot;:&quot;classic&quot;}\">\n\t\t\t\t\t<div class=\"e-con-inner\">\n\t\t\t\t<div class=\"elementor-element elementor-element-b61292b elementor-widget elementor-widget-text-editor\" data-id=\"b61292b\" data-element_type=\"widget\" data-e-type=\"widget\" data-widget_type=\"text-editor.default\">\n\t\t\t\t\t\t\t\t\t<p><i>La informaci\u00f3n proporcionada aqu\u00ed es solo para fines informativos generales y no pretende ser asesoramiento legal. Si bien nos esforzamos por garantizar que la informaci\u00f3n sea precisa y actual, no sustituye el asesoramiento legal profesional. Consulte a un abogado calificado para obtener asesoramiento sobre su situaci\u00f3n espec\u00edfica o si tiene preguntas legales.<\/i><\/p>\n\t\t\t\t\t\t\t\t<\/div>\n\t\t\t\t\t<\/div>\n\t\t\t\t<\/div>\n\t\t\t\t\t<\/div>\n\t\t\t\t<\/div>\n\t\t<div class=\"elementor-element elementor-element-33898fd e-flex e-con-boxed e-con e-parent\" data-id=\"33898fd\" data-element_type=\"container\" data-e-type=\"container\">\n\t\t\t\t\t<div class=\"e-con-inner\">\n\t\t\t\t<div class=\"elementor-element elementor-element-1779ee4 elementor-widget elementor-widget-heading\" data-id=\"1779ee4\" data-element_type=\"widget\" data-e-type=\"widget\" data-widget_type=\"heading.default\">\n\t\t\t\t\t<h2 class=\"elementor-heading-title elementor-size-default\">Explore nuestras p\u00e1ginas informativas sobre ciudadan\u00eda estadounidense <\/h2>\t\t\t\t<\/div>\n\t\t<div class=\"elementor-element elementor-element-00655e4 e-flex e-con-boxed e-con e-child\" data-id=\"00655e4\" data-element_type=\"container\" data-e-type=\"container\">\n\t\t\t\t\t<div class=\"e-con-inner\">\n\t\t<div class=\"elementor-element elementor-element-10bf0a0 e-flex e-con-boxed e-con e-child\" data-id=\"10bf0a0\" data-element_type=\"container\" data-e-type=\"container\" data-settings=\"{&quot;background_background&quot;:&quot;classic&quot;}\">\n\t\t\t\t\t<div class=\"e-con-inner\">\n\t\t\t\t<div class=\"elementor-element elementor-element-5e0eaa9 elementor-widget elementor-widget-heading\" data-id=\"5e0eaa9\" data-element_type=\"widget\" data-e-type=\"widget\" data-widget_type=\"heading.default\">\n\t\t\t\t\t<h2 class=\"elementor-heading-title elementor-size-default\">Elegibilidad para la ciudadan\u00eda<\/h2>\t\t\t\t<\/div>\n\t\t\t\t<div class=\"elementor-element elementor-element-2426a2d elementor-align-center elementor-widget__width-auto elementor-widget elementor-widget-button\" data-id=\"2426a2d\" data-element_type=\"widget\" data-e-type=\"widget\" data-widget_type=\"button.default\">\n\t\t\t\t\t\t\t\t\t\t<a class=\"elementor-button elementor-button-link elementor-size-sm\" href=\"https:\/\/www.translationscertified.com\/es\/recursos-de-documentos\/ciudadania-estadounidense\/elegibilidad-para-la-ciudadania-estadounidense\">\n\t\t\t\t\t\t<span class=\"elementor-button-content-wrapper\">\n\t\t\t\t\t\t\t\t\t<span class=\"elementor-button-text\">Vea la p\u00e1gina<\/span>\n\t\t\t\t\t<\/span>\n\t\t\t\t\t<\/a>\n\t\t\t\t\t\t\t\t<\/div>\n\t\t\t\t\t<\/div>\n\t\t\t\t<\/div>\n\t\t<div class=\"elementor-element elementor-element-9206e7d e-flex e-con-boxed e-con e-child\" data-id=\"9206e7d\" data-element_type=\"container\" data-e-type=\"container\" data-settings=\"{&quot;background_background&quot;:&quot;classic&quot;}\">\n\t\t\t\t\t<div class=\"e-con-inner\">\n\t\t\t\t<div class=\"elementor-element elementor-element-2ad6793 elementor-widget elementor-widget-heading\" data-id=\"2ad6793\" data-element_type=\"widget\" data-e-type=\"widget\" data-widget_type=\"heading.default\">\n\t\t\t\t\t<h2 class=\"elementor-heading-title elementor-size-default\">Proceso de naturalizaci\u00f3n<\/h2>\t\t\t\t<\/div>\n\t\t\t\t<div class=\"elementor-element elementor-element-c4a69af elementor-align-center elementor-widget__width-auto elementor-widget elementor-widget-button\" data-id=\"c4a69af\" data-element_type=\"widget\" data-e-type=\"widget\" data-widget_type=\"button.default\">\n\t\t\t\t\t\t\t\t\t\t<a class=\"elementor-button elementor-button-link elementor-size-sm\" href=\"https:\/\/www.translationscertified.com\/es\/recursos-de-documentos\/ciudadania-estadounidense\/proceso-de-naturalizacion\">\n\t\t\t\t\t\t<span class=\"elementor-button-content-wrapper\">\n\t\t\t\t\t\t\t\t\t<span class=\"elementor-button-text\">Vea la p\u00e1gina<\/span>\n\t\t\t\t\t<\/span>\n\t\t\t\t\t<\/a>\n\t\t\t\t\t\t\t\t<\/div>\n\t\t\t\t\t<\/div>\n\t\t\t\t<\/div>\n\t\t\t\t\t<\/div>\n\t\t\t\t<\/div>\n\t\t\t\t\t<\/div>\n\t\t\t\t<\/div>\n\t\t\t\t<\/div>\n\t\t","protected":false},"excerpt":{"rendered":"<p>Elegibilidad para la ciudadan\u00eda estadounidense: \u00bfEsta usted calificado? Requisitos generales para la naturalizaci\u00f3n Para solicitar la ciudadan\u00eda estadounidense, deben cumplirse criterios espec\u00edficos: \u00a0 Edad : debe tener al menos 18 &#8230; <a title=\"Elegibilidad para la ciudadan\u00eda estadounidense\" class=\"read-more\" href=\"https:\/\/www.translationscertified.com\/es\/recursos-de-documentos\/ciudadania-estadounidense\/elegibilidad-para-la-ciudadania-estadounidense\" aria-label=\"Read more about Elegibilidad para la ciudadan\u00eda estadounidense\">Read more<\/a><\/p>\n","protected":false},"author":4,"featured_media":0,"parent":5058,"menu_order":0,"comment_status":"closed","ping_status":"closed","template":"","meta":{"_acf_changed":false,"content-type":"","footnotes":""},"class_list":["post-5059","page","type-page","status-publish"],"acf":[],"yoast_head":"<!-- This site is optimized with the Yoast SEO plugin v27.5 - https:\/\/yoast.com\/product\/yoast-seo-wordpress\/ -->\n<title>Gu\u00eda de elegibilidad para ciudadan\u00eda estadounidense | Translations Certified<\/title>\n<meta name=\"description\" content=\"Explore la elegibilidad para la ciudadan\u00eda estadounidense, incluidos los requisitos de permiso de residencia o trabajo, el idioma y las condiciones para la naturalizaci\u00f3n.\" \/>\n<meta name=\"robots\" content=\"index, follow, max-snippet:-1, max-image-preview:large, max-video-preview:-1\" \/>\n<link rel=\"canonical\" href=\"https:\/\/www.translationscertified.com\/es\/recursos-de-documentos\/ciudadania-estadounidense\/elegibilidad-para-la-ciudadania-estadounidense\" \/>\n<meta property=\"og:locale\" content=\"es_ES\" \/>\n<meta property=\"og:type\" content=\"article\" \/>\n<meta property=\"og:title\" content=\"Gu\u00eda de elegibilidad para ciudadan\u00eda estadounidense | Translations Certified\" \/>\n<meta property=\"og:description\" content=\"Explore la elegibilidad para la ciudadan\u00eda estadounidense, incluidos los requisitos de permiso de residencia o trabajo, el idioma y las condiciones para la naturalizaci\u00f3n.\" \/>\n<meta property=\"og:url\" content=\"https:\/\/www.translationscertified.com\/es\/recursos-de-documentos\/ciudadania-estadounidense\/elegibilidad-para-la-ciudadania-estadounidense\" \/>\n<meta property=\"og:site_name\" content=\"Translations Certified\" \/>\n<meta property=\"article:modified_time\" content=\"2025-03-07T21:49:14+00:00\" \/>\n<meta property=\"og:image\" content=\"https:\/\/www.translationscertified.com\/wp-content\/uploads\/2024\/06\/cropped-v.2b_03.png\" \/>\n\t<meta property=\"og:image:width\" content=\"512\" \/>\n\t<meta property=\"og:image:height\" content=\"512\" \/>\n\t<meta property=\"og:image:type\" content=\"image\/png\" \/>\n<meta name=\"twitter:card\" content=\"summary_large_image\" \/>\n<meta name=\"twitter:label1\" content=\"Tiempo de lectura\" \/>\n\t<meta name=\"twitter:data1\" content=\"3 minutos\" \/>\n<!-- \/ Yoast SEO plugin. -->","yoast_head_json":{"title":"Gu\u00eda de elegibilidad para ciudadan\u00eda estadounidense | Translations Certified","description":"Explore la elegibilidad para la ciudadan\u00eda estadounidense, incluidos los requisitos de permiso de residencia o trabajo, el idioma y las condiciones para la naturalizaci\u00f3n.","robots":{"index":"index","follow":"follow","max-snippet":"max-snippet:-1","max-image-preview":"max-image-preview:large","max-video-preview":"max-video-preview:-1"},"canonical":"https:\/\/www.translationscertified.com\/es\/recursos-de-documentos\/ciudadania-estadounidense\/elegibilidad-para-la-ciudadania-estadounidense","og_locale":"es_ES","og_type":"article","og_title":"Gu\u00eda de elegibilidad para ciudadan\u00eda estadounidense | Translations Certified","og_description":"Explore la elegibilidad para la ciudadan\u00eda estadounidense, incluidos los requisitos de permiso de residencia o trabajo, el idioma y las condiciones para la naturalizaci\u00f3n.","og_url":"https:\/\/www.translationscertified.com\/es\/recursos-de-documentos\/ciudadania-estadounidense\/elegibilidad-para-la-ciudadania-estadounidense","og_site_name":"Translations Certified","article_modified_time":"2025-03-07T21:49:14+00:00","og_image":[{"width":512,"height":512,"url":"https:\/\/www.translationscertified.com\/wp-content\/uploads\/2024\/06\/cropped-v.2b_03.png","type":"image\/png"}],"twitter_card":"summary_large_image","twitter_misc":{"Tiempo de lectura":"3 minutos"},"schema":{"@context":"https:\/\/schema.org","@graph":[{"@type":"WebPage","@id":"https:\/\/www.translationscertified.com\/es\/recursos-de-documentos\/ciudadania-estadounidense\/elegibilidad-para-la-ciudadania-estadounidense","url":"https:\/\/www.translationscertified.com\/es\/recursos-de-documentos\/ciudadania-estadounidense\/elegibilidad-para-la-ciudadania-estadounidense","name":"Gu\u00eda de elegibilidad para ciudadan\u00eda estadounidense | Translations Certified","isPartOf":{"@id":"https:\/\/www.translationscertified.com\/es#website"},"datePublished":"2024-10-15T20:21:09+00:00","dateModified":"2025-03-07T21:49:14+00:00","description":"Explore la elegibilidad para la ciudadan\u00eda estadounidense, incluidos los requisitos de permiso de residencia o trabajo, el idioma y las condiciones para la naturalizaci\u00f3n.","breadcrumb":{"@id":"https:\/\/www.translationscertified.com\/es\/recursos-de-documentos\/ciudadania-estadounidense\/elegibilidad-para-la-ciudadania-estadounidense#breadcrumb"},"inLanguage":"es","potentialAction":[{"@type":"ReadAction","target":["https:\/\/www.translationscertified.com\/es\/recursos-de-documentos\/ciudadania-estadounidense\/elegibilidad-para-la-ciudadania-estadounidense"]}]},{"@type":"BreadcrumbList","@id":"https:\/\/www.translationscertified.com\/es\/recursos-de-documentos\/ciudadania-estadounidense\/elegibilidad-para-la-ciudadania-estadounidense#breadcrumb","itemListElement":[{"@type":"ListItem","position":1,"name":"Home","item":"https:\/\/www.translationscertified.com\/es\/inicio"},{"@type":"ListItem","position":2,"name":"Recursos de documentos","item":"https:\/\/www.translationscertified.com\/es\/document-resources"},{"@type":"ListItem","position":3,"name":"Ciudadan\u00eda estadounidense","item":"https:\/\/www.translationscertified.com\/es\/document-resources\/citizenship"},{"@type":"ListItem","position":4,"name":"Elegibilidad para la ciudadan\u00eda estadounidense"}]},{"@type":"WebSite","@id":"https:\/\/www.translationscertified.com\/es#website","url":"https:\/\/www.translationscertified.com\/es","name":"Translations Certified","description":"Translations Certified Translation Services","publisher":{"@id":"https:\/\/www.translationscertified.com\/es#organization"},"potentialAction":[{"@type":"SearchAction","target":{"@type":"EntryPoint","urlTemplate":"https:\/\/www.translationscertified.com\/es?s={search_term_string}"},"query-input":{"@type":"PropertyValueSpecification","valueRequired":true,"valueName":"search_term_string"}}],"inLanguage":"es"},{"@type":"Organization","@id":"https:\/\/www.translationscertified.com\/es#organization","name":"Translations Certified","url":"https:\/\/www.translationscertified.com\/es","logo":{"@type":"ImageObject","inLanguage":"es","@id":"https:\/\/www.translationscertified.com\/es#\/schema\/logo\/image\/","url":"https:\/\/www.translationscertified.com\/wp-content\/uploads\/2025\/10\/cropped-TranslationsCertified-01.webp","contentUrl":"https:\/\/www.translationscertified.com\/wp-content\/uploads\/2025\/10\/cropped-TranslationsCertified-01.webp","width":288,"height":86,"caption":"Translations Certified"},"image":{"@id":"https:\/\/www.translationscertified.com\/es#\/schema\/logo\/image\/"}}]}},"_links":{"self":[{"href":"https:\/\/www.translationscertified.com\/es\/wp-json\/wp\/v2\/pages\/5059","targetHints":{"allow":["GET"]}}],"collection":[{"href":"https:\/\/www.translationscertified.com\/es\/wp-json\/wp\/v2\/pages"}],"about":[{"href":"https:\/\/www.translationscertified.com\/es\/wp-json\/wp\/v2\/types\/page"}],"author":[{"embeddable":true,"href":"https:\/\/www.translationscertified.com\/es\/wp-json\/wp\/v2\/users\/4"}],"replies":[{"embeddable":true,"href":"https:\/\/www.translationscertified.com\/es\/wp-json\/wp\/v2\/comments?post=5059"}],"version-history":[{"count":0,"href":"https:\/\/www.translationscertified.com\/es\/wp-json\/wp\/v2\/pages\/5059\/revisions"}],"up":[{"embeddable":true,"href":"https:\/\/www.translationscertified.com\/es\/wp-json\/wp\/v2\/pages\/5058"}],"wp:attachment":[{"href":"https:\/\/www.translationscertified.com\/es\/wp-json\/wp\/v2\/media?parent=5059"}],"curies":[{"name":"wp","href":"https:\/\/api.w.org\/{rel}","templated":true}]}}