{"id":5060,"date":"2024-10-15T20:34:20","date_gmt":"2024-10-15T20:34:20","guid":{"rendered":"https:\/\/www.translationscertified.com\/?page_id=5060"},"modified":"2025-03-07T21:49:14","modified_gmt":"2025-03-07T21:49:14","slug":"proceso-de-naturalizacion","status":"publish","type":"page","link":"https:\/\/www.translationscertified.com\/es\/recursos-de-documentos\/ciudadania-estadounidense\/proceso-de-naturalizacion","title":{"rendered":"Proceso de naturalizaci\u00f3n"},"content":{"rendered":"\t\t<div data-elementor-type=\"wp-page\" data-elementor-id=\"5060\" class=\"elementor elementor-5060 elementor-2105\">\n\t\t\t\t<div class=\"elementor-element elementor-element-013f64b elementor-hidden-mobile e-flex e-con-boxed e-con e-parent\" data-id=\"013f64b\" data-element_type=\"container\" data-e-type=\"container\" data-settings=\"{&quot;background_background&quot;:&quot;classic&quot;}\">\n\t\t\t\t\t<div class=\"e-con-inner\">\n\t\t\t\t\t<\/div>\n\t\t\t\t<\/div>\n\t\t<div class=\"elementor-element elementor-element-1c3b56e e-flex e-con-boxed e-con e-parent\" data-id=\"1c3b56e\" data-element_type=\"container\" data-e-type=\"container\">\n\t\t\t\t\t<div class=\"e-con-inner\">\n\t\t\t\t<div class=\"elementor-element elementor-element-9aa387b elementor-widget elementor-widget-shortcode\" data-id=\"9aa387b\" data-element_type=\"widget\" data-e-type=\"widget\" data-widget_type=\"shortcode.default\">\n\t\t\t\t\t\t\t<div class=\"elementor-shortcode\"><span><span><a href=\"https:\/\/www.translationscertified.com\/es\/inicio\">Home<\/a><\/span><\/span><\/div>\n\t\t\t\t\t\t<\/div>\n\t\t\t\t\t<\/div>\n\t\t\t\t<\/div>\n\t\t<div class=\"elementor-element elementor-element-bc4b655 e-flex e-con-boxed e-con e-parent\" data-id=\"bc4b655\" data-element_type=\"container\" data-e-type=\"container\">\n\t\t\t\t\t<div class=\"e-con-inner\">\n\t\t\t\t<div class=\"elementor-element elementor-element-b868a44 elementor-widget elementor-widget-heading\" data-id=\"b868a44\" data-element_type=\"widget\" data-e-type=\"widget\" data-widget_type=\"heading.default\">\n\t\t\t\t\t<h1 class=\"elementor-heading-title elementor-size-default\">Proceso de naturalizaci\u00f3n: Pasos para convertirse en ciudadano de Estados Unidos \n<\/h1>\t\t\t\t<\/div>\n\t\t\t\t\t<\/div>\n\t\t\t\t<\/div>\n\t\t<div class=\"elementor-element elementor-element-f475a69 e-flex e-con-boxed e-con e-parent\" data-id=\"f475a69\" data-element_type=\"container\" data-e-type=\"container\">\n\t\t\t\t\t<div class=\"e-con-inner\">\n\t\t\t\t<div class=\"elementor-element elementor-element-a95e90c elementor-widget elementor-widget-text-editor\" data-id=\"a95e90c\" data-element_type=\"widget\" data-e-type=\"widget\" data-widget_type=\"text-editor.default\">\n\t\t\t\t\t\t\t\t\t<h2 class=\"ewa-rteLine\">Paso 1: Verifique la elegibilidad<\/h2>\n<div class=\"ewa-rteLine\">Antes de solicitar la ciudadan\u00eda, verifique que cumple con los requisitos para la naturalizaci\u00f3n. La elegibilidad depende de factores como el estado de su permiso de residencia o trabajo, la residencia en el pa\u00eds y el buen car\u00e1cter moral. Visite nuestra p\u00e1gina de <a href=\"https:\/\/www.translationscertified.com\/es?page_id=5059\">Elegibilidad para ciudadan\u00eda<\/a> para conocer los criterios detallados.<\/div>\n<div class=\"ewa-rteLine\">\u00a0<\/div>\n<h2 class=\"ewa-rteLine\">Paso 2: Presente el formulario N-400<\/h2>\n<div class=\"ewa-rteLine\">Para comenzar su proceso de naturalizaci\u00f3n, presente el formulario N-400, Solicitud de naturalizaci\u00f3n. Este formulario puede enviarse en l\u00ednea o por correo postal. Aseg\u00farese de reunir la documentaci\u00f3n necesaria, como su permiso de residencia o trabajo, comprobante de residencia y traducciones certificadas de cualquier documento extranjero.<\/div>\n<div class=\"ewa-rteLine\">\u00a0<\/div>\n<h2 class=\"ewa-rteLine\">Paso 3: Asista a la cita de datos biom\u00e9tricos<\/h2>\n<div class=\"ewa-rteLine\">Despu\u00e9s de enviar el formulario N-400, USCIS programar\u00e1 una cita de biometr\u00eda para tomar sus huellas dactilares, fotograf\u00eda y firma. Estos datos se utilizan para verificaci\u00f3n de antecedentes.<\/div>\n<div class=\"ewa-rteLine\">\u00a0<\/div>\n<h2 class=\"ewa-rteLine\">Paso 4: Prep\u00e1rese para el examen de ciudadan\u00eda y la entrevista<\/h2>\n<div class=\"ewa-rteLine\">Los solicitantes deben aprobar un examen de educaci\u00f3n c\u00edvica y uno de idioma ingl\u00e9s como parte del proceso de naturalizaci\u00f3n. En el primero se cubre la historia b\u00e1sica y el gobierno de EE. UU., mientras que en el de ingl\u00e9s se eval\u00faan las habilidades de lectura, escritura y expresi\u00f3n oral. La entrevista incluir\u00e1 una revisi\u00f3n de su solicitud N-400, as\u00ed que prep\u00e1rese para responder preguntas sobre sus antecedentes.<\/div>\n<div class=\"ewa-rteLine\">\u00a0<\/div>\n<div class=\"ewa-rteLine\">Existen exenciones para los ex\u00e1menes para ciertos grupos de edad o personas con discapacidades m\u00e9dicas.<\/div>\n<h2 class=\"ewa-rteLine\">Paso 5: Asista a la entrevista de naturalizaci\u00f3n<\/h2>\n<div class=\"ewa-rteLine\">Este es un paso cr\u00edtico. Durante la entrevista, un oficial de USCIS le har\u00e1 preguntas sobre su solicitud y antecedentes. Tambi\u00e9n le administrar\u00e1n los ex\u00e1menes de educaci\u00f3n c\u00edvica e ingl\u00e9s, a menos que califique para una exenci\u00f3n. Es imprescindible traer todos los documentos requeridos, incluidas las traducciones certificadas si fueran necesarias.<\/div>\n<div class=\"ewa-rteLine\">\u00a0<\/div>\n<h2 class=\"ewa-rteLine\">Paso 6: Ceremonia de juramento de lealtad<\/h2>\n<div class=\"ewa-rteLine\">Si se aprueba su solicitud, asistir\u00e1 a una ceremonia de juramento de lealtad. Es el paso final en el proceso de naturalizaci\u00f3n. Una vez que preste juramento, se convertir\u00e1 oficialmente en ciudadano estadounidense y recibir\u00e1 su Certificado de Naturalizaci\u00f3n.<\/div>\n<div class=\"ewa-rteLine\">\u00a0<\/div>\n<h2 class=\"ewa-rteLine\">\u00bfQu\u00e9 sucede si no aprueba el examen o le niegan la solicitud?<\/h2>\n<div class=\"ewa-rteLine\">Si no aprueba el examen de educaci\u00f3n c\u00edvica o el de ingl\u00e9s, tendr\u00e1 una segunda oportunidad para volver a tomar la parte no aprobada. Si rechazan su solicitud por otros motivos, puede presentar el formulario N-336, Solicitud de audiencia, para apelar la decisi\u00f3n.<\/div>\n<div class=\"ewa-rteLine\">\u00a0<\/div>\n<h2 class=\"ewa-rteLine\">\u00bfCu\u00e1nto tiempo tarda el proceso de naturalizaci\u00f3n?<\/h2>\n<div class=\"ewa-rteLine\">En general lleva de 8 a 14 meses, seg\u00fan el caso y la carga de trabajo de USCIS. El cronograma incluye presentar el formulario N-400, asistir a su cita de biometr\u00eda, tomar los ex\u00e1menes y esperar la aprobaci\u00f3n.<\/div>\t\t\t\t\t\t\t\t<\/div>\n\t\t\t\t<div class=\"elementor-element elementor-element-d660788 elementor-widget elementor-widget-heading\" data-id=\"d660788\" data-element_type=\"widget\" data-e-type=\"widget\" data-widget_type=\"heading.default\">\n\t\t\t\t\t<h2 class=\"elementor-heading-title elementor-size-default\">\u00bfC\u00f3mo puede ayudar Translations Certified?<\/h2>\t\t\t\t<\/div>\n\t\t\t\t<div class=\"elementor-element elementor-element-8a2813e elementor-widget elementor-widget-text-editor\" data-id=\"8a2813e\" data-element_type=\"widget\" data-e-type=\"widget\" data-widget_type=\"text-editor.default\">\n\t\t\t\t\t\t\t\t\t<p>Una documentaci\u00f3n precisa es clave para una solicitud exitosa. En Translations Certified, ofrecemos traducciones certificadas de todos los documentos requeridos, y garantizamos que su documentaci\u00f3n cumpla con los est\u00e1ndares de USCIS y se eviten demoras.<\/p>\n\t\t\t\t\t\t\t\t<\/div>\n\t\t\t\t\t<\/div>\n\t\t\t\t<\/div>\n\t\t<div class=\"elementor-element elementor-element-655151e e-flex e-con-boxed e-con e-parent\" data-id=\"655151e\" data-element_type=\"container\" data-e-type=\"container\">\n\t\t\t\t\t<div class=\"e-con-inner\">\n\t\t<div class=\"elementor-element elementor-element-f70a523 e-flex e-con-boxed e-con e-child\" data-id=\"f70a523\" data-element_type=\"container\" data-e-type=\"container\" data-settings=\"{&quot;background_background&quot;:&quot;classic&quot;}\">\n\t\t\t\t\t<div class=\"e-con-inner\">\n\t\t\t\t<div class=\"elementor-element elementor-element-8958983 elementor-widget elementor-widget-text-editor\" data-id=\"8958983\" data-element_type=\"widget\" data-e-type=\"widget\" data-widget_type=\"text-editor.default\">\n\t\t\t\t\t\t\t\t\t<p><i>La informaci\u00f3n proporcionada aqu\u00ed es solo para fines informativos generales y no pretende ser asesoramiento legal. Si bien nos esforzamos por garantizar que la informaci\u00f3n sea precisa y actual, no sustituye el asesoramiento legal profesional. Consulte a un abogado calificado para obtener asesoramiento sobre su situaci\u00f3n espec\u00edfica o si tiene preguntas legales.<\/i><\/p>\n\t\t\t\t\t\t\t\t<\/div>\n\t\t\t\t\t<\/div>\n\t\t\t\t<\/div>\n\t\t\t\t\t<\/div>\n\t\t\t\t<\/div>\n\t\t<div class=\"elementor-element elementor-element-511a3eb e-flex e-con-boxed e-con e-parent\" data-id=\"511a3eb\" data-element_type=\"container\" data-e-type=\"container\">\n\t\t\t\t\t<div class=\"e-con-inner\">\n\t\t\t\t<div class=\"elementor-element elementor-element-7a2850b elementor-widget elementor-widget-heading\" data-id=\"7a2850b\" data-element_type=\"widget\" data-e-type=\"widget\" data-widget_type=\"heading.default\">\n\t\t\t\t\t<h2 class=\"elementor-heading-title elementor-size-default\">Explore nuestras p\u00e1ginas informativas sobre ciudadan\u00eda estadounidense <\/h2>\t\t\t\t<\/div>\n\t\t<div class=\"elementor-element elementor-element-173dc1e e-flex e-con-boxed e-con e-child\" data-id=\"173dc1e\" data-element_type=\"container\" data-e-type=\"container\">\n\t\t\t\t\t<div class=\"e-con-inner\">\n\t\t<div class=\"elementor-element elementor-element-0283ad8 e-flex e-con-boxed e-con e-child\" data-id=\"0283ad8\" data-element_type=\"container\" data-e-type=\"container\" data-settings=\"{&quot;background_background&quot;:&quot;classic&quot;}\">\n\t\t\t\t\t<div class=\"e-con-inner\">\n\t\t\t\t<div class=\"elementor-element elementor-element-00c3042 elementor-widget elementor-widget-heading\" data-id=\"00c3042\" data-element_type=\"widget\" data-e-type=\"widget\" data-widget_type=\"heading.default\">\n\t\t\t\t\t<h2 class=\"elementor-heading-title elementor-size-default\">Elegibilidad para la ciudadan\u00eda<\/h2>\t\t\t\t<\/div>\n\t\t\t\t<div class=\"elementor-element elementor-element-bf9e517 elementor-align-center elementor-widget__width-auto elementor-widget elementor-widget-button\" data-id=\"bf9e517\" data-element_type=\"widget\" data-e-type=\"widget\" data-widget_type=\"button.default\">\n\t\t\t\t\t\t\t\t\t\t<a class=\"elementor-button elementor-button-link elementor-size-sm\" href=\"https:\/\/www.translationscertified.com\/es\/recursos-de-documentos\/ciudadania-estadounidense\/elegibilidad-para-la-ciudadania-estadounidense\">\n\t\t\t\t\t\t<span class=\"elementor-button-content-wrapper\">\n\t\t\t\t\t\t\t\t\t<span class=\"elementor-button-text\">Vea la p\u00e1gina<\/span>\n\t\t\t\t\t<\/span>\n\t\t\t\t\t<\/a>\n\t\t\t\t\t\t\t\t<\/div>\n\t\t\t\t\t<\/div>\n\t\t\t\t<\/div>\n\t\t<div class=\"elementor-element elementor-element-718daf9 e-flex e-con-boxed e-con e-child\" data-id=\"718daf9\" data-element_type=\"container\" data-e-type=\"container\" data-settings=\"{&quot;background_background&quot;:&quot;classic&quot;}\">\n\t\t\t\t\t<div class=\"e-con-inner\">\n\t\t\t\t<div class=\"elementor-element elementor-element-e12c0c5 elementor-widget elementor-widget-heading\" data-id=\"e12c0c5\" data-element_type=\"widget\" data-e-type=\"widget\" data-widget_type=\"heading.default\">\n\t\t\t\t\t<h2 class=\"elementor-heading-title elementor-size-default\">Proceso de naturalizaci\u00f3n<\/h2>\t\t\t\t<\/div>\n\t\t\t\t<div class=\"elementor-element elementor-element-9cc4f01 elementor-align-center elementor-widget__width-auto elementor-widget elementor-widget-button\" data-id=\"9cc4f01\" data-element_type=\"widget\" data-e-type=\"widget\" data-widget_type=\"button.default\">\n\t\t\t\t\t\t\t\t\t\t<a class=\"elementor-button elementor-button-link elementor-size-sm\" href=\"https:\/\/www.translationscertified.com\/es\/recursos-de-documentos\/ciudadania-estadounidense\/proceso-de-naturalizacion\">\n\t\t\t\t\t\t<span class=\"elementor-button-content-wrapper\">\n\t\t\t\t\t\t\t\t\t<span class=\"elementor-button-text\">Vea la p\u00e1gina<\/span>\n\t\t\t\t\t<\/span>\n\t\t\t\t\t<\/a>\n\t\t\t\t\t\t\t\t<\/div>\n\t\t\t\t\t<\/div>\n\t\t\t\t<\/div>\n\t\t\t\t\t<\/div>\n\t\t\t\t<\/div>\n\t\t\t\t\t<\/div>\n\t\t\t\t<\/div>\n\t\t\t\t<\/div>\n\t\t","protected":false},"excerpt":{"rendered":"<p>Proceso de naturalizaci\u00f3n: Pasos para convertirse en ciudadano de Estados Unidos Paso 1: Verifique la elegibilidad Antes de solicitar la ciudadan\u00eda, verifique que cumple con los requisitos para la naturalizaci\u00f3n. &#8230; <a title=\"Proceso de naturalizaci\u00f3n\" class=\"read-more\" href=\"https:\/\/www.translationscertified.com\/es\/recursos-de-documentos\/ciudadania-estadounidense\/proceso-de-naturalizacion\" aria-label=\"Read more about Proceso de naturalizaci\u00f3n\">Read more<\/a><\/p>\n","protected":false},"author":4,"featured_media":0,"parent":5058,"menu_order":0,"comment_status":"closed","ping_status":"closed","template":"","meta":{"_acf_changed":false,"content-type":"","footnotes":""},"class_list":["post-5060","page","type-page","status-publish"],"acf":[],"yoast_head":"<!-- This site is optimized with the Yoast SEO plugin v27.5 - https:\/\/yoast.com\/product\/yoast-seo-wordpress\/ -->\n<title>Proceso para convertirse en ciudadano estadounidense | Translations Certified<\/title>\n<meta name=\"description\" content=\"Conozca los pasos esenciales y el proceso para obtener la ciudadan\u00eda estadounidense, desde elegibilidad hasta preparaci\u00f3n para la entrevista.\" \/>\n<meta name=\"robots\" content=\"index, follow, max-snippet:-1, max-image-preview:large, max-video-preview:-1\" \/>\n<link rel=\"canonical\" href=\"https:\/\/www.translationscertified.com\/es\/recursos-de-documentos\/ciudadania-estadounidense\/proceso-de-naturalizacion\" \/>\n<meta property=\"og:locale\" content=\"es_ES\" \/>\n<meta property=\"og:type\" content=\"article\" \/>\n<meta property=\"og:title\" content=\"Proceso para convertirse en ciudadano estadounidense | Translations Certified\" \/>\n<meta property=\"og:description\" content=\"Conozca los pasos esenciales y el proceso para obtener la ciudadan\u00eda estadounidense, desde elegibilidad hasta preparaci\u00f3n para la entrevista.\" \/>\n<meta property=\"og:url\" content=\"https:\/\/www.translationscertified.com\/es\/recursos-de-documentos\/ciudadania-estadounidense\/proceso-de-naturalizacion\" \/>\n<meta property=\"og:site_name\" content=\"Translations Certified\" \/>\n<meta property=\"article:modified_time\" content=\"2025-03-07T21:49:14+00:00\" \/>\n<meta property=\"og:image\" content=\"https:\/\/www.translationscertified.com\/wp-content\/uploads\/2024\/06\/cropped-v.2b_03.png\" \/>\n\t<meta property=\"og:image:width\" content=\"512\" \/>\n\t<meta property=\"og:image:height\" content=\"512\" \/>\n\t<meta property=\"og:image:type\" content=\"image\/png\" \/>\n<meta name=\"twitter:card\" content=\"summary_large_image\" \/>\n<meta name=\"twitter:label1\" content=\"Tiempo de lectura\" \/>\n\t<meta name=\"twitter:data1\" content=\"3 minutos\" \/>\n<!-- \/ Yoast SEO plugin. -->","yoast_head_json":{"title":"Proceso para convertirse en ciudadano estadounidense | Translations Certified","description":"Conozca los pasos esenciales y el proceso para obtener la ciudadan\u00eda estadounidense, desde elegibilidad hasta preparaci\u00f3n para la entrevista.","robots":{"index":"index","follow":"follow","max-snippet":"max-snippet:-1","max-image-preview":"max-image-preview:large","max-video-preview":"max-video-preview:-1"},"canonical":"https:\/\/www.translationscertified.com\/es\/recursos-de-documentos\/ciudadania-estadounidense\/proceso-de-naturalizacion","og_locale":"es_ES","og_type":"article","og_title":"Proceso para convertirse en ciudadano estadounidense | Translations Certified","og_description":"Conozca los pasos esenciales y el proceso para obtener la ciudadan\u00eda estadounidense, desde elegibilidad hasta preparaci\u00f3n para la entrevista.","og_url":"https:\/\/www.translationscertified.com\/es\/recursos-de-documentos\/ciudadania-estadounidense\/proceso-de-naturalizacion","og_site_name":"Translations Certified","article_modified_time":"2025-03-07T21:49:14+00:00","og_image":[{"width":512,"height":512,"url":"https:\/\/www.translationscertified.com\/wp-content\/uploads\/2024\/06\/cropped-v.2b_03.png","type":"image\/png"}],"twitter_card":"summary_large_image","twitter_misc":{"Tiempo de lectura":"3 minutos"},"schema":{"@context":"https:\/\/schema.org","@graph":[{"@type":"WebPage","@id":"https:\/\/www.translationscertified.com\/es\/recursos-de-documentos\/ciudadania-estadounidense\/proceso-de-naturalizacion","url":"https:\/\/www.translationscertified.com\/es\/recursos-de-documentos\/ciudadania-estadounidense\/proceso-de-naturalizacion","name":"Proceso para convertirse en ciudadano estadounidense | Translations Certified","isPartOf":{"@id":"https:\/\/www.translationscertified.com\/es#website"},"datePublished":"2024-10-15T20:34:20+00:00","dateModified":"2025-03-07T21:49:14+00:00","description":"Conozca los pasos esenciales y el proceso para obtener la ciudadan\u00eda estadounidense, desde elegibilidad hasta preparaci\u00f3n para la entrevista.","breadcrumb":{"@id":"https:\/\/www.translationscertified.com\/es\/recursos-de-documentos\/ciudadania-estadounidense\/proceso-de-naturalizacion#breadcrumb"},"inLanguage":"es","potentialAction":[{"@type":"ReadAction","target":["https:\/\/www.translationscertified.com\/es\/recursos-de-documentos\/ciudadania-estadounidense\/proceso-de-naturalizacion"]}]},{"@type":"BreadcrumbList","@id":"https:\/\/www.translationscertified.com\/es\/recursos-de-documentos\/ciudadania-estadounidense\/proceso-de-naturalizacion#breadcrumb","itemListElement":[{"@type":"ListItem","position":1,"name":"Home","item":"https:\/\/www.translationscertified.com\/es\/inicio"},{"@type":"ListItem","position":2,"name":"Recursos de documentos","item":"https:\/\/www.translationscertified.com\/es\/document-resources"},{"@type":"ListItem","position":3,"name":"Ciudadan\u00eda estadounidense","item":"https:\/\/www.translationscertified.com\/es\/document-resources\/citizenship"},{"@type":"ListItem","position":4,"name":"Proceso de naturalizaci\u00f3n"}]},{"@type":"WebSite","@id":"https:\/\/www.translationscertified.com\/es#website","url":"https:\/\/www.translationscertified.com\/es","name":"Translations Certified","description":"Translations Certified Translation Services","publisher":{"@id":"https:\/\/www.translationscertified.com\/es#organization"},"potentialAction":[{"@type":"SearchAction","target":{"@type":"EntryPoint","urlTemplate":"https:\/\/www.translationscertified.com\/es?s={search_term_string}"},"query-input":{"@type":"PropertyValueSpecification","valueRequired":true,"valueName":"search_term_string"}}],"inLanguage":"es"},{"@type":"Organization","@id":"https:\/\/www.translationscertified.com\/es#organization","name":"Translations Certified","url":"https:\/\/www.translationscertified.com\/es","logo":{"@type":"ImageObject","inLanguage":"es","@id":"https:\/\/www.translationscertified.com\/es#\/schema\/logo\/image\/","url":"https:\/\/www.translationscertified.com\/wp-content\/uploads\/2025\/10\/cropped-TranslationsCertified-01.webp","contentUrl":"https:\/\/www.translationscertified.com\/wp-content\/uploads\/2025\/10\/cropped-TranslationsCertified-01.webp","width":288,"height":86,"caption":"Translations Certified"},"image":{"@id":"https:\/\/www.translationscertified.com\/es#\/schema\/logo\/image\/"}}]}},"_links":{"self":[{"href":"https:\/\/www.translationscertified.com\/es\/wp-json\/wp\/v2\/pages\/5060","targetHints":{"allow":["GET"]}}],"collection":[{"href":"https:\/\/www.translationscertified.com\/es\/wp-json\/wp\/v2\/pages"}],"about":[{"href":"https:\/\/www.translationscertified.com\/es\/wp-json\/wp\/v2\/types\/page"}],"author":[{"embeddable":true,"href":"https:\/\/www.translationscertified.com\/es\/wp-json\/wp\/v2\/users\/4"}],"replies":[{"embeddable":true,"href":"https:\/\/www.translationscertified.com\/es\/wp-json\/wp\/v2\/comments?post=5060"}],"version-history":[{"count":0,"href":"https:\/\/www.translationscertified.com\/es\/wp-json\/wp\/v2\/pages\/5060\/revisions"}],"up":[{"embeddable":true,"href":"https:\/\/www.translationscertified.com\/es\/wp-json\/wp\/v2\/pages\/5058"}],"wp:attachment":[{"href":"https:\/\/www.translationscertified.com\/es\/wp-json\/wp\/v2\/media?parent=5060"}],"curies":[{"name":"wp","href":"https:\/\/api.w.org\/{rel}","templated":true}]}}