{"id":5062,"date":"2024-10-15T21:55:25","date_gmt":"2024-10-15T21:55:25","guid":{"rendered":"https:\/\/www.translationscertified.com\/?page_id=5062"},"modified":"2025-03-07T21:49:10","modified_gmt":"2025-03-07T21:49:10","slug":"solicitud-de-asilo","status":"publish","type":"page","link":"https:\/\/www.translationscertified.com\/es\/recursos-de-documentos\/asilo-y-condicion-de-refugiado\/solicitud-de-asilo","title":{"rendered":"Solicitud de asilo"},"content":{"rendered":"\t\t<div data-elementor-type=\"wp-page\" data-elementor-id=\"5062\" class=\"elementor elementor-5062 elementor-2111\">\n\t\t\t\t<div class=\"elementor-element elementor-element-22b7d1e elementor-hidden-mobile e-flex e-con-boxed e-con e-parent\" data-id=\"22b7d1e\" data-element_type=\"container\" data-e-type=\"container\" data-settings=\"{&quot;background_background&quot;:&quot;classic&quot;}\">\n\t\t\t\t\t<div class=\"e-con-inner\">\n\t\t\t\t\t<\/div>\n\t\t\t\t<\/div>\n\t\t<div class=\"elementor-element elementor-element-a8edeff e-flex e-con-boxed e-con e-parent\" data-id=\"a8edeff\" data-element_type=\"container\" data-e-type=\"container\">\n\t\t\t\t\t<div class=\"e-con-inner\">\n\t\t\t\t<div class=\"elementor-element elementor-element-186c138 elementor-widget elementor-widget-shortcode\" data-id=\"186c138\" data-element_type=\"widget\" data-e-type=\"widget\" data-widget_type=\"shortcode.default\">\n\t\t\t\t\t\t\t<div class=\"elementor-shortcode\"><span><span><a href=\"https:\/\/www.translationscertified.com\/es\/inicio\">Home<\/a><\/span><\/span><\/div>\n\t\t\t\t\t\t<\/div>\n\t\t\t\t\t<\/div>\n\t\t\t\t<\/div>\n\t\t<div class=\"elementor-element elementor-element-480a0dd e-flex e-con-boxed e-con e-parent\" data-id=\"480a0dd\" data-element_type=\"container\" data-e-type=\"container\">\n\t\t\t\t\t<div class=\"e-con-inner\">\n\t\t\t\t<div class=\"elementor-element elementor-element-8940793 elementor-widget elementor-widget-heading\" data-id=\"8940793\" data-element_type=\"widget\" data-e-type=\"widget\" data-widget_type=\"heading.default\">\n\t\t\t\t\t<h1 class=\"elementor-heading-title elementor-size-default\">Solicitud de asilo: Gu\u00eda paso a paso <\/h1>\t\t\t\t<\/div>\n\t\t\t\t\t<\/div>\n\t\t\t\t<\/div>\n\t\t<div class=\"elementor-element elementor-element-8a4996c e-flex e-con-boxed e-con e-parent\" data-id=\"8a4996c\" data-element_type=\"container\" data-e-type=\"container\">\n\t\t\t\t\t<div class=\"e-con-inner\">\n\t\t\t\t<div class=\"elementor-element elementor-element-021396f elementor-widget elementor-widget-text-editor\" data-id=\"021396f\" data-element_type=\"widget\" data-e-type=\"widget\" data-widget_type=\"text-editor.default\">\n\t\t\t\t\t\t\t\t\t<h2 class=\"ewa-rteLine\">\u00bfQu\u00e9 es el asilo y qui\u00e9n deber\u00eda solicitarlo?<\/h2>\n<div class=\"ewa-rteLine\">El asilo es una forma de protecci\u00f3n para personas que enfrentan persecuci\u00f3n en su pa\u00eds de origen por su raza, religi\u00f3n, nacionalidad, opini\u00f3n pol\u00edtica o pertenencia a un grupo social particular. Permite permanecer en EE. UU. en forma legal y, despu\u00e9s de un a\u00f1o, solicitar la residencia permanente (permiso de residencia o trabajo).<\/div>\n<div class=\"ewa-rteLine\">\u00a0<\/div>\n<h2 class=\"ewa-rteLine\">\u00bfC\u00f3mo se solicita el asilo?<\/h2>\n<ul>\n<li class=\"ewa-rteLine\">Presente el formulario I-589: para comenzar el proceso, debe presentar el formulario I-589, Solicitud de asilo y suspensi\u00f3n de deportaci\u00f3n. Este tr\u00e1mite no tiene costo alguno.<\/li>\n<li class=\"ewa-rteLine\">Proporcione documentos de respaldo: junto con el formulario I-589, los solicitantes deben presentar evidencia de la persecuci\u00f3n que enfrentan. Pueden ser declaraciones juradas, informes policiales, registros m\u00e9dicos o declaraciones personales. Todos los documentos en idioma extranjero deben presentarse con su traducci\u00f3n certificada para cumplir con los est\u00e1ndares de USCIS.<\/li>\n<li class=\"ewa-rteLine\">Asista a una cita de biometr\u00eda: USCIS programar\u00e1 una cita para recoger sus huellas dactilares y fotograf\u00edas para verificaci\u00f3n de antecedentes.<\/li>\n<li class=\"ewa-rteLine\">Prep\u00e1rese para la entrevista de asilo: tendr\u00e1 una entrevista con un oficial de asilo de USCIS. Durante el encuentro, se les preguntar\u00e1 sobre su reclamo de asilo y su historia personal. Es importante proporcionar todos los documentos necesarios, incluidas traducciones certificadas de documentos en idiomas extranjeros.<\/li>\n<\/ul>\n<h2 class=\"ewa-rteLine\">\u00bfQu\u00e9 es el plazo de un a\u00f1o para presentar una solicitud de asilo?<\/h2>\n<div class=\"ewa-rteLine\">Para solicitar asilo, se debe presentar el formulario I-589 dentro del a\u00f1o de haber ingresado a EE. UU. Sin embargo, se hacen excepciones en casos de cambio de circunstancias, como por ejemplo empeoramiento de las condiciones en el pa\u00eds de origen o cambios significativos en la situaci\u00f3n personal del solicitante.<\/div>\n<div class=\"ewa-rteLine\">\u00a0<\/div>\n<h2 class=\"ewa-rteLine\">\u00bfPuede trabajar mientras espera el otorgamiento de asilo?<\/h2>\n<div class=\"ewa-rteLine\">Los solicitantes de asilo son elegibles para pedir autorizaci\u00f3n de trabajo si su caso ha estado pendiente durante al menos 150 d\u00edas. Deben presentar el formulario I-765, Solicitud de autorizaci\u00f3n de empleo, para solicitar permiso para trabajar en EE. UU.<\/div>\n<div class=\"ewa-rteLine\">\u00a0<\/div>\n<h2 class=\"ewa-rteLine\">\u00bfQu\u00e9 sucede despu\u00e9s de la entrevista de asilo?<\/h2>\n<div class=\"ewa-rteLine\">Despu\u00e9s de la entrevista, el oficial de USCIS revisar\u00e1 el caso y tomar\u00e1 una decisi\u00f3n. Se le informar\u00e1 la decisi\u00f3n por correo. Si se le concede el asilo, recibir\u00e1 protecci\u00f3n contra la deportaci\u00f3n y podr\u00e1 solicitar un permiso de residencia o trabajo despu\u00e9s de un a\u00f1o.<\/div>\n<div class=\"ewa-rteLine\">\u00a0<\/div>\n<h2 class=\"ewa-rteLine\">Solicitudes de asilo defensivo<\/h2>\n<div class=\"ewa-rteLine\">Si una persona ya est\u00e1 en proceso de deportaci\u00f3n y solicita asilo, esto se conoce como asilo defensivo. En estos casos, la solicitud de asilo se presenta ante un juez de inmigraci\u00f3n quien toma la decisi\u00f3n final.<\/div>\n\t\t\t\t\t\t\t\t<\/div>\n\t\t\t\t<div class=\"elementor-element elementor-element-733b0a5 elementor-widget elementor-widget-heading\" data-id=\"733b0a5\" data-element_type=\"widget\" data-e-type=\"widget\" data-widget_type=\"heading.default\">\n\t\t\t\t\t<h2 class=\"elementor-heading-title elementor-size-default\">\u00bfC\u00f3mo puede Translations Certified ayudarlo con su solicitud de asilo?<\/h2>\t\t\t\t<\/div>\n\t\t\t\t<div class=\"elementor-element elementor-element-cd0e05c elementor-widget elementor-widget-text-editor\" data-id=\"cd0e05c\" data-element_type=\"widget\" data-e-type=\"widget\" data-widget_type=\"text-editor.default\">\n\t\t\t\t\t\t\t\t\t<div class=\"ewa-rteLine\">En cualquier solicitud de asilo, es fundamental proporcionar documentos precisos y con el formato adecuado, en especial si est\u00e1n en un idioma extranjero. En Translations Certified, nos especializamos en traducciones certificadas que cumplen con los est\u00e1ndares de USCIS. Nuestras traducciones de <a href=\"https:\/\/www.translationscertified.com\/es?page_id=4865\">informes policiales<\/a>, <a href=\"https:\/\/www.translationscertified.com\/es?page_id=4857\">declaraciones juradas<\/a> y <a href=\"https:\/\/www.translationscertified.com\/es?page_id=4876\">registros m\u00e9dicos<\/a> garantizan que su caso se presente con claridad y en forma profesional, y reducen el riesgo de demoras o denegaciones.<\/div>\n<div class=\"ewa-rteLine\">\u00a0<\/div>\n<div class=\"ewa-rteLine\">Para obtener m\u00e1s informaci\u00f3n sobre el proceso de asilo, consulte nuestra p\u00e1gina sobre <a href=\"https:\/\/www.translationscertified.com\/es?page_id=5063\">Condici\u00f3n de refugiado<\/a>.<\/div>\n\t\t\t\t\t\t\t\t<\/div>\n\t\t\t\t\t<\/div>\n\t\t\t\t<\/div>\n\t\t<div class=\"elementor-element elementor-element-2b5ebe1 e-flex e-con-boxed e-con e-parent\" data-id=\"2b5ebe1\" data-element_type=\"container\" data-e-type=\"container\">\n\t\t\t\t\t<div class=\"e-con-inner\">\n\t\t<div class=\"elementor-element elementor-element-44c4322 e-flex e-con-boxed e-con e-child\" data-id=\"44c4322\" data-element_type=\"container\" data-e-type=\"container\" data-settings=\"{&quot;background_background&quot;:&quot;classic&quot;}\">\n\t\t\t\t\t<div class=\"e-con-inner\">\n\t\t\t\t<div class=\"elementor-element elementor-element-f172353 elementor-widget elementor-widget-text-editor\" data-id=\"f172353\" data-element_type=\"widget\" data-e-type=\"widget\" data-widget_type=\"text-editor.default\">\n\t\t\t\t\t\t\t\t\t<p><i>La informaci\u00f3n proporcionada aqu\u00ed es solo para fines informativos generales y no pretende ser asesoramiento legal. Si bien nos esforzamos por garantizar que la informaci\u00f3n sea precisa y actual, no sustituye el asesoramiento legal profesional. Consulte a un abogado calificado para obtener asesoramiento sobre su situaci\u00f3n espec\u00edfica o si tiene preguntas legales.<\/i><\/p>\n\t\t\t\t\t\t\t\t<\/div>\n\t\t\t\t\t<\/div>\n\t\t\t\t<\/div>\n\t\t\t\t\t<\/div>\n\t\t\t\t<\/div>\n\t\t<div class=\"elementor-element elementor-element-acd01b8 e-flex e-con-boxed e-con e-parent\" data-id=\"acd01b8\" data-element_type=\"container\" data-e-type=\"container\">\n\t\t\t\t\t<div class=\"e-con-inner\">\n\t\t\t\t<div class=\"elementor-element elementor-element-dd58cd9 elementor-widget elementor-widget-heading\" data-id=\"dd58cd9\" data-element_type=\"widget\" data-e-type=\"widget\" data-widget_type=\"heading.default\">\n\t\t\t\t\t<h2 class=\"elementor-heading-title elementor-size-default\">Explore nuestras p\u00e1ginas informativas sobre asilo y condici\u00f3n de refugiado<\/h2>\t\t\t\t<\/div>\n\t\t<div class=\"elementor-element elementor-element-90d47cc e-flex e-con-boxed e-con e-child\" data-id=\"90d47cc\" data-element_type=\"container\" data-e-type=\"container\">\n\t\t\t\t\t<div class=\"e-con-inner\">\n\t\t<div class=\"elementor-element elementor-element-fe4a8d5 e-flex e-con-boxed e-con e-child\" data-id=\"fe4a8d5\" data-element_type=\"container\" data-e-type=\"container\" data-settings=\"{&quot;background_background&quot;:&quot;classic&quot;}\">\n\t\t\t\t\t<div class=\"e-con-inner\">\n\t\t\t\t<div class=\"elementor-element elementor-element-979f03f elementor-widget elementor-widget-heading\" data-id=\"979f03f\" data-element_type=\"widget\" data-e-type=\"widget\" data-widget_type=\"heading.default\">\n\t\t\t\t\t<h2 class=\"elementor-heading-title elementor-size-default\">Solicitud de asilo<\/h2>\t\t\t\t<\/div>\n\t\t\t\t<div class=\"elementor-element elementor-element-dab6236 elementor-align-center elementor-widget__width-auto elementor-widget elementor-widget-button\" data-id=\"dab6236\" data-element_type=\"widget\" data-e-type=\"widget\" data-widget_type=\"button.default\">\n\t\t\t\t\t\t\t\t\t\t<a class=\"elementor-button elementor-button-link elementor-size-sm\" href=\"https:\/\/www.translationscertified.com\/es\/recursos-de-documentos\/asilo-y-condicion-de-refugiado\/solicitud-de-asilo\">\n\t\t\t\t\t\t<span class=\"elementor-button-content-wrapper\">\n\t\t\t\t\t\t\t\t\t<span class=\"elementor-button-text\">Vea la p\u00e1gina<\/span>\n\t\t\t\t\t<\/span>\n\t\t\t\t\t<\/a>\n\t\t\t\t\t\t\t\t<\/div>\n\t\t\t\t\t<\/div>\n\t\t\t\t<\/div>\n\t\t<div class=\"elementor-element elementor-element-b61693f e-flex e-con-boxed e-con e-child\" data-id=\"b61693f\" data-element_type=\"container\" data-e-type=\"container\" data-settings=\"{&quot;background_background&quot;:&quot;classic&quot;}\">\n\t\t\t\t\t<div class=\"e-con-inner\">\n\t\t\t\t<div class=\"elementor-element elementor-element-ee2e230 elementor-widget elementor-widget-heading\" data-id=\"ee2e230\" data-element_type=\"widget\" data-e-type=\"widget\" data-widget_type=\"heading.default\">\n\t\t\t\t\t<h2 class=\"elementor-heading-title elementor-size-default\">Condici\u00f3n de refugiado<\/h2>\t\t\t\t<\/div>\n\t\t\t\t<div class=\"elementor-element elementor-element-82b19db elementor-align-center elementor-widget__width-auto elementor-widget elementor-widget-button\" data-id=\"82b19db\" data-element_type=\"widget\" data-e-type=\"widget\" data-widget_type=\"button.default\">\n\t\t\t\t\t\t\t\t\t\t<a class=\"elementor-button elementor-button-link elementor-size-sm\" href=\"https:\/\/www.translationscertified.com\/es\/recursos-de-documentos\/asilo-y-condicion-de-refugiado\/condicion-de-refugiado\">\n\t\t\t\t\t\t<span class=\"elementor-button-content-wrapper\">\n\t\t\t\t\t\t\t\t\t<span class=\"elementor-button-text\">Vea la p\u00e1gina<\/span>\n\t\t\t\t\t<\/span>\n\t\t\t\t\t<\/a>\n\t\t\t\t\t\t\t\t<\/div>\n\t\t\t\t\t<\/div>\n\t\t\t\t<\/div>\n\t\t\t\t\t<\/div>\n\t\t\t\t<\/div>\n\t\t\t\t\t<\/div>\n\t\t\t\t<\/div>\n\t\t\t\t<\/div>\n\t\t","protected":false},"excerpt":{"rendered":"<p>Solicitud de asilo: Gu\u00eda paso a paso \u00bfQu\u00e9 es el asilo y qui\u00e9n deber\u00eda solicitarlo? El asilo es una forma de protecci\u00f3n para personas que enfrentan persecuci\u00f3n en su pa\u00eds &#8230; <a title=\"Solicitud de asilo\" class=\"read-more\" href=\"https:\/\/www.translationscertified.com\/es\/recursos-de-documentos\/asilo-y-condicion-de-refugiado\/solicitud-de-asilo\" aria-label=\"Read more about Solicitud de asilo\">Read more<\/a><\/p>\n","protected":false},"author":4,"featured_media":0,"parent":5061,"menu_order":0,"comment_status":"closed","ping_status":"closed","template":"","meta":{"_acf_changed":false,"content-type":"","footnotes":""},"class_list":["post-5062","page","type-page","status-publish"],"acf":[],"yoast_head":"<!-- This site is optimized with the Yoast SEO plugin v27.5 - https:\/\/yoast.com\/product\/yoast-seo-wordpress\/ -->\n<title>Solicitar asilo: Gu\u00eda paso a paso | Translations Certified<\/title>\n<meta name=\"description\" content=\"Solicite asilo en Estados Unidos con nuestra gu\u00eda. Conozca los requisitos de documentos y traducciones certificadas para cumplir con USCIS.\" \/>\n<meta name=\"robots\" content=\"index, follow, max-snippet:-1, max-image-preview:large, max-video-preview:-1\" \/>\n<link rel=\"canonical\" href=\"https:\/\/www.translationscertified.com\/es\/recursos-de-documentos\/asilo-y-condicion-de-refugiado\/solicitud-de-asilo\" \/>\n<meta property=\"og:locale\" content=\"es_ES\" \/>\n<meta property=\"og:type\" content=\"article\" \/>\n<meta property=\"og:title\" content=\"Solicitar asilo: Gu\u00eda paso a paso | Translations Certified\" \/>\n<meta property=\"og:description\" content=\"Solicite asilo en Estados Unidos con nuestra gu\u00eda. Conozca los requisitos de documentos y traducciones certificadas para cumplir con USCIS.\" \/>\n<meta property=\"og:url\" content=\"https:\/\/www.translationscertified.com\/es\/recursos-de-documentos\/asilo-y-condicion-de-refugiado\/solicitud-de-asilo\" \/>\n<meta property=\"og:site_name\" content=\"Translations Certified\" \/>\n<meta property=\"article:modified_time\" content=\"2025-03-07T21:49:10+00:00\" \/>\n<meta property=\"og:image\" content=\"https:\/\/www.translationscertified.com\/wp-content\/uploads\/2024\/06\/cropped-v.2b_03.png\" \/>\n\t<meta property=\"og:image:width\" content=\"512\" \/>\n\t<meta property=\"og:image:height\" content=\"512\" \/>\n\t<meta property=\"og:image:type\" content=\"image\/png\" \/>\n<meta name=\"twitter:card\" content=\"summary_large_image\" \/>\n<meta name=\"twitter:label1\" content=\"Tiempo de lectura\" \/>\n\t<meta name=\"twitter:data1\" content=\"3 minutos\" \/>\n<!-- \/ Yoast SEO plugin. -->","yoast_head_json":{"title":"Solicitar asilo: Gu\u00eda paso a paso | Translations Certified","description":"Solicite asilo en Estados Unidos con nuestra gu\u00eda. Conozca los requisitos de documentos y traducciones certificadas para cumplir con USCIS.","robots":{"index":"index","follow":"follow","max-snippet":"max-snippet:-1","max-image-preview":"max-image-preview:large","max-video-preview":"max-video-preview:-1"},"canonical":"https:\/\/www.translationscertified.com\/es\/recursos-de-documentos\/asilo-y-condicion-de-refugiado\/solicitud-de-asilo","og_locale":"es_ES","og_type":"article","og_title":"Solicitar asilo: Gu\u00eda paso a paso | Translations Certified","og_description":"Solicite asilo en Estados Unidos con nuestra gu\u00eda. Conozca los requisitos de documentos y traducciones certificadas para cumplir con USCIS.","og_url":"https:\/\/www.translationscertified.com\/es\/recursos-de-documentos\/asilo-y-condicion-de-refugiado\/solicitud-de-asilo","og_site_name":"Translations Certified","article_modified_time":"2025-03-07T21:49:10+00:00","og_image":[{"width":512,"height":512,"url":"https:\/\/www.translationscertified.com\/wp-content\/uploads\/2024\/06\/cropped-v.2b_03.png","type":"image\/png"}],"twitter_card":"summary_large_image","twitter_misc":{"Tiempo de lectura":"3 minutos"},"schema":{"@context":"https:\/\/schema.org","@graph":[{"@type":"WebPage","@id":"https:\/\/www.translationscertified.com\/es\/recursos-de-documentos\/asilo-y-condicion-de-refugiado\/solicitud-de-asilo","url":"https:\/\/www.translationscertified.com\/es\/recursos-de-documentos\/asilo-y-condicion-de-refugiado\/solicitud-de-asilo","name":"Solicitar asilo: Gu\u00eda paso a paso | Translations Certified","isPartOf":{"@id":"https:\/\/www.translationscertified.com\/es#website"},"datePublished":"2024-10-15T21:55:25+00:00","dateModified":"2025-03-07T21:49:10+00:00","description":"Solicite asilo en Estados Unidos con nuestra gu\u00eda. Conozca los requisitos de documentos y traducciones certificadas para cumplir con USCIS.","breadcrumb":{"@id":"https:\/\/www.translationscertified.com\/es\/recursos-de-documentos\/asilo-y-condicion-de-refugiado\/solicitud-de-asilo#breadcrumb"},"inLanguage":"es","potentialAction":[{"@type":"ReadAction","target":["https:\/\/www.translationscertified.com\/es\/recursos-de-documentos\/asilo-y-condicion-de-refugiado\/solicitud-de-asilo"]}]},{"@type":"BreadcrumbList","@id":"https:\/\/www.translationscertified.com\/es\/recursos-de-documentos\/asilo-y-condicion-de-refugiado\/solicitud-de-asilo#breadcrumb","itemListElement":[{"@type":"ListItem","position":1,"name":"Home","item":"https:\/\/www.translationscertified.com\/es\/inicio"},{"@type":"ListItem","position":2,"name":"Recursos de documentos","item":"https:\/\/www.translationscertified.com\/es\/document-resources"},{"@type":"ListItem","position":3,"name":"Asilo y Condici\u00f3n de Refugiado","item":"https:\/\/www.translationscertified.com\/es\/document-resources\/asylum-refugee"},{"@type":"ListItem","position":4,"name":"Solicitud de asilo"}]},{"@type":"WebSite","@id":"https:\/\/www.translationscertified.com\/es#website","url":"https:\/\/www.translationscertified.com\/es","name":"Translations Certified","description":"Translations Certified Translation Services","publisher":{"@id":"https:\/\/www.translationscertified.com\/es#organization"},"potentialAction":[{"@type":"SearchAction","target":{"@type":"EntryPoint","urlTemplate":"https:\/\/www.translationscertified.com\/es?s={search_term_string}"},"query-input":{"@type":"PropertyValueSpecification","valueRequired":true,"valueName":"search_term_string"}}],"inLanguage":"es"},{"@type":"Organization","@id":"https:\/\/www.translationscertified.com\/es#organization","name":"Translations Certified","url":"https:\/\/www.translationscertified.com\/es","logo":{"@type":"ImageObject","inLanguage":"es","@id":"https:\/\/www.translationscertified.com\/es#\/schema\/logo\/image\/","url":"https:\/\/www.translationscertified.com\/wp-content\/uploads\/2025\/10\/cropped-TranslationsCertified-01.webp","contentUrl":"https:\/\/www.translationscertified.com\/wp-content\/uploads\/2025\/10\/cropped-TranslationsCertified-01.webp","width":288,"height":86,"caption":"Translations Certified"},"image":{"@id":"https:\/\/www.translationscertified.com\/es#\/schema\/logo\/image\/"}}]}},"_links":{"self":[{"href":"https:\/\/www.translationscertified.com\/es\/wp-json\/wp\/v2\/pages\/5062","targetHints":{"allow":["GET"]}}],"collection":[{"href":"https:\/\/www.translationscertified.com\/es\/wp-json\/wp\/v2\/pages"}],"about":[{"href":"https:\/\/www.translationscertified.com\/es\/wp-json\/wp\/v2\/types\/page"}],"author":[{"embeddable":true,"href":"https:\/\/www.translationscertified.com\/es\/wp-json\/wp\/v2\/users\/4"}],"replies":[{"embeddable":true,"href":"https:\/\/www.translationscertified.com\/es\/wp-json\/wp\/v2\/comments?post=5062"}],"version-history":[{"count":0,"href":"https:\/\/www.translationscertified.com\/es\/wp-json\/wp\/v2\/pages\/5062\/revisions"}],"up":[{"embeddable":true,"href":"https:\/\/www.translationscertified.com\/es\/wp-json\/wp\/v2\/pages\/5061"}],"wp:attachment":[{"href":"https:\/\/www.translationscertified.com\/es\/wp-json\/wp\/v2\/media?parent=5062"}],"curies":[{"name":"wp","href":"https:\/\/api.w.org\/{rel}","templated":true}]}}