{"id":5063,"date":"2024-10-15T22:05:55","date_gmt":"2024-10-15T22:05:55","guid":{"rendered":"https:\/\/www.translationscertified.com\/?page_id=5063"},"modified":"2025-03-07T21:49:10","modified_gmt":"2025-03-07T21:49:10","slug":"condicion-de-refugiado","status":"publish","type":"page","link":"https:\/\/www.translationscertified.com\/es\/recursos-de-documentos\/asilo-y-condicion-de-refugiado\/condicion-de-refugiado","title":{"rendered":"Condici\u00f3n de refugiado"},"content":{"rendered":"\t\t<div data-elementor-type=\"wp-page\" data-elementor-id=\"5063\" class=\"elementor elementor-5063 elementor-2113\">\n\t\t\t\t<div class=\"elementor-element elementor-element-3fc058d elementor-hidden-mobile e-flex e-con-boxed e-con e-parent\" data-id=\"3fc058d\" data-element_type=\"container\" data-e-type=\"container\" data-settings=\"{&quot;background_background&quot;:&quot;classic&quot;}\">\n\t\t\t\t\t<div class=\"e-con-inner\">\n\t\t\t\t\t<\/div>\n\t\t\t\t<\/div>\n\t\t<div class=\"elementor-element elementor-element-44af848 e-flex e-con-boxed e-con e-parent\" data-id=\"44af848\" data-element_type=\"container\" data-e-type=\"container\">\n\t\t\t\t\t<div class=\"e-con-inner\">\n\t\t\t\t<div class=\"elementor-element elementor-element-83b0d4c elementor-widget elementor-widget-shortcode\" data-id=\"83b0d4c\" data-element_type=\"widget\" data-e-type=\"widget\" data-widget_type=\"shortcode.default\">\n\t\t\t\t\t\t\t<div class=\"elementor-shortcode\"><span><span><a href=\"https:\/\/www.translationscertified.com\/es\/inicio\">Home<\/a><\/span><\/span><\/div>\n\t\t\t\t\t\t<\/div>\n\t\t\t\t\t<\/div>\n\t\t\t\t<\/div>\n\t\t<div class=\"elementor-element elementor-element-da97e58 e-flex e-con-boxed e-con e-parent\" data-id=\"da97e58\" data-element_type=\"container\" data-e-type=\"container\">\n\t\t\t\t\t<div class=\"e-con-inner\">\n\t\t\t\t<div class=\"elementor-element elementor-element-f92cf80 elementor-widget elementor-widget-heading\" data-id=\"f92cf80\" data-element_type=\"widget\" data-e-type=\"widget\" data-widget_type=\"heading.default\">\n\t\t\t\t\t<h1 class=\"elementor-heading-title elementor-size-default\">Condici\u00f3n de refugiado: Protecci\u00f3n y camino hacia la residencia en EE.UU. <\/h1>\t\t\t\t<\/div>\n\t\t\t\t\t<\/div>\n\t\t\t\t<\/div>\n\t\t<div class=\"elementor-element elementor-element-12b306e e-flex e-con-boxed e-con e-parent\" data-id=\"12b306e\" data-element_type=\"container\" data-e-type=\"container\">\n\t\t\t\t\t<div class=\"e-con-inner\">\n\t\t\t\t<div class=\"elementor-element elementor-element-7c018e0 elementor-widget elementor-widget-text-editor\" data-id=\"7c018e0\" data-element_type=\"widget\" data-e-type=\"widget\" data-widget_type=\"text-editor.default\">\n\t\t\t\t\t\t\t\t\t<h2 class=\"ewa-rteLine\">\u00bfQu\u00e9 es la condici\u00f3n de refugiado?<\/h2>\n<div class=\"ewa-rteLine\">Se concede a personas que se encuentran fuera de su pa\u00eds de origen y que no pueden regresar por un temor bien fundado de persecuci\u00f3n por motivos de raza, religi\u00f3n, nacionalidad, opini\u00f3n pol\u00edtica o grupo social. A diferencia de los solicitantes de asilo, los refugiados presentan su solicitud desde el extranjero mediante programas de reasentamiento.<\/div>\n<div class=\"ewa-rteLine\">\u00a0<\/div>\n<h2 class=\"ewa-rteLine\">C\u00f3mo se solicita la condici\u00f3n de refugiado<\/h2>\n<ul>\n<li class=\"ewa-rteLine\">Presente la solicitud en el extranjero: estas solicitudes en general las procesan organizaciones internacionales, como las Naciones Unidas o las embajadas de Estados Unidos.<\/li>\n<li class=\"ewa-rteLine\">Evaluaci\u00f3n de elegibilidad: el Gobierno de Estados Unidos examina a los solicitantes en forma exhaustiva, y eval\u00faa su elegibilidad para protecci\u00f3n de refugiado. Esto incluye entrevistas, verificaci\u00f3n de antecedentes y ex\u00e1menes de salud.<\/li>\n<li class=\"ewa-rteLine\">Reasentamiento en EE.UU.: una vez aprobados, los refugiados son reasentados en EE. UU. con la ayuda de agencias de reasentamiento que les brindan apoyo para encontrar vivienda, empleo y otros servicios de asistencia.<\/li>\n<\/ul>\n<h2 class=\"ewa-rteLine\">Beneficios de la condici\u00f3n de refugiado<\/h2>\n<ul>\n<li class=\"ewa-rteLine\">Protecci\u00f3n contra la persecuci\u00f3n: los refugiados reciben protecci\u00f3n contra la deportaci\u00f3n y se les permite vivir a salvo en Estados Unidos.<\/li>\n<li class=\"ewa-rteLine\">Autorizaci\u00f3n de trabajo: los refugiados tienen autorizaci\u00f3n para trabajar a su llegada.<\/li>\n<li class=\"ewa-rteLine\">Camino hacia el permiso de residencia o trabajo: los refugiados pueden solicitar un permiso de residencia o trabajo despu\u00e9s de un a\u00f1o de vivir en EE. UU.<\/li>\n<li class=\"ewa-rteLine\">Servicios de soporte: los refugiados reciben asistencia inicial para el reasentamiento, que incluye ayuda con vivienda, empleo y orientaci\u00f3n legal.<\/li>\n<\/ul>\n<h2 class=\"ewa-rteLine\">\u00bfCu\u00e1l es la diferencia entre la condici\u00f3n de refugiado y el asilo?<\/h2>\n<div class=\"ewa-rteLine\">La principal diferencia es la ubicaci\u00f3n: los refugiados solicitan protecci\u00f3n fuera de Estados Unidos, mientras que el asilo se solicita despu\u00e9s de llegar al pa\u00eds o desde un puerto de entrada. Ambas condiciones brindan beneficios similares, incluida la protecci\u00f3n contra la deportaci\u00f3n y un camino hacia la residencia permanente.<\/div>\n<div class=\"ewa-rteLine\">\u00a0<\/div>\n<h2 class=\"ewa-rteLine\">Familiares de refugiados<\/h2>\n<div class=\"ewa-rteLine\">Los c\u00f3nyuges e hijos menores de 21 a\u00f1os tambi\u00e9n pueden solicitar la condici\u00f3n de refugiado. Los refugiados pueden solicitar traer a sus familiares a EE. UU. despu\u00e9s de su propia aprobaci\u00f3n, lo que garantiza la reunificaci\u00f3n familiar.<\/div>\n<div class=\"ewa-rteLine\">\u00a0<\/div>\n<h2 class=\"ewa-rteLine\">\u00bfC\u00f3mo puede Translations Certified ayudarlo con su solicitud de refugio?<\/h2>\n<div class=\"ewa-rteLine\">Los documentos necesarios para obtener la condici\u00f3n de refugiado, como certificados de nacimiento, registros de matrimonio e informes policiales, deben traducirse al ingl\u00e9s. En Translations Certified, ofrecemos traducciones certificadas que cumplen con los est\u00e1ndares del Gobierno de EE. UU., lo que ayuda a garantizar que su solicitud se procese sin problemas.<\/div>\n<div class=\"ewa-rteLine\">\u00a0<\/div>\n<div class=\"ewa-rteLine\">Para obtener m\u00e1s informaci\u00f3n sobre el proceso de asilo, visite nuestra p\u00e1gina de Solicitud de asilo.<\/div>\n\t\t\t\t\t\t\t\t<\/div>\n\t\t\t\t<div class=\"elementor-element elementor-element-1c72eae elementor-widget elementor-widget-heading\" data-id=\"1c72eae\" data-element_type=\"widget\" data-e-type=\"widget\" data-widget_type=\"heading.default\">\n\t\t\t\t\t<h2 class=\"elementor-heading-title elementor-size-default\">\u00bfC\u00f3mo puede Translations Certified ayudarlo con su solicitud de refugio?<\/h2>\t\t\t\t<\/div>\n\t\t\t\t<div class=\"elementor-element elementor-element-e5c2c70 elementor-widget elementor-widget-text-editor\" data-id=\"e5c2c70\" data-element_type=\"widget\" data-e-type=\"widget\" data-widget_type=\"text-editor.default\">\n\t\t\t\t\t\t\t\t\t<div class=\"ewa-rteLine\">\n<div class=\"ewa-rteLine\">Los documentos necesarios para obtener la condici\u00f3n de refugiado, como <a href=\"https:\/\/www.translationscertified.com\/es?page_id=4862\">certificados de nacimiento<\/a>, <a href=\"https:\/\/www.translationscertified.com\/es?page_id=4875\">registros de matrimonio<\/a> e <a href=\"https:\/\/www.translationscertified.com\/es?page_id=4865\">informes policiales<\/a>, deben traducirse al ingl\u00e9s. En Translations Certified, ofrecemos traducciones certificadas que cumplen con los est\u00e1ndares del Gobierno de EE. UU., lo que ayuda a garantizar que su solicitud se procese sin problemas.<\/div>\n<div class=\"ewa-rteLine\">\u00a0<\/div>\n<div class=\"ewa-rteLine\">Para obtener m\u00e1s informaci\u00f3n sobre el proceso de asilo, visite nuestra p\u00e1gina de <a href=\"https:\/\/www.translationscertified.com\/es?page_id=5062\">Solicitud de asilo<\/a>.<\/div>\n<\/div>\n\t\t\t\t\t\t\t\t<\/div>\n\t\t\t\t\t<\/div>\n\t\t\t\t<\/div>\n\t\t<div class=\"elementor-element elementor-element-b92c9b5 e-flex e-con-boxed e-con e-parent\" data-id=\"b92c9b5\" data-element_type=\"container\" data-e-type=\"container\">\n\t\t\t\t\t<div class=\"e-con-inner\">\n\t\t<div class=\"elementor-element elementor-element-d678013 e-flex e-con-boxed e-con e-child\" data-id=\"d678013\" data-element_type=\"container\" data-e-type=\"container\" data-settings=\"{&quot;background_background&quot;:&quot;classic&quot;}\">\n\t\t\t\t\t<div class=\"e-con-inner\">\n\t\t\t\t<div class=\"elementor-element elementor-element-b6969fb elementor-widget elementor-widget-text-editor\" data-id=\"b6969fb\" data-element_type=\"widget\" data-e-type=\"widget\" data-widget_type=\"text-editor.default\">\n\t\t\t\t\t\t\t\t\t<p><i>La informaci\u00f3n proporcionada aqu\u00ed es solo para fines informativos generales y no pretende ser asesoramiento legal. Si bien nos esforzamos por garantizar que la informaci\u00f3n sea precisa y actual, no sustituye el asesoramiento legal profesional. Consulte a un abogado calificado para obtener asesoramiento sobre su situaci\u00f3n espec\u00edfica o si tiene preguntas legales.<\/i><\/p>\n\t\t\t\t\t\t\t\t<\/div>\n\t\t\t\t\t<\/div>\n\t\t\t\t<\/div>\n\t\t\t\t\t<\/div>\n\t\t\t\t<\/div>\n\t\t<div class=\"elementor-element elementor-element-ea80a5e e-flex e-con-boxed e-con e-parent\" data-id=\"ea80a5e\" data-element_type=\"container\" data-e-type=\"container\">\n\t\t\t\t\t<div class=\"e-con-inner\">\n\t\t\t\t<div class=\"elementor-element elementor-element-4f12e9d elementor-widget elementor-widget-heading\" data-id=\"4f12e9d\" data-element_type=\"widget\" data-e-type=\"widget\" data-widget_type=\"heading.default\">\n\t\t\t\t\t<h2 class=\"elementor-heading-title elementor-size-default\">Explore nuestras p\u00e1ginas informativas sobre asilo y condici\u00f3n de refugiado<\/h2>\t\t\t\t<\/div>\n\t\t<div class=\"elementor-element elementor-element-f5faeca e-flex e-con-boxed e-con e-child\" data-id=\"f5faeca\" data-element_type=\"container\" data-e-type=\"container\">\n\t\t\t\t\t<div class=\"e-con-inner\">\n\t\t<div class=\"elementor-element elementor-element-0e66454 e-flex e-con-boxed e-con e-child\" data-id=\"0e66454\" data-element_type=\"container\" data-e-type=\"container\" data-settings=\"{&quot;background_background&quot;:&quot;classic&quot;}\">\n\t\t\t\t\t<div class=\"e-con-inner\">\n\t\t\t\t<div class=\"elementor-element elementor-element-dc34cad elementor-widget elementor-widget-heading\" data-id=\"dc34cad\" data-element_type=\"widget\" data-e-type=\"widget\" data-widget_type=\"heading.default\">\n\t\t\t\t\t<h2 class=\"elementor-heading-title elementor-size-default\">Solicitud de asilo<\/h2>\t\t\t\t<\/div>\n\t\t\t\t<div class=\"elementor-element elementor-element-b5128cc elementor-align-center elementor-widget__width-auto elementor-widget elementor-widget-button\" data-id=\"b5128cc\" data-element_type=\"widget\" data-e-type=\"widget\" data-widget_type=\"button.default\">\n\t\t\t\t\t\t\t\t\t\t<a class=\"elementor-button elementor-button-link elementor-size-sm\" href=\"https:\/\/www.translationscertified.com\/es\/recursos-de-documentos\/asilo-y-condicion-de-refugiado\/solicitud-de-asilo\">\n\t\t\t\t\t\t<span class=\"elementor-button-content-wrapper\">\n\t\t\t\t\t\t\t\t\t<span class=\"elementor-button-text\">Vea la p\u00e1gina<\/span>\n\t\t\t\t\t<\/span>\n\t\t\t\t\t<\/a>\n\t\t\t\t\t\t\t\t<\/div>\n\t\t\t\t\t<\/div>\n\t\t\t\t<\/div>\n\t\t<div class=\"elementor-element elementor-element-e3bac71 e-flex e-con-boxed e-con e-child\" data-id=\"e3bac71\" data-element_type=\"container\" data-e-type=\"container\" data-settings=\"{&quot;background_background&quot;:&quot;classic&quot;}\">\n\t\t\t\t\t<div class=\"e-con-inner\">\n\t\t\t\t<div class=\"elementor-element elementor-element-69c3ca7 elementor-widget elementor-widget-heading\" data-id=\"69c3ca7\" data-element_type=\"widget\" data-e-type=\"widget\" data-widget_type=\"heading.default\">\n\t\t\t\t\t<h2 class=\"elementor-heading-title elementor-size-default\">Condici\u00f3n de refugiado<\/h2>\t\t\t\t<\/div>\n\t\t\t\t<div class=\"elementor-element elementor-element-141ebd3 elementor-align-center elementor-widget__width-auto elementor-widget elementor-widget-button\" data-id=\"141ebd3\" data-element_type=\"widget\" data-e-type=\"widget\" data-widget_type=\"button.default\">\n\t\t\t\t\t\t\t\t\t\t<a class=\"elementor-button elementor-button-link elementor-size-sm\" href=\"https:\/\/www.translationscertified.com\/es\/recursos-de-documentos\/asilo-y-condicion-de-refugiado\/condicion-de-refugiado\">\n\t\t\t\t\t\t<span class=\"elementor-button-content-wrapper\">\n\t\t\t\t\t\t\t\t\t<span class=\"elementor-button-text\">Vea la p\u00e1gina<\/span>\n\t\t\t\t\t<\/span>\n\t\t\t\t\t<\/a>\n\t\t\t\t\t\t\t\t<\/div>\n\t\t\t\t\t<\/div>\n\t\t\t\t<\/div>\n\t\t\t\t\t<\/div>\n\t\t\t\t<\/div>\n\t\t\t\t\t<\/div>\n\t\t\t\t<\/div>\n\t\t\t\t<\/div>\n\t\t","protected":false},"excerpt":{"rendered":"<p>Condici\u00f3n de refugiado: Protecci\u00f3n y camino hacia la residencia en EE.UU. \u00bfQu\u00e9 es la condici\u00f3n de refugiado? Se concede a personas que se encuentran fuera de su pa\u00eds de origen &#8230; <a title=\"Condici\u00f3n de refugiado\" class=\"read-more\" href=\"https:\/\/www.translationscertified.com\/es\/recursos-de-documentos\/asilo-y-condicion-de-refugiado\/condicion-de-refugiado\" aria-label=\"Read more about Condici\u00f3n de refugiado\">Read more<\/a><\/p>\n","protected":false},"author":4,"featured_media":0,"parent":5061,"menu_order":0,"comment_status":"closed","ping_status":"closed","template":"","meta":{"_acf_changed":false,"content-type":"","footnotes":""},"class_list":["post-5063","page","type-page","status-publish"],"acf":[],"yoast_head":"<!-- This site is optimized with the Yoast SEO plugin v27.5 - https:\/\/yoast.com\/product\/yoast-seo-wordpress\/ -->\n<title>Condici\u00f3n de refugiado: Protecci\u00f3n en EE.UU. | Translations Certified<\/title>\n<meta name=\"description\" content=\"Entienda la solicitud y los beneficios para su camino hacia la seguridad y residencia en EE. UU. con nuestra gu\u00eda sobre la condici\u00f3n de refugiado.\" \/>\n<meta name=\"robots\" content=\"index, follow, max-snippet:-1, max-image-preview:large, max-video-preview:-1\" \/>\n<link rel=\"canonical\" href=\"https:\/\/www.translationscertified.com\/es\/recursos-de-documentos\/asilo-y-condicion-de-refugiado\/condicion-de-refugiado\" \/>\n<meta property=\"og:locale\" content=\"es_ES\" \/>\n<meta property=\"og:type\" content=\"article\" \/>\n<meta property=\"og:title\" content=\"Condici\u00f3n de refugiado: Protecci\u00f3n en EE.UU. | Translations Certified\" \/>\n<meta property=\"og:description\" content=\"Entienda la solicitud y los beneficios para su camino hacia la seguridad y residencia en EE. UU. con nuestra gu\u00eda sobre la condici\u00f3n de refugiado.\" \/>\n<meta property=\"og:url\" content=\"https:\/\/www.translationscertified.com\/es\/recursos-de-documentos\/asilo-y-condicion-de-refugiado\/condicion-de-refugiado\" \/>\n<meta property=\"og:site_name\" content=\"Translations Certified\" \/>\n<meta property=\"article:modified_time\" content=\"2025-03-07T21:49:10+00:00\" \/>\n<meta property=\"og:image\" content=\"https:\/\/www.translationscertified.com\/wp-content\/uploads\/2024\/06\/cropped-v.2b_03.png\" \/>\n\t<meta property=\"og:image:width\" content=\"512\" \/>\n\t<meta property=\"og:image:height\" content=\"512\" \/>\n\t<meta property=\"og:image:type\" content=\"image\/png\" \/>\n<meta name=\"twitter:card\" content=\"summary_large_image\" \/>\n<meta name=\"twitter:label1\" content=\"Tiempo de lectura\" \/>\n\t<meta name=\"twitter:data1\" content=\"3 minutos\" \/>\n<!-- \/ Yoast SEO plugin. -->","yoast_head_json":{"title":"Condici\u00f3n de refugiado: Protecci\u00f3n en EE.UU. | Translations Certified","description":"Entienda la solicitud y los beneficios para su camino hacia la seguridad y residencia en EE. UU. con nuestra gu\u00eda sobre la condici\u00f3n de refugiado.","robots":{"index":"index","follow":"follow","max-snippet":"max-snippet:-1","max-image-preview":"max-image-preview:large","max-video-preview":"max-video-preview:-1"},"canonical":"https:\/\/www.translationscertified.com\/es\/recursos-de-documentos\/asilo-y-condicion-de-refugiado\/condicion-de-refugiado","og_locale":"es_ES","og_type":"article","og_title":"Condici\u00f3n de refugiado: Protecci\u00f3n en EE.UU. | Translations Certified","og_description":"Entienda la solicitud y los beneficios para su camino hacia la seguridad y residencia en EE. UU. con nuestra gu\u00eda sobre la condici\u00f3n de refugiado.","og_url":"https:\/\/www.translationscertified.com\/es\/recursos-de-documentos\/asilo-y-condicion-de-refugiado\/condicion-de-refugiado","og_site_name":"Translations Certified","article_modified_time":"2025-03-07T21:49:10+00:00","og_image":[{"width":512,"height":512,"url":"https:\/\/www.translationscertified.com\/wp-content\/uploads\/2024\/06\/cropped-v.2b_03.png","type":"image\/png"}],"twitter_card":"summary_large_image","twitter_misc":{"Tiempo de lectura":"3 minutos"},"schema":{"@context":"https:\/\/schema.org","@graph":[{"@type":"WebPage","@id":"https:\/\/www.translationscertified.com\/es\/recursos-de-documentos\/asilo-y-condicion-de-refugiado\/condicion-de-refugiado","url":"https:\/\/www.translationscertified.com\/es\/recursos-de-documentos\/asilo-y-condicion-de-refugiado\/condicion-de-refugiado","name":"Condici\u00f3n de refugiado: Protecci\u00f3n en EE.UU. | Translations Certified","isPartOf":{"@id":"https:\/\/www.translationscertified.com\/es#website"},"datePublished":"2024-10-15T22:05:55+00:00","dateModified":"2025-03-07T21:49:10+00:00","description":"Entienda la solicitud y los beneficios para su camino hacia la seguridad y residencia en EE. UU. con nuestra gu\u00eda sobre la condici\u00f3n de refugiado.","breadcrumb":{"@id":"https:\/\/www.translationscertified.com\/es\/recursos-de-documentos\/asilo-y-condicion-de-refugiado\/condicion-de-refugiado#breadcrumb"},"inLanguage":"es","potentialAction":[{"@type":"ReadAction","target":["https:\/\/www.translationscertified.com\/es\/recursos-de-documentos\/asilo-y-condicion-de-refugiado\/condicion-de-refugiado"]}]},{"@type":"BreadcrumbList","@id":"https:\/\/www.translationscertified.com\/es\/recursos-de-documentos\/asilo-y-condicion-de-refugiado\/condicion-de-refugiado#breadcrumb","itemListElement":[{"@type":"ListItem","position":1,"name":"Home","item":"https:\/\/www.translationscertified.com\/es\/inicio"},{"@type":"ListItem","position":2,"name":"Recursos de documentos","item":"https:\/\/www.translationscertified.com\/es\/document-resources"},{"@type":"ListItem","position":3,"name":"Asilo y Condici\u00f3n de Refugiado","item":"https:\/\/www.translationscertified.com\/es\/document-resources\/asylum-refugee"},{"@type":"ListItem","position":4,"name":"Condici\u00f3n de refugiado"}]},{"@type":"WebSite","@id":"https:\/\/www.translationscertified.com\/es#website","url":"https:\/\/www.translationscertified.com\/es","name":"Translations Certified","description":"Translations Certified Translation Services","publisher":{"@id":"https:\/\/www.translationscertified.com\/es#organization"},"potentialAction":[{"@type":"SearchAction","target":{"@type":"EntryPoint","urlTemplate":"https:\/\/www.translationscertified.com\/es?s={search_term_string}"},"query-input":{"@type":"PropertyValueSpecification","valueRequired":true,"valueName":"search_term_string"}}],"inLanguage":"es"},{"@type":"Organization","@id":"https:\/\/www.translationscertified.com\/es#organization","name":"Translations Certified","url":"https:\/\/www.translationscertified.com\/es","logo":{"@type":"ImageObject","inLanguage":"es","@id":"https:\/\/www.translationscertified.com\/es#\/schema\/logo\/image\/","url":"https:\/\/www.translationscertified.com\/wp-content\/uploads\/2025\/10\/cropped-TranslationsCertified-01.webp","contentUrl":"https:\/\/www.translationscertified.com\/wp-content\/uploads\/2025\/10\/cropped-TranslationsCertified-01.webp","width":288,"height":86,"caption":"Translations Certified"},"image":{"@id":"https:\/\/www.translationscertified.com\/es#\/schema\/logo\/image\/"}}]}},"_links":{"self":[{"href":"https:\/\/www.translationscertified.com\/es\/wp-json\/wp\/v2\/pages\/5063","targetHints":{"allow":["GET"]}}],"collection":[{"href":"https:\/\/www.translationscertified.com\/es\/wp-json\/wp\/v2\/pages"}],"about":[{"href":"https:\/\/www.translationscertified.com\/es\/wp-json\/wp\/v2\/types\/page"}],"author":[{"embeddable":true,"href":"https:\/\/www.translationscertified.com\/es\/wp-json\/wp\/v2\/users\/4"}],"replies":[{"embeddable":true,"href":"https:\/\/www.translationscertified.com\/es\/wp-json\/wp\/v2\/comments?post=5063"}],"version-history":[{"count":0,"href":"https:\/\/www.translationscertified.com\/es\/wp-json\/wp\/v2\/pages\/5063\/revisions"}],"up":[{"embeddable":true,"href":"https:\/\/www.translationscertified.com\/es\/wp-json\/wp\/v2\/pages\/5061"}],"wp:attachment":[{"href":"https:\/\/www.translationscertified.com\/es\/wp-json\/wp\/v2\/media?parent=5063"}],"curies":[{"name":"wp","href":"https:\/\/api.w.org\/{rel}","templated":true}]}}