{"id":5064,"date":"2024-10-16T16:22:05","date_gmt":"2024-10-16T16:22:05","guid":{"rendered":"https:\/\/www.translationscertified.com\/?page_id=5064"},"modified":"2025-03-07T21:49:09","modified_gmt":"2025-03-07T21:49:09","slug":"daca-accion-diferida-para-los-llegados-en-la-infancia","status":"publish","type":"page","link":"https:\/\/www.translationscertified.com\/es\/recursos-de-documentos\/daca-accion-diferida-para-los-llegados-en-la-infancia","title":{"rendered":"DACA (Acci\u00f3n Diferida para los Llegados en la Infancia)"},"content":{"rendered":"\t\t<div data-elementor-type=\"wp-page\" data-elementor-id=\"5064\" class=\"elementor elementor-5064 elementor-2121\">\n\t\t\t\t<div class=\"elementor-element elementor-element-9c476f1 elementor-hidden-mobile e-flex e-con-boxed e-con e-parent\" data-id=\"9c476f1\" data-element_type=\"container\" data-e-type=\"container\" data-settings=\"{&quot;background_background&quot;:&quot;classic&quot;}\">\n\t\t\t\t\t<div class=\"e-con-inner\">\n\t\t\t\t\t<\/div>\n\t\t\t\t<\/div>\n\t\t<div class=\"elementor-element elementor-element-013916f e-flex e-con-boxed e-con e-parent\" data-id=\"013916f\" data-element_type=\"container\" data-e-type=\"container\">\n\t\t\t\t\t<div class=\"e-con-inner\">\n\t\t\t\t<div class=\"elementor-element elementor-element-37e3785 elementor-widget elementor-widget-shortcode\" data-id=\"37e3785\" data-element_type=\"widget\" data-e-type=\"widget\" data-widget_type=\"shortcode.default\">\n\t\t\t\t\t\t\t<div class=\"elementor-shortcode\"><span><span><a href=\"https:\/\/www.translationscertified.com\/es\/inicio\">Home<\/a><\/span><\/span><\/div>\n\t\t\t\t\t\t<\/div>\n\t\t\t\t\t<\/div>\n\t\t\t\t<\/div>\n\t\t<div class=\"elementor-element elementor-element-23f6055 e-flex e-con-boxed e-con e-parent\" data-id=\"23f6055\" data-element_type=\"container\" data-e-type=\"container\">\n\t\t\t\t\t<div class=\"e-con-inner\">\n\t\t\t\t<div class=\"elementor-element elementor-element-9ec82c9 elementor-widget elementor-widget-heading\" data-id=\"9ec82c9\" data-element_type=\"widget\" data-e-type=\"widget\" data-widget_type=\"heading.default\">\n\t\t\t\t\t<h1 class=\"elementor-heading-title elementor-size-default\">DACA (Acci\u00f3n Diferida para los Llegados en la Infancia): Lo que necesita saber<\/h1>\t\t\t\t<\/div>\n\t\t\t\t\t<\/div>\n\t\t\t\t<\/div>\n\t\t<div class=\"elementor-element elementor-element-878e339 e-flex e-con-boxed e-con e-parent\" data-id=\"878e339\" data-element_type=\"container\" data-e-type=\"container\">\n\t\t\t\t\t<div class=\"e-con-inner\">\n\t\t\t\t<div class=\"elementor-element elementor-element-177b6d5 elementor-widget elementor-widget-text-editor\" data-id=\"177b6d5\" data-element_type=\"widget\" data-e-type=\"widget\" data-widget_type=\"text-editor.default\">\n\t\t\t\t\t\t\t\t\t<h2 class=\"ewa-rteLine\">\u00bfQu\u00e9 es DACA?<\/h2>\n<div class=\"ewa-rteLine\">DACA brinda protecci\u00f3n temporal contra la deportaci\u00f3n y autorizaci\u00f3n de trabajo a personas a las que trajeron de ni\u00f1os a EE. UU. Permite a los beneficiarios vivir, trabajar y estudiar legalmente en el pa\u00eds, aunque no ofrece un camino hacia la ciudadan\u00eda.<\/div>\n<div class=\"ewa-rteLine\">\u00a0<\/div>\n<h2 class=\"ewa-rteLine\">\u00bfQui\u00e9n califica para DACA?<\/h2>\n<div class=\"ewa-rteLine\">Para ser elegible para DACA, los solicitantes deben:<\/div>\n<div class=\"ewa-rteLine\">\u00a0<\/div>\n<ul>\n<li class=\"ewa-rteLine\">haber llegado a EE. UU. antes de cumplir 16 a\u00f1os;<\/li>\n<li class=\"ewa-rteLine\">haber vivido en EE. UU. desde el 15 de junio de 2007, en forma continua;<\/li>\n<li class=\"ewa-rteLine\">ser menores de 31 a\u00f1os al 15 de junio de 2012;<\/li>\n<li class=\"ewa-rteLine\">haber completado estudios o estar inscrito en una instituci\u00f3n educativa, o ser un veterano.<\/li>\n<li class=\"ewa-rteLine\">Los solicitantes tambi\u00e9n deben demostrar buen car\u00e1cter moral y no tener condenas por ciertos delitos.<\/li>\n<\/ul>\n<h2 class=\"ewa-rteLine\">C\u00f3mo solicitar DACA<\/h2>\n<ul>\n<li class=\"ewa-rteLine\">Presentar el formulario I-821D: el formulario principal para solicitar acci\u00f3n diferida.<\/li>\n<li class=\"ewa-rteLine\">Presentar el formulario I-765: solicitud de autorizaci\u00f3n de empleo.<\/li>\n<li class=\"ewa-rteLine\">Incluir documentos de respaldo como prueba de identidad, prueba de residencia en EE. UU. y registros escolares. Los documentos en idiomas extranjeros requieren traducciones certificadas.<\/li>\n<\/ul>\n<h2>\u00bfCu\u00e1les son los beneficios de DACA?<\/h2>\n<ul>\n<li class=\"ewa-rteLine\">Autorizaci\u00f3n de trabajo: los beneficiarios de DACA pueden trabajar legalmente en EE. UU.<\/li>\n<li class=\"ewa-rteLine\">Protecci\u00f3n contra la deportaci\u00f3n: si bien DACA no proporciona una condici\u00f3n legal permanente, protege a los beneficiarios de la deportaci\u00f3n por un per\u00edodo renovable de dos a\u00f1os.<\/li>\n<li class=\"ewa-rteLine\">Oportunidades educativas: los beneficiarios de DACA pueden asistir a las escuelas y solicitar ayuda financiera en algunos estados.<\/li>\n<\/ul>\n<h2 class=\"ewa-rteLine\">\u00bfPuede viajar fuera de EE. UU. con DACA?<\/h2>\n<div class=\"ewa-rteLine\">Los beneficiarios de DACA pueden solicitar un permiso anticipado, que les permite viajar al extranjero por motivos humanitarios, educativos o laborales. Sin embargo, el reingreso a EE. UU. no est\u00e1 garantizado.<\/div>\n<div class=\"ewa-rteLine\">\u00a0<\/div>\n<h2 class=\"ewa-rteLine\">\u00bfQu\u00e9 sucede si se niega o expira DACA?<\/h2>\n<div class=\"ewa-rteLine\">Si se niega o expira DACA, los beneficiarios pierden su protecci\u00f3n contra la deportaci\u00f3n y la autorizaci\u00f3n de trabajo. Es crucial renovar DACA cada dos a\u00f1os antes de su vencimiento. USCIS acepta solicitudes de renovaci\u00f3n hasta 150 d\u00edas antes de que expire su estatus DACA actual.<\/div>\n\t\t\t\t\t\t\t\t<\/div>\n\t\t\t\t<div class=\"elementor-element elementor-element-bb31045 elementor-widget elementor-widget-heading\" data-id=\"bb31045\" data-element_type=\"widget\" data-e-type=\"widget\" data-widget_type=\"heading.default\">\n\t\t\t\t\t<h2 class=\"elementor-heading-title elementor-size-default\">\u00bfC\u00f3mo puede Translations Certified ayudar con las solicitudes de DACA?<\/h2>\t\t\t\t<\/div>\n\t\t\t\t<div class=\"elementor-element elementor-element-dc841ee elementor-widget elementor-widget-text-editor\" data-id=\"dc841ee\" data-element_type=\"widget\" data-e-type=\"widget\" data-widget_type=\"text-editor.default\">\n\t\t\t\t\t\t\t\t\t<div class=\"ewa-rteLine\">\n<div class=\"ewa-rteLine\">Muchas solicitudes de DACA requieren prueba de identidad y residencia, que podr\u00edan incluir documentos en idioma extranjero. En Translations Certified, ofrecemos traducciones certificadas que cumplen con los est\u00e1ndares de USCIS, y garantizan que su solicitud est\u00e9 completa y sea precisa.<\/div>\n<\/div>\n\t\t\t\t\t\t\t\t<\/div>\n\t\t\t\t\t<\/div>\n\t\t\t\t<\/div>\n\t\t<div class=\"elementor-element elementor-element-1ed15174 e-flex e-con-boxed e-con e-parent\" data-id=\"1ed15174\" data-element_type=\"container\" data-e-type=\"container\">\n\t\t\t\t\t<div class=\"e-con-inner\">\n\t\t<div class=\"elementor-element elementor-element-38b8a87a e-flex e-con-boxed e-con e-child\" data-id=\"38b8a87a\" data-element_type=\"container\" data-e-type=\"container\" data-settings=\"{&quot;background_background&quot;:&quot;classic&quot;}\">\n\t\t\t\t\t<div class=\"e-con-inner\">\n\t\t\t\t<div class=\"elementor-element elementor-element-491e7e5b elementor-widget elementor-widget-text-editor\" data-id=\"491e7e5b\" data-element_type=\"widget\" data-e-type=\"widget\" data-widget_type=\"text-editor.default\">\n\t\t\t\t\t\t\t\t\t<p><i>La informaci\u00f3n proporcionada aqu\u00ed es solo para fines informativos generales y no pretende ser asesoramiento legal. Si bien nos esforzamos por garantizar que la informaci\u00f3n sea precisa y actual, no sustituye el asesoramiento legal profesional. Consulte a un abogado calificado para obtener asesoramiento sobre su situaci\u00f3n espec\u00edfica o si tiene preguntas legales.<\/i><\/p>\n\t\t\t\t\t\t\t\t<\/div>\n\t\t\t\t\t<\/div>\n\t\t\t\t<\/div>\n\t\t\t\t\t<\/div>\n\t\t\t\t<\/div>\n\t\t<div class=\"elementor-element elementor-element-5419e30 e-flex e-con-boxed e-con e-parent\" data-id=\"5419e30\" data-element_type=\"container\" data-e-type=\"container\">\n\t\t\t\t\t<div class=\"e-con-inner\">\n\t\t\t\t<div class=\"elementor-element elementor-element-705fd29 elementor-widget elementor-widget-heading\" data-id=\"705fd29\" data-element_type=\"widget\" data-e-type=\"widget\" data-widget_type=\"heading.default\">\n\t\t\t\t\t<h2 class=\"elementor-heading-title elementor-size-default\">Explore nuestras p\u00e1ginas informativas sobre DACA<\/h2>\t\t\t\t<\/div>\n\t\t<div class=\"elementor-element elementor-element-a1f81fb e-flex e-con-boxed e-con e-child\" data-id=\"a1f81fb\" data-element_type=\"container\" data-e-type=\"container\">\n\t\t\t\t\t<div class=\"e-con-inner\">\n\t\t<div class=\"elementor-element elementor-element-3818912 e-flex e-con-boxed e-con e-child\" data-id=\"3818912\" data-element_type=\"container\" data-e-type=\"container\" data-settings=\"{&quot;background_background&quot;:&quot;classic&quot;}\">\n\t\t\t\t\t<div class=\"e-con-inner\">\n\t\t\t\t<div class=\"elementor-element elementor-element-2278d97 elementor-widget elementor-widget-heading\" data-id=\"2278d97\" data-element_type=\"widget\" data-e-type=\"widget\" data-widget_type=\"heading.default\">\n\t\t\t\t\t<h2 class=\"elementor-heading-title elementor-size-default\">Elegibilidad para DACA<\/h2>\t\t\t\t<\/div>\n\t\t\t\t<div class=\"elementor-element elementor-element-b145535 elementor-align-center elementor-widget__width-auto elementor-widget elementor-widget-button\" data-id=\"b145535\" data-element_type=\"widget\" data-e-type=\"widget\" data-widget_type=\"button.default\">\n\t\t\t\t\t\t\t\t\t\t<a class=\"elementor-button elementor-button-link elementor-size-sm\" href=\"https:\/\/www.translationscertified.com\/es\/recursos-de-documentos\/daca-accion-diferida-para-los-llegados-en-la-infancia\/elegibilidad-para-daca\">\n\t\t\t\t\t\t<span class=\"elementor-button-content-wrapper\">\n\t\t\t\t\t\t\t\t\t<span class=\"elementor-button-text\">Vea la p\u00e1gina<\/span>\n\t\t\t\t\t<\/span>\n\t\t\t\t\t<\/a>\n\t\t\t\t\t\t\t\t<\/div>\n\t\t\t\t\t<\/div>\n\t\t\t\t<\/div>\n\t\t<div class=\"elementor-element elementor-element-8493002 e-flex e-con-boxed e-con e-child\" data-id=\"8493002\" data-element_type=\"container\" data-e-type=\"container\" data-settings=\"{&quot;background_background&quot;:&quot;classic&quot;}\">\n\t\t\t\t\t<div class=\"e-con-inner\">\n\t\t\t\t<div class=\"elementor-element elementor-element-4ae1d0f elementor-widget elementor-widget-heading\" data-id=\"4ae1d0f\" data-element_type=\"widget\" data-e-type=\"widget\" data-widget_type=\"heading.default\">\n\t\t\t\t\t<h2 class=\"elementor-heading-title elementor-size-default\">Renovaci\u00f3n de DACA<\/h2>\t\t\t\t<\/div>\n\t\t\t\t<div class=\"elementor-element elementor-element-1e2ca9a elementor-align-center elementor-widget__width-auto elementor-widget elementor-widget-button\" data-id=\"1e2ca9a\" data-element_type=\"widget\" data-e-type=\"widget\" data-widget_type=\"button.default\">\n\t\t\t\t\t\t\t\t\t\t<a class=\"elementor-button elementor-button-link elementor-size-sm\" href=\"https:\/\/www.translationscertified.com\/es\/recursos-de-documentos\/daca-accion-diferida-para-los-llegados-en-la-infancia\/renovacion-de-daca\">\n\t\t\t\t\t\t<span class=\"elementor-button-content-wrapper\">\n\t\t\t\t\t\t\t\t\t<span class=\"elementor-button-text\">Vea la p\u00e1gina<\/span>\n\t\t\t\t\t<\/span>\n\t\t\t\t\t<\/a>\n\t\t\t\t\t\t\t\t<\/div>\n\t\t\t\t\t<\/div>\n\t\t\t\t<\/div>\n\t\t\t\t\t<\/div>\n\t\t\t\t<\/div>\n\t\t\t\t\t<\/div>\n\t\t\t\t<\/div>\n\t\t\t\t<\/div>\n\t\t","protected":false},"excerpt":{"rendered":"<p>DACA (Acci\u00f3n Diferida para los Llegados en la Infancia): Lo que necesita saber \u00bfQu\u00e9 es DACA? DACA brinda protecci\u00f3n temporal contra la deportaci\u00f3n y autorizaci\u00f3n de trabajo a personas a &#8230; <a title=\"DACA (Acci\u00f3n Diferida para los Llegados en la Infancia)\" class=\"read-more\" href=\"https:\/\/www.translationscertified.com\/es\/recursos-de-documentos\/daca-accion-diferida-para-los-llegados-en-la-infancia\" aria-label=\"Read more about DACA (Acci\u00f3n Diferida para los Llegados en la Infancia)\">Read more<\/a><\/p>\n","protected":false},"author":4,"featured_media":0,"parent":5045,"menu_order":0,"comment_status":"closed","ping_status":"closed","template":"elementor_header_footer","meta":{"_acf_changed":false,"content-type":"","footnotes":""},"class_list":["post-5064","page","type-page","status-publish"],"acf":[],"yoast_head":"<!-- This site is optimized with the Yoast SEO plugin v27.5 - https:\/\/yoast.com\/product\/yoast-seo-wordpress\/ -->\n<title>DACA: Su camino hacia la protecci\u00f3n y el trabajo | Translations Certified<\/title>\n<meta name=\"description\" content=\"Conozca sobre DACA, su elegibilidad, solicitud y beneficios para los llegados en la infancia en Translations Certified con nuestras gu\u00edas.\" \/>\n<meta name=\"robots\" content=\"index, follow, max-snippet:-1, max-image-preview:large, max-video-preview:-1\" \/>\n<link rel=\"canonical\" href=\"https:\/\/www.translationscertified.com\/es\/recursos-de-documentos\/daca-accion-diferida-para-los-llegados-en-la-infancia\" \/>\n<meta property=\"og:locale\" content=\"es_ES\" \/>\n<meta property=\"og:type\" content=\"article\" \/>\n<meta property=\"og:title\" content=\"DACA: Su camino hacia la protecci\u00f3n y el trabajo | Translations Certified\" \/>\n<meta property=\"og:description\" content=\"Conozca sobre DACA, su elegibilidad, solicitud y beneficios para los llegados en la infancia en Translations Certified con nuestras gu\u00edas.\" \/>\n<meta property=\"og:url\" content=\"https:\/\/www.translationscertified.com\/es\/recursos-de-documentos\/daca-accion-diferida-para-los-llegados-en-la-infancia\" \/>\n<meta property=\"og:site_name\" content=\"Translations Certified\" \/>\n<meta property=\"article:modified_time\" content=\"2025-03-07T21:49:09+00:00\" \/>\n<meta property=\"og:image\" content=\"https:\/\/www.translationscertified.com\/wp-content\/uploads\/2024\/06\/cropped-v.2b_03.png\" \/>\n\t<meta property=\"og:image:width\" content=\"512\" \/>\n\t<meta property=\"og:image:height\" content=\"512\" \/>\n\t<meta property=\"og:image:type\" content=\"image\/png\" \/>\n<meta name=\"twitter:card\" content=\"summary_large_image\" \/>\n<meta name=\"twitter:label1\" content=\"Tiempo de lectura\" \/>\n\t<meta name=\"twitter:data1\" content=\"2 minutos\" \/>\n<!-- \/ Yoast SEO plugin. -->","yoast_head_json":{"title":"DACA: Su camino hacia la protecci\u00f3n y el trabajo | Translations Certified","description":"Conozca sobre DACA, su elegibilidad, solicitud y beneficios para los llegados en la infancia en Translations Certified con nuestras gu\u00edas.","robots":{"index":"index","follow":"follow","max-snippet":"max-snippet:-1","max-image-preview":"max-image-preview:large","max-video-preview":"max-video-preview:-1"},"canonical":"https:\/\/www.translationscertified.com\/es\/recursos-de-documentos\/daca-accion-diferida-para-los-llegados-en-la-infancia","og_locale":"es_ES","og_type":"article","og_title":"DACA: Su camino hacia la protecci\u00f3n y el trabajo | Translations Certified","og_description":"Conozca sobre DACA, su elegibilidad, solicitud y beneficios para los llegados en la infancia en Translations Certified con nuestras gu\u00edas.","og_url":"https:\/\/www.translationscertified.com\/es\/recursos-de-documentos\/daca-accion-diferida-para-los-llegados-en-la-infancia","og_site_name":"Translations Certified","article_modified_time":"2025-03-07T21:49:09+00:00","og_image":[{"width":512,"height":512,"url":"https:\/\/www.translationscertified.com\/wp-content\/uploads\/2024\/06\/cropped-v.2b_03.png","type":"image\/png"}],"twitter_card":"summary_large_image","twitter_misc":{"Tiempo de lectura":"2 minutos"},"schema":{"@context":"https:\/\/schema.org","@graph":[{"@type":"WebPage","@id":"https:\/\/www.translationscertified.com\/es\/recursos-de-documentos\/daca-accion-diferida-para-los-llegados-en-la-infancia","url":"https:\/\/www.translationscertified.com\/es\/recursos-de-documentos\/daca-accion-diferida-para-los-llegados-en-la-infancia","name":"DACA: Su camino hacia la protecci\u00f3n y el trabajo | Translations Certified","isPartOf":{"@id":"https:\/\/www.translationscertified.com\/es#website"},"datePublished":"2024-10-16T16:22:05+00:00","dateModified":"2025-03-07T21:49:09+00:00","description":"Conozca sobre DACA, su elegibilidad, solicitud y beneficios para los llegados en la infancia en Translations Certified con nuestras gu\u00edas.","breadcrumb":{"@id":"https:\/\/www.translationscertified.com\/es\/recursos-de-documentos\/daca-accion-diferida-para-los-llegados-en-la-infancia#breadcrumb"},"inLanguage":"es","potentialAction":[{"@type":"ReadAction","target":["https:\/\/www.translationscertified.com\/es\/recursos-de-documentos\/daca-accion-diferida-para-los-llegados-en-la-infancia"]}]},{"@type":"BreadcrumbList","@id":"https:\/\/www.translationscertified.com\/es\/recursos-de-documentos\/daca-accion-diferida-para-los-llegados-en-la-infancia#breadcrumb","itemListElement":[{"@type":"ListItem","position":1,"name":"Home","item":"https:\/\/www.translationscertified.com\/es\/inicio"},{"@type":"ListItem","position":2,"name":"Recursos de documentos","item":"https:\/\/www.translationscertified.com\/es\/document-resources"},{"@type":"ListItem","position":3,"name":"DACA (Acci\u00f3n Diferida para los Llegados en la Infancia)"}]},{"@type":"WebSite","@id":"https:\/\/www.translationscertified.com\/es#website","url":"https:\/\/www.translationscertified.com\/es","name":"Translations Certified","description":"Translations Certified Translation Services","publisher":{"@id":"https:\/\/www.translationscertified.com\/es#organization"},"potentialAction":[{"@type":"SearchAction","target":{"@type":"EntryPoint","urlTemplate":"https:\/\/www.translationscertified.com\/es?s={search_term_string}"},"query-input":{"@type":"PropertyValueSpecification","valueRequired":true,"valueName":"search_term_string"}}],"inLanguage":"es"},{"@type":"Organization","@id":"https:\/\/www.translationscertified.com\/es#organization","name":"Translations Certified","url":"https:\/\/www.translationscertified.com\/es","logo":{"@type":"ImageObject","inLanguage":"es","@id":"https:\/\/www.translationscertified.com\/es#\/schema\/logo\/image\/","url":"https:\/\/www.translationscertified.com\/wp-content\/uploads\/2025\/10\/cropped-TranslationsCertified-01.webp","contentUrl":"https:\/\/www.translationscertified.com\/wp-content\/uploads\/2025\/10\/cropped-TranslationsCertified-01.webp","width":288,"height":86,"caption":"Translations Certified"},"image":{"@id":"https:\/\/www.translationscertified.com\/es#\/schema\/logo\/image\/"}}]}},"_links":{"self":[{"href":"https:\/\/www.translationscertified.com\/es\/wp-json\/wp\/v2\/pages\/5064","targetHints":{"allow":["GET"]}}],"collection":[{"href":"https:\/\/www.translationscertified.com\/es\/wp-json\/wp\/v2\/pages"}],"about":[{"href":"https:\/\/www.translationscertified.com\/es\/wp-json\/wp\/v2\/types\/page"}],"author":[{"embeddable":true,"href":"https:\/\/www.translationscertified.com\/es\/wp-json\/wp\/v2\/users\/4"}],"replies":[{"embeddable":true,"href":"https:\/\/www.translationscertified.com\/es\/wp-json\/wp\/v2\/comments?post=5064"}],"version-history":[{"count":0,"href":"https:\/\/www.translationscertified.com\/es\/wp-json\/wp\/v2\/pages\/5064\/revisions"}],"up":[{"embeddable":true,"href":"https:\/\/www.translationscertified.com\/es\/wp-json\/wp\/v2\/pages\/5045"}],"wp:attachment":[{"href":"https:\/\/www.translationscertified.com\/es\/wp-json\/wp\/v2\/media?parent=5064"}],"curies":[{"name":"wp","href":"https:\/\/api.w.org\/{rel}","templated":true}]}}