{"id":5066,"date":"2024-10-16T17:51:04","date_gmt":"2024-10-16T17:51:04","guid":{"rendered":"https:\/\/www.translationscertified.com\/?page_id=5066"},"modified":"2025-03-07T21:49:04","modified_gmt":"2025-03-07T21:49:04","slug":"renovacion-de-daca","status":"publish","type":"page","link":"https:\/\/www.translationscertified.com\/es\/recursos-de-documentos\/daca-accion-diferida-para-los-llegados-en-la-infancia\/renovacion-de-daca","title":{"rendered":"Renovaci\u00f3n de DACA"},"content":{"rendered":"\t\t<div data-elementor-type=\"wp-page\" data-elementor-id=\"5066\" class=\"elementor elementor-5066 elementor-2133\">\n\t\t\t\t<div class=\"elementor-element elementor-element-900a96b elementor-hidden-mobile e-flex e-con-boxed e-con e-parent\" data-id=\"900a96b\" data-element_type=\"container\" data-e-type=\"container\" data-settings=\"{&quot;background_background&quot;:&quot;classic&quot;}\">\n\t\t\t\t\t<div class=\"e-con-inner\">\n\t\t\t\t\t<\/div>\n\t\t\t\t<\/div>\n\t\t<div class=\"elementor-element elementor-element-a99e722 e-flex e-con-boxed e-con e-parent\" data-id=\"a99e722\" data-element_type=\"container\" data-e-type=\"container\">\n\t\t\t\t\t<div class=\"e-con-inner\">\n\t\t\t\t<div class=\"elementor-element elementor-element-445d5f1 elementor-widget elementor-widget-shortcode\" data-id=\"445d5f1\" data-element_type=\"widget\" data-e-type=\"widget\" data-widget_type=\"shortcode.default\">\n\t\t\t\t\t\t\t<div class=\"elementor-shortcode\"><span><span><a href=\"https:\/\/www.translationscertified.com\/es\">Home<\/a><\/span><\/span><\/div>\n\t\t\t\t\t\t<\/div>\n\t\t\t\t\t<\/div>\n\t\t\t\t<\/div>\n\t\t<div class=\"elementor-element elementor-element-e99b3f8 e-flex e-con-boxed e-con e-parent\" data-id=\"e99b3f8\" data-element_type=\"container\" data-e-type=\"container\">\n\t\t\t\t\t<div class=\"e-con-inner\">\n\t\t\t\t<div class=\"elementor-element elementor-element-048d23a elementor-widget elementor-widget-heading\" data-id=\"048d23a\" data-element_type=\"widget\" data-e-type=\"widget\" data-widget_type=\"heading.default\">\n\t\t\t\t\t<h1 class=\"elementor-heading-title elementor-size-default\">Renovaci\u00f3n de DACA: C\u00f3mo renovar su condici\u00f3n<\/h1>\t\t\t\t<\/div>\n\t\t\t\t\t<\/div>\n\t\t\t\t<\/div>\n\t\t<div class=\"elementor-element elementor-element-8da5467 e-flex e-con-boxed e-con e-parent\" data-id=\"8da5467\" data-element_type=\"container\" data-e-type=\"container\">\n\t\t\t\t\t<div class=\"e-con-inner\">\n\t\t\t\t<div class=\"elementor-element elementor-element-26dd6a6 elementor-widget elementor-widget-text-editor\" data-id=\"26dd6a6\" data-element_type=\"widget\" data-e-type=\"widget\" data-widget_type=\"text-editor.default\">\n\t\t\t\t\t\t\t\t\t<h2 class=\"ewa-rteLine\">\u00bfCu\u00e1ndo se deber\u00eda solicitar la renovaci\u00f3n de DACA?<\/h2>\n<div class=\"ewa-rteLine\">Puede presentar su solicitud de renovaci\u00f3n entre 120 y 150 d\u00edas (4 a 5 meses) antes de que expire su DACA actual. Esto garantiza que haya tiempo suficiente para procesarla sin una brecha en su protecci\u00f3n o autorizaci\u00f3n de trabajo.<\/div>\n<div class=\"ewa-rteLine\">\u00a0<\/div>\n<h2 class=\"ewa-rteLine\">\u00bfCu\u00e1les son los criterios de elegibilidad para la renovaci\u00f3n?<\/h2>\n<div class=\"ewa-rteLine\">Para ser elegible para la renovaci\u00f3n de DACA, debe cumplir con los siguientes requisitos:<\/div>\n<div class=\"ewa-rteLine\">\u00a0<\/div>\n<ul>\n<li class=\"ewa-rteLine\">haber recibido DACA previamente;<\/li>\n<li class=\"ewa-rteLine\">haber residido en forma continua en EE. UU. desde su \u00faltima aprobaci\u00f3n de DACA;<\/li>\n<li class=\"ewa-rteLine\">no haber salido de EE. UU. sin permiso anticipado desde que recibi\u00f3 DACA;<\/li>\n<li class=\"ewa-rteLine\">no tener condenas por ning\u00fan delito grave, delito menor significativo o tres o m\u00e1s delitos menores;<\/li>\n<li class=\"ewa-rteLine\">seguir cumpliendo con todas las pautas iniciales de DACA.<\/li>\n<\/ul>\n<h2 class=\"ewa-rteLine\">Pasos para solicitar la renovaci\u00f3n de DACA<\/h2>\n<div class=\"ewa-rteLine\">Complete y presente formularios:<\/div>\n<div class=\"ewa-rteLine\">\u00a0<\/div>\n<ul>\n<li class=\"ewa-rteLine\">Formulario I-821D: considerado el formulario principal de renovaci\u00f3n.<\/li>\n<li class=\"ewa-rteLine\">Formulario I-765: solicitud de autorizaci\u00f3n de empleo.<\/li>\n<li class=\"ewa-rteLine\">Hoja de trabajo del formulario I-765: documenta su necesidad financiera para obtener la autorizaci\u00f3n de trabajo.<\/li>\n<li class=\"ewa-rteLine\">Pago de la tarifa de presentaci\u00f3n: el costo total de la renovaci\u00f3n de DACA es de $495.<\/li>\n<li class=\"ewa-rteLine\">Proporcionar documentos de respaldo: debe incluir evidencia de su residencia continua, identidad y cualquier documento nuevo, si corresponde. Si estos documentos est\u00e1n en idioma extranjero, presente traducciones certificadas.<\/li>\n<\/ul>\n<h2 class=\"ewa-rteLine\">\u00bfQu\u00e9 documentos se necesitan para la renovaci\u00f3n?<\/h2>\n<div class=\"ewa-rteLine\">Para su solicitud de renovaci\u00f3n, en general no necesita presentar nuevos documentos de respaldo a menos que lo solicite USCIS. Sin embargo, deber\u00e1 proporcionar:<\/div>\n<div class=\"ewa-rteLine\">\u00a0<\/div>\n<ul>\n<li class=\"ewa-rteLine\">aviso de aprobaci\u00f3n de DACA actual;<\/li>\n<li class=\"ewa-rteLine\">Documento de Autorizaci\u00f3n de Empleo (EAD) previo;<\/li>\n<li class=\"ewa-rteLine\">traducciones certificadas de cualquier documento nuevo en idioma extranjero, como registros de viajes recientes.<\/li>\n<\/ul>\n<h2 class=\"ewa-rteLine\">\u00bfQu\u00e9 sucede si su deniegan su renovaci\u00f3n o se retrasa?<\/h2>\n<div class=\"ewa-rteLine\">Si la deniegan, perder\u00e1 su condici\u00f3n de acci\u00f3n diferida y su autorizaci\u00f3n de trabajo, lo que lo pondr\u00e1 en riesgo de deportaci\u00f3n. Si bien no existe un proceso de apelaci\u00f3n formal, puede volver a presentar su solicitud o presentar nueva evidencia si USCIS lo solicita. Si su renovaci\u00f3n se retrasa, puede enfrentar un lapso en la autorizaci\u00f3n de trabajo, por lo que es fundamental presentarla dentro del plazo recomendado.<\/div>\n<div class=\"ewa-rteLine\">\u00a0<\/div>\n<h2 class=\"ewa-rteLine\">\u00bfPuede renovar su DACA si tiene cargos penales?<\/h2>\n<div class=\"ewa-rteLine\">Si ha cometido alg\u00fan delito grave, un delito menor significativo o varios otros delitos menores desde su \u00faltima aprobaci\u00f3n de DACA, es posible que ya no sea elegible para la renovaci\u00f3n. USCIS revisar\u00e1 su caso para determinar su buen car\u00e1cter moral, y sus antecedentes penales pueden afectar la decisi\u00f3n.<\/div>\n\t\t\t\t\t\t\t\t<\/div>\n\t\t\t\t<div class=\"elementor-element elementor-element-f69c86b elementor-widget elementor-widget-heading\" data-id=\"f69c86b\" data-element_type=\"widget\" data-e-type=\"widget\" data-widget_type=\"heading.default\">\n\t\t\t\t\t<h2 class=\"elementor-heading-title elementor-size-default\">\u00bfC\u00f3mo puede Translations Certified ayudarlo con su renovaci\u00f3n de DACA?<\/h2>\t\t\t\t<\/div>\n\t\t\t\t<div class=\"elementor-element elementor-element-6a97057 elementor-widget elementor-widget-text-editor\" data-id=\"6a97057\" data-element_type=\"widget\" data-e-type=\"widget\" data-widget_type=\"text-editor.default\">\n\t\t\t\t\t\t\t\t\t<div class=\"ewa-rteLine\">\n<div class=\"ewa-rteLine\">Translations Certified proporciona traducciones certificadas precisas de cualquier documento requerido que est\u00e9 en idioma extranjero, y se asegura de que su solicitud de renovaci\u00f3n de DACA cumpla con los est\u00e1ndares de USCIS. Desde documentos de viaje hasta nuevos registros educativos, nos aseguramos de que su documentaci\u00f3n est\u00e9 completa y cumpla con los requisitos.<\/div>\n<\/div>\n\t\t\t\t\t\t\t\t<\/div>\n\t\t\t\t\t<\/div>\n\t\t\t\t<\/div>\n\t\t<div class=\"elementor-element elementor-element-51884a9 e-flex e-con-boxed e-con e-parent\" data-id=\"51884a9\" data-element_type=\"container\" data-e-type=\"container\">\n\t\t\t\t\t<div class=\"e-con-inner\">\n\t\t<div class=\"elementor-element elementor-element-555ac5e e-flex e-con-boxed e-con e-child\" data-id=\"555ac5e\" data-element_type=\"container\" data-e-type=\"container\" data-settings=\"{&quot;background_background&quot;:&quot;classic&quot;}\">\n\t\t\t\t\t<div class=\"e-con-inner\">\n\t\t\t\t<div class=\"elementor-element elementor-element-3166c06 elementor-widget elementor-widget-text-editor\" data-id=\"3166c06\" data-element_type=\"widget\" data-e-type=\"widget\" data-widget_type=\"text-editor.default\">\n\t\t\t\t\t\t\t\t\t<p><i>La informaci\u00f3n proporcionada aqu\u00ed es solo para fines informativos generales y no pretende ser asesoramiento legal. Si bien nos esforzamos por garantizar que la informaci\u00f3n sea precisa y actual, no sustituye el asesoramiento legal profesional. Consulte a un abogado calificado para obtener asesoramiento sobre su situaci\u00f3n espec\u00edfica o si tiene preguntas legales.<\/i><\/p>\n\t\t\t\t\t\t\t\t<\/div>\n\t\t\t\t\t<\/div>\n\t\t\t\t<\/div>\n\t\t\t\t\t<\/div>\n\t\t\t\t<\/div>\n\t\t<div class=\"elementor-element elementor-element-b95b682 e-flex e-con-boxed e-con e-parent\" data-id=\"b95b682\" data-element_type=\"container\" data-e-type=\"container\">\n\t\t\t\t\t<div class=\"e-con-inner\">\n\t\t\t\t<div class=\"elementor-element elementor-element-129fec8 elementor-widget elementor-widget-heading\" data-id=\"129fec8\" data-element_type=\"widget\" data-e-type=\"widget\" data-widget_type=\"heading.default\">\n\t\t\t\t\t<h2 class=\"elementor-heading-title elementor-size-default\">Explore nuestras p\u00e1ginas informativas sobre DACA<\/h2>\t\t\t\t<\/div>\n\t\t<div class=\"elementor-element elementor-element-34b7f98 e-flex e-con-boxed e-con e-child\" data-id=\"34b7f98\" data-element_type=\"container\" data-e-type=\"container\">\n\t\t\t\t\t<div class=\"e-con-inner\">\n\t\t<div class=\"elementor-element elementor-element-66770f4 e-flex e-con-boxed e-con e-child\" data-id=\"66770f4\" data-element_type=\"container\" data-e-type=\"container\" data-settings=\"{&quot;background_background&quot;:&quot;classic&quot;}\">\n\t\t\t\t\t<div class=\"e-con-inner\">\n\t\t\t\t<div class=\"elementor-element elementor-element-3a2c4cd elementor-widget elementor-widget-heading\" data-id=\"3a2c4cd\" data-element_type=\"widget\" data-e-type=\"widget\" data-widget_type=\"heading.default\">\n\t\t\t\t\t<h2 class=\"elementor-heading-title elementor-size-default\">Elegibilidad para DACA<\/h2>\t\t\t\t<\/div>\n\t\t\t\t<div class=\"elementor-element elementor-element-50d2721 elementor-align-center elementor-widget__width-auto elementor-widget elementor-widget-button\" data-id=\"50d2721\" data-element_type=\"widget\" data-e-type=\"widget\" data-widget_type=\"button.default\">\n\t\t\t\t\t\t\t\t\t\t<a class=\"elementor-button elementor-button-link elementor-size-sm\" href=\"https:\/\/www.translationscertified.com\/es\/recursos-de-documentos\/daca-accion-diferida-para-los-llegados-en-la-infancia\/elegibilidad-para-daca\">\n\t\t\t\t\t\t<span class=\"elementor-button-content-wrapper\">\n\t\t\t\t\t\t\t\t\t<span class=\"elementor-button-text\">Vea la p\u00e1gina<\/span>\n\t\t\t\t\t<\/span>\n\t\t\t\t\t<\/a>\n\t\t\t\t\t\t\t\t<\/div>\n\t\t\t\t\t<\/div>\n\t\t\t\t<\/div>\n\t\t<div class=\"elementor-element elementor-element-868ea1d e-flex e-con-boxed e-con e-child\" data-id=\"868ea1d\" data-element_type=\"container\" data-e-type=\"container\" data-settings=\"{&quot;background_background&quot;:&quot;classic&quot;}\">\n\t\t\t\t\t<div class=\"e-con-inner\">\n\t\t\t\t<div class=\"elementor-element elementor-element-852e2aa elementor-widget elementor-widget-heading\" data-id=\"852e2aa\" data-element_type=\"widget\" data-e-type=\"widget\" data-widget_type=\"heading.default\">\n\t\t\t\t\t<h2 class=\"elementor-heading-title elementor-size-default\">Renovaci\u00f3n de DACA<\/h2>\t\t\t\t<\/div>\n\t\t\t\t<div class=\"elementor-element elementor-element-06e5540 elementor-align-center elementor-widget__width-auto elementor-widget elementor-widget-button\" data-id=\"06e5540\" data-element_type=\"widget\" data-e-type=\"widget\" data-widget_type=\"button.default\">\n\t\t\t\t\t\t\t\t\t\t<a class=\"elementor-button elementor-button-link elementor-size-sm\" href=\"https:\/\/www.translationscertified.com\/es\/recursos-de-documentos\/daca-accion-diferida-para-los-llegados-en-la-infancia\/renovacion-de-daca\">\n\t\t\t\t\t\t<span class=\"elementor-button-content-wrapper\">\n\t\t\t\t\t\t\t\t\t<span class=\"elementor-button-text\">Vea la p\u00e1gina<\/span>\n\t\t\t\t\t<\/span>\n\t\t\t\t\t<\/a>\n\t\t\t\t\t\t\t\t<\/div>\n\t\t\t\t\t<\/div>\n\t\t\t\t<\/div>\n\t\t\t\t\t<\/div>\n\t\t\t\t<\/div>\n\t\t\t\t\t<\/div>\n\t\t\t\t<\/div>\n\t\t\t\t<\/div>\n\t\t","protected":false},"excerpt":{"rendered":"<p>Renovaci\u00f3n de DACA: C\u00f3mo renovar su condici\u00f3n \u00bfCu\u00e1ndo se deber\u00eda solicitar la renovaci\u00f3n de DACA? Puede presentar su solicitud de renovaci\u00f3n entre 120 y 150 d\u00edas (4 a 5 meses) &#8230; <a title=\"Renovaci\u00f3n de DACA\" class=\"read-more\" href=\"https:\/\/www.translationscertified.com\/es\/recursos-de-documentos\/daca-accion-diferida-para-los-llegados-en-la-infancia\/renovacion-de-daca\" aria-label=\"Read more about Renovaci\u00f3n de DACA\">Read more<\/a><\/p>\n","protected":false},"author":4,"featured_media":0,"parent":5064,"menu_order":0,"comment_status":"closed","ping_status":"closed","template":"","meta":{"_acf_changed":false,"content-type":"","footnotes":""},"class_list":["post-5066","page","type-page","status-publish"],"acf":[],"yoast_head":"<!-- This site is optimized with the Yoast SEO plugin v27.1.1 - https:\/\/yoast.com\/product\/yoast-seo-wordpress\/ -->\n<title>Proceso de renovaci\u00f3n de DACA | Translations Certified<\/title>\n<meta name=\"description\" content=\"\u00bfDebe renovar DACA? Encuentre requisitos de elegibilidad, formularios y consejos para evitar demoras en la solicitud en nuestras gu\u00edas.\" \/>\n<meta name=\"robots\" content=\"index, follow, max-snippet:-1, max-image-preview:large, max-video-preview:-1\" \/>\n<link rel=\"canonical\" href=\"https:\/\/www.translationscertified.com\/es\/recursos-de-documentos\/daca-accion-diferida-para-los-llegados-en-la-infancia\/renovacion-de-daca\" \/>\n<meta property=\"og:locale\" content=\"es_ES\" \/>\n<meta property=\"og:type\" content=\"article\" \/>\n<meta property=\"og:title\" content=\"Proceso de renovaci\u00f3n de DACA | Translations Certified\" \/>\n<meta property=\"og:description\" content=\"\u00bfDebe renovar DACA? Encuentre requisitos de elegibilidad, formularios y consejos para evitar demoras en la solicitud en nuestras gu\u00edas.\" \/>\n<meta property=\"og:url\" content=\"https:\/\/www.translationscertified.com\/es\/recursos-de-documentos\/daca-accion-diferida-para-los-llegados-en-la-infancia\/renovacion-de-daca\" \/>\n<meta property=\"og:site_name\" content=\"Translations Certified\" \/>\n<meta property=\"article:modified_time\" content=\"2025-03-07T21:49:04+00:00\" \/>\n<meta property=\"og:image\" content=\"https:\/\/www.translationscertified.com\/wp-content\/uploads\/2024\/06\/cropped-v.2b_03.png\" \/>\n\t<meta property=\"og:image:width\" content=\"512\" \/>\n\t<meta property=\"og:image:height\" content=\"512\" \/>\n\t<meta property=\"og:image:type\" content=\"image\/png\" \/>\n<meta name=\"twitter:card\" content=\"summary_large_image\" \/>\n<meta name=\"twitter:label1\" content=\"Est. reading time\" \/>\n\t<meta name=\"twitter:data1\" content=\"3 minutos\" \/>\n<!-- \/ Yoast SEO plugin. -->","yoast_head_json":{"title":"Proceso de renovaci\u00f3n de DACA | Translations Certified","description":"\u00bfDebe renovar DACA? Encuentre requisitos de elegibilidad, formularios y consejos para evitar demoras en la solicitud en nuestras gu\u00edas.","robots":{"index":"index","follow":"follow","max-snippet":"max-snippet:-1","max-image-preview":"max-image-preview:large","max-video-preview":"max-video-preview:-1"},"canonical":"https:\/\/www.translationscertified.com\/es\/recursos-de-documentos\/daca-accion-diferida-para-los-llegados-en-la-infancia\/renovacion-de-daca","og_locale":"es_ES","og_type":"article","og_title":"Proceso de renovaci\u00f3n de DACA | Translations Certified","og_description":"\u00bfDebe renovar DACA? Encuentre requisitos de elegibilidad, formularios y consejos para evitar demoras en la solicitud en nuestras gu\u00edas.","og_url":"https:\/\/www.translationscertified.com\/es\/recursos-de-documentos\/daca-accion-diferida-para-los-llegados-en-la-infancia\/renovacion-de-daca","og_site_name":"Translations Certified","article_modified_time":"2025-03-07T21:49:04+00:00","og_image":[{"width":512,"height":512,"url":"https:\/\/www.translationscertified.com\/wp-content\/uploads\/2024\/06\/cropped-v.2b_03.png","type":"image\/png"}],"twitter_card":"summary_large_image","twitter_misc":{"Est. reading time":"3 minutos"},"schema":{"@context":"https:\/\/schema.org","@graph":[{"@type":"WebPage","@id":"https:\/\/www.translationscertified.com\/es\/recursos-de-documentos\/daca-accion-diferida-para-los-llegados-en-la-infancia\/renovacion-de-daca","url":"https:\/\/www.translationscertified.com\/es\/recursos-de-documentos\/daca-accion-diferida-para-los-llegados-en-la-infancia\/renovacion-de-daca","name":"Proceso de renovaci\u00f3n de DACA | Translations Certified","isPartOf":{"@id":"https:\/\/www.translationscertified.com\/es#website"},"datePublished":"2024-10-16T17:51:04+00:00","dateModified":"2025-03-07T21:49:04+00:00","description":"\u00bfDebe renovar DACA? Encuentre requisitos de elegibilidad, formularios y consejos para evitar demoras en la solicitud en nuestras gu\u00edas.","breadcrumb":{"@id":"https:\/\/www.translationscertified.com\/es\/recursos-de-documentos\/daca-accion-diferida-para-los-llegados-en-la-infancia\/renovacion-de-daca#breadcrumb"},"inLanguage":"es","potentialAction":[{"@type":"ReadAction","target":["https:\/\/www.translationscertified.com\/es\/recursos-de-documentos\/daca-accion-diferida-para-los-llegados-en-la-infancia\/renovacion-de-daca"]}]},{"@type":"BreadcrumbList","@id":"https:\/\/www.translationscertified.com\/es\/recursos-de-documentos\/daca-accion-diferida-para-los-llegados-en-la-infancia\/renovacion-de-daca#breadcrumb","itemListElement":[{"@type":"ListItem","position":1,"name":"Home","item":"https:\/\/www.translationscertified.com\/es"},{"@type":"ListItem","position":2,"name":"Recursos de documentos","item":"https:\/\/www.translationscertified.com\/es\/document-resources"},{"@type":"ListItem","position":3,"name":"DACA (Acci\u00f3n Diferida para los Llegados en la Infancia)","item":"https:\/\/www.translationscertified.com\/es\/document-resources\/daca"},{"@type":"ListItem","position":4,"name":"Renovaci\u00f3n de DACA"}]},{"@type":"WebSite","@id":"https:\/\/www.translationscertified.com\/es#website","url":"https:\/\/www.translationscertified.com\/es","name":"Translations Certified","description":"Translations Certified Translation Services","publisher":{"@id":"https:\/\/www.translationscertified.com\/es#organization"},"potentialAction":[{"@type":"SearchAction","target":{"@type":"EntryPoint","urlTemplate":"https:\/\/www.translationscertified.com\/es?s={search_term_string}"},"query-input":{"@type":"PropertyValueSpecification","valueRequired":true,"valueName":"search_term_string"}}],"inLanguage":"es"},{"@type":"Organization","@id":"https:\/\/www.translationscertified.com\/es#organization","name":"Translations Certified","url":"https:\/\/www.translationscertified.com\/es","logo":{"@type":"ImageObject","inLanguage":"es","@id":"https:\/\/www.translationscertified.com\/es#\/schema\/logo\/image\/","url":"https:\/\/www.translationscertified.com\/wp-content\/uploads\/2025\/10\/cropped-TranslationsCertified-01.webp","contentUrl":"https:\/\/www.translationscertified.com\/wp-content\/uploads\/2025\/10\/cropped-TranslationsCertified-01.webp","width":288,"height":86,"caption":"Translations Certified"},"image":{"@id":"https:\/\/www.translationscertified.com\/es#\/schema\/logo\/image\/"}}]}},"_links":{"self":[{"href":"https:\/\/www.translationscertified.com\/es\/wp-json\/wp\/v2\/pages\/5066","targetHints":{"allow":["GET"]}}],"collection":[{"href":"https:\/\/www.translationscertified.com\/es\/wp-json\/wp\/v2\/pages"}],"about":[{"href":"https:\/\/www.translationscertified.com\/es\/wp-json\/wp\/v2\/types\/page"}],"author":[{"embeddable":true,"href":"https:\/\/www.translationscertified.com\/es\/wp-json\/wp\/v2\/users\/4"}],"replies":[{"embeddable":true,"href":"https:\/\/www.translationscertified.com\/es\/wp-json\/wp\/v2\/comments?post=5066"}],"version-history":[{"count":0,"href":"https:\/\/www.translationscertified.com\/es\/wp-json\/wp\/v2\/pages\/5066\/revisions"}],"up":[{"embeddable":true,"href":"https:\/\/www.translationscertified.com\/es\/wp-json\/wp\/v2\/pages\/5064"}],"wp:attachment":[{"href":"https:\/\/www.translationscertified.com\/es\/wp-json\/wp\/v2\/media?parent=5066"}],"curies":[{"name":"wp","href":"https:\/\/api.w.org\/{rel}","templated":true}]}}