{"id":5067,"date":"2024-10-17T16:02:16","date_gmt":"2024-10-17T16:02:16","guid":{"rendered":"https:\/\/www.translationscertified.com\/?page_id=5067"},"modified":"2025-03-07T21:49:03","modified_gmt":"2025-03-07T21:49:03","slug":"preguntas-frecuentes-faq","status":"publish","type":"page","link":"https:\/\/www.translationscertified.com\/es\/recursos-de-documentos\/preguntas-frecuentes-faq","title":{"rendered":"Preguntas Frecuentes (FAQ)"},"content":{"rendered":"\t\t<div data-elementor-type=\"wp-page\" data-elementor-id=\"5067\" class=\"elementor elementor-5067 elementor-2163\">\n\t\t\t\t<div class=\"elementor-element elementor-element-ed4ac6d elementor-hidden-mobile e-flex e-con-boxed e-con e-parent\" data-id=\"ed4ac6d\" data-element_type=\"container\" data-e-type=\"container\" data-settings=\"{&quot;background_background&quot;:&quot;classic&quot;}\">\n\t\t\t\t\t<div class=\"e-con-inner\">\n\t\t\t\t\t<\/div>\n\t\t\t\t<\/div>\n\t\t<div class=\"elementor-element elementor-element-4eeb698 e-flex e-con-boxed e-con e-parent\" data-id=\"4eeb698\" data-element_type=\"container\" data-e-type=\"container\">\n\t\t\t\t\t<div class=\"e-con-inner\">\n\t\t\t\t<div class=\"elementor-element elementor-element-8f73401 elementor-widget elementor-widget-shortcode\" data-id=\"8f73401\" data-element_type=\"widget\" data-e-type=\"widget\" data-widget_type=\"shortcode.default\">\n\t\t\t\t\t\t\t<div class=\"elementor-shortcode\"><span><span><a href=\"https:\/\/www.translationscertified.com\/es\/inicio\">Home<\/a><\/span><\/span><\/div>\n\t\t\t\t\t\t<\/div>\n\t\t\t\t\t<\/div>\n\t\t\t\t<\/div>\n\t\t<div class=\"elementor-element elementor-element-b449c23 e-flex e-con-boxed e-con e-parent\" data-id=\"b449c23\" data-element_type=\"container\" data-e-type=\"container\">\n\t\t\t\t\t<div class=\"e-con-inner\">\n\t\t\t\t<div class=\"elementor-element elementor-element-5478059 elementor-widget elementor-widget-heading\" data-id=\"5478059\" data-element_type=\"widget\" data-e-type=\"widget\" data-widget_type=\"heading.default\">\n\t\t\t\t\t<h1 class=\"elementor-heading-title elementor-size-default\">Preguntas frecuentes (FAQ): Inmigraci\u00f3n en EE. UU., servicios de traducci\u00f3n y m\u00e1s <\/h1>\t\t\t\t<\/div>\n\t\t\t\t\t<\/div>\n\t\t\t\t<\/div>\n\t\t<div class=\"elementor-element elementor-element-8b3e2dc e-flex e-con-boxed e-con e-parent\" data-id=\"8b3e2dc\" data-element_type=\"container\" data-e-type=\"container\">\n\t\t\t\t\t<div class=\"e-con-inner\">\n\t\t\t\t<div class=\"elementor-element elementor-element-b6a633d elementor-widget elementor-widget-text-editor\" data-id=\"b6a633d\" data-element_type=\"widget\" data-e-type=\"widget\" data-widget_type=\"text-editor.default\">\n\t\t\t\t\t\t\t\t\t<div class=\"ewa-rteLine\">En esta secci\u00f3n se proporcionan respuestas a preguntas comunes sobre los procedimientos de inmigraci\u00f3n de EE. UU. y temas adicionales como traducciones certificadas, certificaci\u00f3n notarial y presentaci\u00f3n de documentos con fines de inmigraci\u00f3n.<\/div>\n<div class=\"ewa-rteLine\">\u00a0<\/div>\n<h2 class=\"ewa-rteLine\">Preguntas frecuentes generales<\/h2>\n<div class=\"ewa-rteLine\">\u00bfQu\u00e9 es una traducci\u00f3n certificada? Es una traducci\u00f3n acompa\u00f1ada de una declaraci\u00f3n firmada por el traductor o la agencia de traducci\u00f3n, que confirma que la traducci\u00f3n es precisa y est\u00e1 completa. USCIS y otros organismos gubernamentales exigen traducciones certificadas de cualquier documento que no est\u00e9 originalmente en ingl\u00e9s.<\/div>\n<div class=\"ewa-rteLine\">\u00a0<\/div>\n<h2 class=\"ewa-rteLine\">\u00bfPor qu\u00e9 necesito traducciones certificadas para USCIS?<\/h2>\n<div class=\"ewa-rteLine\">USCIS requiere traducciones certificadas de todos los documentos en idiomas extranjeros como certificados de nacimiento o de matrimonio, y registros judiciales. Estas traducciones garantizan que toda la informaci\u00f3n presentada sea clara, precisa y comprensible para el funcionario revisor.<\/div>\n<div class=\"ewa-rteLine\">\u00a0<\/div>\n<h2 class=\"ewa-rteLine\">\u00bfCu\u00e1l es la diferencia entre una traducci\u00f3n certificada y una notariada?<\/h2>\n<div class=\"ewa-rteLine\">Una traducci\u00f3n certificada es una declaraci\u00f3n firmada por el traductor de que la traducci\u00f3n es exacta. Una traducci\u00f3n notariada implica que un notario p\u00fablico verifica la identidad del traductor y certifica que esa persona realiz\u00f3 la traducci\u00f3n. Si bien las traducciones certificadas suelen ser suficientes para el USCIS, algunos casos tambi\u00e9n pueden requerir que sean notariadas.<\/div>\n<div class=\"ewa-rteLine\">\u00a0<\/div>\n<h2 class=\"ewa-rteLine\">\u00bfCu\u00e1nto tiempo lleva procesar una traducci\u00f3n certificada?<\/h2>\n<div class=\"ewa-rteLine\">El tiempo de procesamiento de las traducciones certificadas var\u00eda seg\u00fan la longitud y la complejidad del documento. Sin embargo, en Translations Certified, ofrecemos servicios acelerados para casos urgentes, y garantizamos que sus documentos estar\u00e1n listos con rapidez.<\/div>\n<div class=\"ewa-rteLine\">\u00a0<\/div>\n<h2 class=\"ewa-rteLine\">\u00bfQu\u00e9 debo hacer si me faltan documentos importantes para mi solicitud?<\/h2>\n<div class=\"ewa-rteLine\">Si falta alg\u00fan documento requerido, deber\u00e1 presentar una declaraci\u00f3n de la autoridad emisora que confirme que el documento no est\u00e1 disponible. Tambi\u00e9n puede proporcionar evidencia secundaria, como registros escolares o documentos de la iglesia, para respaldar su reclamo.<\/div>\n<div class=\"ewa-rteLine\">\u00a0<\/div>\n<h2 class=\"ewa-rteLine\">\u00bfC\u00f3mo puedo asegurarme de que mis traducciones cumplan con los requisitos de USCIS?<\/h2>\n<div class=\"ewa-rteLine\">Al utilizar un servicio profesional como Translations Certified, puede asegurarse de que sus traducciones cumplan con los est\u00e1ndares de USCIS. Proporcionamos traducciones certificadas y notariadas para cumplir con los requisitos gubernamentales, y reducir as\u00ed el riesgo de demoras en las solicitudes.<\/div>\n<div class=\"ewa-rteLine\">\u00a0<\/div>\n<h2 class=\"ewa-rteLine\">\u00bfQu\u00e9 sucede si rechazan mi solicitud debido a documentaci\u00f3n incompleta o incorrecta?<\/h2>\n<div class=\"ewa-rteLine\">Si faltan documentos o son incorrectos, muchas veces puede apelar la decisi\u00f3n o presentar una versi\u00f3n corregida del formulario con la documentaci\u00f3n adecuada. Es importante asegurarse de que todas las traducciones est\u00e9n certificadas y que se proporcione toda la informaci\u00f3n solicitada.<\/div>\n\t\t\t\t\t\t\t\t<\/div>\n\t\t\t\t\t<\/div>\n\t\t\t\t<\/div>\n\t\t<div class=\"elementor-element elementor-element-74581426 e-flex e-con-boxed e-con e-parent\" data-id=\"74581426\" data-element_type=\"container\" data-e-type=\"container\">\n\t\t\t\t\t<div class=\"e-con-inner\">\n\t\t<div class=\"elementor-element elementor-element-678edb06 e-flex e-con-boxed e-con e-child\" data-id=\"678edb06\" data-element_type=\"container\" data-e-type=\"container\" data-settings=\"{&quot;background_background&quot;:&quot;classic&quot;}\">\n\t\t\t\t\t<div class=\"e-con-inner\">\n\t\t\t\t<div class=\"elementor-element elementor-element-43abe75a elementor-widget elementor-widget-text-editor\" data-id=\"43abe75a\" data-element_type=\"widget\" data-e-type=\"widget\" data-widget_type=\"text-editor.default\">\n\t\t\t\t\t\t\t\t\t<p><i>La informaci\u00f3n proporcionada aqu\u00ed es solo para fines informativos generales y no pretende ser asesoramiento legal. Si bien nos esforzamos por garantizar que la informaci\u00f3n sea precisa y actual, no sustituye el asesoramiento legal profesional. Consulte a un abogado calificado para obtener asesoramiento sobre su situaci\u00f3n espec\u00edfica o si tiene preguntas legales.<\/i><\/p>\n\t\t\t\t\t\t\t\t<\/div>\n\t\t\t\t\t<\/div>\n\t\t\t\t<\/div>\n\t\t\t\t\t<\/div>\n\t\t\t\t<\/div>\n\t\t<div class=\"elementor-element elementor-element-5a701b3 e-flex e-con-boxed e-con e-parent\" data-id=\"5a701b3\" data-element_type=\"container\" data-e-type=\"container\">\n\t\t\t\t\t<div class=\"e-con-inner\">\n\t\t\t\t<div class=\"elementor-element elementor-element-624068c elementor-widget elementor-widget-heading\" data-id=\"624068c\" data-element_type=\"widget\" data-e-type=\"widget\" data-widget_type=\"heading.default\">\n\t\t\t\t\t<h2 class=\"elementor-heading-title elementor-size-default\">Preguntas frecuentes sobre temas espec\u00edficos<\/h2>\t\t\t\t<\/div>\n\t\t\t\t<div class=\"elementor-element elementor-element-4b810c0 elementor-widget elementor-widget-text-editor\" data-id=\"4b810c0\" data-element_type=\"widget\" data-e-type=\"widget\" data-widget_type=\"text-editor.default\">\n\t\t\t\t\t\t\t\t\t<div class=\"ewa-rteLine\">Para ver preguntas m\u00e1s espec\u00edficas relacionadas con la inmigraci\u00f3n, explore nuestras secciones dedicadas:<\/div>\n\t\t\t\t\t\t\t\t<\/div>\n\t\t<div class=\"elementor-element elementor-element-90a91b4 e-flex e-con-boxed e-con e-child\" data-id=\"90a91b4\" data-element_type=\"container\" data-e-type=\"container\">\n\t\t\t\t\t<div class=\"e-con-inner\">\n\t\t<div class=\"elementor-element elementor-element-9ea0b28 e-flex e-con-boxed e-con e-child\" data-id=\"9ea0b28\" data-element_type=\"container\" data-e-type=\"container\" data-settings=\"{&quot;background_background&quot;:&quot;classic&quot;}\">\n\t\t\t\t\t<div class=\"e-con-inner\">\n\t\t\t\t<div class=\"elementor-element elementor-element-2f6f064 elementor-widget elementor-widget-heading\" data-id=\"2f6f064\" data-element_type=\"widget\" data-e-type=\"widget\" data-widget_type=\"heading.default\">\n\t\t\t\t\t<h2 class=\"elementor-heading-title elementor-size-default\">Preguntas frecuentes sobre visas para Estados Unidos <\/h2>\t\t\t\t<\/div>\n\t\t\t\t<div class=\"elementor-element elementor-element-272b381 elementor-widget elementor-widget-text-editor\" data-id=\"272b381\" data-element_type=\"widget\" data-e-type=\"widget\" data-widget_type=\"text-editor.default\">\n\t\t\t\t\t\t\t\t\t<p>Informaci\u00f3n sobre diferentes tipos de visa, elegibilidad y solicitudes.\u00a0 \u00a0 \u00a0 \u00a0 \u00a0 \u00a0 \u00a0 \u00a0 \u00a0 \u00a0 \u00a0 \u00a0 \u00a0 \u00a0 \u00a0 \u00a0 \u00a0<\/p>\n\t\t\t\t\t\t\t\t<\/div>\n\t\t\t\t<div class=\"elementor-element elementor-element-11df654 elementor-align-center elementor-widget__width-auto elementor-widget elementor-widget-button\" data-id=\"11df654\" data-element_type=\"widget\" data-e-type=\"widget\" data-widget_type=\"button.default\">\n\t\t\t\t\t\t\t\t\t\t<a class=\"elementor-button elementor-button-link elementor-size-sm\" href=\"https:\/\/www.translationscertified.com\/es\/recursos-de-documentos\/preguntas-frecuentes-faq\/preguntas-frecuentes-sobre-visas-de-ee-uu\">\n\t\t\t\t\t\t<span class=\"elementor-button-content-wrapper\">\n\t\t\t\t\t\t\t\t\t<span class=\"elementor-button-text\">Vea la p\u00e1gina<\/span>\n\t\t\t\t\t<\/span>\n\t\t\t\t\t<\/a>\n\t\t\t\t\t\t\t\t<\/div>\n\t\t\t\t\t<\/div>\n\t\t\t\t<\/div>\n\t\t<div class=\"elementor-element elementor-element-7481269 e-flex e-con-boxed e-con e-child\" data-id=\"7481269\" data-element_type=\"container\" data-e-type=\"container\" data-settings=\"{&quot;background_background&quot;:&quot;classic&quot;}\">\n\t\t\t\t\t<div class=\"e-con-inner\">\n\t\t\t\t<div class=\"elementor-element elementor-element-a3d5df8 elementor-widget elementor-widget-heading\" data-id=\"a3d5df8\" data-element_type=\"widget\" data-e-type=\"widget\" data-widget_type=\"heading.default\">\n\t\t\t\t\t<h2 class=\"elementor-heading-title elementor-size-default\">Preguntas frecuentes sobre el permiso de residencia o trabajo<\/h2>\t\t\t\t<\/div>\n\t\t\t\t<div class=\"elementor-element elementor-element-388b298 elementor-widget elementor-widget-text-editor\" data-id=\"388b298\" data-element_type=\"widget\" data-e-type=\"widget\" data-widget_type=\"text-editor.default\">\n\t\t\t\t\t\t\t\t\t<p>Respuestas a preguntas sobre c\u00f3mo obtener, renovar y mantener un permiso de residencia o trabajo.\u00a0 \u00a0 \u00a0 \u00a0 \u00a0 \u00a0\u00a0<\/p>\n\t\t\t\t\t\t\t\t<\/div>\n\t\t\t\t<div class=\"elementor-element elementor-element-0b9efbb elementor-align-center elementor-widget__width-auto elementor-widget elementor-widget-button\" data-id=\"0b9efbb\" data-element_type=\"widget\" data-e-type=\"widget\" data-widget_type=\"button.default\">\n\t\t\t\t\t\t\t\t\t\t<a class=\"elementor-button elementor-button-link elementor-size-sm\" href=\"https:\/\/www.translationscertified.com\/es\/recursos-de-documentos\/preguntas-frecuentes-faq\/preguntas-frecuentes-sobre-el-permiso-de-residencia-o-trabajo\">\n\t\t\t\t\t\t<span class=\"elementor-button-content-wrapper\">\n\t\t\t\t\t\t\t\t\t<span class=\"elementor-button-text\">Vea la p\u00e1gina<\/span>\n\t\t\t\t\t<\/span>\n\t\t\t\t\t<\/a>\n\t\t\t\t\t\t\t\t<\/div>\n\t\t\t\t\t<\/div>\n\t\t\t\t<\/div>\n\t\t<div class=\"elementor-element elementor-element-8533ac5 e-flex e-con-boxed e-con e-child\" data-id=\"8533ac5\" data-element_type=\"container\" data-e-type=\"container\" data-settings=\"{&quot;background_background&quot;:&quot;classic&quot;}\">\n\t\t\t\t\t<div class=\"e-con-inner\">\n\t\t\t\t<div class=\"elementor-element elementor-element-20d3f55 elementor-widget elementor-widget-heading\" data-id=\"20d3f55\" data-element_type=\"widget\" data-e-type=\"widget\" data-widget_type=\"heading.default\">\n\t\t\t\t\t<h2 class=\"elementor-heading-title elementor-size-default\">Preguntas frecuentes sobre ciudadan\u00eda<\/h2>\t\t\t\t<\/div>\n\t\t\t\t<div class=\"elementor-element elementor-element-ed1bb89 elementor-widget elementor-widget-text-editor\" data-id=\"ed1bb89\" data-element_type=\"widget\" data-e-type=\"widget\" data-widget_type=\"text-editor.default\">\n\t\t\t\t\t\t\t\t\t<p>Respuestas detalladas a preguntas sobre los requisitos de naturalizaci\u00f3n y ciudadan\u00eda.<\/p>\n\t\t\t\t\t\t\t\t<\/div>\n\t\t\t\t<div class=\"elementor-element elementor-element-0827b35 elementor-align-center elementor-widget__width-auto elementor-widget elementor-widget-button\" data-id=\"0827b35\" data-element_type=\"widget\" data-e-type=\"widget\" data-widget_type=\"button.default\">\n\t\t\t\t\t\t\t\t\t\t<a class=\"elementor-button elementor-button-link elementor-size-sm\" href=\"https:\/\/www.translationscertified.com\/es\/recursos-de-documentos\/preguntas-frecuentes-faq\/preguntas-frecuentes-sobre-ciudadania-estadounidense\">\n\t\t\t\t\t\t<span class=\"elementor-button-content-wrapper\">\n\t\t\t\t\t\t\t\t\t<span class=\"elementor-button-text\">Vea la p\u00e1gina<\/span>\n\t\t\t\t\t<\/span>\n\t\t\t\t\t<\/a>\n\t\t\t\t\t\t\t\t<\/div>\n\t\t\t\t\t<\/div>\n\t\t\t\t<\/div>\n\t\t\t\t\t<\/div>\n\t\t\t\t<\/div>\n\t\t\t\t\t<\/div>\n\t\t\t\t<\/div>\n\t\t\t\t<\/div>\n\t\t","protected":false},"excerpt":{"rendered":"<p>Preguntas frecuentes (FAQ): Inmigraci\u00f3n en EE. UU., servicios de traducci\u00f3n y m\u00e1s En esta secci\u00f3n se proporcionan respuestas a preguntas comunes sobre los procedimientos de inmigraci\u00f3n de EE. UU. y &#8230; <a title=\"Preguntas Frecuentes (FAQ)\" class=\"read-more\" href=\"https:\/\/www.translationscertified.com\/es\/recursos-de-documentos\/preguntas-frecuentes-faq\" aria-label=\"Read more about Preguntas Frecuentes (FAQ)\">Read more<\/a><\/p>\n","protected":false},"author":4,"featured_media":0,"parent":5045,"menu_order":0,"comment_status":"closed","ping_status":"closed","template":"","meta":{"_acf_changed":false,"content-type":"","footnotes":""},"class_list":["post-5067","page","type-page","status-publish"],"acf":[],"yoast_head":"<!-- This site is optimized with the Yoast SEO plugin v27.5 - https:\/\/yoast.com\/product\/yoast-seo-wordpress\/ -->\n<title>Preguntas frecuentes | Translations Certified<\/title>\n<meta name=\"description\" content=\"Obtenga respuestas a preguntas frecuentes de inmigraci\u00f3n en EE. UU. sobre traducciones certificadas, requisitos de USCIS y manejo de documentos faltantes.\" \/>\n<meta name=\"robots\" content=\"index, follow, max-snippet:-1, max-image-preview:large, max-video-preview:-1\" \/>\n<link rel=\"canonical\" href=\"https:\/\/www.translationscertified.com\/es\/recursos-de-documentos\/preguntas-frecuentes-faq\" \/>\n<meta property=\"og:locale\" content=\"es_ES\" \/>\n<meta property=\"og:type\" content=\"article\" \/>\n<meta property=\"og:title\" content=\"Preguntas frecuentes | Translations Certified\" \/>\n<meta property=\"og:description\" content=\"Obtenga respuestas a preguntas frecuentes de inmigraci\u00f3n en EE. UU. sobre traducciones certificadas, requisitos de USCIS y manejo de documentos faltantes.\" \/>\n<meta property=\"og:url\" content=\"https:\/\/www.translationscertified.com\/es\/recursos-de-documentos\/preguntas-frecuentes-faq\" \/>\n<meta property=\"og:site_name\" content=\"Translations Certified\" \/>\n<meta property=\"article:modified_time\" content=\"2025-03-07T21:49:03+00:00\" \/>\n<meta property=\"og:image\" content=\"https:\/\/www.translationscertified.com\/wp-content\/uploads\/2024\/06\/cropped-v.2b_03.png\" \/>\n\t<meta property=\"og:image:width\" content=\"512\" \/>\n\t<meta property=\"og:image:height\" content=\"512\" \/>\n\t<meta property=\"og:image:type\" content=\"image\/png\" \/>\n<meta name=\"twitter:card\" content=\"summary_large_image\" \/>\n<meta name=\"twitter:label1\" content=\"Tiempo de lectura\" \/>\n\t<meta name=\"twitter:data1\" content=\"3 minutos\" \/>\n<!-- \/ Yoast SEO plugin. -->","yoast_head_json":{"title":"Preguntas frecuentes | Translations Certified","description":"Obtenga respuestas a preguntas frecuentes de inmigraci\u00f3n en EE. UU. sobre traducciones certificadas, requisitos de USCIS y manejo de documentos faltantes.","robots":{"index":"index","follow":"follow","max-snippet":"max-snippet:-1","max-image-preview":"max-image-preview:large","max-video-preview":"max-video-preview:-1"},"canonical":"https:\/\/www.translationscertified.com\/es\/recursos-de-documentos\/preguntas-frecuentes-faq","og_locale":"es_ES","og_type":"article","og_title":"Preguntas frecuentes | Translations Certified","og_description":"Obtenga respuestas a preguntas frecuentes de inmigraci\u00f3n en EE. UU. sobre traducciones certificadas, requisitos de USCIS y manejo de documentos faltantes.","og_url":"https:\/\/www.translationscertified.com\/es\/recursos-de-documentos\/preguntas-frecuentes-faq","og_site_name":"Translations Certified","article_modified_time":"2025-03-07T21:49:03+00:00","og_image":[{"width":512,"height":512,"url":"https:\/\/www.translationscertified.com\/wp-content\/uploads\/2024\/06\/cropped-v.2b_03.png","type":"image\/png"}],"twitter_card":"summary_large_image","twitter_misc":{"Tiempo de lectura":"3 minutos"},"schema":{"@context":"https:\/\/schema.org","@graph":[{"@type":"WebPage","@id":"https:\/\/www.translationscertified.com\/es\/recursos-de-documentos\/preguntas-frecuentes-faq","url":"https:\/\/www.translationscertified.com\/es\/recursos-de-documentos\/preguntas-frecuentes-faq","name":"Preguntas frecuentes | Translations Certified","isPartOf":{"@id":"https:\/\/www.translationscertified.com\/es#website"},"datePublished":"2024-10-17T16:02:16+00:00","dateModified":"2025-03-07T21:49:03+00:00","description":"Obtenga respuestas a preguntas frecuentes de inmigraci\u00f3n en EE. UU. sobre traducciones certificadas, requisitos de USCIS y manejo de documentos faltantes.","breadcrumb":{"@id":"https:\/\/www.translationscertified.com\/es\/recursos-de-documentos\/preguntas-frecuentes-faq#breadcrumb"},"inLanguage":"es","potentialAction":[{"@type":"ReadAction","target":["https:\/\/www.translationscertified.com\/es\/recursos-de-documentos\/preguntas-frecuentes-faq"]}]},{"@type":"BreadcrumbList","@id":"https:\/\/www.translationscertified.com\/es\/recursos-de-documentos\/preguntas-frecuentes-faq#breadcrumb","itemListElement":[{"@type":"ListItem","position":1,"name":"Home","item":"https:\/\/www.translationscertified.com\/es\/inicio"},{"@type":"ListItem","position":2,"name":"Recursos de documentos","item":"https:\/\/www.translationscertified.com\/es\/document-resources"},{"@type":"ListItem","position":3,"name":"Preguntas Frecuentes (FAQ)"}]},{"@type":"WebSite","@id":"https:\/\/www.translationscertified.com\/es#website","url":"https:\/\/www.translationscertified.com\/es","name":"Translations Certified","description":"Translations Certified Translation Services","publisher":{"@id":"https:\/\/www.translationscertified.com\/es#organization"},"potentialAction":[{"@type":"SearchAction","target":{"@type":"EntryPoint","urlTemplate":"https:\/\/www.translationscertified.com\/es?s={search_term_string}"},"query-input":{"@type":"PropertyValueSpecification","valueRequired":true,"valueName":"search_term_string"}}],"inLanguage":"es"},{"@type":"Organization","@id":"https:\/\/www.translationscertified.com\/es#organization","name":"Translations Certified","url":"https:\/\/www.translationscertified.com\/es","logo":{"@type":"ImageObject","inLanguage":"es","@id":"https:\/\/www.translationscertified.com\/es#\/schema\/logo\/image\/","url":"https:\/\/www.translationscertified.com\/wp-content\/uploads\/2025\/10\/cropped-TranslationsCertified-01.webp","contentUrl":"https:\/\/www.translationscertified.com\/wp-content\/uploads\/2025\/10\/cropped-TranslationsCertified-01.webp","width":288,"height":86,"caption":"Translations Certified"},"image":{"@id":"https:\/\/www.translationscertified.com\/es#\/schema\/logo\/image\/"}}]}},"_links":{"self":[{"href":"https:\/\/www.translationscertified.com\/es\/wp-json\/wp\/v2\/pages\/5067","targetHints":{"allow":["GET"]}}],"collection":[{"href":"https:\/\/www.translationscertified.com\/es\/wp-json\/wp\/v2\/pages"}],"about":[{"href":"https:\/\/www.translationscertified.com\/es\/wp-json\/wp\/v2\/types\/page"}],"author":[{"embeddable":true,"href":"https:\/\/www.translationscertified.com\/es\/wp-json\/wp\/v2\/users\/4"}],"replies":[{"embeddable":true,"href":"https:\/\/www.translationscertified.com\/es\/wp-json\/wp\/v2\/comments?post=5067"}],"version-history":[{"count":0,"href":"https:\/\/www.translationscertified.com\/es\/wp-json\/wp\/v2\/pages\/5067\/revisions"}],"up":[{"embeddable":true,"href":"https:\/\/www.translationscertified.com\/es\/wp-json\/wp\/v2\/pages\/5045"}],"wp:attachment":[{"href":"https:\/\/www.translationscertified.com\/es\/wp-json\/wp\/v2\/media?parent=5067"}],"curies":[{"name":"wp","href":"https:\/\/api.w.org\/{rel}","templated":true}]}}