{"id":5068,"date":"2024-10-17T18:25:36","date_gmt":"2024-10-17T18:25:36","guid":{"rendered":"https:\/\/www.translationscertified.com\/?page_id=5068"},"modified":"2025-03-07T21:49:01","modified_gmt":"2025-03-07T21:49:01","slug":"preguntas-frecuentes-sobre-visas-de-ee-uu","status":"publish","type":"page","link":"https:\/\/www.translationscertified.com\/es\/recursos-de-documentos\/preguntas-frecuentes-faq\/preguntas-frecuentes-sobre-visas-de-ee-uu","title":{"rendered":"Preguntas frecuentes sobre visas de EE. UU."},"content":{"rendered":"\t\t<div data-elementor-type=\"wp-page\" data-elementor-id=\"5068\" class=\"elementor elementor-5068 elementor-2166\">\n\t\t\t\t<div class=\"elementor-element elementor-element-bc9aeae elementor-hidden-mobile e-flex e-con-boxed e-con e-parent\" data-id=\"bc9aeae\" data-element_type=\"container\" data-e-type=\"container\" data-settings=\"{&quot;background_background&quot;:&quot;classic&quot;}\">\n\t\t\t\t\t<div class=\"e-con-inner\">\n\t\t\t\t\t<\/div>\n\t\t\t\t<\/div>\n\t\t<div class=\"elementor-element elementor-element-c62adf9 e-flex e-con-boxed e-con e-parent\" data-id=\"c62adf9\" data-element_type=\"container\" data-e-type=\"container\">\n\t\t\t\t\t<div class=\"e-con-inner\">\n\t\t\t\t<div class=\"elementor-element elementor-element-60acb24 elementor-widget elementor-widget-heading\" data-id=\"60acb24\" data-element_type=\"widget\" data-e-type=\"widget\" data-widget_type=\"heading.default\">\n\t\t\t\t\t<h1 class=\"elementor-heading-title elementor-size-default\">Preguntas frecuentes sobre visas de EE. UU.:  Preguntas comunes sobre tipos de visas y solicitudes\n<\/h1>\t\t\t\t<\/div>\n\t\t\t\t\t<\/div>\n\t\t\t\t<\/div>\n\t\t<div class=\"elementor-element elementor-element-819b272 e-flex e-con-boxed e-con e-parent\" data-id=\"819b272\" data-element_type=\"container\" data-e-type=\"container\">\n\t\t\t\t\t<div class=\"e-con-inner\">\n\t\t\t\t<div class=\"elementor-element elementor-element-a9c09e8 elementor-widget elementor-widget-text-editor\" data-id=\"a9c09e8\" data-element_type=\"widget\" data-e-type=\"widget\" data-widget_type=\"text-editor.default\">\n\t\t\t\t\t\t\t\t\t<div class=\"ewa-rteLine\">\n<h2 class=\"ewa-rteLine\">\u00bfQu\u00e9 es una visa estadounidense y por qu\u00e9 la necesita? <\/h2>\n<div class=\"ewa-rteLine\">Una visa estadounidense permite a los ciudadanos extranjeros ingresar a Estados Unidos en forma temporal o permanente, seg\u00fan el tipo. La mayor\u00eda de los viajeros extranjeros necesitan una visa para ingresar a EE. UU. por motivos de trabajo, estudio o turismo.<\/div>\n<div class=\"ewa-rteLine\">\u00a0<\/div>\n<h2 class=\"ewa-rteLine\">\u00bfCu\u00e1les son los diferentes tipos de visas estadounidenses? <\/h2>\n<div class=\"ewa-rteLine\">Se clasifican en dos tipos principales:<\/div>\n<div class=\"ewa-rteLine\">\u00a0<\/div>\n<ul>\n<li class=\"ewa-rteLine\"><strong>Visas de no inmigrante<\/strong>: para estad\u00edas temporales, por trabajo, estudio o turismo. Estos son algunos ejemplos:\n<ul>\n<li class=\"ewa-rteLine\">visa F-1 (de estudiante)<\/li>\n<li class=\"ewa-rteLine\">visa B-1\/B-2 (de negocios o turista)<\/li>\n<li class=\"ewa-rteLine\">visa H-1B (de trabajo)<\/li>\n<\/ul>\n<\/li>\n<li class=\"ewa-rteLine\"><strong>Visas de inmigrante<\/strong>: para quienes buscan la residencia permanente en EE. UU. (por ejemplo, permisos de residencia o trabajo por familiares o por empleo).<\/li>\n<\/ul>\n<div class=\"ewa-rteLine\">Visite nuestra descripci\u00f3n general de <a href=\"https:\/\/www.translationscertified.com\/es?page_id=5051\">tipos de visa<\/a> para obtener descripciones detalladas de cada una.<\/div>\n<div class=\"ewa-rteLine\">\u00a0<\/div>\n<h2 class=\"ewa-rteLine\">\u00bfC\u00f3mo solicito una visa estadounidense? <\/h2>\n<div class=\"ewa-rteLine\">Para solicitar una visa estadounidense, siga estos pasos generales:<\/div>\n<div class=\"ewa-rteLine\">\u00a0<\/div>\n<ul>\n<li class=\"ewa-rteLine\">Determine el tipo de visa: entienda qu\u00e9 visa necesita seg\u00fan el prop\u00f3sito de su viaje.<\/li>\n<li class=\"ewa-rteLine\">Complete el formulario DS-160: es el formulario est\u00e1ndar para la mayor\u00eda de las solicitudes de visa de no inmigrante.<\/li>\n<li class=\"ewa-rteLine\">Programe una entrevista: para la mayor\u00eda de los tipos de visa, se requiere una entrevista en un consulado o embajada de EE. UU.<\/li>\n<li class=\"ewa-rteLine\">Pague la tarifa: las tarifas dependen del tipo de visa.<\/li>\n<li class=\"ewa-rteLine\">Presente documentos de respaldo: pueden ser pasaporte, fotograf\u00edas y traducciones certificadas de cualquier documento en idioma extranjero.<\/li>\n<\/ul>\n<h2 class=\"ewa-rteLine\">\u00bfQu\u00e9 es el Programa de Exenci\u00f3n de Visa (VWP)?<\/h2>\n<div class=\"ewa-rteLine\">Este programa permite a los ciudadanos de pa\u00edses seleccionados viajar a EE. UU. por turismo o fines de negocios por hasta 90 d\u00edas sin obtener una visa. Los viajeros deben solicitar autorizaci\u00f3n mediante el Sistema Electr\u00f3nico de Autorizaci\u00f3n de Viaje (ESTA) antes de viajar.<\/div>\n<div class=\"ewa-rteLine\">\u00a0<\/div>\n<h2 class=\"ewa-rteLine\">\u00bfCu\u00e1nto tiempo lleva el procesamiento de la visa?<\/h2>\n<div class=\"ewa-rteLine\">Los tiempos de procesamiento var\u00edan seg\u00fan el tipo de visa, la ubicaci\u00f3n y las circunstancias individuales. Las visas de no inmigrante pueden llevar d\u00edas o semanas, mientras que las de inmigrante pueden demorar meses debido a las verificaciones de antecedentes y de documentos.<\/div>\n<div class=\"ewa-rteLine\">\u00a0<\/div>\n<h2 class=\"ewa-rteLine\">\u00bfQu\u00e9 documentos se requieren para solicitar una visa?<\/h2>\n<div class=\"ewa-rteLine\">Los documentos espec\u00edficos requeridos dependen del tipo de visa, pero estos son los comunes:<\/div>\n<div class=\"ewa-rteLine\">\u00a0<\/div>\n<ul>\n<li class=\"ewa-rteLine\">formulario DS-160 o DS-260 (para visas de inmigrante);<\/li>\n<li class=\"ewa-rteLine\">pasaporte: v\u00e1lido por al menos seis meses m\u00e1s all\u00e1 de su estad\u00eda prevista;<\/li>\n<li class=\"ewa-rteLine\">documentos de respaldo: pueden incluir una oferta de trabajo, prueba de inscripci\u00f3n educativa o prueba de finanzas;<\/li>\n<li class=\"ewa-rteLine\">traducciones certificadas: de cualquier documento que no est\u00e9 en ingl\u00e9s, como certificados de nacimiento o licencias de matrimonio.<\/li>\n<\/ul>\n<h2 class=\"ewa-rteLine\">\u00bfPuedo trabajar en EE.UU. con una visa de turista (B-2)?<\/h2>\n<div class=\"ewa-rteLine\">No, esta visa no otorga permiso para trabajar en EE. UU. Si planea trabajar, deber\u00e1 solicitar una visa de trabajo adecuada, como una H-1B o L-1.<\/div>\n<div class=\"ewa-rteLine\">\u00a0<\/div>\n<h2 class=\"ewa-rteLine\">\u00bfC\u00f3mo puedo extender mi estad\u00eda con una visa de no inmigrante?<\/h2>\n<div class=\"ewa-rteLine\">Si desea extender su estad\u00eda, deber\u00e1 solicitar una extensi\u00f3n antes de que expire la visa. Necesitar\u00e1 presentar el formulario I-539, Solicitud para extender o cambiar la condici\u00f3n de no inmigrante, y proporcionar los motivos de la extensi\u00f3n, junto con documentos de respaldo.<\/div>\n<\/div>\n\t\t\t\t\t\t\t\t<\/div>\n\t\t\t\t<div class=\"elementor-element elementor-element-d79b309 elementor-widget elementor-widget-heading\" data-id=\"d79b309\" data-element_type=\"widget\" data-e-type=\"widget\" data-widget_type=\"heading.default\">\n\t\t\t\t\t<h2 class=\"elementor-heading-title elementor-size-default\">\u00bfC\u00f3mo puede Translations Certified ayudar con las solicitudes de visa?<\/h2>\t\t\t\t<\/div>\n\t\t\t\t<div class=\"elementor-element elementor-element-8c86de0 elementor-widget elementor-widget-text-editor\" data-id=\"8c86de0\" data-element_type=\"widget\" data-e-type=\"widget\" data-widget_type=\"text-editor.default\">\n\t\t\t\t\t\t\t\t\t<div class=\"ewa-rteLine\">Para realizar muchas solicitudes de visa estadounidense se requiere que los documentos extranjeros, como <a href=\"https:\/\/www.translationscertified.com\/es?page_id=4862\">certificados de nacimiento<\/a>, <a href=\"https:\/\/www.translationscertified.com\/es?page_id=4868\">diplomas<\/a> y <a href=\"https:\/\/www.translationscertified.com\/es?page_id=4873\">estados financieros<\/a>, se presenten con traducciones certificadas. En Translations Certified, nos aseguramos de que sus traducciones cumplan con los estrictos est\u00e1ndares requeridos por los consulados y embajadas de EE. UU., y eso lo ayuda a evitar demoras y rechazos.<\/div>\n\t\t\t\t\t\t\t\t<\/div>\n\t\t\t\t\t<\/div>\n\t\t\t\t<\/div>\n\t\t<div class=\"elementor-element elementor-element-0b4e59f e-flex e-con-boxed e-con e-parent\" data-id=\"0b4e59f\" data-element_type=\"container\" data-e-type=\"container\">\n\t\t\t\t\t<div class=\"e-con-inner\">\n\t\t<div class=\"elementor-element elementor-element-7d96e6f e-flex e-con-boxed e-con e-child\" data-id=\"7d96e6f\" data-element_type=\"container\" data-e-type=\"container\" data-settings=\"{&quot;background_background&quot;:&quot;classic&quot;}\">\n\t\t\t\t\t<div class=\"e-con-inner\">\n\t\t\t\t<div class=\"elementor-element elementor-element-22e636a elementor-widget elementor-widget-text-editor\" data-id=\"22e636a\" data-element_type=\"widget\" data-e-type=\"widget\" data-widget_type=\"text-editor.default\">\n\t\t\t\t\t\t\t\t\t<p><i>La informaci\u00f3n proporcionada aqu\u00ed es solo para fines informativos generales y no pretende ser asesoramiento legal. Si bien nos esforzamos por garantizar que la informaci\u00f3n sea precisa y actual, no sustituye el asesoramiento legal profesional. Consulte a un abogado calificado para obtener asesoramiento sobre su situaci\u00f3n espec\u00edfica o si tiene preguntas legales.<\/i><\/p>\n\t\t\t\t\t\t\t\t<\/div>\n\t\t\t\t\t<\/div>\n\t\t\t\t<\/div>\n\t\t\t\t\t<\/div>\n\t\t\t\t<\/div>\n\t\t<div class=\"elementor-element elementor-element-16622a6 e-flex e-con-boxed e-con e-parent\" data-id=\"16622a6\" data-element_type=\"container\" data-e-type=\"container\">\n\t\t\t\t\t<div class=\"e-con-inner\">\n\t\t\t\t<div class=\"elementor-element elementor-element-8e98e91 elementor-widget elementor-widget-heading\" data-id=\"8e98e91\" data-element_type=\"widget\" data-e-type=\"widget\" data-widget_type=\"heading.default\">\n\t\t\t\t\t<h2 class=\"elementor-heading-title elementor-size-default\">Preguntas frecuentes sobre temas espec\u00edficos<\/h2>\t\t\t\t<\/div>\n\t\t\t\t<div class=\"elementor-element elementor-element-58b443b elementor-widget elementor-widget-text-editor\" data-id=\"58b443b\" data-element_type=\"widget\" data-e-type=\"widget\" data-widget_type=\"text-editor.default\">\n\t\t\t\t\t\t\t\t\t<div class=\"ewa-rteLine\">Para ver preguntas m\u00e1s espec\u00edficas relacionadas con la inmigraci\u00f3n, explore nuestras secciones dedicadas:<\/div>\n\t\t\t\t\t\t\t\t<\/div>\n\t\t<div class=\"elementor-element elementor-element-813df9b e-flex e-con-boxed e-con e-child\" data-id=\"813df9b\" data-element_type=\"container\" data-e-type=\"container\">\n\t\t\t\t\t<div class=\"e-con-inner\">\n\t\t<div class=\"elementor-element elementor-element-ddacbab e-flex e-con-boxed e-con e-child\" data-id=\"ddacbab\" data-element_type=\"container\" data-e-type=\"container\" data-settings=\"{&quot;background_background&quot;:&quot;classic&quot;}\">\n\t\t\t\t\t<div class=\"e-con-inner\">\n\t\t\t\t<div class=\"elementor-element elementor-element-5ef3180 elementor-widget elementor-widget-heading\" data-id=\"5ef3180\" data-element_type=\"widget\" data-e-type=\"widget\" data-widget_type=\"heading.default\">\n\t\t\t\t\t<h2 class=\"elementor-heading-title elementor-size-default\">Preguntas frecuentes sobre visas para Estados Unidos <\/h2>\t\t\t\t<\/div>\n\t\t\t\t<div class=\"elementor-element elementor-element-ecf204d elementor-align-center elementor-widget__width-auto elementor-widget elementor-widget-button\" data-id=\"ecf204d\" data-element_type=\"widget\" data-e-type=\"widget\" data-widget_type=\"button.default\">\n\t\t\t\t\t\t\t\t\t\t<a class=\"elementor-button elementor-button-link elementor-size-sm\" href=\"https:\/\/www.translationscertified.com\/es\/recursos-de-documentos\/preguntas-frecuentes-faq\/preguntas-frecuentes-sobre-visas-de-ee-uu\">\n\t\t\t\t\t\t<span class=\"elementor-button-content-wrapper\">\n\t\t\t\t\t\t\t\t\t<span class=\"elementor-button-text\">Vea la p\u00e1gina<\/span>\n\t\t\t\t\t<\/span>\n\t\t\t\t\t<\/a>\n\t\t\t\t\t\t\t\t<\/div>\n\t\t\t\t\t<\/div>\n\t\t\t\t<\/div>\n\t\t<div class=\"elementor-element elementor-element-5f732fd e-flex e-con-boxed e-con e-child\" data-id=\"5f732fd\" data-element_type=\"container\" data-e-type=\"container\" data-settings=\"{&quot;background_background&quot;:&quot;classic&quot;}\">\n\t\t\t\t\t<div class=\"e-con-inner\">\n\t\t\t\t<div class=\"elementor-element elementor-element-8dde2e7 elementor-widget elementor-widget-heading\" data-id=\"8dde2e7\" data-element_type=\"widget\" data-e-type=\"widget\" data-widget_type=\"heading.default\">\n\t\t\t\t\t<h2 class=\"elementor-heading-title elementor-size-default\">Preguntas frecuentes sobre el permiso de residencia o trabajo<\/h2>\t\t\t\t<\/div>\n\t\t\t\t<div class=\"elementor-element elementor-element-65db6f6 elementor-align-center elementor-widget__width-auto elementor-widget elementor-widget-button\" data-id=\"65db6f6\" data-element_type=\"widget\" data-e-type=\"widget\" data-widget_type=\"button.default\">\n\t\t\t\t\t\t\t\t\t\t<a class=\"elementor-button elementor-button-link elementor-size-sm\" href=\"https:\/\/www.translationscertified.com\/es\/recursos-de-documentos\/preguntas-frecuentes-faq\/preguntas-frecuentes-sobre-el-permiso-de-residencia-o-trabajo\">\n\t\t\t\t\t\t<span class=\"elementor-button-content-wrapper\">\n\t\t\t\t\t\t\t\t\t<span class=\"elementor-button-text\">Vea la p\u00e1gina<\/span>\n\t\t\t\t\t<\/span>\n\t\t\t\t\t<\/a>\n\t\t\t\t\t\t\t\t<\/div>\n\t\t\t\t\t<\/div>\n\t\t\t\t<\/div>\n\t\t<div class=\"elementor-element elementor-element-b28bc45 e-flex e-con-boxed e-con e-child\" data-id=\"b28bc45\" data-element_type=\"container\" data-e-type=\"container\" data-settings=\"{&quot;background_background&quot;:&quot;classic&quot;}\">\n\t\t\t\t\t<div class=\"e-con-inner\">\n\t\t\t\t<div class=\"elementor-element elementor-element-77739c2 elementor-widget elementor-widget-heading\" data-id=\"77739c2\" data-element_type=\"widget\" data-e-type=\"widget\" data-widget_type=\"heading.default\">\n\t\t\t\t\t<h2 class=\"elementor-heading-title elementor-size-default\">Preguntas frecuentes sobre ciudadan\u00eda<\/h2>\t\t\t\t<\/div>\n\t\t\t\t<div class=\"elementor-element elementor-element-ffa45c7 elementor-align-center elementor-widget__width-auto elementor-widget elementor-widget-button\" data-id=\"ffa45c7\" data-element_type=\"widget\" data-e-type=\"widget\" data-widget_type=\"button.default\">\n\t\t\t\t\t\t\t\t\t\t<a class=\"elementor-button elementor-button-link elementor-size-sm\" href=\"https:\/\/www.translationscertified.com\/es\/recursos-de-documentos\/preguntas-frecuentes-faq\/preguntas-frecuentes-sobre-ciudadania-estadounidense\">\n\t\t\t\t\t\t<span class=\"elementor-button-content-wrapper\">\n\t\t\t\t\t\t\t\t\t<span class=\"elementor-button-text\">Vea la p\u00e1gina<\/span>\n\t\t\t\t\t<\/span>\n\t\t\t\t\t<\/a>\n\t\t\t\t\t\t\t\t<\/div>\n\t\t\t\t\t<\/div>\n\t\t\t\t<\/div>\n\t\t\t\t\t<\/div>\n\t\t\t\t<\/div>\n\t\t\t\t\t<\/div>\n\t\t\t\t<\/div>\n\t\t\t\t<\/div>\n\t\t","protected":false},"excerpt":{"rendered":"<p>Preguntas frecuentes sobre visas de EE. UU.: Preguntas comunes sobre tipos de visas y solicitudes \u00bfQu\u00e9 es una visa estadounidense y por qu\u00e9 la necesita? Una visa estadounidense permite a &#8230; <a title=\"Preguntas frecuentes sobre visas de EE. UU.\" class=\"read-more\" href=\"https:\/\/www.translationscertified.com\/es\/recursos-de-documentos\/preguntas-frecuentes-faq\/preguntas-frecuentes-sobre-visas-de-ee-uu\" aria-label=\"Read more about Preguntas frecuentes sobre visas de EE. UU.\">Read more<\/a><\/p>\n","protected":false},"author":4,"featured_media":0,"parent":5067,"menu_order":0,"comment_status":"closed","ping_status":"closed","template":"","meta":{"_acf_changed":false,"content-type":"","footnotes":""},"class_list":["post-5068","page","type-page","status-publish"],"acf":[],"yoast_head":"<!-- This site is optimized with the Yoast SEO plugin v27.1.1 - https:\/\/yoast.com\/product\/yoast-seo-wordpress\/ -->\n<title>Preguntas frecuentes sobre visas de EE. UU.: Tipos, solicitudes | Translations Certified<\/title>\n<meta name=\"description\" content=\"Preguntas frecuentes sobre visas de EE. UU.: Explore los tipos de visa, los pasos para presentar la solicitud y conocimientos clave para un proceso de solicitud sin problemas.\" \/>\n<meta name=\"robots\" content=\"index, follow, max-snippet:-1, max-image-preview:large, max-video-preview:-1\" \/>\n<link rel=\"canonical\" href=\"https:\/\/www.translationscertified.com\/es\/recursos-de-documentos\/preguntas-frecuentes-faq\/preguntas-frecuentes-sobre-visas-de-ee-uu\" \/>\n<meta property=\"og:locale\" content=\"es_ES\" \/>\n<meta property=\"og:type\" content=\"article\" \/>\n<meta property=\"og:title\" content=\"Preguntas frecuentes sobre visas de EE. UU.: Tipos, solicitudes | Translations Certified\" \/>\n<meta property=\"og:description\" content=\"Preguntas frecuentes sobre visas de EE. UU.: Explore los tipos de visa, los pasos para presentar la solicitud y conocimientos clave para un proceso de solicitud sin problemas.\" \/>\n<meta property=\"og:url\" content=\"https:\/\/www.translationscertified.com\/es\/recursos-de-documentos\/preguntas-frecuentes-faq\/preguntas-frecuentes-sobre-visas-de-ee-uu\" \/>\n<meta property=\"og:site_name\" content=\"Translations Certified\" \/>\n<meta property=\"article:modified_time\" content=\"2025-03-07T21:49:01+00:00\" \/>\n<meta property=\"og:image\" content=\"https:\/\/www.translationscertified.com\/wp-content\/uploads\/2024\/06\/cropped-v.2b_03.png\" \/>\n\t<meta property=\"og:image:width\" content=\"512\" \/>\n\t<meta property=\"og:image:height\" content=\"512\" \/>\n\t<meta property=\"og:image:type\" content=\"image\/png\" \/>\n<meta name=\"twitter:card\" content=\"summary_large_image\" \/>\n<meta name=\"twitter:label1\" content=\"Est. reading time\" \/>\n\t<meta name=\"twitter:data1\" content=\"4 minutos\" \/>\n<script type=\"application\/ld+json\" class=\"yoast-schema-graph\">{\"@context\":\"https:\/\/schema.org\",\"@graph\":[{\"@type\":\"WebPage\",\"@id\":\"https:\/\/www.translationscertified.com\/es\/recursos-de-documentos\/preguntas-frecuentes-faq\/preguntas-frecuentes-sobre-visas-de-ee-uu\",\"url\":\"https:\/\/www.translationscertified.com\/es\/recursos-de-documentos\/preguntas-frecuentes-faq\/preguntas-frecuentes-sobre-visas-de-ee-uu\",\"name\":\"Preguntas frecuentes sobre visas de EE. UU.: Tipos, solicitudes | Translations Certified\",\"isPartOf\":{\"@id\":\"https:\/\/www.translationscertified.com\/es#website\"},\"datePublished\":\"2024-10-17T18:25:36+00:00\",\"dateModified\":\"2025-03-07T21:49:01+00:00\",\"description\":\"Preguntas frecuentes sobre visas de EE. UU.: Explore los tipos de visa, los pasos para presentar la solicitud y conocimientos clave para un proceso de solicitud sin problemas.\",\"breadcrumb\":{\"@id\":\"https:\/\/www.translationscertified.com\/es\/recursos-de-documentos\/preguntas-frecuentes-faq\/preguntas-frecuentes-sobre-visas-de-ee-uu#breadcrumb\"},\"inLanguage\":\"es\",\"potentialAction\":[{\"@type\":\"ReadAction\",\"target\":[\"https:\/\/www.translationscertified.com\/es\/recursos-de-documentos\/preguntas-frecuentes-faq\/preguntas-frecuentes-sobre-visas-de-ee-uu\"]}]},{\"@type\":\"BreadcrumbList\",\"@id\":\"https:\/\/www.translationscertified.com\/es\/recursos-de-documentos\/preguntas-frecuentes-faq\/preguntas-frecuentes-sobre-visas-de-ee-uu#breadcrumb\",\"itemListElement\":[{\"@type\":\"ListItem\",\"position\":1,\"name\":\"Home\",\"item\":\"https:\/\/www.translationscertified.com\/es\"},{\"@type\":\"ListItem\",\"position\":2,\"name\":\"Recursos de documentos\",\"item\":\"https:\/\/www.translationscertified.com\/es\/document-resources\"},{\"@type\":\"ListItem\",\"position\":3,\"name\":\"Preguntas Frecuentes (FAQ)\",\"item\":\"https:\/\/www.translationscertified.com\/es\/document-resources\/faqs\"},{\"@type\":\"ListItem\",\"position\":4,\"name\":\"Preguntas frecuentes sobre visas de EE. UU.\"}]},{\"@type\":\"WebSite\",\"@id\":\"https:\/\/www.translationscertified.com\/es#website\",\"url\":\"https:\/\/www.translationscertified.com\/es\",\"name\":\"Translations Certified\",\"description\":\"Translations Certified Translation Services\",\"publisher\":{\"@id\":\"https:\/\/www.translationscertified.com\/es#organization\"},\"potentialAction\":[{\"@type\":\"SearchAction\",\"target\":{\"@type\":\"EntryPoint\",\"urlTemplate\":\"https:\/\/www.translationscertified.com\/es?s={search_term_string}\"},\"query-input\":{\"@type\":\"PropertyValueSpecification\",\"valueRequired\":true,\"valueName\":\"search_term_string\"}}],\"inLanguage\":\"es\"},{\"@type\":\"Organization\",\"@id\":\"https:\/\/www.translationscertified.com\/es#organization\",\"name\":\"Translations Certified\",\"url\":\"https:\/\/www.translationscertified.com\/es\",\"logo\":{\"@type\":\"ImageObject\",\"inLanguage\":\"es\",\"@id\":\"https:\/\/www.translationscertified.com\/es#\/schema\/logo\/image\/\",\"url\":\"https:\/\/www.translationscertified.com\/wp-content\/uploads\/2025\/10\/cropped-TranslationsCertified-01.webp\",\"contentUrl\":\"https:\/\/www.translationscertified.com\/wp-content\/uploads\/2025\/10\/cropped-TranslationsCertified-01.webp\",\"width\":288,\"height\":86,\"caption\":\"Translations Certified\"},\"image\":{\"@id\":\"https:\/\/www.translationscertified.com\/es#\/schema\/logo\/image\/\"}}]}<\/script>\n<!-- \/ Yoast SEO plugin. -->","yoast_head_json":{"title":"Preguntas frecuentes sobre visas de EE. UU.: Tipos, solicitudes | Translations Certified","description":"Preguntas frecuentes sobre visas de EE. UU.: Explore los tipos de visa, los pasos para presentar la solicitud y conocimientos clave para un proceso de solicitud sin problemas.","robots":{"index":"index","follow":"follow","max-snippet":"max-snippet:-1","max-image-preview":"max-image-preview:large","max-video-preview":"max-video-preview:-1"},"canonical":"https:\/\/www.translationscertified.com\/es\/recursos-de-documentos\/preguntas-frecuentes-faq\/preguntas-frecuentes-sobre-visas-de-ee-uu","og_locale":"es_ES","og_type":"article","og_title":"Preguntas frecuentes sobre visas de EE. UU.: Tipos, solicitudes | Translations Certified","og_description":"Preguntas frecuentes sobre visas de EE. UU.: Explore los tipos de visa, los pasos para presentar la solicitud y conocimientos clave para un proceso de solicitud sin problemas.","og_url":"https:\/\/www.translationscertified.com\/es\/recursos-de-documentos\/preguntas-frecuentes-faq\/preguntas-frecuentes-sobre-visas-de-ee-uu","og_site_name":"Translations Certified","article_modified_time":"2025-03-07T21:49:01+00:00","og_image":[{"width":512,"height":512,"url":"https:\/\/www.translationscertified.com\/wp-content\/uploads\/2024\/06\/cropped-v.2b_03.png","type":"image\/png"}],"twitter_card":"summary_large_image","twitter_misc":{"Est. reading time":"4 minutos"},"schema":{"@context":"https:\/\/schema.org","@graph":[{"@type":"WebPage","@id":"https:\/\/www.translationscertified.com\/es\/recursos-de-documentos\/preguntas-frecuentes-faq\/preguntas-frecuentes-sobre-visas-de-ee-uu","url":"https:\/\/www.translationscertified.com\/es\/recursos-de-documentos\/preguntas-frecuentes-faq\/preguntas-frecuentes-sobre-visas-de-ee-uu","name":"Preguntas frecuentes sobre visas de EE. UU.: Tipos, solicitudes | Translations Certified","isPartOf":{"@id":"https:\/\/www.translationscertified.com\/es#website"},"datePublished":"2024-10-17T18:25:36+00:00","dateModified":"2025-03-07T21:49:01+00:00","description":"Preguntas frecuentes sobre visas de EE. UU.: Explore los tipos de visa, los pasos para presentar la solicitud y conocimientos clave para un proceso de solicitud sin problemas.","breadcrumb":{"@id":"https:\/\/www.translationscertified.com\/es\/recursos-de-documentos\/preguntas-frecuentes-faq\/preguntas-frecuentes-sobre-visas-de-ee-uu#breadcrumb"},"inLanguage":"es","potentialAction":[{"@type":"ReadAction","target":["https:\/\/www.translationscertified.com\/es\/recursos-de-documentos\/preguntas-frecuentes-faq\/preguntas-frecuentes-sobre-visas-de-ee-uu"]}]},{"@type":"BreadcrumbList","@id":"https:\/\/www.translationscertified.com\/es\/recursos-de-documentos\/preguntas-frecuentes-faq\/preguntas-frecuentes-sobre-visas-de-ee-uu#breadcrumb","itemListElement":[{"@type":"ListItem","position":1,"name":"Home","item":"https:\/\/www.translationscertified.com\/es"},{"@type":"ListItem","position":2,"name":"Recursos de documentos","item":"https:\/\/www.translationscertified.com\/es\/document-resources"},{"@type":"ListItem","position":3,"name":"Preguntas Frecuentes (FAQ)","item":"https:\/\/www.translationscertified.com\/es\/document-resources\/faqs"},{"@type":"ListItem","position":4,"name":"Preguntas frecuentes sobre visas de EE. UU."}]},{"@type":"WebSite","@id":"https:\/\/www.translationscertified.com\/es#website","url":"https:\/\/www.translationscertified.com\/es","name":"Translations Certified","description":"Translations Certified Translation Services","publisher":{"@id":"https:\/\/www.translationscertified.com\/es#organization"},"potentialAction":[{"@type":"SearchAction","target":{"@type":"EntryPoint","urlTemplate":"https:\/\/www.translationscertified.com\/es?s={search_term_string}"},"query-input":{"@type":"PropertyValueSpecification","valueRequired":true,"valueName":"search_term_string"}}],"inLanguage":"es"},{"@type":"Organization","@id":"https:\/\/www.translationscertified.com\/es#organization","name":"Translations Certified","url":"https:\/\/www.translationscertified.com\/es","logo":{"@type":"ImageObject","inLanguage":"es","@id":"https:\/\/www.translationscertified.com\/es#\/schema\/logo\/image\/","url":"https:\/\/www.translationscertified.com\/wp-content\/uploads\/2025\/10\/cropped-TranslationsCertified-01.webp","contentUrl":"https:\/\/www.translationscertified.com\/wp-content\/uploads\/2025\/10\/cropped-TranslationsCertified-01.webp","width":288,"height":86,"caption":"Translations Certified"},"image":{"@id":"https:\/\/www.translationscertified.com\/es#\/schema\/logo\/image\/"}}]}},"_links":{"self":[{"href":"https:\/\/www.translationscertified.com\/es\/wp-json\/wp\/v2\/pages\/5068","targetHints":{"allow":["GET"]}}],"collection":[{"href":"https:\/\/www.translationscertified.com\/es\/wp-json\/wp\/v2\/pages"}],"about":[{"href":"https:\/\/www.translationscertified.com\/es\/wp-json\/wp\/v2\/types\/page"}],"author":[{"embeddable":true,"href":"https:\/\/www.translationscertified.com\/es\/wp-json\/wp\/v2\/users\/4"}],"replies":[{"embeddable":true,"href":"https:\/\/www.translationscertified.com\/es\/wp-json\/wp\/v2\/comments?post=5068"}],"version-history":[{"count":0,"href":"https:\/\/www.translationscertified.com\/es\/wp-json\/wp\/v2\/pages\/5068\/revisions"}],"up":[{"embeddable":true,"href":"https:\/\/www.translationscertified.com\/es\/wp-json\/wp\/v2\/pages\/5067"}],"wp:attachment":[{"href":"https:\/\/www.translationscertified.com\/es\/wp-json\/wp\/v2\/media?parent=5068"}],"curies":[{"name":"wp","href":"https:\/\/api.w.org\/{rel}","templated":true}]}}