{"id":5069,"date":"2024-10-17T18:59:57","date_gmt":"2024-10-17T18:59:57","guid":{"rendered":"https:\/\/www.translationscertified.com\/?page_id=5069"},"modified":"2025-03-07T21:49:00","modified_gmt":"2025-03-07T21:49:00","slug":"preguntas-frecuentes-sobre-el-permiso-de-residencia-o-trabajo","status":"publish","type":"page","link":"https:\/\/www.translationscertified.com\/es\/recursos-de-documentos\/preguntas-frecuentes-faq\/preguntas-frecuentes-sobre-el-permiso-de-residencia-o-trabajo","title":{"rendered":"Preguntas frecuentes sobre el permiso de residencia o trabajo"},"content":{"rendered":"\t\t<div data-elementor-type=\"wp-page\" data-elementor-id=\"5069\" class=\"elementor elementor-5069 elementor-2167\">\n\t\t\t\t<div class=\"elementor-element elementor-element-d9e3446 elementor-hidden-mobile e-flex e-con-boxed e-con e-parent\" data-id=\"d9e3446\" data-element_type=\"container\" data-e-type=\"container\" data-settings=\"{&quot;background_background&quot;:&quot;classic&quot;}\">\n\t\t\t\t\t<div class=\"e-con-inner\">\n\t\t\t\t\t<\/div>\n\t\t\t\t<\/div>\n\t\t<div class=\"elementor-element elementor-element-360ded6 e-flex e-con-boxed e-con e-parent\" data-id=\"360ded6\" data-element_type=\"container\" data-e-type=\"container\">\n\t\t\t\t\t<div class=\"e-con-inner\">\n\t\t\t\t<div class=\"elementor-element elementor-element-3700644 elementor-widget elementor-widget-heading\" data-id=\"3700644\" data-element_type=\"widget\" data-e-type=\"widget\" data-widget_type=\"heading.default\">\n\t\t\t\t\t<h1 class=\"elementor-heading-title elementor-size-default\">Preguntas frecuentes sobre el permiso de residencia o trabajo: Preguntas frecuentes sobre residencia permanente\n<\/h1>\t\t\t\t<\/div>\n\t\t\t\t\t<\/div>\n\t\t\t\t<\/div>\n\t\t<div class=\"elementor-element elementor-element-608ced1 e-flex e-con-boxed e-con e-parent\" data-id=\"608ced1\" data-element_type=\"container\" data-e-type=\"container\">\n\t\t\t\t\t<div class=\"e-con-inner\">\n\t\t\t\t<div class=\"elementor-element elementor-element-47fe9da elementor-widget elementor-widget-text-editor\" data-id=\"47fe9da\" data-element_type=\"widget\" data-e-type=\"widget\" data-widget_type=\"text-editor.default\">\n\t\t\t\t\t\t\t\t\t<div class=\"ewa-rteLine\">\n<h2 class=\"ewa-rteLine\">\u00bfQu\u00e9 es un permiso de residencia o trabajo?<\/h2>\n<div class=\"ewa-rteLine\">Este documento otorga residencia permanente legal en EE. UU., y permite vivir y trabajar en el pa\u00eds en forma indefinida. Los titulares de permisos de residencia o trabajo pueden, con el tiempo, solicitar la ciudadan\u00eda estadounidense.<\/div>\n<div class=\"ewa-rteLine\">\u00a0<\/div>\n<h2 class=\"ewa-rteLine\">\u00bfC\u00f3mo puedo solicitar un permiso de residencia o trabajo?<\/h2>\n<div class=\"ewa-rteLine\">Hay varias formas de solicitar un permiso de residencia o trabajo, incluidos patrocinio de familiar, empleo, condici\u00f3n de refugiado o asilo y loter\u00eda de visas de diversidad. Para obtener m\u00e1s informaci\u00f3n, vea nuestra p\u00e1gina de <a href=\"https:\/\/www.translationscertified.com\/es?page_id=5057\">Proceso de solicitud de permiso de residencia o trabajo<\/a>.<\/div>\n<div class=\"ewa-rteLine\">\u00a0<\/div>\n<h2 class=\"ewa-rteLine\">\u00bfCu\u00e1nto tiempo lleva obtener un permiso de residencia o trabajo?<\/h2>\n<div class=\"ewa-rteLine\">Los tiempos de procesamiento dependen de la categor\u00eda en la que usted se postula. Los permisos de residencia o trabajo por familiar y por empleo pueden demorar desde varios meses hasta algunos a\u00f1os, seg\u00fan la disponibilidad de visas.<\/div>\n<div class=\"ewa-rteLine\">\u00a0<\/div>\n<h2 class=\"ewa-rteLine\">\u00bfQu\u00e9 documentos necesito presentar?<\/h2>\n<div class=\"ewa-rteLine\">Necesitar\u00e1 documentos como los siguientes:<\/div>\n<div class=\"ewa-rteLine\">\u00a0<\/div>\n<ul>\n<li class=\"ewa-rteLine\">formulario I-485 (Solicitud de registro de residencia permanente o ajuste de condici\u00f3n);<\/li>\n<li class=\"ewa-rteLine\">documentos de respaldo como certificados de nacimiento, licencias de matrimonio y ofertas de empleo;<\/li>\n<li class=\"ewa-rteLine\">traducciones certificadas de cualquier documento en idioma extranjero.<\/li>\n<li class=\"ewa-rteLine\">\u00bfPuedo viajar fuera de EE. UU. mientras mi solicitud de permiso de residencia o trabajo est\u00e1 pendiente? <\/li>\n<li class=\"ewa-rteLine\">Para eso se requiere permiso anticipado (formulario I-131). Viajar sin este permiso puede derivar en la denegaci\u00f3n de su solicitud.<\/li>\n<\/ul>\n<div class=\"ewa-rteLine\">\u00a0<\/div>\n<h2 class=\"ewa-rteLine\">\u00bfC\u00f3mo puedo renovar o reemplazar mi permiso de residencia o trabajo?<\/h2>\n<div class=\"ewa-rteLine\">Estos permisos son v\u00e1lidos por 10 a\u00f1os. Debe presentar el formulario I-90 para renovarlo o reemplazarlo si se venci\u00f3 o lo perdi\u00f3.<\/div>\n<\/div>\n\t\t\t\t\t\t\t\t<\/div>\n\t\t\t\t<div class=\"elementor-element elementor-element-ce99d3d elementor-widget elementor-widget-heading\" data-id=\"ce99d3d\" data-element_type=\"widget\" data-e-type=\"widget\" data-widget_type=\"heading.default\">\n\t\t\t\t\t<h2 class=\"elementor-heading-title elementor-size-default\">\u00bfC\u00f3mo puede Translations Certified ayudarlo con su solicitud de permiso de residencia o trabajo?<\/h2>\t\t\t\t<\/div>\n\t\t\t\t<div class=\"elementor-element elementor-element-083b210 elementor-widget elementor-widget-text-editor\" data-id=\"083b210\" data-element_type=\"widget\" data-e-type=\"widget\" data-widget_type=\"text-editor.default\">\n\t\t\t\t\t\t\t\t\t<div class=\"ewa-rteLine\">\u00bfPresenta documentos en idioma extranjero? En Translations Certified, proporcionamos traducciones certificadas que cumplen con los requisitos de USCIS para <a href=\"https:\/\/www.translationscertified.com\/es?page_id=4862\">certificados de nacimiento<\/a> o de <a href=\"https:\/\/www.translationscertified.com\/es?page_id=4875\">matrimonio<\/a> y otros documentos necesarios, que garantizan que su solicitud se procese sin problemas.<\/div>\n\t\t\t\t\t\t\t\t<\/div>\n\t\t\t\t\t<\/div>\n\t\t\t\t<\/div>\n\t\t<div class=\"elementor-element elementor-element-aa3c467 e-flex e-con-boxed e-con e-parent\" data-id=\"aa3c467\" data-element_type=\"container\" data-e-type=\"container\">\n\t\t\t\t\t<div class=\"e-con-inner\">\n\t\t<div class=\"elementor-element elementor-element-64467fd e-flex e-con-boxed e-con e-child\" data-id=\"64467fd\" data-element_type=\"container\" data-e-type=\"container\" data-settings=\"{&quot;background_background&quot;:&quot;classic&quot;}\">\n\t\t\t\t\t<div class=\"e-con-inner\">\n\t\t\t\t<div class=\"elementor-element elementor-element-9458a0b elementor-widget elementor-widget-text-editor\" data-id=\"9458a0b\" data-element_type=\"widget\" data-e-type=\"widget\" data-widget_type=\"text-editor.default\">\n\t\t\t\t\t\t\t\t\t<p><i>La informaci\u00f3n proporcionada aqu\u00ed es solo para fines informativos generales y no pretende ser asesoramiento legal. Si bien nos esforzamos por garantizar que la informaci\u00f3n sea precisa y actual, no sustituye el asesoramiento legal profesional. Consulte a un abogado calificado para obtener asesoramiento sobre su situaci\u00f3n espec\u00edfica o si tiene preguntas legales.<\/i><\/p>\n\t\t\t\t\t\t\t\t<\/div>\n\t\t\t\t\t<\/div>\n\t\t\t\t<\/div>\n\t\t\t\t\t<\/div>\n\t\t\t\t<\/div>\n\t\t<div class=\"elementor-element elementor-element-9e83d71 e-flex e-con-boxed e-con e-parent\" data-id=\"9e83d71\" data-element_type=\"container\" data-e-type=\"container\">\n\t\t\t\t\t<div class=\"e-con-inner\">\n\t\t\t\t<div class=\"elementor-element elementor-element-66dc0e2 elementor-widget elementor-widget-heading\" data-id=\"66dc0e2\" data-element_type=\"widget\" data-e-type=\"widget\" data-widget_type=\"heading.default\">\n\t\t\t\t\t<h2 class=\"elementor-heading-title elementor-size-default\">Preguntas frecuentes sobre temas espec\u00edficos<\/h2>\t\t\t\t<\/div>\n\t\t\t\t<div class=\"elementor-element elementor-element-efac8a2 elementor-widget elementor-widget-text-editor\" data-id=\"efac8a2\" data-element_type=\"widget\" data-e-type=\"widget\" data-widget_type=\"text-editor.default\">\n\t\t\t\t\t\t\t\t\t<div class=\"ewa-rteLine\">Para ver preguntas m\u00e1s espec\u00edficas relacionadas con la inmigraci\u00f3n, explore nuestras secciones dedicadas:<\/div>\n\t\t\t\t\t\t\t\t<\/div>\n\t\t<div class=\"elementor-element elementor-element-d1c946b e-flex e-con-boxed e-con e-child\" data-id=\"d1c946b\" data-element_type=\"container\" data-e-type=\"container\">\n\t\t\t\t\t<div class=\"e-con-inner\">\n\t\t<div class=\"elementor-element elementor-element-17cd345 e-flex e-con-boxed e-con e-child\" data-id=\"17cd345\" data-element_type=\"container\" data-e-type=\"container\" data-settings=\"{&quot;background_background&quot;:&quot;classic&quot;}\">\n\t\t\t\t\t<div class=\"e-con-inner\">\n\t\t\t\t<div class=\"elementor-element elementor-element-3151afe elementor-widget elementor-widget-heading\" data-id=\"3151afe\" data-element_type=\"widget\" data-e-type=\"widget\" data-widget_type=\"heading.default\">\n\t\t\t\t\t<h2 class=\"elementor-heading-title elementor-size-default\">Preguntas frecuentes sobre visas para Estados Unidos <\/h2>\t\t\t\t<\/div>\n\t\t\t\t<div class=\"elementor-element elementor-element-bac11b3 elementor-align-center elementor-widget__width-auto elementor-widget elementor-widget-button\" data-id=\"bac11b3\" data-element_type=\"widget\" data-e-type=\"widget\" data-widget_type=\"button.default\">\n\t\t\t\t\t\t\t\t\t\t<a class=\"elementor-button elementor-button-link elementor-size-sm\" href=\"https:\/\/www.translationscertified.com\/es\/recursos-de-documentos\/preguntas-frecuentes-faq\/preguntas-frecuentes-sobre-visas-de-ee-uu\">\n\t\t\t\t\t\t<span class=\"elementor-button-content-wrapper\">\n\t\t\t\t\t\t\t\t\t<span class=\"elementor-button-text\">Vea la p\u00e1gina<\/span>\n\t\t\t\t\t<\/span>\n\t\t\t\t\t<\/a>\n\t\t\t\t\t\t\t\t<\/div>\n\t\t\t\t\t<\/div>\n\t\t\t\t<\/div>\n\t\t<div class=\"elementor-element elementor-element-5d7673a e-flex e-con-boxed e-con e-child\" data-id=\"5d7673a\" data-element_type=\"container\" data-e-type=\"container\" data-settings=\"{&quot;background_background&quot;:&quot;classic&quot;}\">\n\t\t\t\t\t<div class=\"e-con-inner\">\n\t\t\t\t<div class=\"elementor-element elementor-element-e858921 elementor-widget elementor-widget-heading\" data-id=\"e858921\" data-element_type=\"widget\" data-e-type=\"widget\" data-widget_type=\"heading.default\">\n\t\t\t\t\t<h2 class=\"elementor-heading-title elementor-size-default\">Preguntas frecuentes sobre el permiso de residencia o trabajo<\/h2>\t\t\t\t<\/div>\n\t\t\t\t<div class=\"elementor-element elementor-element-1dfe655 elementor-align-center elementor-widget__width-auto elementor-widget elementor-widget-button\" data-id=\"1dfe655\" data-element_type=\"widget\" data-e-type=\"widget\" data-widget_type=\"button.default\">\n\t\t\t\t\t\t\t\t\t\t<a class=\"elementor-button elementor-button-link elementor-size-sm\" href=\"https:\/\/www.translationscertified.com\/es\/recursos-de-documentos\/preguntas-frecuentes-faq\/preguntas-frecuentes-sobre-el-permiso-de-residencia-o-trabajo\">\n\t\t\t\t\t\t<span class=\"elementor-button-content-wrapper\">\n\t\t\t\t\t\t\t\t\t<span class=\"elementor-button-text\">Vea la p\u00e1gina<\/span>\n\t\t\t\t\t<\/span>\n\t\t\t\t\t<\/a>\n\t\t\t\t\t\t\t\t<\/div>\n\t\t\t\t\t<\/div>\n\t\t\t\t<\/div>\n\t\t<div class=\"elementor-element elementor-element-a120b0a e-flex e-con-boxed e-con e-child\" data-id=\"a120b0a\" data-element_type=\"container\" data-e-type=\"container\" data-settings=\"{&quot;background_background&quot;:&quot;classic&quot;}\">\n\t\t\t\t\t<div class=\"e-con-inner\">\n\t\t\t\t<div class=\"elementor-element elementor-element-2341113 elementor-widget elementor-widget-heading\" data-id=\"2341113\" data-element_type=\"widget\" data-e-type=\"widget\" data-widget_type=\"heading.default\">\n\t\t\t\t\t<h2 class=\"elementor-heading-title elementor-size-default\">Preguntas frecuentes sobre ciudadan\u00eda<\/h2>\t\t\t\t<\/div>\n\t\t\t\t<div class=\"elementor-element elementor-element-dd1a4eb elementor-align-center elementor-widget__width-auto elementor-widget elementor-widget-button\" data-id=\"dd1a4eb\" data-element_type=\"widget\" data-e-type=\"widget\" data-widget_type=\"button.default\">\n\t\t\t\t\t\t\t\t\t\t<a class=\"elementor-button elementor-button-link elementor-size-sm\" href=\"https:\/\/www.translationscertified.com\/es\/recursos-de-documentos\/preguntas-frecuentes-faq\/preguntas-frecuentes-sobre-ciudadania-estadounidense\">\n\t\t\t\t\t\t<span class=\"elementor-button-content-wrapper\">\n\t\t\t\t\t\t\t\t\t<span class=\"elementor-button-text\">Vea la p\u00e1gina<\/span>\n\t\t\t\t\t<\/span>\n\t\t\t\t\t<\/a>\n\t\t\t\t\t\t\t\t<\/div>\n\t\t\t\t\t<\/div>\n\t\t\t\t<\/div>\n\t\t\t\t\t<\/div>\n\t\t\t\t<\/div>\n\t\t\t\t\t<\/div>\n\t\t\t\t<\/div>\n\t\t\t\t<\/div>\n\t\t","protected":false},"excerpt":{"rendered":"<p>Preguntas frecuentes sobre el permiso de residencia o trabajo: Preguntas frecuentes sobre residencia permanente \u00bfQu\u00e9 es un permiso de residencia o trabajo? Este documento otorga residencia permanente legal en EE. &#8230; <a title=\"Preguntas frecuentes sobre el permiso de residencia o trabajo\" class=\"read-more\" href=\"https:\/\/www.translationscertified.com\/es\/recursos-de-documentos\/preguntas-frecuentes-faq\/preguntas-frecuentes-sobre-el-permiso-de-residencia-o-trabajo\" aria-label=\"Read more about Preguntas frecuentes sobre el permiso de residencia o trabajo\">Read more<\/a><\/p>\n","protected":false},"author":4,"featured_media":0,"parent":5067,"menu_order":0,"comment_status":"closed","ping_status":"closed","template":"","meta":{"_acf_changed":false,"content-type":"","footnotes":""},"class_list":["post-5069","page","type-page","status-publish"],"acf":[],"yoast_head":"<!-- This site is optimized with the Yoast SEO plugin v27.6 - https:\/\/yoast.com\/product\/yoast-seo-wordpress\/ -->\n<title>Preguntas frecuentes sobre el permiso de residencia o trabajo: Todo lo que necesita saber | Translations Certified<\/title>\n<meta name=\"description\" content=\"Preguntas frecuentes sobre el permiso de residencia o trabajo: Entienda los pasos de la presentaci\u00f3n de la solicitud, los documentos y el proceso para convertirse en residente permanente de EE. UU.\" \/>\n<meta name=\"robots\" content=\"index, follow, max-snippet:-1, max-image-preview:large, max-video-preview:-1\" \/>\n<link rel=\"canonical\" href=\"https:\/\/www.translationscertified.com\/es\/recursos-de-documentos\/preguntas-frecuentes-faq\/preguntas-frecuentes-sobre-el-permiso-de-residencia-o-trabajo\" \/>\n<meta property=\"og:locale\" content=\"es_ES\" \/>\n<meta property=\"og:type\" content=\"article\" \/>\n<meta property=\"og:title\" content=\"Preguntas frecuentes sobre el permiso de residencia o trabajo: Todo lo que necesita saber | Translations Certified\" \/>\n<meta property=\"og:description\" content=\"Preguntas frecuentes sobre el permiso de residencia o trabajo: Entienda los pasos de la presentaci\u00f3n de la solicitud, los documentos y el proceso para convertirse en residente permanente de EE. UU.\" \/>\n<meta property=\"og:url\" content=\"https:\/\/www.translationscertified.com\/es\/recursos-de-documentos\/preguntas-frecuentes-faq\/preguntas-frecuentes-sobre-el-permiso-de-residencia-o-trabajo\" \/>\n<meta property=\"og:site_name\" content=\"Translations Certified\" \/>\n<meta property=\"article:modified_time\" content=\"2025-03-07T21:49:00+00:00\" \/>\n<meta property=\"og:image\" content=\"https:\/\/www.translationscertified.com\/wp-content\/uploads\/2024\/06\/cropped-v.2b_03.png\" \/>\n\t<meta property=\"og:image:width\" content=\"512\" \/>\n\t<meta property=\"og:image:height\" content=\"512\" \/>\n\t<meta property=\"og:image:type\" content=\"image\/png\" \/>\n<meta name=\"twitter:card\" content=\"summary_large_image\" \/>\n<meta name=\"twitter:label1\" content=\"Tiempo de lectura\" \/>\n\t<meta name=\"twitter:data1\" content=\"2 minutos\" \/>\n<!-- \/ Yoast SEO plugin. -->","yoast_head_json":{"title":"Preguntas frecuentes sobre el permiso de residencia o trabajo: Todo lo que necesita saber | Translations Certified","description":"Preguntas frecuentes sobre el permiso de residencia o trabajo: Entienda los pasos de la presentaci\u00f3n de la solicitud, los documentos y el proceso para convertirse en residente permanente de EE. UU.","robots":{"index":"index","follow":"follow","max-snippet":"max-snippet:-1","max-image-preview":"max-image-preview:large","max-video-preview":"max-video-preview:-1"},"canonical":"https:\/\/www.translationscertified.com\/es\/recursos-de-documentos\/preguntas-frecuentes-faq\/preguntas-frecuentes-sobre-el-permiso-de-residencia-o-trabajo","og_locale":"es_ES","og_type":"article","og_title":"Preguntas frecuentes sobre el permiso de residencia o trabajo: Todo lo que necesita saber | Translations Certified","og_description":"Preguntas frecuentes sobre el permiso de residencia o trabajo: Entienda los pasos de la presentaci\u00f3n de la solicitud, los documentos y el proceso para convertirse en residente permanente de EE. UU.","og_url":"https:\/\/www.translationscertified.com\/es\/recursos-de-documentos\/preguntas-frecuentes-faq\/preguntas-frecuentes-sobre-el-permiso-de-residencia-o-trabajo","og_site_name":"Translations Certified","article_modified_time":"2025-03-07T21:49:00+00:00","og_image":[{"width":512,"height":512,"url":"https:\/\/www.translationscertified.com\/wp-content\/uploads\/2024\/06\/cropped-v.2b_03.png","type":"image\/png"}],"twitter_card":"summary_large_image","twitter_misc":{"Tiempo de lectura":"2 minutos"},"schema":{"@context":"https:\/\/schema.org","@graph":[{"@type":"WebPage","@id":"https:\/\/www.translationscertified.com\/es\/recursos-de-documentos\/preguntas-frecuentes-faq\/preguntas-frecuentes-sobre-el-permiso-de-residencia-o-trabajo","url":"https:\/\/www.translationscertified.com\/es\/recursos-de-documentos\/preguntas-frecuentes-faq\/preguntas-frecuentes-sobre-el-permiso-de-residencia-o-trabajo","name":"Preguntas frecuentes sobre el permiso de residencia o trabajo: Todo lo que necesita saber | Translations Certified","isPartOf":{"@id":"https:\/\/www.translationscertified.com\/es#website"},"datePublished":"2024-10-17T18:59:57+00:00","dateModified":"2025-03-07T21:49:00+00:00","description":"Preguntas frecuentes sobre el permiso de residencia o trabajo: Entienda los pasos de la presentaci\u00f3n de la solicitud, los documentos y el proceso para convertirse en residente permanente de EE. UU.","breadcrumb":{"@id":"https:\/\/www.translationscertified.com\/es\/recursos-de-documentos\/preguntas-frecuentes-faq\/preguntas-frecuentes-sobre-el-permiso-de-residencia-o-trabajo#breadcrumb"},"inLanguage":"es","potentialAction":[{"@type":"ReadAction","target":["https:\/\/www.translationscertified.com\/es\/recursos-de-documentos\/preguntas-frecuentes-faq\/preguntas-frecuentes-sobre-el-permiso-de-residencia-o-trabajo"]}]},{"@type":"BreadcrumbList","@id":"https:\/\/www.translationscertified.com\/es\/recursos-de-documentos\/preguntas-frecuentes-faq\/preguntas-frecuentes-sobre-el-permiso-de-residencia-o-trabajo#breadcrumb","itemListElement":[{"@type":"ListItem","position":1,"name":"Home","item":"https:\/\/www.translationscertified.com\/es"},{"@type":"ListItem","position":2,"name":"Recursos de documentos","item":"https:\/\/www.translationscertified.com\/es\/document-resources"},{"@type":"ListItem","position":3,"name":"Preguntas Frecuentes (FAQ)","item":"https:\/\/www.translationscertified.com\/es\/document-resources\/faqs"},{"@type":"ListItem","position":4,"name":"Preguntas frecuentes sobre el permiso de residencia o trabajo"}]},{"@type":"WebSite","@id":"https:\/\/www.translationscertified.com\/es#website","url":"https:\/\/www.translationscertified.com\/es","name":"Translations Certified","description":"Translations Certified Translation Services","publisher":{"@id":"https:\/\/www.translationscertified.com\/es#organization"},"potentialAction":[{"@type":"SearchAction","target":{"@type":"EntryPoint","urlTemplate":"https:\/\/www.translationscertified.com\/es?s={search_term_string}"},"query-input":{"@type":"PropertyValueSpecification","valueRequired":true,"valueName":"search_term_string"}}],"inLanguage":"es"},{"@type":"Organization","@id":"https:\/\/www.translationscertified.com\/es#organization","name":"Translations Certified","url":"https:\/\/www.translationscertified.com\/es","logo":{"@type":"ImageObject","inLanguage":"es","@id":"https:\/\/www.translationscertified.com\/es#\/schema\/logo\/image\/","url":"https:\/\/www.translationscertified.com\/wp-content\/uploads\/2025\/10\/cropped-TranslationsCertified-01.webp","contentUrl":"https:\/\/www.translationscertified.com\/wp-content\/uploads\/2025\/10\/cropped-TranslationsCertified-01.webp","width":288,"height":86,"caption":"Translations Certified"},"image":{"@id":"https:\/\/www.translationscertified.com\/es#\/schema\/logo\/image\/"}}]}},"_links":{"self":[{"href":"https:\/\/www.translationscertified.com\/es\/wp-json\/wp\/v2\/pages\/5069","targetHints":{"allow":["GET"]}}],"collection":[{"href":"https:\/\/www.translationscertified.com\/es\/wp-json\/wp\/v2\/pages"}],"about":[{"href":"https:\/\/www.translationscertified.com\/es\/wp-json\/wp\/v2\/types\/page"}],"author":[{"embeddable":true,"href":"https:\/\/www.translationscertified.com\/es\/wp-json\/wp\/v2\/users\/4"}],"replies":[{"embeddable":true,"href":"https:\/\/www.translationscertified.com\/es\/wp-json\/wp\/v2\/comments?post=5069"}],"version-history":[{"count":0,"href":"https:\/\/www.translationscertified.com\/es\/wp-json\/wp\/v2\/pages\/5069\/revisions"}],"up":[{"embeddable":true,"href":"https:\/\/www.translationscertified.com\/es\/wp-json\/wp\/v2\/pages\/5067"}],"wp:attachment":[{"href":"https:\/\/www.translationscertified.com\/es\/wp-json\/wp\/v2\/media?parent=5069"}],"curies":[{"name":"wp","href":"https:\/\/api.w.org\/{rel}","templated":true}]}}