{"id":5070,"date":"2024-10-18T14:38:46","date_gmt":"2024-10-18T14:38:46","guid":{"rendered":"https:\/\/www.translationscertified.com\/?page_id=5070"},"modified":"2025-03-07T21:48:56","modified_gmt":"2025-03-07T21:48:56","slug":"preguntas-frecuentes-sobre-ciudadania-estadounidense","status":"publish","type":"page","link":"https:\/\/www.translationscertified.com\/es\/recursos-de-documentos\/preguntas-frecuentes-faq\/preguntas-frecuentes-sobre-ciudadania-estadounidense","title":{"rendered":"Preguntas frecuentes sobre ciudadan\u00eda estadounidense"},"content":{"rendered":"\t\t<div data-elementor-type=\"wp-page\" data-elementor-id=\"5070\" class=\"elementor elementor-5070 elementor-2177\">\n\t\t\t\t<div class=\"elementor-element elementor-element-0854c28 elementor-hidden-mobile e-flex e-con-boxed e-con e-parent\" data-id=\"0854c28\" data-element_type=\"container\" data-e-type=\"container\" data-settings=\"{&quot;background_background&quot;:&quot;classic&quot;}\">\n\t\t\t\t\t<div class=\"e-con-inner\">\n\t\t\t\t\t<\/div>\n\t\t\t\t<\/div>\n\t\t<div class=\"elementor-element elementor-element-0cff058 e-flex e-con-boxed e-con e-parent\" data-id=\"0cff058\" data-element_type=\"container\" data-e-type=\"container\">\n\t\t\t\t\t<div class=\"e-con-inner\">\n\t\t\t\t<div class=\"elementor-element elementor-element-7588254 elementor-widget elementor-widget-heading\" data-id=\"7588254\" data-element_type=\"widget\" data-e-type=\"widget\" data-widget_type=\"heading.default\">\n\t\t\t\t\t<h1 class=\"elementor-heading-title elementor-size-default\">Preguntas frecuentes sobre ciudadan\u00eda estadounidense:  Preguntas comunes sobre la naturalizaci\u00f3n<\/h1>\t\t\t\t<\/div>\n\t\t\t\t\t<\/div>\n\t\t\t\t<\/div>\n\t\t<div class=\"elementor-element elementor-element-521c177 e-flex e-con-boxed e-con e-parent\" data-id=\"521c177\" data-element_type=\"container\" data-e-type=\"container\">\n\t\t\t\t\t<div class=\"e-con-inner\">\n\t\t\t\t<div class=\"elementor-element elementor-element-e52073a elementor-widget elementor-widget-text-editor\" data-id=\"e52073a\" data-element_type=\"widget\" data-e-type=\"widget\" data-widget_type=\"text-editor.default\">\n\t\t\t\t\t\t\t\t\t<div class=\"ewa-rteLine\">\n<h2 class=\"ewa-rteLine\">\u00bfQu\u00e9 es la ciudadan\u00eda estadounidense? <\/h2>\n<div class=\"ewa-rteLine\">La ciudadan\u00eda otorga a las personas derecho a vivir, trabajar, votar y disfrutar de la plena protecci\u00f3n de la ley estadounidense. Se obtiene por nacimiento, adquisici\u00f3n o naturalizaci\u00f3n.<\/div>\n<div class=\"ewa-rteLine\">\u00a0<\/div>\n<h2 class=\"ewa-rteLine\">\u00bfCu\u00e1les son los requisitos para la naturalizaci\u00f3n?<\/h2>\n<div class=\"ewa-rteLine\">Los requisitos clave son:<\/div>\n<div class=\"ewa-rteLine\">\u00a0<\/div>\n<ul>\n<li class=\"ewa-rteLine\">tener un permiso de residencia o trabajo durante al menos 5 a\u00f1os (o 3 si est\u00e1 casado con un ciudadano estadounidense);<\/li>\n<li class=\"ewa-rteLine\">cumplir con los requisitos de residencia y presencia f\u00edsica;<\/li>\n<li class=\"ewa-rteLine\">aprobar los ex\u00e1menes de ingl\u00e9s y educaci\u00f3n c\u00edvica, a menos que est\u00e9 exento.<\/li>\n<\/ul>\n<div class=\"ewa-rteLine\">Vea m\u00e1s detalles en nuestra p\u00e1gina de <a href=\"https:\/\/www.translationscertified.com\/es?page_id=5059\">Elegibilidad para la ciudadan\u00eda<\/a>.<\/div>\n<div class=\"ewa-rteLine\">\u00a0<\/div>\n<h2 class=\"ewa-rteLine\">\u00bfCu\u00e1nto tiempo tarda el proceso de naturalizaci\u00f3n?<\/h2>\n<div class=\"ewa-rteLine\">Por lo general, demora entre 8 y 14 meses, seg\u00fan los tiempos de procesamiento en su \u00e1rea.<\/div>\n<div class=\"ewa-rteLine\">\u00a0<\/div>\n<h2 class=\"ewa-rteLine\">\u00bfQu\u00e9 documentos necesito para la naturalizaci\u00f3n?<\/h2>\n<div class=\"ewa-rteLine\">Necesitar\u00e1 proporcionar:<\/div>\n<div class=\"ewa-rteLine\">\u00a0<\/div>\n<ul>\n<li class=\"ewa-rteLine\">formulario N-400 (Solicitud de naturalizaci\u00f3n);<\/li>\n<li class=\"ewa-rteLine\">documentos de respaldo como una copia de su permiso de residencia o trabajo, declaraciones de impuestos y cualquier traducci\u00f3n certificada de documentos en idiomas extranjeros, como certificados de nacimiento o matrimonio.<\/li>\n<\/ul>\n<h2 class=\"ewa-rteLine\">\u00bfPuedo solicitar la ciudadan\u00eda si tengo antecedentes penales?<\/h2>\n<div class=\"ewa-rteLine\">Ciertos delitos pueden descalificarlo para la naturalizaci\u00f3n, pero infracciones menores tal vez no. USCIS evaluar\u00e1 su car\u00e1cter moral como parte del proceso.<\/div>\n<\/div>\n\t\t\t\t\t\t\t\t<\/div>\n\t\t\t\t<div class=\"elementor-element elementor-element-d0c288c elementor-widget elementor-widget-heading\" data-id=\"d0c288c\" data-element_type=\"widget\" data-e-type=\"widget\" data-widget_type=\"heading.default\">\n\t\t\t\t\t<h2 class=\"elementor-heading-title elementor-size-default\">\u00bfC\u00f3mo puede ayudar Translations Certified?<\/h2>\t\t\t\t<\/div>\n\t\t\t\t<div class=\"elementor-element elementor-element-b10fdb0 elementor-widget elementor-widget-text-editor\" data-id=\"b10fdb0\" data-element_type=\"widget\" data-e-type=\"widget\" data-widget_type=\"text-editor.default\">\n\t\t\t\t\t\t\t\t\t<div class=\"ewa-rteLine\">En Translations Certified proporcionamos traducciones certificadas que cumplen con los requisitos de USCIS para cualquier documento en idioma extranjero que pueda necesitar para su <a href=\"https:\/\/www.translationscertified.com\/es?page_id=5050\">solicitud de naturalizaci\u00f3n<\/a>, y garantizamos as\u00ed que su presentaci\u00f3n sea precisa y est\u00e9 completa.<\/div>\n\t\t\t\t\t\t\t\t<\/div>\n\t\t\t\t\t<\/div>\n\t\t\t\t<\/div>\n\t\t<div class=\"elementor-element elementor-element-31d79d5 e-flex e-con-boxed e-con e-parent\" data-id=\"31d79d5\" data-element_type=\"container\" data-e-type=\"container\">\n\t\t\t\t\t<div class=\"e-con-inner\">\n\t\t<div class=\"elementor-element elementor-element-317d7ce e-flex e-con-boxed e-con e-child\" data-id=\"317d7ce\" data-element_type=\"container\" data-e-type=\"container\" data-settings=\"{&quot;background_background&quot;:&quot;classic&quot;}\">\n\t\t\t\t\t<div class=\"e-con-inner\">\n\t\t\t\t<div class=\"elementor-element elementor-element-84c08b0 elementor-widget elementor-widget-text-editor\" data-id=\"84c08b0\" data-element_type=\"widget\" data-e-type=\"widget\" data-widget_type=\"text-editor.default\">\n\t\t\t\t\t\t\t\t\t<p><i>La informaci\u00f3n proporcionada aqu\u00ed es solo para fines informativos generales y no pretende ser asesoramiento legal. Si bien nos esforzamos por garantizar que la informaci\u00f3n sea precisa y actual, no sustituye el asesoramiento legal profesional. Consulte a un abogado calificado para obtener asesoramiento sobre su situaci\u00f3n espec\u00edfica o si tiene preguntas legales.<\/i><\/p>\n\t\t\t\t\t\t\t\t<\/div>\n\t\t\t\t\t<\/div>\n\t\t\t\t<\/div>\n\t\t\t\t\t<\/div>\n\t\t\t\t<\/div>\n\t\t<div class=\"elementor-element elementor-element-415532f e-flex e-con-boxed e-con e-parent\" data-id=\"415532f\" data-element_type=\"container\" data-e-type=\"container\">\n\t\t\t\t\t<div class=\"e-con-inner\">\n\t\t\t\t<div class=\"elementor-element elementor-element-f94c8f0 elementor-widget elementor-widget-heading\" data-id=\"f94c8f0\" data-element_type=\"widget\" data-e-type=\"widget\" data-widget_type=\"heading.default\">\n\t\t\t\t\t<h2 class=\"elementor-heading-title elementor-size-default\">Preguntas frecuentes sobre temas espec\u00edficos<\/h2>\t\t\t\t<\/div>\n\t\t\t\t<div class=\"elementor-element elementor-element-4330be8 elementor-widget elementor-widget-text-editor\" data-id=\"4330be8\" data-element_type=\"widget\" data-e-type=\"widget\" data-widget_type=\"text-editor.default\">\n\t\t\t\t\t\t\t\t\t<div class=\"ewa-rteLine\">Para ver preguntas m\u00e1s espec\u00edficas relacionadas con la inmigraci\u00f3n, explore nuestras secciones dedicadas:<\/div>\n\t\t\t\t\t\t\t\t<\/div>\n\t\t<div class=\"elementor-element elementor-element-5eeff1c e-flex e-con-boxed e-con e-child\" data-id=\"5eeff1c\" data-element_type=\"container\" data-e-type=\"container\">\n\t\t\t\t\t<div class=\"e-con-inner\">\n\t\t<div class=\"elementor-element elementor-element-5bb8f48 e-flex e-con-boxed e-con e-child\" data-id=\"5bb8f48\" data-element_type=\"container\" data-e-type=\"container\" data-settings=\"{&quot;background_background&quot;:&quot;classic&quot;}\">\n\t\t\t\t\t<div class=\"e-con-inner\">\n\t\t\t\t<div class=\"elementor-element elementor-element-8e954f1 elementor-widget elementor-widget-heading\" data-id=\"8e954f1\" data-element_type=\"widget\" data-e-type=\"widget\" data-widget_type=\"heading.default\">\n\t\t\t\t\t<h2 class=\"elementor-heading-title elementor-size-default\">Preguntas frecuentes sobre visas para Estados Unidos <\/h2>\t\t\t\t<\/div>\n\t\t\t\t<div class=\"elementor-element elementor-element-9b778e9 elementor-align-center elementor-widget__width-auto elementor-widget elementor-widget-button\" data-id=\"9b778e9\" data-element_type=\"widget\" data-e-type=\"widget\" data-widget_type=\"button.default\">\n\t\t\t\t\t\t\t\t\t\t<a class=\"elementor-button elementor-button-link elementor-size-sm\" href=\"https:\/\/www.translationscertified.com\/es\/recursos-de-documentos\/preguntas-frecuentes-faq\/preguntas-frecuentes-sobre-visas-de-ee-uu\">\n\t\t\t\t\t\t<span class=\"elementor-button-content-wrapper\">\n\t\t\t\t\t\t\t\t\t<span class=\"elementor-button-text\">Vea la p\u00e1gina<\/span>\n\t\t\t\t\t<\/span>\n\t\t\t\t\t<\/a>\n\t\t\t\t\t\t\t\t<\/div>\n\t\t\t\t\t<\/div>\n\t\t\t\t<\/div>\n\t\t<div class=\"elementor-element elementor-element-6db83af e-flex e-con-boxed e-con e-child\" data-id=\"6db83af\" data-element_type=\"container\" data-e-type=\"container\" data-settings=\"{&quot;background_background&quot;:&quot;classic&quot;}\">\n\t\t\t\t\t<div class=\"e-con-inner\">\n\t\t\t\t<div class=\"elementor-element elementor-element-cfdc227 elementor-widget elementor-widget-heading\" data-id=\"cfdc227\" data-element_type=\"widget\" data-e-type=\"widget\" data-widget_type=\"heading.default\">\n\t\t\t\t\t<h2 class=\"elementor-heading-title elementor-size-default\">Preguntas frecuentes sobre el permiso de residencia o trabajo<\/h2>\t\t\t\t<\/div>\n\t\t\t\t<div class=\"elementor-element elementor-element-4b91b1d elementor-align-center elementor-widget__width-auto elementor-widget elementor-widget-button\" data-id=\"4b91b1d\" data-element_type=\"widget\" data-e-type=\"widget\" data-widget_type=\"button.default\">\n\t\t\t\t\t\t\t\t\t\t<a class=\"elementor-button elementor-button-link elementor-size-sm\" href=\"https:\/\/www.translationscertified.com\/es\/recursos-de-documentos\/preguntas-frecuentes-faq\/preguntas-frecuentes-sobre-el-permiso-de-residencia-o-trabajo\">\n\t\t\t\t\t\t<span class=\"elementor-button-content-wrapper\">\n\t\t\t\t\t\t\t\t\t<span class=\"elementor-button-text\">Vea la p\u00e1gina<\/span>\n\t\t\t\t\t<\/span>\n\t\t\t\t\t<\/a>\n\t\t\t\t\t\t\t\t<\/div>\n\t\t\t\t\t<\/div>\n\t\t\t\t<\/div>\n\t\t<div class=\"elementor-element elementor-element-728017e e-flex e-con-boxed e-con e-child\" data-id=\"728017e\" data-element_type=\"container\" data-e-type=\"container\" data-settings=\"{&quot;background_background&quot;:&quot;classic&quot;}\">\n\t\t\t\t\t<div class=\"e-con-inner\">\n\t\t\t\t<div class=\"elementor-element elementor-element-4713acf elementor-widget elementor-widget-heading\" data-id=\"4713acf\" data-element_type=\"widget\" data-e-type=\"widget\" data-widget_type=\"heading.default\">\n\t\t\t\t\t<h2 class=\"elementor-heading-title elementor-size-default\">Preguntas frecuentes sobre la ciudadan\u00eda<\/h2>\t\t\t\t<\/div>\n\t\t\t\t<div class=\"elementor-element elementor-element-38caf61 elementor-align-center elementor-widget__width-auto elementor-widget elementor-widget-button\" data-id=\"38caf61\" data-element_type=\"widget\" data-e-type=\"widget\" data-widget_type=\"button.default\">\n\t\t\t\t\t\t\t\t\t\t<a class=\"elementor-button elementor-button-link elementor-size-sm\" href=\"https:\/\/www.translationscertified.com\/es\/recursos-de-documentos\/preguntas-frecuentes-faq\/preguntas-frecuentes-sobre-ciudadania-estadounidense\">\n\t\t\t\t\t\t<span class=\"elementor-button-content-wrapper\">\n\t\t\t\t\t\t\t\t\t<span class=\"elementor-button-text\">Vea la p\u00e1gina<\/span>\n\t\t\t\t\t<\/span>\n\t\t\t\t\t<\/a>\n\t\t\t\t\t\t\t\t<\/div>\n\t\t\t\t\t<\/div>\n\t\t\t\t<\/div>\n\t\t\t\t\t<\/div>\n\t\t\t\t<\/div>\n\t\t\t\t\t<\/div>\n\t\t\t\t<\/div>\n\t\t\t\t<\/div>\n\t\t","protected":false},"excerpt":{"rendered":"<p>Preguntas frecuentes sobre ciudadan\u00eda estadounidense: Preguntas comunes sobre la naturalizaci\u00f3n \u00bfQu\u00e9 es la ciudadan\u00eda estadounidense? La ciudadan\u00eda otorga a las personas derecho a vivir, trabajar, votar y disfrutar de la &#8230; <a title=\"Preguntas frecuentes sobre ciudadan\u00eda estadounidense\" class=\"read-more\" href=\"https:\/\/www.translationscertified.com\/es\/recursos-de-documentos\/preguntas-frecuentes-faq\/preguntas-frecuentes-sobre-ciudadania-estadounidense\" aria-label=\"Read more about Preguntas frecuentes sobre ciudadan\u00eda estadounidense\">Read more<\/a><\/p>\n","protected":false},"author":4,"featured_media":0,"parent":5067,"menu_order":0,"comment_status":"closed","ping_status":"closed","template":"","meta":{"_acf_changed":false,"content-type":"","footnotes":""},"class_list":["post-5070","page","type-page","status-publish"],"acf":[],"yoast_head":"<!-- This site is optimized with the Yoast SEO plugin v27.5 - https:\/\/yoast.com\/product\/yoast-seo-wordpress\/ -->\n<title>Preguntas frecuentes sobre ciudadan\u00eda estadounidense: Naturalizaci\u00f3n | Translations Certified<\/title>\n<meta name=\"description\" content=\"Las preguntas frecuentes sobre ciudadan\u00eda estadounidense cubren los requisitos de naturalizaci\u00f3n, los tiempos de procesamiento y los documentos clave para una solicitud sin problemas.\" \/>\n<meta name=\"robots\" content=\"index, follow, max-snippet:-1, max-image-preview:large, max-video-preview:-1\" \/>\n<link rel=\"canonical\" href=\"https:\/\/www.translationscertified.com\/es\/recursos-de-documentos\/preguntas-frecuentes-faq\/preguntas-frecuentes-sobre-ciudadania-estadounidense\" \/>\n<meta property=\"og:locale\" content=\"es_ES\" \/>\n<meta property=\"og:type\" content=\"article\" \/>\n<meta property=\"og:title\" content=\"Preguntas frecuentes sobre ciudadan\u00eda estadounidense: Naturalizaci\u00f3n | Translations Certified\" \/>\n<meta property=\"og:description\" content=\"Las preguntas frecuentes sobre ciudadan\u00eda estadounidense cubren los requisitos de naturalizaci\u00f3n, los tiempos de procesamiento y los documentos clave para una solicitud sin problemas.\" \/>\n<meta property=\"og:url\" content=\"https:\/\/www.translationscertified.com\/es\/recursos-de-documentos\/preguntas-frecuentes-faq\/preguntas-frecuentes-sobre-ciudadania-estadounidense\" \/>\n<meta property=\"og:site_name\" content=\"Translations Certified\" \/>\n<meta property=\"article:modified_time\" content=\"2025-03-07T21:48:56+00:00\" \/>\n<meta property=\"og:image\" content=\"https:\/\/www.translationscertified.com\/wp-content\/uploads\/2024\/06\/cropped-v.2b_03.png\" \/>\n\t<meta property=\"og:image:width\" content=\"512\" \/>\n\t<meta property=\"og:image:height\" content=\"512\" \/>\n\t<meta property=\"og:image:type\" content=\"image\/png\" \/>\n<meta name=\"twitter:card\" content=\"summary_large_image\" \/>\n<meta name=\"twitter:label1\" content=\"Tiempo de lectura\" \/>\n\t<meta name=\"twitter:data1\" content=\"2 minutos\" \/>\n<!-- \/ Yoast SEO plugin. -->","yoast_head_json":{"title":"Preguntas frecuentes sobre ciudadan\u00eda estadounidense: Naturalizaci\u00f3n | Translations Certified","description":"Las preguntas frecuentes sobre ciudadan\u00eda estadounidense cubren los requisitos de naturalizaci\u00f3n, los tiempos de procesamiento y los documentos clave para una solicitud sin problemas.","robots":{"index":"index","follow":"follow","max-snippet":"max-snippet:-1","max-image-preview":"max-image-preview:large","max-video-preview":"max-video-preview:-1"},"canonical":"https:\/\/www.translationscertified.com\/es\/recursos-de-documentos\/preguntas-frecuentes-faq\/preguntas-frecuentes-sobre-ciudadania-estadounidense","og_locale":"es_ES","og_type":"article","og_title":"Preguntas frecuentes sobre ciudadan\u00eda estadounidense: Naturalizaci\u00f3n | Translations Certified","og_description":"Las preguntas frecuentes sobre ciudadan\u00eda estadounidense cubren los requisitos de naturalizaci\u00f3n, los tiempos de procesamiento y los documentos clave para una solicitud sin problemas.","og_url":"https:\/\/www.translationscertified.com\/es\/recursos-de-documentos\/preguntas-frecuentes-faq\/preguntas-frecuentes-sobre-ciudadania-estadounidense","og_site_name":"Translations Certified","article_modified_time":"2025-03-07T21:48:56+00:00","og_image":[{"width":512,"height":512,"url":"https:\/\/www.translationscertified.com\/wp-content\/uploads\/2024\/06\/cropped-v.2b_03.png","type":"image\/png"}],"twitter_card":"summary_large_image","twitter_misc":{"Tiempo de lectura":"2 minutos"},"schema":{"@context":"https:\/\/schema.org","@graph":[{"@type":"WebPage","@id":"https:\/\/www.translationscertified.com\/es\/recursos-de-documentos\/preguntas-frecuentes-faq\/preguntas-frecuentes-sobre-ciudadania-estadounidense","url":"https:\/\/www.translationscertified.com\/es\/recursos-de-documentos\/preguntas-frecuentes-faq\/preguntas-frecuentes-sobre-ciudadania-estadounidense","name":"Preguntas frecuentes sobre ciudadan\u00eda estadounidense: Naturalizaci\u00f3n | Translations Certified","isPartOf":{"@id":"https:\/\/www.translationscertified.com\/es#website"},"datePublished":"2024-10-18T14:38:46+00:00","dateModified":"2025-03-07T21:48:56+00:00","description":"Las preguntas frecuentes sobre ciudadan\u00eda estadounidense cubren los requisitos de naturalizaci\u00f3n, los tiempos de procesamiento y los documentos clave para una solicitud sin problemas.","breadcrumb":{"@id":"https:\/\/www.translationscertified.com\/es\/recursos-de-documentos\/preguntas-frecuentes-faq\/preguntas-frecuentes-sobre-ciudadania-estadounidense#breadcrumb"},"inLanguage":"es","potentialAction":[{"@type":"ReadAction","target":["https:\/\/www.translationscertified.com\/es\/recursos-de-documentos\/preguntas-frecuentes-faq\/preguntas-frecuentes-sobre-ciudadania-estadounidense"]}]},{"@type":"BreadcrumbList","@id":"https:\/\/www.translationscertified.com\/es\/recursos-de-documentos\/preguntas-frecuentes-faq\/preguntas-frecuentes-sobre-ciudadania-estadounidense#breadcrumb","itemListElement":[{"@type":"ListItem","position":1,"name":"Home","item":"https:\/\/www.translationscertified.com\/es\/inicio"},{"@type":"ListItem","position":2,"name":"Recursos de documentos","item":"https:\/\/www.translationscertified.com\/es\/document-resources"},{"@type":"ListItem","position":3,"name":"Preguntas Frecuentes (FAQ)","item":"https:\/\/www.translationscertified.com\/es\/document-resources\/faqs"},{"@type":"ListItem","position":4,"name":"Preguntas frecuentes sobre ciudadan\u00eda estadounidense"}]},{"@type":"WebSite","@id":"https:\/\/www.translationscertified.com\/es#website","url":"https:\/\/www.translationscertified.com\/es","name":"Translations Certified","description":"Translations Certified Translation Services","publisher":{"@id":"https:\/\/www.translationscertified.com\/es#organization"},"potentialAction":[{"@type":"SearchAction","target":{"@type":"EntryPoint","urlTemplate":"https:\/\/www.translationscertified.com\/es?s={search_term_string}"},"query-input":{"@type":"PropertyValueSpecification","valueRequired":true,"valueName":"search_term_string"}}],"inLanguage":"es"},{"@type":"Organization","@id":"https:\/\/www.translationscertified.com\/es#organization","name":"Translations Certified","url":"https:\/\/www.translationscertified.com\/es","logo":{"@type":"ImageObject","inLanguage":"es","@id":"https:\/\/www.translationscertified.com\/es#\/schema\/logo\/image\/","url":"https:\/\/www.translationscertified.com\/wp-content\/uploads\/2025\/10\/cropped-TranslationsCertified-01.webp","contentUrl":"https:\/\/www.translationscertified.com\/wp-content\/uploads\/2025\/10\/cropped-TranslationsCertified-01.webp","width":288,"height":86,"caption":"Translations Certified"},"image":{"@id":"https:\/\/www.translationscertified.com\/es#\/schema\/logo\/image\/"}}]}},"_links":{"self":[{"href":"https:\/\/www.translationscertified.com\/es\/wp-json\/wp\/v2\/pages\/5070","targetHints":{"allow":["GET"]}}],"collection":[{"href":"https:\/\/www.translationscertified.com\/es\/wp-json\/wp\/v2\/pages"}],"about":[{"href":"https:\/\/www.translationscertified.com\/es\/wp-json\/wp\/v2\/types\/page"}],"author":[{"embeddable":true,"href":"https:\/\/www.translationscertified.com\/es\/wp-json\/wp\/v2\/users\/4"}],"replies":[{"embeddable":true,"href":"https:\/\/www.translationscertified.com\/es\/wp-json\/wp\/v2\/comments?post=5070"}],"version-history":[{"count":0,"href":"https:\/\/www.translationscertified.com\/es\/wp-json\/wp\/v2\/pages\/5070\/revisions"}],"up":[{"embeddable":true,"href":"https:\/\/www.translationscertified.com\/es\/wp-json\/wp\/v2\/pages\/5067"}],"wp:attachment":[{"href":"https:\/\/www.translationscertified.com\/es\/wp-json\/wp\/v2\/media?parent=5070"}],"curies":[{"name":"wp","href":"https:\/\/api.w.org\/{rel}","templated":true}]}}