{"id":5085,"date":"2024-11-19T17:42:39","date_gmt":"2024-11-19T17:42:39","guid":{"rendered":"https:\/\/www.translationscertified.com\/?page_id=5085"},"modified":"2025-03-07T16:22:05","modified_gmt":"2025-03-07T16:22:05","slug":"renovacion-de-visa-y-permiso-de-residencia-o-trabajo","status":"publish","type":"page","link":"https:\/\/www.translationscertified.com\/es\/recursos-adicionales\/renovacion-de-visa-y-permiso-de-residencia-o-trabajo","title":{"rendered":"Renovaci\u00f3n de Visa y Permiso de Residencia o Trabajo"},"content":{"rendered":"\t\t<div data-elementor-type=\"wp-page\" data-elementor-id=\"5085\" class=\"elementor elementor-5085 elementor-3201\">\n\t\t\t\t<div class=\"elementor-element elementor-element-c6d273e elementor-hidden-mobile e-flex e-con-boxed e-con e-parent\" data-id=\"c6d273e\" data-element_type=\"container\" data-e-type=\"container\" data-settings=\"{&quot;background_background&quot;:&quot;classic&quot;}\">\n\t\t\t\t\t<div class=\"e-con-inner\">\n\t\t\t\t\t<\/div>\n\t\t\t\t<\/div>\n\t\t<div class=\"elementor-element elementor-element-9924981 e-flex e-con-boxed e-con e-parent\" data-id=\"9924981\" data-element_type=\"container\" data-e-type=\"container\">\n\t\t\t\t\t<div class=\"e-con-inner\">\n\t\t\t\t<div class=\"elementor-element elementor-element-5ff5cfb elementor-widget elementor-widget-shortcode\" data-id=\"5ff5cfb\" data-element_type=\"widget\" data-e-type=\"widget\" data-widget_type=\"shortcode.default\">\n\t\t\t\t\t\t\t<div class=\"elementor-shortcode\"><span><span><a href=\"https:\/\/www.translationscertified.com\/es\">Home<\/a><\/span><\/span><\/div>\n\t\t\t\t\t\t<\/div>\n\t\t\t\t\t<\/div>\n\t\t\t\t<\/div>\n\t\t<div class=\"elementor-element elementor-element-eacf04d e-flex e-con-boxed e-con e-parent\" data-id=\"eacf04d\" data-element_type=\"container\" data-e-type=\"container\">\n\t\t\t\t\t<div class=\"e-con-inner\">\n\t\t\t\t<div class=\"elementor-element elementor-element-c28519e elementor-widget elementor-widget-heading\" data-id=\"c28519e\" data-element_type=\"widget\" data-e-type=\"widget\" data-widget_type=\"heading.default\">\n\t\t\t\t\t<h1 class=\"elementor-heading-title elementor-size-default\">Renovaci\u00f3n de Visa y Permiso de Residencia o Trabajo: Mantener V\u00e1lida su Condici\u00f3n en EE. UU. <\/h1>\t\t\t\t<\/div>\n\t\t\t\t\t<\/div>\n\t\t\t\t<\/div>\n\t\t<div class=\"elementor-element elementor-element-ed2d350 e-flex e-con-boxed e-con e-parent\" data-id=\"ed2d350\" data-element_type=\"container\" data-e-type=\"container\">\n\t\t\t\t\t<div class=\"e-con-inner\">\n\t\t\t\t<div class=\"elementor-element elementor-element-6397764 elementor-widget elementor-widget-text-editor\" data-id=\"6397764\" data-element_type=\"widget\" data-e-type=\"widget\" data-widget_type=\"text-editor.default\">\n\t\t\t\t\t\t\t\t\t<div class=\"ewa-rteLine\"><div class=\"ewa-rteLine\">Renovar su visa o permiso de residencia o trabajo es esencial para conservar su estatus legal en Estados Unidos. Ya sea que intente extender una visa temporal o renovar su permiso de residencia o trabajo, es esencial tener documentos precisos y que cumplan con los requisitos de USCIS. En Translations Certified, proporcionamos traducciones certificadas de todos los documentos necesarios para agilizar su proceso de renovaci\u00f3n y garantizar una presentaci\u00f3n de solicitud sin problemas.<\/div><div class=\"ewa-rteLine\">\u00a0<\/div><h2 class=\"ewa-rteLine\">\u00bfQui\u00e9n necesita renovar su visa o permiso de residencia o trabajo?<\/h2><h3 class=\"ewa-rteLine\">Renovaci\u00f3n de visa<\/h3><div class=\"ewa-rteLine\">Los titulares de visas de no inmigrante deben renovarlas para mantener su condici\u00f3n legal en EE. UU. Algunos ejemplos comunes incluyen:<\/div><div class=\"ewa-rteLine\">\u00a0<\/div><ul><li class=\"ewa-rteLine\">Visas de turista (B-1, B-2)<\/li><li class=\"ewa-rteLine\">Visas de estudiante (F-1, M-1)<\/li><li class=\"ewa-rteLine\">Visas de trabajo (H-1B, L-1, O-1)<\/li><\/ul><div class=\"ewa-rteLine\">Para la renovaci\u00f3n de la visa en general se requiere:<\/div><div class=\"ewa-rteLine\">\u00a0<\/div><ul><li class=\"ewa-rteLine\">prueba de elegibilidad continua para el tipo de visa;<\/li><li class=\"ewa-rteLine\">presentaci\u00f3n de documentaci\u00f3n financiera o laboral actualizada;<\/li><li class=\"ewa-rteLine\">entrevista en un consulado o embajada de EE. UU. (para solicitantes fuera del pa\u00eds).<\/li><\/ul><h3 class=\"ewa-rteLine\">Renovaci\u00f3n del permiso de residencia o trabajo<\/h3><div class=\"ewa-rteLine\">Los residentes permanentes deben renovar su permiso cada 10 a\u00f1os o si la pierden, la roban o la da\u00f1an. Los residentes condicionales (por ejemplo, los c\u00f3nyuges de ciudadanos estadounidenses) tambi\u00e9n deben presentar una solicitud para eliminar las condiciones de su residencia.<\/div><div class=\"ewa-rteLine\">\u00a0<\/div><div class=\"ewa-rteLine\">La renovaci\u00f3n del permiso de residencia o trabajo en general requiere:<\/div><div class=\"ewa-rteLine\">\u00a0<\/div><ul><li class=\"ewa-rteLine\">Formulario I-90: para renovaciones de permiso de residencia o trabajo est\u00e1ndar.<\/li><li class=\"ewa-rteLine\">Formulario I-751: para residentes condicionales que buscan eliminar condiciones.<\/li><\/ul><h2 class=\"ewa-rteLine\">Pasos para la renovaci\u00f3n de visas y permisos de residencia o trabajo<\/h2><div class=\"ewa-rteLine\">1. Complete el formulario correcto<\/div><div class=\"ewa-rteLine\">Para renovaciones de visas de no inmigrante, utilice el formulario DS-160. Los titulares del permiso de residencia o trabajo deben presentar el formulario I-90 para renovaciones est\u00e1ndar o el I-751 para eliminar condiciones.<\/div><div class=\"ewa-rteLine\">\u00a0<\/div><div class=\"ewa-rteLine\">2. Re\u00fana los documentos de respaldo<\/div><div class=\"ewa-rteLine\">Re\u00fana todos los documentos requeridos, como prueba de identidad, registros de empleo o evidencia de elegibilidad continua para su visa o categor\u00eda de permiso de residencia o trabajo.<\/div><div class=\"ewa-rteLine\">\u00a0<\/div><div class=\"ewa-rteLine\">3. Env\u00ede su solicitud<\/div><div class=\"ewa-rteLine\">Las renovaciones de permiso de residencia o trabajo se pueden presentar en l\u00ednea o por correo, mientras que para las renovaciones de visas muchas veces se requiere una entrevista en un consulado o embajada estadounidense fuera de Estados Unidos.<\/div><div class=\"ewa-rteLine\">\u00a0<\/div><div class=\"ewa-rteLine\">4. Asista a la cita de toma de datos biom\u00e9tricos (si corresponde)<\/div><div class=\"ewa-rteLine\">Proporcione huellas dactilares, fotograf\u00edas y otros datos biom\u00e9tricos como parte del proceso de verificaci\u00f3n de antecedentes de USCIS.<\/div><div class=\"ewa-rteLine\">\u00a0<\/div><h2 class=\"ewa-rteLine\">Documentos necesarios para la renovaci\u00f3n de visas y permisos de residencia o trabajo<\/h2><div class=\"ewa-rteLine\">Los siguientes documentos pueden ser necesarios para la renovaci\u00f3n:<\/div><div class=\"ewa-rteLine\">\u00a0<\/div><ul><li class=\"ewa-rteLine\">Visa o permiso de residencia o trabajo vigentes: para verificar su condici\u00f3n actual.<\/li><li class=\"ewa-rteLine\">Prueba de identidad: pasaporte o documento nacional de identidad.<\/li><li class=\"ewa-rteLine\">Registros de empleo: cartas de oferta, talones de pago o contratos (para visas de trabajo).<\/li><li class=\"ewa-rteLine\">Documentos educativos: verificaci\u00f3n de inscripci\u00f3n (para visas de estudiante).<\/li><li class=\"ewa-rteLine\">Evidencia de apoyo: estados financieros o comprobante de residencia.<\/li><\/ul><div class=\"ewa-rteLine\">Importante: Cualquier documento que no est\u00e9 en ingl\u00e9s debe incluir traducciones certificadas para cumplir con los requisitos de USCIS.<\/div><div class=\"ewa-rteLine\">\u00a0<\/div><h2 class=\"ewa-rteLine\">C\u00f3mo Translations Certified respalda su proceso de renovaci\u00f3n<\/h2><div class=\"ewa-rteLine\">En Translations Certified, hacemos que el proceso de renovaci\u00f3n carezca de estr\u00e9s al garantizar que sus documentos cumplan con los est\u00e1ndares de USCIS. Nuestros servicios incluyen:<\/div><div class=\"ewa-rteLine\">\u00a0<\/div><ul><li class=\"ewa-rteLine\">Traducciones certificadas: de certificados de nacimiento, registros de empleo y documentos financieros.<\/li><li class=\"ewa-rteLine\">Traducciones notariadas: proporcionan autenticaci\u00f3n adicional cuando es necesario.<\/li><li class=\"ewa-rteLine\">Entrega r\u00e1pida: la mayor\u00eda de las traducciones se entregan en 24 a 48 horas.<\/li><li class=\"ewa-rteLine\">Garant\u00eda de cumplimiento de USCIS: nos aseguramos de que todas las traducciones cumplan con los requisitos de inmigraci\u00f3n.<\/li><\/ul><\/div>\t\t\t\t\t\t\t\t<\/div>\n\t\t\t\t<div class=\"elementor-element elementor-element-2004d35 elementor-widget elementor-widget-heading\" data-id=\"2004d35\" data-element_type=\"widget\" data-e-type=\"widget\" data-widget_type=\"heading.default\">\n\t\t\t\t\t<h2 class=\"elementor-heading-title elementor-size-default\">C\u00f3mo Translations Certified simplifica el proceso<\/h2>\t\t\t\t<\/div>\n\t\t\t\t<div class=\"elementor-element elementor-element-fd00b17 elementor-widget elementor-widget-text-editor\" data-id=\"fd00b17\" data-element_type=\"widget\" data-e-type=\"widget\" data-widget_type=\"text-editor.default\">\n\t\t\t\t\t\t\t\t\t<div class=\"ewa-rteLine\">\n<div class=\"ewa-rteLine\">Renovar su visa o permiso de residencia o trabajo es un paso fundamental para mantener su condici\u00f3n en EE. UU. En Translations Certified, combinamos conocimiento experto con servicios de traducci\u00f3n r\u00e1pidos y confiables. Con soporte disponible en m\u00e1s de 100 idiomas, ayudamos a los solicitantes y residentes a enviar documentaci\u00f3n precisa y compatible con USCIS con confianza.<\/div>\n<\/div>\n\t\t\t\t\t\t\t\t<\/div>\n\t\t\t\t\t<\/div>\n\t\t\t\t<\/div>\n\t\t<div class=\"elementor-element elementor-element-74846ba e-flex e-con-boxed e-con e-parent\" data-id=\"74846ba\" data-element_type=\"container\" data-e-type=\"container\">\n\t\t\t\t\t<div class=\"e-con-inner\">\n\t\t<div class=\"elementor-element elementor-element-25359c1 e-flex e-con-boxed e-con e-child\" data-id=\"25359c1\" data-element_type=\"container\" data-e-type=\"container\" data-settings=\"{&quot;background_background&quot;:&quot;classic&quot;}\">\n\t\t\t\t\t<div class=\"e-con-inner\">\n\t\t\t\t<div class=\"elementor-element elementor-element-caa09d3 elementor-widget elementor-widget-text-editor\" data-id=\"caa09d3\" data-element_type=\"widget\" data-e-type=\"widget\" data-widget_type=\"text-editor.default\">\n\t\t\t\t\t\t\t\t\t<p><i>La informaci\u00f3n proporcionada aqu\u00ed es solo para fines informativos generales y no pretende ser asesoramiento legal. Si bien nos esforzamos por garantizar que la informaci\u00f3n sea precisa y actual, no sustituye el asesoramiento legal profesional. Consulte a un abogado calificado para obtener asesoramiento sobre su situaci\u00f3n espec\u00edfica o si tiene preguntas legales.<\/i><\/p>\n\t\t\t\t\t\t\t\t<\/div>\n\t\t\t\t\t<\/div>\n\t\t\t\t<\/div>\n\t\t\t\t\t<\/div>\n\t\t\t\t<\/div>\n\t\t\t\t<\/div>\n\t\t","protected":false},"excerpt":{"rendered":"<p>Renovaci\u00f3n de Visa y Permiso de Residencia o Trabajo: Mantener V\u00e1lida su Condici\u00f3n en EE. UU. Renovar su visa o permiso de residencia o trabajo es esencial para conservar su &#8230; <a title=\"Renovaci\u00f3n de Visa y Permiso de Residencia o Trabajo\" class=\"read-more\" href=\"https:\/\/www.translationscertified.com\/es\/recursos-adicionales\/renovacion-de-visa-y-permiso-de-residencia-o-trabajo\" aria-label=\"Read more about Renovaci\u00f3n de Visa y Permiso de Residencia o Trabajo\">Read more<\/a><\/p>\n","protected":false},"author":4,"featured_media":0,"parent":5037,"menu_order":0,"comment_status":"closed","ping_status":"closed","template":"","meta":{"_acf_changed":false,"content-type":"","footnotes":""},"class_list":["post-5085","page","type-page","status-publish"],"acf":[],"yoast_head":"<!-- This site is optimized with the Yoast SEO plugin v27.1.1 - https:\/\/yoast.com\/product\/yoast-seo-wordpress\/ -->\n<title>Renovaci\u00f3n de Visa y Permiso de Residencia o Trabajo - Translations Certified<\/title>\n<meta name=\"robots\" content=\"index, follow, max-snippet:-1, max-image-preview:large, max-video-preview:-1\" \/>\n<link rel=\"canonical\" href=\"https:\/\/www.translationscertified.com\/es\/recursos-adicionales\/renovacion-de-visa-y-permiso-de-residencia-o-trabajo\" \/>\n<meta property=\"og:locale\" content=\"es_ES\" \/>\n<meta property=\"og:type\" content=\"article\" \/>\n<meta property=\"og:title\" content=\"Renovaci\u00f3n de Visa y Permiso de Residencia o Trabajo - Translations Certified\" \/>\n<meta property=\"og:description\" content=\"Renovaci\u00f3n de Visa y Permiso de Residencia o Trabajo: Mantener V\u00e1lida su Condici\u00f3n en EE. UU. Renovar su visa o permiso de residencia o trabajo es esencial para conservar su ... Read more\" \/>\n<meta property=\"og:url\" content=\"https:\/\/www.translationscertified.com\/es\/recursos-adicionales\/renovacion-de-visa-y-permiso-de-residencia-o-trabajo\" \/>\n<meta property=\"og:site_name\" content=\"Translations Certified\" \/>\n<meta property=\"article:modified_time\" content=\"2025-03-07T16:22:05+00:00\" \/>\n<meta property=\"og:image\" content=\"https:\/\/www.translationscertified.com\/wp-content\/uploads\/2024\/06\/cropped-v.2b_03.png\" \/>\n\t<meta property=\"og:image:width\" content=\"512\" \/>\n\t<meta property=\"og:image:height\" content=\"512\" \/>\n\t<meta property=\"og:image:type\" content=\"image\/png\" \/>\n<meta name=\"twitter:card\" content=\"summary_large_image\" \/>\n<meta name=\"twitter:label1\" content=\"Est. reading time\" \/>\n\t<meta name=\"twitter:data1\" content=\"4 minutos\" \/>\n<script type=\"application\/ld+json\" class=\"yoast-schema-graph\">{\"@context\":\"https:\/\/schema.org\",\"@graph\":[{\"@type\":\"WebPage\",\"@id\":\"https:\/\/www.translationscertified.com\/es\/recursos-adicionales\/renovacion-de-visa-y-permiso-de-residencia-o-trabajo\",\"url\":\"https:\/\/www.translationscertified.com\/es\/recursos-adicionales\/renovacion-de-visa-y-permiso-de-residencia-o-trabajo\",\"name\":\"Renovaci\u00f3n de Visa y Permiso de Residencia o Trabajo - Translations Certified\",\"isPartOf\":{\"@id\":\"https:\/\/www.translationscertified.com\/es#website\"},\"datePublished\":\"2024-11-19T17:42:39+00:00\",\"dateModified\":\"2025-03-07T16:22:05+00:00\",\"breadcrumb\":{\"@id\":\"https:\/\/www.translationscertified.com\/es\/recursos-adicionales\/renovacion-de-visa-y-permiso-de-residencia-o-trabajo#breadcrumb\"},\"inLanguage\":\"es\",\"potentialAction\":[{\"@type\":\"ReadAction\",\"target\":[\"https:\/\/www.translationscertified.com\/es\/recursos-adicionales\/renovacion-de-visa-y-permiso-de-residencia-o-trabajo\"]}]},{\"@type\":\"BreadcrumbList\",\"@id\":\"https:\/\/www.translationscertified.com\/es\/recursos-adicionales\/renovacion-de-visa-y-permiso-de-residencia-o-trabajo#breadcrumb\",\"itemListElement\":[{\"@type\":\"ListItem\",\"position\":1,\"name\":\"Home\",\"item\":\"https:\/\/www.translationscertified.com\/es\"},{\"@type\":\"ListItem\",\"position\":2,\"name\":\"Recursos Adicionales\",\"item\":\"https:\/\/www.translationscertified.com\/es\/additional-resources\"},{\"@type\":\"ListItem\",\"position\":3,\"name\":\"Renovaci\u00f3n de Visa y Permiso de Residencia o Trabajo\"}]},{\"@type\":\"WebSite\",\"@id\":\"https:\/\/www.translationscertified.com\/es#website\",\"url\":\"https:\/\/www.translationscertified.com\/es\",\"name\":\"Translations Certified\",\"description\":\"Translations Certified Translation Services\",\"publisher\":{\"@id\":\"https:\/\/www.translationscertified.com\/es#organization\"},\"potentialAction\":[{\"@type\":\"SearchAction\",\"target\":{\"@type\":\"EntryPoint\",\"urlTemplate\":\"https:\/\/www.translationscertified.com\/es?s={search_term_string}\"},\"query-input\":{\"@type\":\"PropertyValueSpecification\",\"valueRequired\":true,\"valueName\":\"search_term_string\"}}],\"inLanguage\":\"es\"},{\"@type\":\"Organization\",\"@id\":\"https:\/\/www.translationscertified.com\/es#organization\",\"name\":\"Translations Certified\",\"url\":\"https:\/\/www.translationscertified.com\/es\",\"logo\":{\"@type\":\"ImageObject\",\"inLanguage\":\"es\",\"@id\":\"https:\/\/www.translationscertified.com\/es#\/schema\/logo\/image\/\",\"url\":\"https:\/\/www.translationscertified.com\/wp-content\/uploads\/2025\/10\/cropped-TranslationsCertified-01.webp\",\"contentUrl\":\"https:\/\/www.translationscertified.com\/wp-content\/uploads\/2025\/10\/cropped-TranslationsCertified-01.webp\",\"width\":288,\"height\":86,\"caption\":\"Translations Certified\"},\"image\":{\"@id\":\"https:\/\/www.translationscertified.com\/es#\/schema\/logo\/image\/\"}}]}<\/script>\n<!-- \/ Yoast SEO plugin. -->","yoast_head_json":{"title":"Renovaci\u00f3n de Visa y Permiso de Residencia o Trabajo - Translations Certified","robots":{"index":"index","follow":"follow","max-snippet":"max-snippet:-1","max-image-preview":"max-image-preview:large","max-video-preview":"max-video-preview:-1"},"canonical":"https:\/\/www.translationscertified.com\/es\/recursos-adicionales\/renovacion-de-visa-y-permiso-de-residencia-o-trabajo","og_locale":"es_ES","og_type":"article","og_title":"Renovaci\u00f3n de Visa y Permiso de Residencia o Trabajo - Translations Certified","og_description":"Renovaci\u00f3n de Visa y Permiso de Residencia o Trabajo: Mantener V\u00e1lida su Condici\u00f3n en EE. UU. Renovar su visa o permiso de residencia o trabajo es esencial para conservar su ... Read more","og_url":"https:\/\/www.translationscertified.com\/es\/recursos-adicionales\/renovacion-de-visa-y-permiso-de-residencia-o-trabajo","og_site_name":"Translations Certified","article_modified_time":"2025-03-07T16:22:05+00:00","og_image":[{"width":512,"height":512,"url":"https:\/\/www.translationscertified.com\/wp-content\/uploads\/2024\/06\/cropped-v.2b_03.png","type":"image\/png"}],"twitter_card":"summary_large_image","twitter_misc":{"Est. reading time":"4 minutos"},"schema":{"@context":"https:\/\/schema.org","@graph":[{"@type":"WebPage","@id":"https:\/\/www.translationscertified.com\/es\/recursos-adicionales\/renovacion-de-visa-y-permiso-de-residencia-o-trabajo","url":"https:\/\/www.translationscertified.com\/es\/recursos-adicionales\/renovacion-de-visa-y-permiso-de-residencia-o-trabajo","name":"Renovaci\u00f3n de Visa y Permiso de Residencia o Trabajo - Translations Certified","isPartOf":{"@id":"https:\/\/www.translationscertified.com\/es#website"},"datePublished":"2024-11-19T17:42:39+00:00","dateModified":"2025-03-07T16:22:05+00:00","breadcrumb":{"@id":"https:\/\/www.translationscertified.com\/es\/recursos-adicionales\/renovacion-de-visa-y-permiso-de-residencia-o-trabajo#breadcrumb"},"inLanguage":"es","potentialAction":[{"@type":"ReadAction","target":["https:\/\/www.translationscertified.com\/es\/recursos-adicionales\/renovacion-de-visa-y-permiso-de-residencia-o-trabajo"]}]},{"@type":"BreadcrumbList","@id":"https:\/\/www.translationscertified.com\/es\/recursos-adicionales\/renovacion-de-visa-y-permiso-de-residencia-o-trabajo#breadcrumb","itemListElement":[{"@type":"ListItem","position":1,"name":"Home","item":"https:\/\/www.translationscertified.com\/es"},{"@type":"ListItem","position":2,"name":"Recursos Adicionales","item":"https:\/\/www.translationscertified.com\/es\/additional-resources"},{"@type":"ListItem","position":3,"name":"Renovaci\u00f3n de Visa y Permiso de Residencia o Trabajo"}]},{"@type":"WebSite","@id":"https:\/\/www.translationscertified.com\/es#website","url":"https:\/\/www.translationscertified.com\/es","name":"Translations Certified","description":"Translations Certified Translation Services","publisher":{"@id":"https:\/\/www.translationscertified.com\/es#organization"},"potentialAction":[{"@type":"SearchAction","target":{"@type":"EntryPoint","urlTemplate":"https:\/\/www.translationscertified.com\/es?s={search_term_string}"},"query-input":{"@type":"PropertyValueSpecification","valueRequired":true,"valueName":"search_term_string"}}],"inLanguage":"es"},{"@type":"Organization","@id":"https:\/\/www.translationscertified.com\/es#organization","name":"Translations Certified","url":"https:\/\/www.translationscertified.com\/es","logo":{"@type":"ImageObject","inLanguage":"es","@id":"https:\/\/www.translationscertified.com\/es#\/schema\/logo\/image\/","url":"https:\/\/www.translationscertified.com\/wp-content\/uploads\/2025\/10\/cropped-TranslationsCertified-01.webp","contentUrl":"https:\/\/www.translationscertified.com\/wp-content\/uploads\/2025\/10\/cropped-TranslationsCertified-01.webp","width":288,"height":86,"caption":"Translations Certified"},"image":{"@id":"https:\/\/www.translationscertified.com\/es#\/schema\/logo\/image\/"}}]}},"_links":{"self":[{"href":"https:\/\/www.translationscertified.com\/es\/wp-json\/wp\/v2\/pages\/5085","targetHints":{"allow":["GET"]}}],"collection":[{"href":"https:\/\/www.translationscertified.com\/es\/wp-json\/wp\/v2\/pages"}],"about":[{"href":"https:\/\/www.translationscertified.com\/es\/wp-json\/wp\/v2\/types\/page"}],"author":[{"embeddable":true,"href":"https:\/\/www.translationscertified.com\/es\/wp-json\/wp\/v2\/users\/4"}],"replies":[{"embeddable":true,"href":"https:\/\/www.translationscertified.com\/es\/wp-json\/wp\/v2\/comments?post=5085"}],"version-history":[{"count":0,"href":"https:\/\/www.translationscertified.com\/es\/wp-json\/wp\/v2\/pages\/5085\/revisions"}],"up":[{"embeddable":true,"href":"https:\/\/www.translationscertified.com\/es\/wp-json\/wp\/v2\/pages\/5037"}],"wp:attachment":[{"href":"https:\/\/www.translationscertified.com\/es\/wp-json\/wp\/v2\/media?parent=5085"}],"curies":[{"name":"wp","href":"https:\/\/api.w.org\/{rel}","templated":true}]}}