{"id":5087,"date":"2024-11-19T18:54:12","date_gmt":"2024-11-19T18:54:12","guid":{"rendered":"https:\/\/www.translationscertified.com\/?page_id=5087"},"modified":"2025-03-07T16:22:04","modified_gmt":"2025-03-07T16:22:04","slug":"guia-del-abogado-de-inmigracion","status":"publish","type":"page","link":"https:\/\/www.translationscertified.com\/es\/recursos-adicionales\/guia-del-abogado-de-inmigracion","title":{"rendered":"Gu\u00eda del Abogado de Inmigraci\u00f3n"},"content":{"rendered":"\t\t<div data-elementor-type=\"wp-page\" data-elementor-id=\"5087\" class=\"elementor elementor-5087 elementor-3207\">\n\t\t\t\t<div class=\"elementor-element elementor-element-fed9e27 elementor-hidden-mobile e-flex e-con-boxed e-con e-parent\" data-id=\"fed9e27\" data-element_type=\"container\" data-e-type=\"container\" data-settings=\"{&quot;background_background&quot;:&quot;classic&quot;}\">\n\t\t\t\t\t<div class=\"e-con-inner\">\n\t\t\t\t\t<\/div>\n\t\t\t\t<\/div>\n\t\t<div class=\"elementor-element elementor-element-451924d e-flex e-con-boxed e-con e-parent\" data-id=\"451924d\" data-element_type=\"container\" data-e-type=\"container\">\n\t\t\t\t\t<div class=\"e-con-inner\">\n\t\t\t\t<div class=\"elementor-element elementor-element-22df5f9 elementor-widget elementor-widget-shortcode\" data-id=\"22df5f9\" data-element_type=\"widget\" data-e-type=\"widget\" data-widget_type=\"shortcode.default\">\n\t\t\t\t\t\t\t<div class=\"elementor-shortcode\"><span><span><a href=\"https:\/\/www.translationscertified.com\/es\">Home<\/a><\/span><\/span><\/div>\n\t\t\t\t\t\t<\/div>\n\t\t\t\t\t<\/div>\n\t\t\t\t<\/div>\n\t\t<div class=\"elementor-element elementor-element-321c9db e-flex e-con-boxed e-con e-parent\" data-id=\"321c9db\" data-element_type=\"container\" data-e-type=\"container\">\n\t\t\t\t\t<div class=\"e-con-inner\">\n\t\t\t\t<div class=\"elementor-element elementor-element-4a0e976 elementor-widget elementor-widget-heading\" data-id=\"4a0e976\" data-element_type=\"widget\" data-e-type=\"widget\" data-widget_type=\"heading.default\">\n\t\t\t\t\t<h1 class=\"elementor-heading-title elementor-size-default\">Gu\u00eda del Abogado de Inmigraci\u00f3n: Cu\u00e1ndo y por qu\u00e9 Necesita Asistencia Legal\n<\/h1>\t\t\t\t<\/div>\n\t\t\t\t\t<\/div>\n\t\t\t\t<\/div>\n\t\t<div class=\"elementor-element elementor-element-02c5b06 e-flex e-con-boxed e-con e-parent\" data-id=\"02c5b06\" data-element_type=\"container\" data-e-type=\"container\">\n\t\t\t\t\t<div class=\"e-con-inner\">\n\t\t\t\t<div class=\"elementor-element elementor-element-4e602c6 elementor-widget elementor-widget-text-editor\" data-id=\"4e602c6\" data-element_type=\"widget\" data-e-type=\"widget\" data-widget_type=\"text-editor.default\">\n\t\t\t\t\t\t\t\t\t<div class=\"ewa-rteLine\">\n<div class=\"ewa-rteLine\">\n<div class=\"ewa-rteLine\">\n<div class=\"ewa-rteLine\">Transitar el sistema de inmigraci\u00f3n de EE. UU. puede ser un desaf\u00edo. Ya sea que presente la solicitud para una visa, se defienda contra la deportaci\u00f3n o busque la residencia permanente, un abogado de inmigraci\u00f3n experimentado le brindar\u00e1 un apoyo fundamental. En esta gu\u00eda se explica cu\u00e1ndo es necesaria ayuda legal, c\u00f3mo elegir un abogado y c\u00f3mo servicios como Translations Certified garantizan que sus documentos cumplan con los requisitos de USCIS.<\/div>\n<div class=\"ewa-rteLine\">\u00a0<\/div>\n<h2 class=\"ewa-rteLine\">\u00bfQu\u00e9 hace un abogado de inmigraci\u00f3n?<\/h2>\n<div class=\"ewa-rteLine\">Estos profesionales se especializan en orientaci\u00f3n legal y representaci\u00f3n para asuntos relacionados con la inmigraci\u00f3n. Los servicios comunes incluyen:<\/div>\n<div class=\"ewa-rteLine\">\u00a0<\/div>\n<ul>\n<li class=\"ewa-rteLine\">presentaci\u00f3n y manejo de solicitudes de visa, ya sean de no inmigrantes o de inmigrantes;<\/li>\n<li class=\"ewa-rteLine\">asistencia con procesos de permiso de residencia o trabajo y ciudadan\u00eda, incluidos ajuste de condici\u00f3n y naturalizaci\u00f3n;<\/li>\n<li class=\"ewa-rteLine\">representaci\u00f3n de clientes en procedimientos de deportaci\u00f3n o expulsi\u00f3n;<\/li>\n<li class=\"ewa-rteLine\">desenvolverse en la inmigraci\u00f3n basada en empleo, incluidos certificaciones laborales y patrocinios;<\/li>\n<li class=\"ewa-rteLine\">apoyar la reunificaci\u00f3n familiar mediante peticiones por familiar y exenciones.<\/li>\n<\/ul>\n<h2 class=\"ewa-rteLine\">\u00bfCu\u00e1ndo deber\u00eda contratar a un abogado de inmigraci\u00f3n?<\/h2>\n<div class=\"ewa-rteLine\">Es esencial en situaciones complejas. Por ejemplo, si han rechazado su solicitud o tiene complicaciones legales, un abogado puede fortalecer su caso. La representaci\u00f3n legal tambi\u00e9n es fundamental en defensa contra deportaci\u00f3n, solicitudes de asilo o casos de inmigraci\u00f3n basados por empleo que requieren documentaci\u00f3n detallada.<\/div>\n<div class=\"ewa-rteLine\">\u00a0<\/div>\n<h2 class=\"ewa-rteLine\">C\u00f3mo elegir el abogado de inmigraci\u00f3n adecuado<\/h2>\n<div class=\"ewa-rteLine\">Elegir al profesional adecuado implica una cuidadosa reflexi\u00f3n. Busque a alguien con amplia experiencia en leyes migratorias, rese\u00f1as de clientes s\u00f3lidas, y comunicaci\u00f3n transparente. Aseg\u00farese de que tenga licencia, est\u00e9 en regla y sea honesto sobre las tarifas para evitar costos ocultos.<\/div>\n<div class=\"ewa-rteLine\">\u00a0<\/div>\n<h2 class=\"ewa-rteLine\">Documentos necesarios en casos de inmigraci\u00f3n<\/h2>\n<div class=\"ewa-rteLine\">Los casos de inmigraci\u00f3n con frecuencia requieren documentos de respaldo, entre ellos:<\/div>\n<div class=\"ewa-rteLine\">\u00a0<\/div>\n<ul>\n<li class=\"ewa-rteLine\">certificados de <a href=\"https:\/\/www.translationscertified.com\/es?page_id=4862\">nacimiento<\/a> y <a href=\"https:\/\/www.translationscertified.com\/es?page_id=4875\">matrimonio<\/a> para inmigraci\u00f3n por familiar;<\/li>\n<li class=\"ewa-rteLine\">registros de empleo, como ofertas de trabajo y contratos, para visas de trabajo;<\/li>\n<li class=\"ewa-rteLine\">calificaciones educativas, como <a href=\"https:\/\/www.translationscertified.com\/es?page_id=4868\">diplomas<\/a> y <a href=\"https:\/\/www.translationscertified.com\/es?page_id=4856\">expedientes<\/a>, para solicitudes de estudiantes o de empleo;<\/li>\n<li class=\"ewa-rteLine\">prueba de identidad, incluidos pasaportes y documentos de identidad nacionales;<\/li>\n<li class=\"ewa-rteLine\"><a href=\"https:\/\/www.translationscertified.com\/es?page_id=4865\">antecedentes penales<\/a>, si corresponden, para hacer frente a cualquier impugnaci\u00f3n judicial.<\/li>\n<\/ul>\n<div class=\"ewa-rteLine\">Todos los documentos que no est\u00e9n en ingl\u00e9s deben incluir una traducci\u00f3n certificada para cumplir con los est\u00e1ndares de USCIS.<\/div>\n<div class=\"ewa-rteLine\">\u00a0<\/div>\n<h2 class=\"ewa-rteLine\">C\u00f3mo respalda Translations Certified a los abogados de inmigraci\u00f3n<\/h2>\n<div class=\"ewa-rteLine\">En Translations Certified proporcionamos traducciones precisas y confiables para las demandas de casos de inmigraci\u00f3n. Nuestros servicios incluyen:<\/div>\n<div class=\"ewa-rteLine\">\u00a0<\/div>\n<ul>\n<li class=\"ewa-rteLine\">Traducciones certificadas: para cumplir con los est\u00e1ndares de USCIS de todos los documentos.<\/li>\n<li class=\"ewa-rteLine\">Traducciones notariadas: ofrecen validaci\u00f3n adicional cuando es necesario.<\/li>\n<li class=\"ewa-rteLine\">Entrega r\u00e1pida: entregamos traducciones en 24 a 48 horas.<\/li>\n<li class=\"ewa-rteLine\">Garant\u00eda de aceptaci\u00f3n de USCIS: nos aseguramos de que todos los documentos cumplan con las normas y carezcan de errores.<\/li>\n<\/ul>\n<\/div>\n<\/div>\n<\/div>\n\t\t\t\t\t\t\t\t<\/div>\n\t\t\t\t<div class=\"elementor-element elementor-element-8cb34c5 elementor-widget elementor-widget-heading\" data-id=\"8cb34c5\" data-element_type=\"widget\" data-e-type=\"widget\" data-widget_type=\"heading.default\">\n\t\t\t\t\t<h2 class=\"elementor-heading-title elementor-size-default\">C\u00f3mo Translations Certified complementa la experiencia legal<\/h2>\t\t\t\t<\/div>\n\t\t\t\t<div class=\"elementor-element elementor-element-4b82eb3 elementor-widget elementor-widget-text-editor\" data-id=\"4b82eb3\" data-element_type=\"widget\" data-e-type=\"widget\" data-widget_type=\"text-editor.default\">\n\t\t\t\t\t\t\t\t\t<div class=\"ewa-rteLine\">\n<div class=\"ewa-rteLine\">Mientras los abogados de inmigraci\u00f3n se encargan de los aspectos <a href=\"https:\/\/www.translationscertified.com\/es?page_id=4749\">legales<\/a> de su caso, Translations Certified garantiza que sus documentos cumplan con los requisitos t\u00e9cnicos. Con traducciones certificadas en m\u00e1s de 100 idiomas, ayudamos a evitar retrasos y agilizar su proceso de solicitud.<\/div>\n<div class=\"ewa-rteLine\">\u00a0<\/div>\n<div class=\"ewa-rteLine\">Para obtener m\u00e1s informaci\u00f3n sobre c\u00f3mo preparar su caso y atravesar el proceso de inmigraci\u00f3n, visite nuestra p\u00e1gina sobre <a href=\"https:\/\/www.translationscertified.com\/es?page_id=5047\">Formularios de inmigraci\u00f3n<\/a>.<\/div>\n<\/div>\n\t\t\t\t\t\t\t\t<\/div>\n\t\t\t\t\t<\/div>\n\t\t\t\t<\/div>\n\t\t<div class=\"elementor-element elementor-element-84d4d5d e-flex e-con-boxed e-con e-parent\" data-id=\"84d4d5d\" data-element_type=\"container\" data-e-type=\"container\">\n\t\t\t\t\t<div class=\"e-con-inner\">\n\t\t<div class=\"elementor-element elementor-element-310da52 e-flex e-con-boxed e-con e-child\" data-id=\"310da52\" data-element_type=\"container\" data-e-type=\"container\" data-settings=\"{&quot;background_background&quot;:&quot;classic&quot;}\">\n\t\t\t\t\t<div class=\"e-con-inner\">\n\t\t\t\t<div class=\"elementor-element elementor-element-3226350 elementor-widget elementor-widget-text-editor\" data-id=\"3226350\" data-element_type=\"widget\" data-e-type=\"widget\" data-widget_type=\"text-editor.default\">\n\t\t\t\t\t\t\t\t\t<p><i>La informaci\u00f3n proporcionada aqu\u00ed es solo para fines informativos generales y no pretende ser asesoramiento legal. Si bien nos esforzamos por garantizar que la informaci\u00f3n sea precisa y actual, no sustituye el asesoramiento legal profesional. Consulte a un abogado calificado para obtener asesoramiento sobre su situaci\u00f3n espec\u00edfica o si tiene preguntas legales.<\/i><\/p>\n\t\t\t\t\t\t\t\t<\/div>\n\t\t\t\t\t<\/div>\n\t\t\t\t<\/div>\n\t\t\t\t\t<\/div>\n\t\t\t\t<\/div>\n\t\t\t\t<\/div>\n\t\t","protected":false},"excerpt":{"rendered":"<p>Gu\u00eda del Abogado de Inmigraci\u00f3n: Cu\u00e1ndo y por qu\u00e9 Necesita Asistencia Legal Transitar el sistema de inmigraci\u00f3n de EE. UU. puede ser un desaf\u00edo. Ya sea que presente la solicitud &#8230; <a title=\"Gu\u00eda del Abogado de Inmigraci\u00f3n\" class=\"read-more\" href=\"https:\/\/www.translationscertified.com\/es\/recursos-adicionales\/guia-del-abogado-de-inmigracion\" aria-label=\"Read more about Gu\u00eda del Abogado de Inmigraci\u00f3n\">Read more<\/a><\/p>\n","protected":false},"author":4,"featured_media":0,"parent":5037,"menu_order":0,"comment_status":"closed","ping_status":"closed","template":"","meta":{"_acf_changed":false,"content-type":"","footnotes":""},"class_list":["post-5087","page","type-page","status-publish"],"acf":[],"yoast_head":"<!-- This site is optimized with the Yoast SEO plugin v27.1.1 - https:\/\/yoast.com\/product\/yoast-seo-wordpress\/ -->\n<title>Gu\u00eda del Abogado de Inmigraci\u00f3n: Cu\u00e1ndo y por qu\u00e9 Necesita Asistencia Legal<\/title>\n<meta name=\"description\" content=\"En esta gu\u00eda se explica cu\u00e1ndo es necesaria ayuda legal, c\u00f3mo elegir un abogado y c\u00f3mo servicios como Translations Certified garantizan que sus documentos cumplan con los requisitos de USCIS.\" \/>\n<meta name=\"robots\" content=\"index, follow, max-snippet:-1, max-image-preview:large, max-video-preview:-1\" \/>\n<link rel=\"canonical\" href=\"https:\/\/www.translationscertified.com\/es\/recursos-adicionales\/guia-del-abogado-de-inmigracion\" \/>\n<meta property=\"og:locale\" content=\"es_ES\" \/>\n<meta property=\"og:type\" content=\"article\" \/>\n<meta property=\"og:title\" content=\"Gu\u00eda del Abogado de Inmigraci\u00f3n: Cu\u00e1ndo y por qu\u00e9 Necesita Asistencia Legal\" \/>\n<meta property=\"og:description\" content=\"En esta gu\u00eda se explica cu\u00e1ndo es necesaria ayuda legal, c\u00f3mo elegir un abogado y c\u00f3mo servicios como Translations Certified garantizan que sus documentos cumplan con los requisitos de USCIS.\" \/>\n<meta property=\"og:url\" content=\"https:\/\/www.translationscertified.com\/es\/recursos-adicionales\/guia-del-abogado-de-inmigracion\" \/>\n<meta property=\"og:site_name\" content=\"Translations Certified\" \/>\n<meta property=\"article:modified_time\" content=\"2025-03-07T16:22:04+00:00\" \/>\n<meta property=\"og:image\" content=\"https:\/\/www.translationscertified.com\/wp-content\/uploads\/2024\/06\/cropped-v.2b_03.png\" \/>\n\t<meta property=\"og:image:width\" content=\"512\" \/>\n\t<meta property=\"og:image:height\" content=\"512\" \/>\n\t<meta property=\"og:image:type\" content=\"image\/png\" \/>\n<meta name=\"twitter:card\" content=\"summary_large_image\" \/>\n<meta name=\"twitter:label1\" content=\"Est. reading time\" \/>\n\t<meta name=\"twitter:data1\" content=\"3 minutos\" \/>\n<script type=\"application\/ld+json\" class=\"yoast-schema-graph\">{\"@context\":\"https:\/\/schema.org\",\"@graph\":[{\"@type\":\"WebPage\",\"@id\":\"https:\/\/www.translationscertified.com\/es\/recursos-adicionales\/guia-del-abogado-de-inmigracion\",\"url\":\"https:\/\/www.translationscertified.com\/es\/recursos-adicionales\/guia-del-abogado-de-inmigracion\",\"name\":\"Gu\u00eda del Abogado de Inmigraci\u00f3n: Cu\u00e1ndo y por qu\u00e9 Necesita Asistencia Legal\",\"isPartOf\":{\"@id\":\"https:\/\/www.translationscertified.com\/es#website\"},\"datePublished\":\"2024-11-19T18:54:12+00:00\",\"dateModified\":\"2025-03-07T16:22:04+00:00\",\"description\":\"En esta gu\u00eda se explica cu\u00e1ndo es necesaria ayuda legal, c\u00f3mo elegir un abogado y c\u00f3mo servicios como Translations Certified garantizan que sus documentos cumplan con los requisitos de USCIS.\",\"breadcrumb\":{\"@id\":\"https:\/\/www.translationscertified.com\/es\/recursos-adicionales\/guia-del-abogado-de-inmigracion#breadcrumb\"},\"inLanguage\":\"es\",\"potentialAction\":[{\"@type\":\"ReadAction\",\"target\":[\"https:\/\/www.translationscertified.com\/es\/recursos-adicionales\/guia-del-abogado-de-inmigracion\"]}]},{\"@type\":\"BreadcrumbList\",\"@id\":\"https:\/\/www.translationscertified.com\/es\/recursos-adicionales\/guia-del-abogado-de-inmigracion#breadcrumb\",\"itemListElement\":[{\"@type\":\"ListItem\",\"position\":1,\"name\":\"Home\",\"item\":\"https:\/\/www.translationscertified.com\/es\"},{\"@type\":\"ListItem\",\"position\":2,\"name\":\"Recursos Adicionales\",\"item\":\"https:\/\/www.translationscertified.com\/es\/additional-resources\"},{\"@type\":\"ListItem\",\"position\":3,\"name\":\"Gu\u00eda del Abogado de Inmigraci\u00f3n\"}]},{\"@type\":\"WebSite\",\"@id\":\"https:\/\/www.translationscertified.com\/es#website\",\"url\":\"https:\/\/www.translationscertified.com\/es\",\"name\":\"Translations Certified\",\"description\":\"Translations Certified Translation Services\",\"publisher\":{\"@id\":\"https:\/\/www.translationscertified.com\/es#organization\"},\"potentialAction\":[{\"@type\":\"SearchAction\",\"target\":{\"@type\":\"EntryPoint\",\"urlTemplate\":\"https:\/\/www.translationscertified.com\/es?s={search_term_string}\"},\"query-input\":{\"@type\":\"PropertyValueSpecification\",\"valueRequired\":true,\"valueName\":\"search_term_string\"}}],\"inLanguage\":\"es\"},{\"@type\":\"Organization\",\"@id\":\"https:\/\/www.translationscertified.com\/es#organization\",\"name\":\"Translations Certified\",\"url\":\"https:\/\/www.translationscertified.com\/es\",\"logo\":{\"@type\":\"ImageObject\",\"inLanguage\":\"es\",\"@id\":\"https:\/\/www.translationscertified.com\/es#\/schema\/logo\/image\/\",\"url\":\"https:\/\/www.translationscertified.com\/wp-content\/uploads\/2025\/10\/cropped-TranslationsCertified-01.webp\",\"contentUrl\":\"https:\/\/www.translationscertified.com\/wp-content\/uploads\/2025\/10\/cropped-TranslationsCertified-01.webp\",\"width\":288,\"height\":86,\"caption\":\"Translations Certified\"},\"image\":{\"@id\":\"https:\/\/www.translationscertified.com\/es#\/schema\/logo\/image\/\"}}]}<\/script>\n<!-- \/ Yoast SEO plugin. -->","yoast_head_json":{"title":"Gu\u00eda del Abogado de Inmigraci\u00f3n: Cu\u00e1ndo y por qu\u00e9 Necesita Asistencia Legal","description":"En esta gu\u00eda se explica cu\u00e1ndo es necesaria ayuda legal, c\u00f3mo elegir un abogado y c\u00f3mo servicios como Translations Certified garantizan que sus documentos cumplan con los requisitos de USCIS.","robots":{"index":"index","follow":"follow","max-snippet":"max-snippet:-1","max-image-preview":"max-image-preview:large","max-video-preview":"max-video-preview:-1"},"canonical":"https:\/\/www.translationscertified.com\/es\/recursos-adicionales\/guia-del-abogado-de-inmigracion","og_locale":"es_ES","og_type":"article","og_title":"Gu\u00eda del Abogado de Inmigraci\u00f3n: Cu\u00e1ndo y por qu\u00e9 Necesita Asistencia Legal","og_description":"En esta gu\u00eda se explica cu\u00e1ndo es necesaria ayuda legal, c\u00f3mo elegir un abogado y c\u00f3mo servicios como Translations Certified garantizan que sus documentos cumplan con los requisitos de USCIS.","og_url":"https:\/\/www.translationscertified.com\/es\/recursos-adicionales\/guia-del-abogado-de-inmigracion","og_site_name":"Translations Certified","article_modified_time":"2025-03-07T16:22:04+00:00","og_image":[{"width":512,"height":512,"url":"https:\/\/www.translationscertified.com\/wp-content\/uploads\/2024\/06\/cropped-v.2b_03.png","type":"image\/png"}],"twitter_card":"summary_large_image","twitter_misc":{"Est. reading time":"3 minutos"},"schema":{"@context":"https:\/\/schema.org","@graph":[{"@type":"WebPage","@id":"https:\/\/www.translationscertified.com\/es\/recursos-adicionales\/guia-del-abogado-de-inmigracion","url":"https:\/\/www.translationscertified.com\/es\/recursos-adicionales\/guia-del-abogado-de-inmigracion","name":"Gu\u00eda del Abogado de Inmigraci\u00f3n: Cu\u00e1ndo y por qu\u00e9 Necesita Asistencia Legal","isPartOf":{"@id":"https:\/\/www.translationscertified.com\/es#website"},"datePublished":"2024-11-19T18:54:12+00:00","dateModified":"2025-03-07T16:22:04+00:00","description":"En esta gu\u00eda se explica cu\u00e1ndo es necesaria ayuda legal, c\u00f3mo elegir un abogado y c\u00f3mo servicios como Translations Certified garantizan que sus documentos cumplan con los requisitos de USCIS.","breadcrumb":{"@id":"https:\/\/www.translationscertified.com\/es\/recursos-adicionales\/guia-del-abogado-de-inmigracion#breadcrumb"},"inLanguage":"es","potentialAction":[{"@type":"ReadAction","target":["https:\/\/www.translationscertified.com\/es\/recursos-adicionales\/guia-del-abogado-de-inmigracion"]}]},{"@type":"BreadcrumbList","@id":"https:\/\/www.translationscertified.com\/es\/recursos-adicionales\/guia-del-abogado-de-inmigracion#breadcrumb","itemListElement":[{"@type":"ListItem","position":1,"name":"Home","item":"https:\/\/www.translationscertified.com\/es"},{"@type":"ListItem","position":2,"name":"Recursos Adicionales","item":"https:\/\/www.translationscertified.com\/es\/additional-resources"},{"@type":"ListItem","position":3,"name":"Gu\u00eda del Abogado de Inmigraci\u00f3n"}]},{"@type":"WebSite","@id":"https:\/\/www.translationscertified.com\/es#website","url":"https:\/\/www.translationscertified.com\/es","name":"Translations Certified","description":"Translations Certified Translation Services","publisher":{"@id":"https:\/\/www.translationscertified.com\/es#organization"},"potentialAction":[{"@type":"SearchAction","target":{"@type":"EntryPoint","urlTemplate":"https:\/\/www.translationscertified.com\/es?s={search_term_string}"},"query-input":{"@type":"PropertyValueSpecification","valueRequired":true,"valueName":"search_term_string"}}],"inLanguage":"es"},{"@type":"Organization","@id":"https:\/\/www.translationscertified.com\/es#organization","name":"Translations Certified","url":"https:\/\/www.translationscertified.com\/es","logo":{"@type":"ImageObject","inLanguage":"es","@id":"https:\/\/www.translationscertified.com\/es#\/schema\/logo\/image\/","url":"https:\/\/www.translationscertified.com\/wp-content\/uploads\/2025\/10\/cropped-TranslationsCertified-01.webp","contentUrl":"https:\/\/www.translationscertified.com\/wp-content\/uploads\/2025\/10\/cropped-TranslationsCertified-01.webp","width":288,"height":86,"caption":"Translations Certified"},"image":{"@id":"https:\/\/www.translationscertified.com\/es#\/schema\/logo\/image\/"}}]}},"_links":{"self":[{"href":"https:\/\/www.translationscertified.com\/es\/wp-json\/wp\/v2\/pages\/5087","targetHints":{"allow":["GET"]}}],"collection":[{"href":"https:\/\/www.translationscertified.com\/es\/wp-json\/wp\/v2\/pages"}],"about":[{"href":"https:\/\/www.translationscertified.com\/es\/wp-json\/wp\/v2\/types\/page"}],"author":[{"embeddable":true,"href":"https:\/\/www.translationscertified.com\/es\/wp-json\/wp\/v2\/users\/4"}],"replies":[{"embeddable":true,"href":"https:\/\/www.translationscertified.com\/es\/wp-json\/wp\/v2\/comments?post=5087"}],"version-history":[{"count":0,"href":"https:\/\/www.translationscertified.com\/es\/wp-json\/wp\/v2\/pages\/5087\/revisions"}],"up":[{"embeddable":true,"href":"https:\/\/www.translationscertified.com\/es\/wp-json\/wp\/v2\/pages\/5037"}],"wp:attachment":[{"href":"https:\/\/www.translationscertified.com\/es\/wp-json\/wp\/v2\/media?parent=5087"}],"curies":[{"name":"wp","href":"https:\/\/api.w.org\/{rel}","templated":true}]}}