{"id":5089,"date":"2024-11-19T19:10:42","date_gmt":"2024-11-19T19:10:42","guid":{"rendered":"https:\/\/www.translationscertified.com\/?page_id=5089"},"modified":"2025-03-07T16:17:06","modified_gmt":"2025-03-07T16:17:06","slug":"autorizacion-de-trabajo","status":"publish","type":"page","link":"https:\/\/www.translationscertified.com\/es\/recursos-adicionales\/autorizacion-de-trabajo","title":{"rendered":"Autorizaci\u00f3n de Trabajo"},"content":{"rendered":"\t\t<div data-elementor-type=\"wp-page\" data-elementor-id=\"5089\" class=\"elementor elementor-5089 elementor-3210\">\n\t\t\t\t<div class=\"elementor-element elementor-element-4694e90 elementor-hidden-mobile e-flex e-con-boxed e-con e-parent\" data-id=\"4694e90\" data-element_type=\"container\" data-e-type=\"container\" data-settings=\"{&quot;background_background&quot;:&quot;classic&quot;}\">\n\t\t\t\t\t<div class=\"e-con-inner\">\n\t\t\t\t\t<\/div>\n\t\t\t\t<\/div>\n\t\t<div class=\"elementor-element elementor-element-ac76628 e-flex e-con-boxed e-con e-parent\" data-id=\"ac76628\" data-element_type=\"container\" data-e-type=\"container\">\n\t\t\t\t\t<div class=\"e-con-inner\">\n\t\t\t\t<div class=\"elementor-element elementor-element-0685742 elementor-widget elementor-widget-shortcode\" data-id=\"0685742\" data-element_type=\"widget\" data-e-type=\"widget\" data-widget_type=\"shortcode.default\">\n\t\t\t\t\t\t\t<div class=\"elementor-shortcode\"><span><span><a href=\"https:\/\/www.translationscertified.com\/es\">Home<\/a><\/span><\/span><\/div>\n\t\t\t\t\t\t<\/div>\n\t\t\t\t\t<\/div>\n\t\t\t\t<\/div>\n\t\t<div class=\"elementor-element elementor-element-00d9da8 e-flex e-con-boxed e-con e-parent\" data-id=\"00d9da8\" data-element_type=\"container\" data-e-type=\"container\">\n\t\t\t\t\t<div class=\"e-con-inner\">\n\t\t\t\t<div class=\"elementor-element elementor-element-afdbec8 elementor-widget elementor-widget-heading\" data-id=\"afdbec8\" data-element_type=\"widget\" data-e-type=\"widget\" data-widget_type=\"heading.default\">\n\t\t\t\t\t<h1 class=\"elementor-heading-title elementor-size-default\">Autorizaci\u00f3n de Trabajo: Conseguir Empleo Legal en Estados Unidos<\/h1>\t\t\t\t<\/div>\n\t\t\t\t\t<\/div>\n\t\t\t\t<\/div>\n\t\t<div class=\"elementor-element elementor-element-05f9571 e-flex e-con-boxed e-con e-parent\" data-id=\"05f9571\" data-element_type=\"container\" data-e-type=\"container\">\n\t\t\t\t\t<div class=\"e-con-inner\">\n\t\t\t\t<div class=\"elementor-element elementor-element-e67ddd8 elementor-widget elementor-widget-text-editor\" data-id=\"e67ddd8\" data-element_type=\"widget\" data-e-type=\"widget\" data-widget_type=\"text-editor.default\">\n\t\t\t\t\t\t\t\t\t<div class=\"ewa-rteLine\">\n<div class=\"ewa-rteLine\">La autorizaci\u00f3n de trabajo permite a no ciudadanos elegibles trabajar legalmente en Estados Unidos. Ya sea que busque un Documento de Autorizaci\u00f3n de Empleo (EAD) o desee verificar la elegibilidad para trabajar como parte de su proceso de visa, es esencial tener la documentaci\u00f3n precisa y que cumpla con USCIS. En Translations Certified, proporcionamos traducciones certificadas de todos los documentos necesarios para garantizar que su solicitud se procese sin problemas.<\/div>\n<div class=\"ewa-rteLine\">\u00a0<\/div>\n<h2 class=\"ewa-rteLine\">\u00bfQu\u00e9 es la autorizaci\u00f3n de trabajo?<\/h2>\n<div class=\"ewa-rteLine\">La autorizaci\u00f3n de trabajo se refiere al permiso legal otorgado a no ciudadanos para trabajar en EE. UU. Las v\u00edas comunes para obtener autorizaci\u00f3n de trabajo incluyen:<\/div>\n<div class=\"ewa-rteLine\">\u00a0<\/div>\n<ul>\n<li class=\"ewa-rteLine\">Visas por empleo: como las H-1B, L-1 o O-1.<\/li>\n<li class=\"ewa-rteLine\">Documento de Autorizaci\u00f3n de Empleo (EAD): disponible para solicitantes de asilo, beneficiarios de DACA, titulares de TPS y solicitantes de ajuste de condici\u00f3n.<\/li>\n<li class=\"ewa-rteLine\">Titulares de permiso de residencia o trabajo: residentes permanentes que tienen autorizaci\u00f3n autom\u00e1tica para trabajar.<\/li>\n<\/ul>\n<h2 class=\"ewa-rteLine\">Elegibilidad para autorizaci\u00f3n de trabajo<\/h2>\n<div class=\"ewa-rteLine\">Para calificar para la autorizaci\u00f3n de trabajo, los solicitantes deben cumplir criterios espec\u00edficos basados en su condici\u00f3n migratoria:<\/div>\n<div class=\"ewa-rteLine\">\u00a0<\/div>\n<ul>\n<li class=\"ewa-rteLine\">Solicitantes de EAD: debe presentar el formulario I-765 y proporcionar evidencia de elegibilidad, como recibos de solicitud de asilo, aprobaciones de DACA o subvenciones de TPS.<\/li>\n<li class=\"ewa-rteLine\">Titulares de visa: el empleo debe estar alineado con las condiciones de la visa, como un puesto patrocinado por el empleador para titulares de H-1B.<\/li>\n<li class=\"ewa-rteLine\">Solicitantes de permiso de residencia o trabajo: quienes tengan pendiente el ajuste de condici\u00f3n pueden solicitar autorizaci\u00f3n para trabajar legalmente mientras se procesa su solicitud.<\/li>\n<\/ul>\n<h2 class=\"ewa-rteLine\">Pasos para solicitar autorizaci\u00f3n de trabajo<\/h2>\n<div class=\"ewa-rteLine\">1. Complete el formulario correcto<\/div>\n<div class=\"ewa-rteLine\">Presente el formulario I-765, Solicitud de autorizaci\u00f3n de empleo, y aseg\u00farese de completar todas las secciones con precisi\u00f3n.<\/div>\n<div class=\"ewa-rteLine\">\u00a0<\/div>\n<div class=\"ewa-rteLine\">2. Re\u00fana los documentos de respaldo<\/div>\n<div class=\"ewa-rteLine\">Prepare la documentaci\u00f3n requerida, como prueba de identidad, estatus migratorio y elegibilidad.<\/div>\n<div class=\"ewa-rteLine\">\u00a0<\/div>\n<div class=\"ewa-rteLine\">3. Presente su solicitud<\/div>\n<div class=\"ewa-rteLine\">Incluya la tarifa de presentaci\u00f3n (si corresponde) o una solicitud de exenci\u00f3n de tarifa y env\u00ede su solicitud a la oficina de USCIS correspondiente.<\/div>\n<div class=\"ewa-rteLine\">\u00a0<\/div>\n<div class=\"ewa-rteLine\">4. Asista a la cita de toma de datos biom\u00e9tricos (si es necesario)<\/div>\n<div class=\"ewa-rteLine\">Proporcione huellas dactilares y fotograf\u00edas como parte del proceso de verificaci\u00f3n de antecedentes.<\/div>\n<div class=\"ewa-rteLine\">\u00a0<\/div>\n<h2 class=\"ewa-rteLine\">Documentos necesarios para las solicitudes de autorizaci\u00f3n de trabajo<\/h2>\n<div class=\"ewa-rteLine\">Al solicitar autorizaci\u00f3n de trabajo, es posible que deba proporcionar:<\/div>\n<div class=\"ewa-rteLine\">\u00a0<\/div>\n<ul>\n<li class=\"ewa-rteLine\">Prueba de identidad: pasaporte, documento nacional de identidad o certificado de nacimiento.<\/li>\n<li class=\"ewa-rteLine\">Documentaci\u00f3n de inmigraci\u00f3n: formulario I-94, recibos de visa o ajuste de condici\u00f3n.<\/li>\n<li class=\"ewa-rteLine\">Evidencia de elegibilidad: recibos de asilo, aprobaciones de DACA o subvenciones de TPS.<\/li>\n<li class=\"ewa-rteLine\">Documentos de respaldo: cartas de empleador, registros financieros u otra evidencia pertinente.<\/li>\n<li class=\"ewa-rteLine\">Importante: Todos los documentos que no est\u00e9n en ingl\u00e9s deben incluir traducciones certificadas para cumplir con los requisitos de USCIS.<\/li>\n<\/ul>\n<div class=\"ewa-rteLine\">\u00a0<\/div>\n<h2 class=\"ewa-rteLine\">C\u00f3mo Translations Certified respalda las solicitudes de autorizaci\u00f3n de trabajo<\/h2>\n<div class=\"ewa-rteLine\">En Translations Certified, simplificamos el proceso de autorizaci\u00f3n de trabajo al proporcionar:<\/div>\n<div class=\"ewa-rteLine\">\u00a0<\/div>\n<ul>\n<li class=\"ewa-rteLine\">Traducciones certificadas: de documentos de identidad, registros de empleo y tr\u00e1mites de inmigraci\u00f3n.<\/li>\n<li class=\"ewa-rteLine\">Traducciones notariadas: validaci\u00f3n adicional para solicitudes que requieren verificaci\u00f3n extra.<\/li>\n<li class=\"ewa-rteLine\">Entrega r\u00e1pida: la mayor\u00eda de las traducciones se completan en 24 a 48 horas.<\/li>\n<li class=\"ewa-rteLine\">Garant\u00eda de cumplimiento de USCIS: nos aseguramos de que todas las traducciones cumplan con los est\u00e1ndares de inmigraci\u00f3n.<\/li>\n<\/ul>\n<h2 class=\"ewa-rteLine\">La importancia de la documentaci\u00f3n adecuada para la autorizaci\u00f3n de trabajo<\/h2>\n<div class=\"ewa-rteLine\">La autorizaci\u00f3n de trabajo es un paso vital para no ciudadanos que buscan trabajar legalmente en EE. UU. Una documentaci\u00f3n precisa, incluidas traducciones certificadas, garantiza que su solicitud se procese sin demoras. Al enviar la documentaci\u00f3n completa y que cumple con los requisitos de USCIS, usted puede concentrarse en avanzar en su carrera con confianza.<\/div>\n<\/div>\n\t\t\t\t\t\t\t\t<\/div>\n\t\t\t\t\t<\/div>\n\t\t\t\t<\/div>\n\t\t<div class=\"elementor-element elementor-element-c366df7 e-flex e-con-boxed e-con e-parent\" data-id=\"c366df7\" data-element_type=\"container\" data-e-type=\"container\">\n\t\t\t\t\t<div class=\"e-con-inner\">\n\t\t<div class=\"elementor-element elementor-element-64e58b5 e-flex e-con-boxed e-con e-child\" data-id=\"64e58b5\" data-element_type=\"container\" data-e-type=\"container\" data-settings=\"{&quot;background_background&quot;:&quot;classic&quot;}\">\n\t\t\t\t\t<div class=\"e-con-inner\">\n\t\t\t\t<div class=\"elementor-element elementor-element-adab081 elementor-widget elementor-widget-text-editor\" data-id=\"adab081\" data-element_type=\"widget\" data-e-type=\"widget\" data-widget_type=\"text-editor.default\">\n\t\t\t\t\t\t\t\t\t<p><i>La informaci\u00f3n proporcionada aqu\u00ed es solo para fines informativos generales y no pretende ser asesoramiento legal. Si bien nos esforzamos por garantizar que la informaci\u00f3n sea precisa y actual, no sustituye el asesoramiento legal profesional. Consulte a un abogado calificado para obtener asesoramiento sobre su situaci\u00f3n espec\u00edfica o si tiene preguntas legales.<\/i><\/p>\n\t\t\t\t\t\t\t\t<\/div>\n\t\t\t\t\t<\/div>\n\t\t\t\t<\/div>\n\t\t\t\t\t<\/div>\n\t\t\t\t<\/div>\n\t\t\t\t<\/div>\n\t\t","protected":false},"excerpt":{"rendered":"<p>Autorizaci\u00f3n de Trabajo: Conseguir Empleo Legal en Estados Unidos La autorizaci\u00f3n de trabajo permite a no ciudadanos elegibles trabajar legalmente en Estados Unidos. Ya sea que busque un Documento de &#8230; <a title=\"Autorizaci\u00f3n de Trabajo\" class=\"read-more\" href=\"https:\/\/www.translationscertified.com\/es\/recursos-adicionales\/autorizacion-de-trabajo\" aria-label=\"Read more about Autorizaci\u00f3n de Trabajo\">Read more<\/a><\/p>\n","protected":false},"author":4,"featured_media":0,"parent":5037,"menu_order":0,"comment_status":"closed","ping_status":"closed","template":"","meta":{"_acf_changed":false,"content-type":"","footnotes":""},"class_list":["post-5089","page","type-page","status-publish"],"acf":[],"yoast_head":"<!-- This site is optimized with the Yoast SEO plugin v27.1.1 - https:\/\/yoast.com\/product\/yoast-seo-wordpress\/ -->\n<title>Autorizaci\u00f3n de Trabajo: Conseguir Empleo Legal en Estados Unidos<\/title>\n<meta name=\"description\" content=\"En Translations Certified, proporcionamos traducciones certificadas de todos los documentos necesarios para garantizar que su solicitud se procese sin problemas.\" \/>\n<meta name=\"robots\" content=\"index, follow, max-snippet:-1, max-image-preview:large, max-video-preview:-1\" \/>\n<link rel=\"canonical\" href=\"https:\/\/www.translationscertified.com\/es\/recursos-adicionales\/autorizacion-de-trabajo\" \/>\n<meta property=\"og:locale\" content=\"es_ES\" \/>\n<meta property=\"og:type\" content=\"article\" \/>\n<meta property=\"og:title\" content=\"Autorizaci\u00f3n de Trabajo: Conseguir Empleo Legal en Estados Unidos\" \/>\n<meta property=\"og:description\" content=\"En Translations Certified, proporcionamos traducciones certificadas de todos los documentos necesarios para garantizar que su solicitud se procese sin problemas.\" \/>\n<meta property=\"og:url\" content=\"https:\/\/www.translationscertified.com\/es\/recursos-adicionales\/autorizacion-de-trabajo\" \/>\n<meta property=\"og:site_name\" content=\"Translations Certified\" \/>\n<meta property=\"article:modified_time\" content=\"2025-03-07T16:17:06+00:00\" \/>\n<meta property=\"og:image\" content=\"https:\/\/www.translationscertified.com\/wp-content\/uploads\/2024\/06\/cropped-v.2b_03.png\" \/>\n\t<meta property=\"og:image:width\" content=\"512\" \/>\n\t<meta property=\"og:image:height\" content=\"512\" \/>\n\t<meta property=\"og:image:type\" content=\"image\/png\" \/>\n<meta name=\"twitter:card\" content=\"summary_large_image\" \/>\n<meta name=\"twitter:label1\" content=\"Est. reading time\" \/>\n\t<meta name=\"twitter:data1\" content=\"3 minutos\" \/>\n<script type=\"application\/ld+json\" class=\"yoast-schema-graph\">{\"@context\":\"https:\/\/schema.org\",\"@graph\":[{\"@type\":\"WebPage\",\"@id\":\"https:\/\/www.translationscertified.com\/es\/recursos-adicionales\/autorizacion-de-trabajo\",\"url\":\"https:\/\/www.translationscertified.com\/es\/recursos-adicionales\/autorizacion-de-trabajo\",\"name\":\"Autorizaci\u00f3n de Trabajo: Conseguir Empleo Legal en Estados Unidos\",\"isPartOf\":{\"@id\":\"https:\/\/www.translationscertified.com\/es#website\"},\"datePublished\":\"2024-11-19T19:10:42+00:00\",\"dateModified\":\"2025-03-07T16:17:06+00:00\",\"description\":\"En Translations Certified, proporcionamos traducciones certificadas de todos los documentos necesarios para garantizar que su solicitud se procese sin problemas.\",\"breadcrumb\":{\"@id\":\"https:\/\/www.translationscertified.com\/es\/recursos-adicionales\/autorizacion-de-trabajo#breadcrumb\"},\"inLanguage\":\"es\",\"potentialAction\":[{\"@type\":\"ReadAction\",\"target\":[\"https:\/\/www.translationscertified.com\/es\/recursos-adicionales\/autorizacion-de-trabajo\"]}]},{\"@type\":\"BreadcrumbList\",\"@id\":\"https:\/\/www.translationscertified.com\/es\/recursos-adicionales\/autorizacion-de-trabajo#breadcrumb\",\"itemListElement\":[{\"@type\":\"ListItem\",\"position\":1,\"name\":\"Home\",\"item\":\"https:\/\/www.translationscertified.com\/es\"},{\"@type\":\"ListItem\",\"position\":2,\"name\":\"Recursos Adicionales\",\"item\":\"https:\/\/www.translationscertified.com\/es\/additional-resources\"},{\"@type\":\"ListItem\",\"position\":3,\"name\":\"Autorizaci\u00f3n de Trabajo\"}]},{\"@type\":\"WebSite\",\"@id\":\"https:\/\/www.translationscertified.com\/es#website\",\"url\":\"https:\/\/www.translationscertified.com\/es\",\"name\":\"Translations Certified\",\"description\":\"Translations Certified Translation Services\",\"publisher\":{\"@id\":\"https:\/\/www.translationscertified.com\/es#organization\"},\"potentialAction\":[{\"@type\":\"SearchAction\",\"target\":{\"@type\":\"EntryPoint\",\"urlTemplate\":\"https:\/\/www.translationscertified.com\/es?s={search_term_string}\"},\"query-input\":{\"@type\":\"PropertyValueSpecification\",\"valueRequired\":true,\"valueName\":\"search_term_string\"}}],\"inLanguage\":\"es\"},{\"@type\":\"Organization\",\"@id\":\"https:\/\/www.translationscertified.com\/es#organization\",\"name\":\"Translations Certified\",\"url\":\"https:\/\/www.translationscertified.com\/es\",\"logo\":{\"@type\":\"ImageObject\",\"inLanguage\":\"es\",\"@id\":\"https:\/\/www.translationscertified.com\/es#\/schema\/logo\/image\/\",\"url\":\"https:\/\/www.translationscertified.com\/wp-content\/uploads\/2025\/10\/cropped-TranslationsCertified-01.webp\",\"contentUrl\":\"https:\/\/www.translationscertified.com\/wp-content\/uploads\/2025\/10\/cropped-TranslationsCertified-01.webp\",\"width\":288,\"height\":86,\"caption\":\"Translations Certified\"},\"image\":{\"@id\":\"https:\/\/www.translationscertified.com\/es#\/schema\/logo\/image\/\"}}]}<\/script>\n<!-- \/ Yoast SEO plugin. -->","yoast_head_json":{"title":"Autorizaci\u00f3n de Trabajo: Conseguir Empleo Legal en Estados Unidos","description":"En Translations Certified, proporcionamos traducciones certificadas de todos los documentos necesarios para garantizar que su solicitud se procese sin problemas.","robots":{"index":"index","follow":"follow","max-snippet":"max-snippet:-1","max-image-preview":"max-image-preview:large","max-video-preview":"max-video-preview:-1"},"canonical":"https:\/\/www.translationscertified.com\/es\/recursos-adicionales\/autorizacion-de-trabajo","og_locale":"es_ES","og_type":"article","og_title":"Autorizaci\u00f3n de Trabajo: Conseguir Empleo Legal en Estados Unidos","og_description":"En Translations Certified, proporcionamos traducciones certificadas de todos los documentos necesarios para garantizar que su solicitud se procese sin problemas.","og_url":"https:\/\/www.translationscertified.com\/es\/recursos-adicionales\/autorizacion-de-trabajo","og_site_name":"Translations Certified","article_modified_time":"2025-03-07T16:17:06+00:00","og_image":[{"width":512,"height":512,"url":"https:\/\/www.translationscertified.com\/wp-content\/uploads\/2024\/06\/cropped-v.2b_03.png","type":"image\/png"}],"twitter_card":"summary_large_image","twitter_misc":{"Est. reading time":"3 minutos"},"schema":{"@context":"https:\/\/schema.org","@graph":[{"@type":"WebPage","@id":"https:\/\/www.translationscertified.com\/es\/recursos-adicionales\/autorizacion-de-trabajo","url":"https:\/\/www.translationscertified.com\/es\/recursos-adicionales\/autorizacion-de-trabajo","name":"Autorizaci\u00f3n de Trabajo: Conseguir Empleo Legal en Estados Unidos","isPartOf":{"@id":"https:\/\/www.translationscertified.com\/es#website"},"datePublished":"2024-11-19T19:10:42+00:00","dateModified":"2025-03-07T16:17:06+00:00","description":"En Translations Certified, proporcionamos traducciones certificadas de todos los documentos necesarios para garantizar que su solicitud se procese sin problemas.","breadcrumb":{"@id":"https:\/\/www.translationscertified.com\/es\/recursos-adicionales\/autorizacion-de-trabajo#breadcrumb"},"inLanguage":"es","potentialAction":[{"@type":"ReadAction","target":["https:\/\/www.translationscertified.com\/es\/recursos-adicionales\/autorizacion-de-trabajo"]}]},{"@type":"BreadcrumbList","@id":"https:\/\/www.translationscertified.com\/es\/recursos-adicionales\/autorizacion-de-trabajo#breadcrumb","itemListElement":[{"@type":"ListItem","position":1,"name":"Home","item":"https:\/\/www.translationscertified.com\/es"},{"@type":"ListItem","position":2,"name":"Recursos Adicionales","item":"https:\/\/www.translationscertified.com\/es\/additional-resources"},{"@type":"ListItem","position":3,"name":"Autorizaci\u00f3n de Trabajo"}]},{"@type":"WebSite","@id":"https:\/\/www.translationscertified.com\/es#website","url":"https:\/\/www.translationscertified.com\/es","name":"Translations Certified","description":"Translations Certified Translation Services","publisher":{"@id":"https:\/\/www.translationscertified.com\/es#organization"},"potentialAction":[{"@type":"SearchAction","target":{"@type":"EntryPoint","urlTemplate":"https:\/\/www.translationscertified.com\/es?s={search_term_string}"},"query-input":{"@type":"PropertyValueSpecification","valueRequired":true,"valueName":"search_term_string"}}],"inLanguage":"es"},{"@type":"Organization","@id":"https:\/\/www.translationscertified.com\/es#organization","name":"Translations Certified","url":"https:\/\/www.translationscertified.com\/es","logo":{"@type":"ImageObject","inLanguage":"es","@id":"https:\/\/www.translationscertified.com\/es#\/schema\/logo\/image\/","url":"https:\/\/www.translationscertified.com\/wp-content\/uploads\/2025\/10\/cropped-TranslationsCertified-01.webp","contentUrl":"https:\/\/www.translationscertified.com\/wp-content\/uploads\/2025\/10\/cropped-TranslationsCertified-01.webp","width":288,"height":86,"caption":"Translations Certified"},"image":{"@id":"https:\/\/www.translationscertified.com\/es#\/schema\/logo\/image\/"}}]}},"_links":{"self":[{"href":"https:\/\/www.translationscertified.com\/es\/wp-json\/wp\/v2\/pages\/5089","targetHints":{"allow":["GET"]}}],"collection":[{"href":"https:\/\/www.translationscertified.com\/es\/wp-json\/wp\/v2\/pages"}],"about":[{"href":"https:\/\/www.translationscertified.com\/es\/wp-json\/wp\/v2\/types\/page"}],"author":[{"embeddable":true,"href":"https:\/\/www.translationscertified.com\/es\/wp-json\/wp\/v2\/users\/4"}],"replies":[{"embeddable":true,"href":"https:\/\/www.translationscertified.com\/es\/wp-json\/wp\/v2\/comments?post=5089"}],"version-history":[{"count":0,"href":"https:\/\/www.translationscertified.com\/es\/wp-json\/wp\/v2\/pages\/5089\/revisions"}],"up":[{"embeddable":true,"href":"https:\/\/www.translationscertified.com\/es\/wp-json\/wp\/v2\/pages\/5037"}],"wp:attachment":[{"href":"https:\/\/www.translationscertified.com\/es\/wp-json\/wp\/v2\/media?parent=5089"}],"curies":[{"name":"wp","href":"https:\/\/api.w.org\/{rel}","templated":true}]}}