{"id":5090,"date":"2024-11-19T19:22:45","date_gmt":"2024-11-19T19:22:45","guid":{"rendered":"https:\/\/www.translationscertified.com\/?page_id=5090"},"modified":"2025-03-07T16:13:34","modified_gmt":"2025-03-07T16:13:34","slug":"reunificacion-familiar","status":"publish","type":"page","link":"https:\/\/www.translationscertified.com\/es\/recursos-adicionales\/reunificacion-familiar","title":{"rendered":"Reunificaci\u00f3n Familiar"},"content":{"rendered":"\t\t<div data-elementor-type=\"wp-page\" data-elementor-id=\"5090\" class=\"elementor elementor-5090 elementor-3211\">\n\t\t\t\t<div class=\"elementor-element elementor-element-497b774 elementor-hidden-mobile e-flex e-con-boxed e-con e-parent\" data-id=\"497b774\" data-element_type=\"container\" data-e-type=\"container\" data-settings=\"{&quot;background_background&quot;:&quot;classic&quot;}\">\n\t\t\t\t\t<div class=\"e-con-inner\">\n\t\t\t\t\t<\/div>\n\t\t\t\t<\/div>\n\t\t<div class=\"elementor-element elementor-element-a5b23f4 e-flex e-con-boxed e-con e-parent\" data-id=\"a5b23f4\" data-element_type=\"container\" data-e-type=\"container\">\n\t\t\t\t\t<div class=\"e-con-inner\">\n\t\t\t\t<div class=\"elementor-element elementor-element-bfffdc7 elementor-widget elementor-widget-shortcode\" data-id=\"bfffdc7\" data-element_type=\"widget\" data-e-type=\"widget\" data-widget_type=\"shortcode.default\">\n\t\t\t\t\t\t\t<div class=\"elementor-shortcode\"><span><span><a href=\"https:\/\/www.translationscertified.com\/es\">Home<\/a><\/span><\/span><\/div>\n\t\t\t\t\t\t<\/div>\n\t\t\t\t\t<\/div>\n\t\t\t\t<\/div>\n\t\t<div class=\"elementor-element elementor-element-2bf950b e-flex e-con-boxed e-con e-parent\" data-id=\"2bf950b\" data-element_type=\"container\" data-e-type=\"container\">\n\t\t\t\t\t<div class=\"e-con-inner\">\n\t\t\t\t<div class=\"elementor-element elementor-element-8fdb16d elementor-widget elementor-widget-heading\" data-id=\"8fdb16d\" data-element_type=\"widget\" data-e-type=\"widget\" data-widget_type=\"heading.default\">\n\t\t\t\t\t<h1 class=\"elementor-heading-title elementor-size-default\">Reunificaci\u00f3n Familiar: Reunir a Seres Queridos en Estados Unidos\n<\/h1>\t\t\t\t<\/div>\n\t\t\t\t\t<\/div>\n\t\t\t\t<\/div>\n\t\t<div class=\"elementor-element elementor-element-aa42a5b e-flex e-con-boxed e-con e-parent\" data-id=\"aa42a5b\" data-element_type=\"container\" data-e-type=\"container\">\n\t\t\t\t\t<div class=\"e-con-inner\">\n\t\t\t\t<div class=\"elementor-element elementor-element-3accc4d elementor-widget elementor-widget-text-editor\" data-id=\"3accc4d\" data-element_type=\"widget\" data-e-type=\"widget\" data-widget_type=\"text-editor.default\">\n\t\t\t\t\t\t\t\t\t<div class=\"ewa-rteLine\"><div class=\"ewa-rteLine\"><div class=\"ewa-rteLine\"><div class=\"ewa-rteLine\">La reunificaci\u00f3n familiar es una piedra angular de la pol\u00edtica de inmigraci\u00f3n de Estados Unidos, que permite a ciudadanos y residentes permanentes legales patrocinar a familiares elegibles para que se re\u00fanan con ellos en Estados Unidos. Ya sea que presente una petici\u00f3n para un c\u00f3nyuge, hijo, padre o hermano, el proceso requiere documentaci\u00f3n precisa y el cumplimiento de los est\u00e1ndares de USCIS. En Translations Certified, proporcionamos traducciones certificadas de todos los documentos necesarios, y garantizamos un proceso de solicitud sin problemas.<\/div><div class=\"ewa-rteLine\">\u00a0<\/div><h2 class=\"ewa-rteLine\">\u00bfQu\u00e9 es la reunificaci\u00f3n familiar?<\/h2><div class=\"ewa-rteLine\">Se refiere a los procesos de inmigraci\u00f3n que permiten a los miembros de la familia vivir juntos en Estados Unidos. Los ciudadanos estadounidenses y los residentes permanentes legales (titulares de un permiso de residencia o trabajo) pueden patrocinar a ciertos familiares en funci\u00f3n de su relaci\u00f3n y categor\u00eda de inmigraci\u00f3n.<\/div><div class=\"ewa-rteLine\">\u00a0<\/div><div class=\"ewa-rteLine\">Los familiares elegibles incluyen:<\/div><div class=\"ewa-rteLine\">\u00a0<\/div><ul><li class=\"ewa-rteLine\">Parientes inmediatos: c\u00f3nyuge, hijos solteros menores de 21 a\u00f1os y padres de ciudadanos estadounidenses.<\/li><li class=\"ewa-rteLine\">Categor\u00edas de preferencia familiar:<ul><li class=\"ewa-rteLine\">F1: hijos solteros de ciudadanos estadounidenses.<\/li><li class=\"ewa-rteLine\">F2A: c\u00f3nyuge e hijos solteros de titular de permiso de residencia o trabajo.<\/li><li class=\"ewa-rteLine\">F2B: hijos adultos solteros de titular de permiso de residencia o trabajo.<\/li><li class=\"ewa-rteLine\">F3: hijos casados de ciudadanos estadounidenses.<\/li><li class=\"ewa-rteLine\">F4: hermanos de ciudadanos estadounidenses.<\/li><\/ul><\/li><\/ul><h2 class=\"ewa-rteLine\">Pasos del proceso de reunificaci\u00f3n familiar<\/h2><ul><li class=\"ewa-rteLine\">Presente una petici\u00f3n basada en la familia: presente el formulario I-130, Petici\u00f3n de familiar extranjero, para establecer la relaci\u00f3n familiar calificada.<\/li><li class=\"ewa-rteLine\">Espere la disponibilidad de visa: para categor\u00edas de preferencia familiar, las visas est\u00e1n sujetas a l\u00edmites anuales. Consulte el bolet\u00edn de visas para obtener actualizaciones.<\/li><li class=\"ewa-rteLine\">Presente documentaci\u00f3n de respaldo: proporcione prueba de la relaci\u00f3n familiar, incluidos certificados de nacimiento, licencias de matrimonio o documentos de adopci\u00f3n.<\/li><li class=\"ewa-rteLine\">Tr\u00e1mite Consular Completo o Ajuste de Condici\u00f3n: Si el familiar se encuentra fuera de EE. UU., se someter\u00e1 a un procesamiento consular en una embajada o consulado de EE. UU. Si ya se encuentra en el pa\u00eds, puede presentar el formulario I-485, Solicitud de registro de residencia permanente o ajuste de condici\u00f3n.<\/li><\/ul><h2 class=\"ewa-rteLine\">Documentos necesarios para la reunificaci\u00f3n familiar<\/h2><div class=\"ewa-rteLine\">Al solicitar la reunificaci\u00f3n familiar, por lo general se requieren los siguientes documentos:<\/div><div class=\"ewa-rteLine\">\u00a0<\/div><ul><li class=\"ewa-rteLine\">Prueba de parentesco: certificados de nacimiento, licencias de matrimonio o registros de adopci\u00f3n.<\/li><li class=\"ewa-rteLine\">Prueba del condici\u00f3n de patrocinador: pasaporte estadounidense, certificado de naturalizaci\u00f3n o permiso de residencia o trabajo.<\/li><li class=\"ewa-rteLine\">Evidencia financiera: declaraci\u00f3n jurada de apoyo (formulario I-864) y comprobante de ingresos.<\/li><li class=\"ewa-rteLine\">Documentaci\u00f3n de respaldo: sentencias de divorcio o certificados de defunci\u00f3n, si corresponde.<\/li><\/ul><div class=\"ewa-rteLine\">Importante: Todos los documentos que no est\u00e9n en ingl\u00e9s deben incluir traducciones certificadas para cumplir con los est\u00e1ndares de USCIS.<\/div><div class=\"ewa-rteLine\">\u00a0<\/div><h2 class=\"ewa-rteLine\">C\u00f3mo Translations Certified respalda las solicitudes de reunificaci\u00f3n familiar<\/h2><div class=\"ewa-rteLine\">En Translations Certified, nos aseguramos de que su solicitud est\u00e9 completa y cumpla con los requisitos de USCIS al proporcionarle:<\/div><div class=\"ewa-rteLine\">\u00a0<\/div><ul><li class=\"ewa-rteLine\">Traducciones certificadas: de certificados de nacimiento, licencias de matrimonio y documentos financieros.<\/li><li class=\"ewa-rteLine\">Traducciones notariadas: ofrecen validaci\u00f3n adicional cuando es necesario.<\/li><li class=\"ewa-rteLine\">Entrega r\u00e1pida: entregamos traducciones en 24 a 48 horas.<\/li><li class=\"ewa-rteLine\">Garant\u00eda de cumplimiento de USCIS: nos aseguramos de que todas las traducciones cumplan con los requisitos de inmigraci\u00f3n.<\/li><\/ul><h2 class=\"ewa-rteLine\">Construyamos un Futuro Juntos<\/h2><div class=\"ewa-rteLine\">La reunificaci\u00f3n familiar es m\u00e1s que un asunto de papeleo: se trata de crear oportunidades para que los seres queridos prosperen juntos en EE. UU. Con traducciones precisas y documentaci\u00f3n completa, puede atravesar el proceso con confianza y acercar a su familia.<\/div><\/div><\/div><\/div>\t\t\t\t\t\t\t\t<\/div>\n\t\t\t\t\t<\/div>\n\t\t\t\t<\/div>\n\t\t<div class=\"elementor-element elementor-element-11b80af e-flex e-con-boxed e-con e-parent\" data-id=\"11b80af\" data-element_type=\"container\" data-e-type=\"container\">\n\t\t\t\t\t<div class=\"e-con-inner\">\n\t\t<div class=\"elementor-element elementor-element-476d7c0 e-flex e-con-boxed e-con e-child\" data-id=\"476d7c0\" data-element_type=\"container\" data-e-type=\"container\" data-settings=\"{&quot;background_background&quot;:&quot;classic&quot;}\">\n\t\t\t\t\t<div class=\"e-con-inner\">\n\t\t\t\t<div class=\"elementor-element elementor-element-ea28bf7 elementor-widget elementor-widget-text-editor\" data-id=\"ea28bf7\" data-element_type=\"widget\" data-e-type=\"widget\" data-widget_type=\"text-editor.default\">\n\t\t\t\t\t\t\t\t\t<p><i>La informaci\u00f3n proporcionada aqu\u00ed es solo para fines informativos generales y no pretende ser asesoramiento legal. Si bien nos esforzamos por garantizar que la informaci\u00f3n sea precisa y actual, no sustituye el asesoramiento legal profesional. Consulte a un abogado calificado para obtener asesoramiento sobre su situaci\u00f3n espec\u00edfica o si tiene preguntas legales.<\/i><\/p>\n\t\t\t\t\t\t\t\t<\/div>\n\t\t\t\t\t<\/div>\n\t\t\t\t<\/div>\n\t\t\t\t\t<\/div>\n\t\t\t\t<\/div>\n\t\t\t\t<\/div>\n\t\t","protected":false},"excerpt":{"rendered":"<p>Reunificaci\u00f3n Familiar: Reunir a Seres Queridos en Estados Unidos La reunificaci\u00f3n familiar es una piedra angular de la pol\u00edtica de inmigraci\u00f3n de Estados Unidos, que permite a ciudadanos y residentes &#8230; <a title=\"Reunificaci\u00f3n Familiar\" class=\"read-more\" href=\"https:\/\/www.translationscertified.com\/es\/recursos-adicionales\/reunificacion-familiar\" aria-label=\"Read more about Reunificaci\u00f3n Familiar\">Read more<\/a><\/p>\n","protected":false},"author":4,"featured_media":0,"parent":5037,"menu_order":0,"comment_status":"closed","ping_status":"closed","template":"","meta":{"_acf_changed":false,"content-type":"","footnotes":""},"class_list":["post-5090","page","type-page","status-publish"],"acf":[],"yoast_head":"<!-- This site is optimized with the Yoast SEO plugin v27.1.1 - https:\/\/yoast.com\/product\/yoast-seo-wordpress\/ -->\n<title>Reunificaci\u00f3n Familiar: Reunir a Seres Queridos en Estados Unidos<\/title>\n<meta name=\"description\" content=\"En Translations Certified, proporcionamos traducciones certificadas de todos los documentos necesarios, y garantizamos un proceso de solicitud sin problemas.\" \/>\n<meta name=\"robots\" content=\"index, follow, max-snippet:-1, max-image-preview:large, max-video-preview:-1\" \/>\n<link rel=\"canonical\" href=\"https:\/\/www.translationscertified.com\/es\/recursos-adicionales\/reunificacion-familiar\" \/>\n<meta property=\"og:locale\" content=\"es_ES\" \/>\n<meta property=\"og:type\" content=\"article\" \/>\n<meta property=\"og:title\" content=\"Reunificaci\u00f3n Familiar: Reunir a Seres Queridos en Estados Unidos\" \/>\n<meta property=\"og:description\" content=\"En Translations Certified, proporcionamos traducciones certificadas de todos los documentos necesarios, y garantizamos un proceso de solicitud sin problemas.\" \/>\n<meta property=\"og:url\" content=\"https:\/\/www.translationscertified.com\/es\/recursos-adicionales\/reunificacion-familiar\" \/>\n<meta property=\"og:site_name\" content=\"Translations Certified\" \/>\n<meta property=\"article:modified_time\" content=\"2025-03-07T16:13:34+00:00\" \/>\n<meta property=\"og:image\" content=\"https:\/\/www.translationscertified.com\/wp-content\/uploads\/2024\/06\/cropped-v.2b_03.png\" \/>\n\t<meta property=\"og:image:width\" content=\"512\" \/>\n\t<meta property=\"og:image:height\" content=\"512\" \/>\n\t<meta property=\"og:image:type\" content=\"image\/png\" \/>\n<meta name=\"twitter:card\" content=\"summary_large_image\" \/>\n<meta name=\"twitter:label1\" content=\"Est. reading time\" \/>\n\t<meta name=\"twitter:data1\" content=\"3 minutos\" \/>\n<script type=\"application\/ld+json\" class=\"yoast-schema-graph\">{\"@context\":\"https:\/\/schema.org\",\"@graph\":[{\"@type\":\"WebPage\",\"@id\":\"https:\/\/www.translationscertified.com\/es\/recursos-adicionales\/reunificacion-familiar\",\"url\":\"https:\/\/www.translationscertified.com\/es\/recursos-adicionales\/reunificacion-familiar\",\"name\":\"Reunificaci\u00f3n Familiar: Reunir a Seres Queridos en Estados Unidos\",\"isPartOf\":{\"@id\":\"https:\/\/www.translationscertified.com\/es#website\"},\"datePublished\":\"2024-11-19T19:22:45+00:00\",\"dateModified\":\"2025-03-07T16:13:34+00:00\",\"description\":\"En Translations Certified, proporcionamos traducciones certificadas de todos los documentos necesarios, y garantizamos un proceso de solicitud sin problemas.\",\"breadcrumb\":{\"@id\":\"https:\/\/www.translationscertified.com\/es\/recursos-adicionales\/reunificacion-familiar#breadcrumb\"},\"inLanguage\":\"es\",\"potentialAction\":[{\"@type\":\"ReadAction\",\"target\":[\"https:\/\/www.translationscertified.com\/es\/recursos-adicionales\/reunificacion-familiar\"]}]},{\"@type\":\"BreadcrumbList\",\"@id\":\"https:\/\/www.translationscertified.com\/es\/recursos-adicionales\/reunificacion-familiar#breadcrumb\",\"itemListElement\":[{\"@type\":\"ListItem\",\"position\":1,\"name\":\"Home\",\"item\":\"https:\/\/www.translationscertified.com\/es\"},{\"@type\":\"ListItem\",\"position\":2,\"name\":\"Recursos Adicionales\",\"item\":\"https:\/\/www.translationscertified.com\/es\/additional-resources\"},{\"@type\":\"ListItem\",\"position\":3,\"name\":\"Reunificaci\u00f3n Familiar\"}]},{\"@type\":\"WebSite\",\"@id\":\"https:\/\/www.translationscertified.com\/es#website\",\"url\":\"https:\/\/www.translationscertified.com\/es\",\"name\":\"Translations Certified\",\"description\":\"Translations Certified Translation Services\",\"publisher\":{\"@id\":\"https:\/\/www.translationscertified.com\/es#organization\"},\"potentialAction\":[{\"@type\":\"SearchAction\",\"target\":{\"@type\":\"EntryPoint\",\"urlTemplate\":\"https:\/\/www.translationscertified.com\/es?s={search_term_string}\"},\"query-input\":{\"@type\":\"PropertyValueSpecification\",\"valueRequired\":true,\"valueName\":\"search_term_string\"}}],\"inLanguage\":\"es\"},{\"@type\":\"Organization\",\"@id\":\"https:\/\/www.translationscertified.com\/es#organization\",\"name\":\"Translations Certified\",\"url\":\"https:\/\/www.translationscertified.com\/es\",\"logo\":{\"@type\":\"ImageObject\",\"inLanguage\":\"es\",\"@id\":\"https:\/\/www.translationscertified.com\/es#\/schema\/logo\/image\/\",\"url\":\"https:\/\/www.translationscertified.com\/wp-content\/uploads\/2025\/10\/cropped-TranslationsCertified-01.webp\",\"contentUrl\":\"https:\/\/www.translationscertified.com\/wp-content\/uploads\/2025\/10\/cropped-TranslationsCertified-01.webp\",\"width\":288,\"height\":86,\"caption\":\"Translations Certified\"},\"image\":{\"@id\":\"https:\/\/www.translationscertified.com\/es#\/schema\/logo\/image\/\"}}]}<\/script>\n<!-- \/ Yoast SEO plugin. -->","yoast_head_json":{"title":"Reunificaci\u00f3n Familiar: Reunir a Seres Queridos en Estados Unidos","description":"En Translations Certified, proporcionamos traducciones certificadas de todos los documentos necesarios, y garantizamos un proceso de solicitud sin problemas.","robots":{"index":"index","follow":"follow","max-snippet":"max-snippet:-1","max-image-preview":"max-image-preview:large","max-video-preview":"max-video-preview:-1"},"canonical":"https:\/\/www.translationscertified.com\/es\/recursos-adicionales\/reunificacion-familiar","og_locale":"es_ES","og_type":"article","og_title":"Reunificaci\u00f3n Familiar: Reunir a Seres Queridos en Estados Unidos","og_description":"En Translations Certified, proporcionamos traducciones certificadas de todos los documentos necesarios, y garantizamos un proceso de solicitud sin problemas.","og_url":"https:\/\/www.translationscertified.com\/es\/recursos-adicionales\/reunificacion-familiar","og_site_name":"Translations Certified","article_modified_time":"2025-03-07T16:13:34+00:00","og_image":[{"width":512,"height":512,"url":"https:\/\/www.translationscertified.com\/wp-content\/uploads\/2024\/06\/cropped-v.2b_03.png","type":"image\/png"}],"twitter_card":"summary_large_image","twitter_misc":{"Est. reading time":"3 minutos"},"schema":{"@context":"https:\/\/schema.org","@graph":[{"@type":"WebPage","@id":"https:\/\/www.translationscertified.com\/es\/recursos-adicionales\/reunificacion-familiar","url":"https:\/\/www.translationscertified.com\/es\/recursos-adicionales\/reunificacion-familiar","name":"Reunificaci\u00f3n Familiar: Reunir a Seres Queridos en Estados Unidos","isPartOf":{"@id":"https:\/\/www.translationscertified.com\/es#website"},"datePublished":"2024-11-19T19:22:45+00:00","dateModified":"2025-03-07T16:13:34+00:00","description":"En Translations Certified, proporcionamos traducciones certificadas de todos los documentos necesarios, y garantizamos un proceso de solicitud sin problemas.","breadcrumb":{"@id":"https:\/\/www.translationscertified.com\/es\/recursos-adicionales\/reunificacion-familiar#breadcrumb"},"inLanguage":"es","potentialAction":[{"@type":"ReadAction","target":["https:\/\/www.translationscertified.com\/es\/recursos-adicionales\/reunificacion-familiar"]}]},{"@type":"BreadcrumbList","@id":"https:\/\/www.translationscertified.com\/es\/recursos-adicionales\/reunificacion-familiar#breadcrumb","itemListElement":[{"@type":"ListItem","position":1,"name":"Home","item":"https:\/\/www.translationscertified.com\/es"},{"@type":"ListItem","position":2,"name":"Recursos Adicionales","item":"https:\/\/www.translationscertified.com\/es\/additional-resources"},{"@type":"ListItem","position":3,"name":"Reunificaci\u00f3n Familiar"}]},{"@type":"WebSite","@id":"https:\/\/www.translationscertified.com\/es#website","url":"https:\/\/www.translationscertified.com\/es","name":"Translations Certified","description":"Translations Certified Translation Services","publisher":{"@id":"https:\/\/www.translationscertified.com\/es#organization"},"potentialAction":[{"@type":"SearchAction","target":{"@type":"EntryPoint","urlTemplate":"https:\/\/www.translationscertified.com\/es?s={search_term_string}"},"query-input":{"@type":"PropertyValueSpecification","valueRequired":true,"valueName":"search_term_string"}}],"inLanguage":"es"},{"@type":"Organization","@id":"https:\/\/www.translationscertified.com\/es#organization","name":"Translations Certified","url":"https:\/\/www.translationscertified.com\/es","logo":{"@type":"ImageObject","inLanguage":"es","@id":"https:\/\/www.translationscertified.com\/es#\/schema\/logo\/image\/","url":"https:\/\/www.translationscertified.com\/wp-content\/uploads\/2025\/10\/cropped-TranslationsCertified-01.webp","contentUrl":"https:\/\/www.translationscertified.com\/wp-content\/uploads\/2025\/10\/cropped-TranslationsCertified-01.webp","width":288,"height":86,"caption":"Translations Certified"},"image":{"@id":"https:\/\/www.translationscertified.com\/es#\/schema\/logo\/image\/"}}]}},"_links":{"self":[{"href":"https:\/\/www.translationscertified.com\/es\/wp-json\/wp\/v2\/pages\/5090","targetHints":{"allow":["GET"]}}],"collection":[{"href":"https:\/\/www.translationscertified.com\/es\/wp-json\/wp\/v2\/pages"}],"about":[{"href":"https:\/\/www.translationscertified.com\/es\/wp-json\/wp\/v2\/types\/page"}],"author":[{"embeddable":true,"href":"https:\/\/www.translationscertified.com\/es\/wp-json\/wp\/v2\/users\/4"}],"replies":[{"embeddable":true,"href":"https:\/\/www.translationscertified.com\/es\/wp-json\/wp\/v2\/comments?post=5090"}],"version-history":[{"count":0,"href":"https:\/\/www.translationscertified.com\/es\/wp-json\/wp\/v2\/pages\/5090\/revisions"}],"up":[{"embeddable":true,"href":"https:\/\/www.translationscertified.com\/es\/wp-json\/wp\/v2\/pages\/5037"}],"wp:attachment":[{"href":"https:\/\/www.translationscertified.com\/es\/wp-json\/wp\/v2\/media?parent=5090"}],"curies":[{"name":"wp","href":"https:\/\/api.w.org\/{rel}","templated":true}]}}