{"id":5091,"date":"2024-11-19T19:29:49","date_gmt":"2024-11-19T19:29:49","guid":{"rendered":"https:\/\/www.translationscertified.com\/?page_id=5091"},"modified":"2025-03-07T16:19:25","modified_gmt":"2025-03-07T16:19:25","slug":"condicion-de-proteccion-temporal","status":"publish","type":"page","link":"https:\/\/www.translationscertified.com\/es\/recursos-adicionales\/condicion-de-proteccion-temporal","title":{"rendered":"Condici\u00f3n de Protecci\u00f3n Temporal"},"content":{"rendered":"\t\t<div data-elementor-type=\"wp-page\" data-elementor-id=\"5091\" class=\"elementor elementor-5091 elementor-3213\">\n\t\t\t\t<div class=\"elementor-element elementor-element-4ab4c57 elementor-hidden-mobile e-flex e-con-boxed e-con e-parent\" data-id=\"4ab4c57\" data-element_type=\"container\" data-e-type=\"container\" data-settings=\"{&quot;background_background&quot;:&quot;classic&quot;}\">\n\t\t\t\t\t<div class=\"e-con-inner\">\n\t\t\t\t\t<\/div>\n\t\t\t\t<\/div>\n\t\t<div class=\"elementor-element elementor-element-12b01bd e-flex e-con-boxed e-con e-parent\" data-id=\"12b01bd\" data-element_type=\"container\" data-e-type=\"container\">\n\t\t\t\t\t<div class=\"e-con-inner\">\n\t\t\t\t<div class=\"elementor-element elementor-element-bfc80c5 elementor-widget elementor-widget-shortcode\" data-id=\"bfc80c5\" data-element_type=\"widget\" data-e-type=\"widget\" data-widget_type=\"shortcode.default\">\n\t\t\t\t\t\t\t<div class=\"elementor-shortcode\"><span><span><a href=\"https:\/\/www.translationscertified.com\/es\">Home<\/a><\/span><\/span><\/div>\n\t\t\t\t\t\t<\/div>\n\t\t\t\t\t<\/div>\n\t\t\t\t<\/div>\n\t\t<div class=\"elementor-element elementor-element-bdfbe21 e-flex e-con-boxed e-con e-parent\" data-id=\"bdfbe21\" data-element_type=\"container\" data-e-type=\"container\">\n\t\t\t\t\t<div class=\"e-con-inner\">\n\t\t\t\t<div class=\"elementor-element elementor-element-68e87fb elementor-widget elementor-widget-heading\" data-id=\"68e87fb\" data-element_type=\"widget\" data-e-type=\"widget\" data-widget_type=\"heading.default\">\n\t\t\t\t\t<h1 class=\"elementor-heading-title elementor-size-default\">Gu\u00eda de Condici\u00f3n de Protecci\u00f3n Temporal (TPS): Proteja su Estad\u00eda en EE. UU.<\/h1>\t\t\t\t<\/div>\n\t\t\t\t\t<\/div>\n\t\t\t\t<\/div>\n\t\t<div class=\"elementor-element elementor-element-2092484 e-flex e-con-boxed e-con e-parent\" data-id=\"2092484\" data-element_type=\"container\" data-e-type=\"container\">\n\t\t\t\t\t<div class=\"e-con-inner\">\n\t\t\t\t<div class=\"elementor-element elementor-element-2b5d1ec elementor-widget elementor-widget-text-editor\" data-id=\"2b5d1ec\" data-element_type=\"widget\" data-e-type=\"widget\" data-widget_type=\"text-editor.default\">\n\t\t\t\t\t\t\t\t\t<div class=\"ewa-rteLine\">Condici\u00f3n de Protecci\u00f3n Temporal (TPS) es un programa humanitario ofrecido por el Gobierno de EE. UU. a personas de pa\u00edses que experimentan crisis graves, como conflictos armados, desastres naturales u otras circunstancias extraordinarias. En Translations Certified, ayudamos a los solicitantes de TPS al proporcionarle traducciones certificadas de los documentos requeridos, y nos aseguramos de que sus solicitudes cumplan con los est\u00e1ndares de USCIS.<\/div>\n<div class=\"ewa-rteLine\">\u00a0<\/div>\n<h2 class=\"ewa-rteLine\">\u00bfQu\u00e9 es la Condici\u00f3n de Protecci\u00f3n Temporal (TPS)?<\/h2>\n<div class=\"ewa-rteLine\">TPS proporciona condici\u00f3n migratoria temporal a personas elegibles, y les permite:<\/div>\n<div class=\"ewa-rteLine\">\u00a0<\/div>\n<ul>\n<li class=\"ewa-rteLine\">vivir y trabajar legalmente en Estados Unidos;<\/li>\n<li class=\"ewa-rteLine\">obtener un Documento de Autorizaci\u00f3n de Empleo (EAD);<\/li>\n<li class=\"ewa-rteLine\">estar protegido de la deportaci\u00f3n durante el per\u00edodo de TPS designado.<\/li>\n<\/ul>\n<div class=\"ewa-rteLine\">El TPS no conduce directamente a la residencia permanente ni a la ciudadan\u00eda, sino que ofrece una soluci\u00f3n temporal mientras las condiciones en el pa\u00eds de origen siguen siendo inseguras.<\/div>\n<div class=\"ewa-rteLine\">\u00a0<\/div>\n<h2 class=\"ewa-rteLine\">Requisitos de elegibilidad para TPS<\/h2>\n<div class=\"ewa-rteLine\">Para calificar para el TPS, los solicitantes deben cumplir con los siguientes criterios:<\/div>\n<div class=\"ewa-rteLine\">\u00a0<\/div>\n<ul>\n<li class=\"ewa-rteLine\">ser ciudadano de un pa\u00eds actualmente designado para TPS o una persona sin nacionalidad que residi\u00f3 por \u00faltima vez en un pa\u00eds designado;<\/li>\n<li class=\"ewa-rteLine\">presentar la solicitud durante el per\u00edodo de registro inicial o de reinscripci\u00f3n o cumplir con los requisitos de presentaci\u00f3n inicial tard\u00eda;<\/li>\n<li class=\"ewa-rteLine\">haber estado f\u00edsicamente presente y haber residido en forma continua en EE. UU. desde las fechas especificadas para su pa\u00eds;<\/li>\n<li class=\"ewa-rteLine\">aprobar controles de seguridad, antecedentes penales y antecedentes de inmigraci\u00f3n.<\/li>\n<\/ul>\n<h2 class=\"ewa-rteLine\">Pasos para solicitar la condici\u00f3n de protecci\u00f3n temporal<\/h2>\n<ul>\n<li class=\"ewa-rteLine\">Presente los formularios correctos: presente el formulario I-821, Solicitud de condici\u00f3n de protecci\u00f3n temporal. Si solicita autorizaci\u00f3n de trabajo, presente tambi\u00e9n el formulario I-765, Solicitud de autorizaci\u00f3n de empleo.<\/li>\n<li class=\"ewa-rteLine\">Re\u00fana los documentos de respaldo: proporcione evidencia de identidad, nacionalidad y residencia continua en EE. UU.<\/li>\n<li class=\"ewa-rteLine\">Pague la tarifa: incluya las tarifas de presentaci\u00f3n y datos biom\u00e9tricos requeridos o solicite una exenci\u00f3n de tarifas si es elegible.<\/li>\n<li class=\"ewa-rteLine\">Asista a la cita de toma de datos biom\u00e9tricos: complete la recolecci\u00f3n de huellas dactilares, fotograf\u00edas y otros datos biom\u00e9tricos seg\u00fan lo requiera USCIS.<\/li>\n<\/ul>\n<h2 class=\"ewa-rteLine\">Documentos necesarios para las solicitudes de TPS<\/h2>\n<div class=\"ewa-rteLine\">Los solicitantes deben proporcionar documentaci\u00f3n para demostrar su elegibilidad, como:<\/div>\n<div class=\"ewa-rteLine\">\u00a0<\/div>\n<ul>\n<li class=\"ewa-rteLine\">Prueba de identidad y nacionalidad: pasaporte, certificado de nacimiento o identificaci\u00f3n nacional.<\/li>\n<li class=\"ewa-rteLine\">Comprobante de residencia: contratos de arrendamiento, facturas de servicios p\u00fablicos o registros de impuestos.<\/li>\n<li class=\"ewa-rteLine\">Evidencia de respaldo: registros de viaje, registros escolares o documentos de empleo.<\/li>\n<\/ul>\n<div class=\"ewa-rteLine\">Importante: Todos los documentos que no est\u00e9n en ingl\u00e9s deben incluir traducciones certificadas para cumplir con los requisitos de USCIS.<\/div>\n<div class=\"ewa-rteLine\">\u00a0<\/div>\n<h2 class=\"ewa-rteLine\">C\u00f3mo Translations Certified respalda las solicitudes de TPS<\/h2>\n<div class=\"ewa-rteLine\">En Translations Certified, garantizamos que su solicitud de TPS sea precisa y cumpla con los requisitos de USCIS. Nuestros servicios incluyen:<\/div>\n<div class=\"ewa-rteLine\">\u00a0<\/div>\n<ul>\n<li class=\"ewa-rteLine\">Traducciones certificadas: de documentos de identidad, residencia y soporte.<\/li>\n<li class=\"ewa-rteLine\">Traducciones notariadas: agregan validaci\u00f3n cuando lo requiera USCIS.<\/li>\n<li class=\"ewa-rteLine\">Entrega r\u00e1pida: entregamos traducciones en 24 a 48 horas.<\/li>\n<li class=\"ewa-rteLine\">Garant\u00eda de cumplimiento de USCIS: nos aseguramos de que todas las traducciones cumplan con los est\u00e1ndares de inmigraci\u00f3n.<\/li>\n<\/ul>\n<h2 class=\"ewa-rteLine\">Mantenerse protegido con TPS<\/h2>\n<div class=\"ewa-rteLine\">TPS brinda protecci\u00f3n fundamental y la capacidad de trabajar legalmente en EE. UU. durante tiempos de incertidumbre. La documentaci\u00f3n precisa y la presentaci\u00f3n oportuna son esenciales para asegurarse esta condici\u00f3n. Con traducciones expertas y soporte confiable, puede abordar el proceso de solicitud de TPS con confianza.<\/div>\n\t\t\t\t\t\t\t\t<\/div>\n\t\t\t\t\t<\/div>\n\t\t\t\t<\/div>\n\t\t<div class=\"elementor-element elementor-element-5a7e9e8 e-flex e-con-boxed e-con e-parent\" data-id=\"5a7e9e8\" data-element_type=\"container\" data-e-type=\"container\">\n\t\t\t\t\t<div class=\"e-con-inner\">\n\t\t<div class=\"elementor-element elementor-element-6ed477b e-flex e-con-boxed e-con e-child\" data-id=\"6ed477b\" data-element_type=\"container\" data-e-type=\"container\" data-settings=\"{&quot;background_background&quot;:&quot;classic&quot;}\">\n\t\t\t\t\t<div class=\"e-con-inner\">\n\t\t\t\t<div class=\"elementor-element elementor-element-ac5fd33 elementor-widget elementor-widget-text-editor\" data-id=\"ac5fd33\" data-element_type=\"widget\" data-e-type=\"widget\" data-widget_type=\"text-editor.default\">\n\t\t\t\t\t\t\t\t\t<p><i>La informaci\u00f3n proporcionada aqu\u00ed es solo para fines informativos generales y no pretende ser asesoramiento legal. Si bien nos esforzamos por garantizar que la informaci\u00f3n sea precisa y actual, no sustituye el asesoramiento legal profesional. Consulte a un abogado calificado para obtener asesoramiento sobre su situaci\u00f3n espec\u00edfica o si tiene preguntas legales.<\/i><\/p>\n\t\t\t\t\t\t\t\t<\/div>\n\t\t\t\t\t<\/div>\n\t\t\t\t<\/div>\n\t\t\t\t\t<\/div>\n\t\t\t\t<\/div>\n\t\t\t\t<\/div>\n\t\t","protected":false},"excerpt":{"rendered":"<p>Gu\u00eda de Condici\u00f3n de Protecci\u00f3n Temporal (TPS): Proteja su Estad\u00eda en EE. UU. Condici\u00f3n de Protecci\u00f3n Temporal (TPS) es un programa humanitario ofrecido por el Gobierno de EE. UU. a &#8230; <a title=\"Condici\u00f3n de Protecci\u00f3n Temporal\" class=\"read-more\" href=\"https:\/\/www.translationscertified.com\/es\/recursos-adicionales\/condicion-de-proteccion-temporal\" aria-label=\"Read more about Condici\u00f3n de Protecci\u00f3n Temporal\">Read more<\/a><\/p>\n","protected":false},"author":4,"featured_media":0,"parent":5037,"menu_order":0,"comment_status":"closed","ping_status":"closed","template":"","meta":{"_acf_changed":false,"content-type":"","footnotes":""},"class_list":["post-5091","page","type-page","status-publish"],"acf":[],"yoast_head":"<!-- This site is optimized with the Yoast SEO plugin v27.1.1 - https:\/\/yoast.com\/product\/yoast-seo-wordpress\/ -->\n<title>Gu\u00eda de Condici\u00f3n de Protecci\u00f3n Temporal: Proteja su Estad\u00eda en EE. UU.<\/title>\n<meta name=\"description\" content=\"En Translations Certified, ayudamos a los solicitantes de TPS al proporcionarle traducciones certificadas de los documentos requeridos, y nos aseguramos de que sus solicitudes cumplan con los est\u00e1ndares de USCIS.\" \/>\n<meta name=\"robots\" content=\"index, follow, max-snippet:-1, max-image-preview:large, max-video-preview:-1\" \/>\n<link rel=\"canonical\" href=\"https:\/\/www.translationscertified.com\/es\/recursos-adicionales\/condicion-de-proteccion-temporal\" \/>\n<meta property=\"og:locale\" content=\"es_ES\" \/>\n<meta property=\"og:type\" content=\"article\" \/>\n<meta property=\"og:title\" content=\"Gu\u00eda de Condici\u00f3n de Protecci\u00f3n Temporal: Proteja su Estad\u00eda en EE. UU.\" \/>\n<meta property=\"og:description\" content=\"En Translations Certified, ayudamos a los solicitantes de TPS al proporcionarle traducciones certificadas de los documentos requeridos, y nos aseguramos de que sus solicitudes cumplan con los est\u00e1ndares de USCIS.\" \/>\n<meta property=\"og:url\" content=\"https:\/\/www.translationscertified.com\/es\/recursos-adicionales\/condicion-de-proteccion-temporal\" \/>\n<meta property=\"og:site_name\" content=\"Translations Certified\" \/>\n<meta property=\"article:modified_time\" content=\"2025-03-07T16:19:25+00:00\" \/>\n<meta property=\"og:image\" content=\"https:\/\/www.translationscertified.com\/wp-content\/uploads\/2024\/06\/cropped-v.2b_03.png\" \/>\n\t<meta property=\"og:image:width\" content=\"512\" \/>\n\t<meta property=\"og:image:height\" content=\"512\" \/>\n\t<meta property=\"og:image:type\" content=\"image\/png\" \/>\n<meta name=\"twitter:card\" content=\"summary_large_image\" \/>\n<meta name=\"twitter:label1\" content=\"Est. reading time\" \/>\n\t<meta name=\"twitter:data1\" content=\"3 minutos\" \/>\n<script type=\"application\/ld+json\" class=\"yoast-schema-graph\">{\"@context\":\"https:\/\/schema.org\",\"@graph\":[{\"@type\":\"WebPage\",\"@id\":\"https:\/\/www.translationscertified.com\/es\/recursos-adicionales\/condicion-de-proteccion-temporal\",\"url\":\"https:\/\/www.translationscertified.com\/es\/recursos-adicionales\/condicion-de-proteccion-temporal\",\"name\":\"Gu\u00eda de Condici\u00f3n de Protecci\u00f3n Temporal: Proteja su Estad\u00eda en EE. UU.\",\"isPartOf\":{\"@id\":\"https:\/\/www.translationscertified.com\/es#website\"},\"datePublished\":\"2024-11-19T19:29:49+00:00\",\"dateModified\":\"2025-03-07T16:19:25+00:00\",\"description\":\"En Translations Certified, ayudamos a los solicitantes de TPS al proporcionarle traducciones certificadas de los documentos requeridos, y nos aseguramos de que sus solicitudes cumplan con los est\u00e1ndares de USCIS.\",\"breadcrumb\":{\"@id\":\"https:\/\/www.translationscertified.com\/es\/recursos-adicionales\/condicion-de-proteccion-temporal#breadcrumb\"},\"inLanguage\":\"es\",\"potentialAction\":[{\"@type\":\"ReadAction\",\"target\":[\"https:\/\/www.translationscertified.com\/es\/recursos-adicionales\/condicion-de-proteccion-temporal\"]}]},{\"@type\":\"BreadcrumbList\",\"@id\":\"https:\/\/www.translationscertified.com\/es\/recursos-adicionales\/condicion-de-proteccion-temporal#breadcrumb\",\"itemListElement\":[{\"@type\":\"ListItem\",\"position\":1,\"name\":\"Home\",\"item\":\"https:\/\/www.translationscertified.com\/es\"},{\"@type\":\"ListItem\",\"position\":2,\"name\":\"Recursos Adicionales\",\"item\":\"https:\/\/www.translationscertified.com\/es\/additional-resources\"},{\"@type\":\"ListItem\",\"position\":3,\"name\":\"Condici\u00f3n de Protecci\u00f3n Temporal\"}]},{\"@type\":\"WebSite\",\"@id\":\"https:\/\/www.translationscertified.com\/es#website\",\"url\":\"https:\/\/www.translationscertified.com\/es\",\"name\":\"Translations Certified\",\"description\":\"Translations Certified Translation Services\",\"publisher\":{\"@id\":\"https:\/\/www.translationscertified.com\/es#organization\"},\"potentialAction\":[{\"@type\":\"SearchAction\",\"target\":{\"@type\":\"EntryPoint\",\"urlTemplate\":\"https:\/\/www.translationscertified.com\/es?s={search_term_string}\"},\"query-input\":{\"@type\":\"PropertyValueSpecification\",\"valueRequired\":true,\"valueName\":\"search_term_string\"}}],\"inLanguage\":\"es\"},{\"@type\":\"Organization\",\"@id\":\"https:\/\/www.translationscertified.com\/es#organization\",\"name\":\"Translations Certified\",\"url\":\"https:\/\/www.translationscertified.com\/es\",\"logo\":{\"@type\":\"ImageObject\",\"inLanguage\":\"es\",\"@id\":\"https:\/\/www.translationscertified.com\/es#\/schema\/logo\/image\/\",\"url\":\"https:\/\/www.translationscertified.com\/wp-content\/uploads\/2025\/10\/cropped-TranslationsCertified-01.webp\",\"contentUrl\":\"https:\/\/www.translationscertified.com\/wp-content\/uploads\/2025\/10\/cropped-TranslationsCertified-01.webp\",\"width\":288,\"height\":86,\"caption\":\"Translations Certified\"},\"image\":{\"@id\":\"https:\/\/www.translationscertified.com\/es#\/schema\/logo\/image\/\"}}]}<\/script>\n<!-- \/ Yoast SEO plugin. -->","yoast_head_json":{"title":"Gu\u00eda de Condici\u00f3n de Protecci\u00f3n Temporal: Proteja su Estad\u00eda en EE. UU.","description":"En Translations Certified, ayudamos a los solicitantes de TPS al proporcionarle traducciones certificadas de los documentos requeridos, y nos aseguramos de que sus solicitudes cumplan con los est\u00e1ndares de USCIS.","robots":{"index":"index","follow":"follow","max-snippet":"max-snippet:-1","max-image-preview":"max-image-preview:large","max-video-preview":"max-video-preview:-1"},"canonical":"https:\/\/www.translationscertified.com\/es\/recursos-adicionales\/condicion-de-proteccion-temporal","og_locale":"es_ES","og_type":"article","og_title":"Gu\u00eda de Condici\u00f3n de Protecci\u00f3n Temporal: Proteja su Estad\u00eda en EE. UU.","og_description":"En Translations Certified, ayudamos a los solicitantes de TPS al proporcionarle traducciones certificadas de los documentos requeridos, y nos aseguramos de que sus solicitudes cumplan con los est\u00e1ndares de USCIS.","og_url":"https:\/\/www.translationscertified.com\/es\/recursos-adicionales\/condicion-de-proteccion-temporal","og_site_name":"Translations Certified","article_modified_time":"2025-03-07T16:19:25+00:00","og_image":[{"width":512,"height":512,"url":"https:\/\/www.translationscertified.com\/wp-content\/uploads\/2024\/06\/cropped-v.2b_03.png","type":"image\/png"}],"twitter_card":"summary_large_image","twitter_misc":{"Est. reading time":"3 minutos"},"schema":{"@context":"https:\/\/schema.org","@graph":[{"@type":"WebPage","@id":"https:\/\/www.translationscertified.com\/es\/recursos-adicionales\/condicion-de-proteccion-temporal","url":"https:\/\/www.translationscertified.com\/es\/recursos-adicionales\/condicion-de-proteccion-temporal","name":"Gu\u00eda de Condici\u00f3n de Protecci\u00f3n Temporal: Proteja su Estad\u00eda en EE. UU.","isPartOf":{"@id":"https:\/\/www.translationscertified.com\/es#website"},"datePublished":"2024-11-19T19:29:49+00:00","dateModified":"2025-03-07T16:19:25+00:00","description":"En Translations Certified, ayudamos a los solicitantes de TPS al proporcionarle traducciones certificadas de los documentos requeridos, y nos aseguramos de que sus solicitudes cumplan con los est\u00e1ndares de USCIS.","breadcrumb":{"@id":"https:\/\/www.translationscertified.com\/es\/recursos-adicionales\/condicion-de-proteccion-temporal#breadcrumb"},"inLanguage":"es","potentialAction":[{"@type":"ReadAction","target":["https:\/\/www.translationscertified.com\/es\/recursos-adicionales\/condicion-de-proteccion-temporal"]}]},{"@type":"BreadcrumbList","@id":"https:\/\/www.translationscertified.com\/es\/recursos-adicionales\/condicion-de-proteccion-temporal#breadcrumb","itemListElement":[{"@type":"ListItem","position":1,"name":"Home","item":"https:\/\/www.translationscertified.com\/es"},{"@type":"ListItem","position":2,"name":"Recursos Adicionales","item":"https:\/\/www.translationscertified.com\/es\/additional-resources"},{"@type":"ListItem","position":3,"name":"Condici\u00f3n de Protecci\u00f3n Temporal"}]},{"@type":"WebSite","@id":"https:\/\/www.translationscertified.com\/es#website","url":"https:\/\/www.translationscertified.com\/es","name":"Translations Certified","description":"Translations Certified Translation Services","publisher":{"@id":"https:\/\/www.translationscertified.com\/es#organization"},"potentialAction":[{"@type":"SearchAction","target":{"@type":"EntryPoint","urlTemplate":"https:\/\/www.translationscertified.com\/es?s={search_term_string}"},"query-input":{"@type":"PropertyValueSpecification","valueRequired":true,"valueName":"search_term_string"}}],"inLanguage":"es"},{"@type":"Organization","@id":"https:\/\/www.translationscertified.com\/es#organization","name":"Translations Certified","url":"https:\/\/www.translationscertified.com\/es","logo":{"@type":"ImageObject","inLanguage":"es","@id":"https:\/\/www.translationscertified.com\/es#\/schema\/logo\/image\/","url":"https:\/\/www.translationscertified.com\/wp-content\/uploads\/2025\/10\/cropped-TranslationsCertified-01.webp","contentUrl":"https:\/\/www.translationscertified.com\/wp-content\/uploads\/2025\/10\/cropped-TranslationsCertified-01.webp","width":288,"height":86,"caption":"Translations Certified"},"image":{"@id":"https:\/\/www.translationscertified.com\/es#\/schema\/logo\/image\/"}}]}},"_links":{"self":[{"href":"https:\/\/www.translationscertified.com\/es\/wp-json\/wp\/v2\/pages\/5091","targetHints":{"allow":["GET"]}}],"collection":[{"href":"https:\/\/www.translationscertified.com\/es\/wp-json\/wp\/v2\/pages"}],"about":[{"href":"https:\/\/www.translationscertified.com\/es\/wp-json\/wp\/v2\/types\/page"}],"author":[{"embeddable":true,"href":"https:\/\/www.translationscertified.com\/es\/wp-json\/wp\/v2\/users\/4"}],"replies":[{"embeddable":true,"href":"https:\/\/www.translationscertified.com\/es\/wp-json\/wp\/v2\/comments?post=5091"}],"version-history":[{"count":0,"href":"https:\/\/www.translationscertified.com\/es\/wp-json\/wp\/v2\/pages\/5091\/revisions"}],"up":[{"embeddable":true,"href":"https:\/\/www.translationscertified.com\/es\/wp-json\/wp\/v2\/pages\/5037"}],"wp:attachment":[{"href":"https:\/\/www.translationscertified.com\/es\/wp-json\/wp\/v2\/media?parent=5091"}],"curies":[{"name":"wp","href":"https:\/\/api.w.org\/{rel}","templated":true}]}}